{"id":9059,"date":"2021-04-15T16:40:52","date_gmt":"2021-04-15T16:40:52","guid":{"rendered":"https:\/\/agrarias.ufpr.br\/pglsf\/?page_id=9059"},"modified":"2026-02-05T14:23:16","modified_gmt":"2026-02-05T14:23:16","slug":"renata-faier-caleario","status":"publish","type":"page","link":"https:\/\/agrarias.ufpr.br\/pglsf\/renata-faier-caleario\/","title":{"rendered":"Renata Faier Calegario"},"content":{"rendered":"\n<p class=\"titulo_pagina\">Profa. do Departamento de Fitotecnia e Fitossanidade da Universidade Federal do Paran\u00e1 (UFPR)<\/p>\n\n\n\n<p><strong><span class=\"tm7\">Forma\u00e7\u00e3o Acad\u00eamica<\/span><\/strong><\/p>\n\n\n\n<p>P\u00f3s-Doutorado, Esalq\/USP (2013-2014)<\/p>\n\n\n\n<p>P\u00f3s-Doutorado, Esalq\/USP (2009-2011)<\/p>\n\n\n\n<p>Dra. em Fitopatologia, ESALQ\/USP (2009)<\/p>\n\n\n\n<p>M.Sc. em Fitopatologia, UFV (2004)<\/p>\n\n\n\n<p>Eng. Agr\u00f4noma, UFV (2002)<\/p>\n\n\n\n<p><strong>\u00c1rea de Atua\u00e7\u00e3o<\/strong><\/p>\n\n\n\n<p>Fitopatologia&nbsp;<\/p>\n\n\n\n<p><strong>Disciplinas Ministradas<\/strong><\/p>\n\n\n\n<p><a href=\"https:\/\/agrarias.ufpr.br\/pglsf\/trabalho-de-conclusao-de-curso\/\">Introdu\u00e7\u00e3o ao Trabalho de Conclus\u00e3o de Curso (TCC)<\/a><\/p>\n\n\n\n<p><a href=\"https:\/\/agrarias.ufpr.br\/pglsf\/tcc\/\">Orientadora de Trabalho de Conclus\u00e3o de Curso (TCC)<\/a><\/p>\n\n\n\n<p><strong>Publica\u00e7\u00f5es<\/strong><\/p>\n\n\n\n<p><a href=\"http:\/\/lattes.cnpq.br\/2827241409293980\"><\/a>\u00a0<strong><strong><a href=\"https:\/\/www.researchgate.net\/profile\/Renata_Calegario\"><img loading=\"lazy\" decoding=\"async\" width=\"30\" height=\"29\" class=\"alignnone wp-image-742\" src=\"https:\/\/agrarias.ufpr.br\/fitotecnia\/wp-content\/uploads\/sites\/26\/2016\/03\/icon_lattes.png\" alt=\"icon_lattes\"><\/a><\/strong><\/strong> <strong><a href=\"http:\/\/lattes.cnpq.br\/2827241409293980\">Lattes<\/a><\/strong>\u00a0<strong><strong><a href=\"https:\/\/www.researchgate.net\/profile\/Renata_Calegario\"><img loading=\"lazy\" decoding=\"async\" width=\"29\" height=\"29\" class=\"alignnone wp-image-1136 size-full\" src=\"https:\/\/agrarias.ufpr.br\/fitotecnia\/wp-content\/uploads\/sites\/26\/2016\/03\/apple-touch-icon-180x180-e1459453504744.png\" alt=\"apple-touch-icon-180x180\"><\/a><\/strong><a href=\"https:\/\/www.researchgate.net\/profile\/Renata_Calegario\"><\/a>\u00a0<a href=\"https:\/\/www.researchgate.net\/profile\/Renata_Calegario\">Research Gate\u00a0\u00a0<\/a><a href=\"https:\/\/orcid.org\/0000-0002-9890-4977\"><\/a><\/strong><\/p>\n\n\n\n<p><strong>Contatos<\/strong><\/p>\n\n\n\n<p><img loading=\"lazy\" decoding=\"async\" src=\"https:\/\/agrarias.ufpr.br\/fitotecnia\/wp-content\/uploads\/sites\/26\/2016\/03\/email-small-.jpg\" alt=\"email small\" width=\"22\" height=\"22\">&nbsp;renata.faier@ufpr.br<\/p>\n\n\n\n<p><img loading=\"lazy\" decoding=\"async\" src=\"https:\/\/agrarias.ufpr.br\/fitotecnia\/wp-content\/uploads\/sites\/26\/2016\/03\/telefone.png\" alt=\"telefone\" width=\"22\" height=\"22\">(41) 3350-5715<\/p>\n","protected":false},"excerpt":{"rendered":"<p>Profa. do Departamento de Fitotecnia e Fitossanidade da Universidade Federal do Paran\u00e1 (UFPR) Forma\u00e7\u00e3o Acad\u00eamica P\u00f3s-Doutorado, Esalq\/USP (2013-2014) P\u00f3s-Doutorado, Esalq\/USP (2009-2011) Dra. em Fitopatologia, ESALQ\/USP (2009) M.Sc. em Fitopatologia, UFV (2004) Eng. Agr\u00f4noma, UFV (2002) \u00c1rea de Atua\u00e7\u00e3o Fitopatologia&nbsp; Disciplinas Ministradas Introdu\u00e7\u00e3o ao Trabalho de Conclus\u00e3o de Curso (TCC) Orientadora de Trabalho de Conclus\u00e3o de [&hellip;]<\/p>\n","protected":false},"author":3,"featured_media":0,"parent":0,"menu_order":0,"comment_status":"closed","ping_status":"closed","template":"","meta":{"footnotes":""},"class_list":["post-9059","page","type-page","status-publish","hentry"],"_links":{"self":[{"href":"https:\/\/agrarias.ufpr.br\/pglsf\/wp-json\/wp\/v2\/pages\/9059","targetHints":{"allow":["GET"]}}],"collection":[{"href":"https:\/\/agrarias.ufpr.br\/pglsf\/wp-json\/wp\/v2\/pages"}],"about":[{"href":"https:\/\/agrarias.ufpr.br\/pglsf\/wp-json\/wp\/v2\/types\/page"}],"author":[{"embeddable":true,"href":"https:\/\/agrarias.ufpr.br\/pglsf\/wp-json\/wp\/v2\/users\/3"}],"replies":[{"embeddable":true,"href":"https:\/\/agrarias.ufpr.br\/pglsf\/wp-json\/wp\/v2\/comments?post=9059"}],"version-history":[{"count":7,"href":"https:\/\/agrarias.ufpr.br\/pglsf\/wp-json\/wp\/v2\/pages\/9059\/revisions"}],"predecessor-version":[{"id":10592,"href":"https:\/\/agrarias.ufpr.br\/pglsf\/wp-json\/wp\/v2\/pages\/9059\/revisions\/10592"}],"wp:attachment":[{"href":"https:\/\/agrarias.ufpr.br\/pglsf\/wp-json\/wp\/v2\/media?parent=9059"}],"curies":[{"name":"wp","href":"https:\/\/api.w.org\/{rel}","templated":true}]}}