{"id":9056,"date":"2021-04-15T16:39:22","date_gmt":"2021-04-15T16:39:22","guid":{"rendered":"https:\/\/agrarias.ufpr.br\/pglsf\/?page_id=9056"},"modified":"2021-04-20T17:03:27","modified_gmt":"2021-04-20T17:03:27","slug":"ida-chapaval-pimentel","status":"publish","type":"page","link":"https:\/\/agrarias.ufpr.br\/pglsf\/ida-chapaval-pimentel\/","title":{"rendered":"Ida Chapaval Pimentel"},"content":{"rendered":"<p>Profa. do Departamento de Patologia B\u00e1sica da Universidade Federal do Paran\u00e1 (UFPR)<\/p>\n<p><strong>Forma\u00e7\u00e3o Acad\u00eamica<\/strong><\/p>\n<p>Dr. em Processos Biot\u00e9cnologicos, UFPR (2001)<\/p>\n<p>M.Sc. em Agronomia, USP (1991)<\/p>\n<p>Eng. Agr\u00f4noma, UFPR (1985)<\/p>\n<p><strong>\u00c1rea de Atua\u00e7\u00e3o<\/strong><\/p>\n<p>Entomologia<\/p>\n<p><strong>Disciplina Ministrada<\/strong><\/p>\n<p><a href=\"https:\/\/agrarias.ufpr.br\/pglsf\/tcc\/\">Orientadora de Trabalho de Conclus\u00e3o de Curso (TCC)<\/a><\/p>\n<p><strong>Publica\u00e7\u00f5es<\/strong><\/p>\n<p><strong><a href=\"http:\/\/lattes.cnpq.br\/3441189891639576\"><img loading=\"lazy\" decoding=\"async\" class=\"alignnone wp-image-742\" src=\"https:\/\/agrarias.ufpr.br\/fitotecnia\/wp-content\/uploads\/sites\/26\/2016\/03\/icon_lattes.png\" alt=\"icon_lattes\" width=\"30\" height=\"29\" \/><\/a>\u00a0<a href=\"http:\/\/lattes.cnpq.br\/3441189891639576\"><span style=\"color: #008000\">Lattes<\/span><\/a>\u00a0\u00a0\u00a0<a href=\"https:\/\/www.researchgate.net\/scientific-contributions\/Ida-Chapaval-Pimentel-2154210137\"><img loading=\"lazy\" decoding=\"async\" class=\"alignnone wp-image-1136 size-full\" src=\"https:\/\/agrarias.ufpr.br\/fitotecnia\/wp-content\/uploads\/sites\/26\/2016\/03\/apple-touch-icon-180x180-e1459453504744.png\" alt=\"apple-touch-icon-180x180\" width=\"29\" height=\"29\" \/><\/a>\u00a0<a href=\"https:\/\/www.researchgate.net\/scientific-contributions\/Ida-Chapaval-Pimentel-2154210137\"><span style=\"color: #008000\">Research Gate<\/span><\/a>\u00a0<a href=\"https:\/\/orcid.org\/0000-0002-1840-1748\"><img loading=\"lazy\" decoding=\"async\" class=\"alignnone wp-image-3185\" src=\"https:\/\/agrarias.ufpr.br\/pgapv\/wp-content\/uploads\/sites\/39\/2021\/02\/unnamed.jpg\" alt=\"\" width=\"93\" height=\"37\" \/><\/a><\/strong><\/p>\n<p><strong>Contatos<\/strong><\/p>\n<p><img loading=\"lazy\" decoding=\"async\" class=\"alignnone wp-image-757\" src=\"https:\/\/agrarias.ufpr.br\/fitotecnia\/wp-content\/uploads\/sites\/26\/2016\/03\/email-small-.jpg\" alt=\"email small\" width=\"22\" height=\"22\" \/>\u00a0ida@ufpr.br<\/p>\n<p><img loading=\"lazy\" decoding=\"async\" class=\"wp-image-758 alignnone\" src=\"https:\/\/agrarias.ufpr.br\/fitotecnia\/wp-content\/uploads\/sites\/26\/2016\/03\/telefone.png\" alt=\"telefone\" width=\"22\" height=\"22\" \/>\u00a0(41) 3361-1700<\/p>\n","protected":false},"excerpt":{"rendered":"<p>Profa. do Departamento de Patologia B\u00e1sica da Universidade Federal do Paran\u00e1 (UFPR) Forma\u00e7\u00e3o Acad\u00eamica Dr. em Processos Biot\u00e9cnologicos, UFPR (2001) M.Sc. em Agronomia, USP (1991) Eng. Agr\u00f4noma, UFPR (1985) \u00c1rea de Atua\u00e7\u00e3o Entomologia Disciplina Ministrada Orientadora de Trabalho de Conclus\u00e3o de Curso (TCC) Publica\u00e7\u00f5es \u00a0Lattes\u00a0\u00a0\u00a0\u00a0Research Gate\u00a0 Contatos \u00a0ida@ufpr.br \u00a0(41) 3361-1700<\/p>\n","protected":false},"author":3,"featured_media":0,"parent":0,"menu_order":0,"comment_status":"closed","ping_status":"closed","template":"","meta":{"footnotes":""},"class_list":["post-9056","page","type-page","status-publish","hentry"],"_links":{"self":[{"href":"https:\/\/agrarias.ufpr.br\/pglsf\/wp-json\/wp\/v2\/pages\/9056","targetHints":{"allow":["GET"]}}],"collection":[{"href":"https:\/\/agrarias.ufpr.br\/pglsf\/wp-json\/wp\/v2\/pages"}],"about":[{"href":"https:\/\/agrarias.ufpr.br\/pglsf\/wp-json\/wp\/v2\/types\/page"}],"author":[{"embeddable":true,"href":"https:\/\/agrarias.ufpr.br\/pglsf\/wp-json\/wp\/v2\/users\/3"}],"replies":[{"embeddable":true,"href":"https:\/\/agrarias.ufpr.br\/pglsf\/wp-json\/wp\/v2\/comments?post=9056"}],"version-history":[{"count":6,"href":"https:\/\/agrarias.ufpr.br\/pglsf\/wp-json\/wp\/v2\/pages\/9056\/revisions"}],"predecessor-version":[{"id":9281,"href":"https:\/\/agrarias.ufpr.br\/pglsf\/wp-json\/wp\/v2\/pages\/9056\/revisions\/9281"}],"wp:attachment":[{"href":"https:\/\/agrarias.ufpr.br\/pglsf\/wp-json\/wp\/v2\/media?parent=9056"}],"curies":[{"name":"wp","href":"https:\/\/api.w.org\/{rel}","templated":true}]}}