{"id":9049,"date":"2021-04-15T16:37:25","date_gmt":"2021-04-15T16:37:25","guid":{"rendered":"https:\/\/agrarias.ufpr.br\/pglsf\/?page_id=9049"},"modified":"2026-02-05T14:20:29","modified_gmt":"2026-02-05T14:20:29","slug":"louise-larissa-may-de-mio","status":"publish","type":"page","link":"https:\/\/agrarias.ufpr.br\/pglsf\/louise-larissa-may-de-mio\/","title":{"rendered":"Louise Larissa May De Mio"},"content":{"rendered":"\n<p class=\"titulo_pagina\">Profa. do Departamento de Fitotecnia e Fitossanidade da Universidade Federal do Paran\u00e1 (UFPR)<\/p>\n\n\n\n<p class=\"titulo_pagina\"><strong><span class=\"tm7\">Forma\u00e7\u00e3o Acad\u00eamica<\/span><\/strong><\/p>\n\n\n\n<p>P\u00f3s-Doutorado,&nbsp;University of California, Davis, UCDAVIS, Estados Unidos (2008-2009)<\/p>\n\n\n\n<p>Dra. em Fitopatologia, ESALQ\/USP (2001)<\/p>\n\n\n\n<p>M.Sc. em Fitopatologia, ESALQ\/USP (1994)<\/p>\n\n\n\n<p>Eng. Agr\u00f4noma, UFPR (1990)<\/p>\n\n\n\n<p><strong>\u00c1rea de Atua\u00e7\u00e3o&nbsp;<\/strong><\/p>\n\n\n\n<p>Fitopatologia<\/p>\n\n\n\n<p><strong>Disciplinas Ministradas<\/strong><\/p>\n\n\n\n<p><a href=\"https:\/\/agrarias.ufpr.br\/pglsf\/controle-quimico-de-doencas-de-plantas-e-resistencia-de-fungos-a-fungicidas\/\">Controle Qu\u00edmico de Doen\u00e7as de Plantas e Resist\u00eancia de Fungos a Fungicidas<\/a><\/p>\n\n\n\n<p><a href=\"https:\/\/agrarias.ufpr.br\/pglsf\/epidemiologia-de-doencas-de-plantas\/\">Epidemiologia de Doen\u00e7as de Plantas<\/a><\/p>\n\n\n\n<p><a href=\"https:\/\/agrarias.ufpr.br\/pglsf\/tcc\/\">Orientadora de Trabalho de Conclus\u00e3o de Curso (TCC)<\/a><\/p>\n\n\n\n<p><strong>Publica\u00e7\u00f5es<\/strong><\/p>\n\n\n\n<p><strong><a href=\"http:\/\/buscatextual.cnpq.br\/buscatextual\/visualizacv.do?id=K4784762Z1\"><\/a>\u00a0<strong><a href=\"http:\/\/buscatextual.cnpq.br\/buscatextual\/visualizacv.do?id=K4784762Z1\"><img loading=\"lazy\" decoding=\"async\" width=\"30\" height=\"29\" class=\"alignnone wp-image-742\" src=\"https:\/\/agrarias.ufpr.br\/fitotecnia\/wp-content\/uploads\/sites\/26\/2016\/03\/icon_lattes.png\" alt=\"icon_lattes\"><\/a><\/strong><\/strong> <strong><a href=\"http:\/\/buscatextual.cnpq.br\/buscatextual\/visualizacv.do?id=K4784762Z1\">Lattes\u00a0<\/a>\u00a0<a href=\"https:\/\/www.researchgate.net\/profile\/Louise_May-De_Mio\"><\/a>\u00a0<strong><a href=\"https:\/\/www.researchgate.net\/profile\/Louise_May-De_Mio\"><img loading=\"lazy\" decoding=\"async\" width=\"29\" height=\"29\" class=\"alignnone wp-image-1136 size-full\" src=\"https:\/\/agrarias.ufpr.br\/fitotecnia\/wp-content\/uploads\/sites\/26\/2016\/03\/apple-touch-icon-180x180-e1459453504744.png\" alt=\"apple-touch-icon-180x180\"><\/a><\/strong><\/strong> <strong><a href=\"https:\/\/www.researchgate.net\/profile\/Louise_May-De_Mio\">Research Gate\u00a0\u00a0<\/a><a href=\"https:\/\/orcid.org\/0000-0002-4202-4428\"><\/a><\/strong><\/p>\n\n\n\n<p><strong>Contatos<\/strong><\/p>\n\n\n\n<p><img loading=\"lazy\" decoding=\"async\" src=\"https:\/\/agrarias.ufpr.br\/fitotecnia\/wp-content\/uploads\/sites\/26\/2016\/03\/email-small-.jpg\" alt=\"email small\" width=\"22\" height=\"22\">&nbsp;maydemio@ufpr.br<\/p>\n\n\n\n<p><img loading=\"lazy\" decoding=\"async\" src=\"https:\/\/agrarias.ufpr.br\/fitotecnia\/wp-content\/uploads\/sites\/26\/2016\/03\/telefone.png\" alt=\"telefone\" width=\"22\" height=\"22\">&nbsp;(41) 3350-5736<\/p>\n","protected":false},"excerpt":{"rendered":"<p>Profa. do Departamento de Fitotecnia e Fitossanidade da Universidade Federal do Paran\u00e1 (UFPR) Forma\u00e7\u00e3o Acad\u00eamica P\u00f3s-Doutorado,&nbsp;University of California, Davis, UCDAVIS, Estados Unidos (2008-2009) Dra. em Fitopatologia, ESALQ\/USP (2001) M.Sc. em Fitopatologia, ESALQ\/USP (1994) Eng. Agr\u00f4noma, UFPR (1990) \u00c1rea de Atua\u00e7\u00e3o&nbsp; Fitopatologia Disciplinas Ministradas Controle Qu\u00edmico de Doen\u00e7as de Plantas e Resist\u00eancia de Fungos a Fungicidas [&hellip;]<\/p>\n","protected":false},"author":3,"featured_media":0,"parent":0,"menu_order":0,"comment_status":"closed","ping_status":"closed","template":"","meta":{"footnotes":""},"class_list":["post-9049","page","type-page","status-publish","hentry"],"_links":{"self":[{"href":"https:\/\/agrarias.ufpr.br\/pglsf\/wp-json\/wp\/v2\/pages\/9049","targetHints":{"allow":["GET"]}}],"collection":[{"href":"https:\/\/agrarias.ufpr.br\/pglsf\/wp-json\/wp\/v2\/pages"}],"about":[{"href":"https:\/\/agrarias.ufpr.br\/pglsf\/wp-json\/wp\/v2\/types\/page"}],"author":[{"embeddable":true,"href":"https:\/\/agrarias.ufpr.br\/pglsf\/wp-json\/wp\/v2\/users\/3"}],"replies":[{"embeddable":true,"href":"https:\/\/agrarias.ufpr.br\/pglsf\/wp-json\/wp\/v2\/comments?post=9049"}],"version-history":[{"count":6,"href":"https:\/\/agrarias.ufpr.br\/pglsf\/wp-json\/wp\/v2\/pages\/9049\/revisions"}],"predecessor-version":[{"id":10591,"href":"https:\/\/agrarias.ufpr.br\/pglsf\/wp-json\/wp\/v2\/pages\/9049\/revisions\/10591"}],"wp:attachment":[{"href":"https:\/\/agrarias.ufpr.br\/pglsf\/wp-json\/wp\/v2\/media?parent=9049"}],"curies":[{"name":"wp","href":"https:\/\/api.w.org\/{rel}","templated":true}]}}