{"id":9046,"date":"2021-04-15T16:36:35","date_gmt":"2021-04-15T16:36:35","guid":{"rendered":"https:\/\/agrarias.ufpr.br\/pglsf\/?page_id=9046"},"modified":"2026-02-05T14:18:24","modified_gmt":"2026-02-05T14:18:24","slug":"joatan-machado-da-rosa","status":"publish","type":"page","link":"https:\/\/agrarias.ufpr.br\/pglsf\/joatan-machado-da-rosa\/","title":{"rendered":"Joatan Machado da Rosa"},"content":{"rendered":"\n<p>Prof. do Departamento de Patologia B\u00e1sica da Universidade Federal do Paran\u00e1 (UFPR)<\/p>\n\n\n\n<p><strong>Forma\u00e7\u00e3o acad\u00eamica<\/strong><\/p>\n\n\n\n<p>Dr. em Fitossanidade UFPel (2016)<\/p>\n\n\n\n<p>M.Sc. em Produ\u00e7\u00e3o Vegetal UDESC (2011)<\/p>\n\n\n\n<p>Eng. Agr\u00f4nomo, UDESC (2007)<\/p>\n\n\n\n<p><strong>\u00c1rea de Atua\u00e7\u00e3o<\/strong><\/p>\n\n\n\n<p>Entomologia<\/p>\n\n\n\n<p><strong>Disciplinas ministradas<\/strong><\/p>\n\n\n\n<p><a href=\"https:\/\/agrarias.ufpr.br\/pglsf\/controle-biologico-de-insetos-praga\/\">Controle Biol\u00f3gico de Insetos-Praga<\/a><\/p>\n\n\n\n<p><a href=\"https:\/\/agrarias.ufpr.br\/pglsf\/controle-quimico-e-resistencia-de-artropodes-a-agrotoxicos\/\">Controle Qu\u00edmico e Resist\u00eancia de Artr\u00f3podes \u00e0 Agrot\u00f3xicos<\/a><\/p>\n\n\n\n<p><a href=\"https:\/\/agrarias.ufpr.br\/pglsf\/fundamentos-em-entomologia\/\">Fundamentos em Entomologia<\/a><\/p>\n\n\n\n<p><a href=\"https:\/\/agrarias.ufpr.br\/pglsf\/tcc\/\">Orientador de Trabalho de Conclus\u00e3o de Curso (TCC)<\/a><\/p>\n\n\n\n<p><strong>Publica\u00e7\u00f5es<\/strong><\/p>\n\n\n\n<p><a href=\"http:\/\/lattes.cnpq.br\/7937233896246953\"><strong><img loading=\"lazy\" decoding=\"async\" class=\"alignnone wp-image-742\" src=\"https:\/\/agrarias.ufpr.br\/fitotecnia\/wp-content\/uploads\/sites\/26\/2016\/03\/icon_lattes.png\" alt=\"icon_lattes\" width=\"30\" height=\"29\">&nbsp;<\/strong><\/a><a href=\"http:\/\/lattes.cnpq.br\/7937233896246953\"><strong><span style=\"color: #008000;\">Lattes<\/span>&nbsp;<\/strong><\/a><strong><a href=\"https:\/\/www.researchgate.net\/profile\/Joatan_Rosa\"><img loading=\"lazy\" decoding=\"async\" class=\"alignnone wp-image-1136 size-full\" src=\"https:\/\/agrarias.ufpr.br\/fitotecnia\/wp-content\/uploads\/sites\/26\/2016\/03\/apple-touch-icon-180x180-e1459453504744.png\" alt=\"apple-touch-icon-180x180\" width=\"29\" height=\"29\">&nbsp;<\/a><a href=\"https:\/\/www.researchgate.net\/profile\/Joatan_Rosa\"><span style=\"color: #008000;\">Research Gate<\/span>&nbsp;<\/a><a href=\"https:\/\/orcid.org\/0000-0002-1680-7525\"><img loading=\"lazy\" decoding=\"async\" class=\"alignnone wp-image-3360\" src=\"https:\/\/agrarias.ufpr.br\/pgapv\/wp-content\/uploads\/sites\/39\/2021\/02\/unnamed.jpg\" alt=\"\" width=\"93\" height=\"37\"><\/a><\/strong><\/p>\n\n\n\n<p><strong>Contatos<\/strong><\/p>\n\n\n\n<p><img loading=\"lazy\" decoding=\"async\" class=\"alignnone wp-image-757\" src=\"https:\/\/agrarias.ufpr.br\/fitotecnia\/wp-content\/uploads\/sites\/26\/2016\/03\/email-small-.jpg\" alt=\"email small\" width=\"22\" height=\"22\">&nbsp;joatanmachado@ufpr.br<\/p>\n\n\n\n<p><img loading=\"lazy\" decoding=\"async\" class=\"wp-image-758 alignnone\" src=\"https:\/\/agrarias.ufpr.br\/fitotecnia\/wp-content\/uploads\/sites\/26\/2016\/03\/telefone.png\" alt=\"telefone\" width=\"22\" height=\"22\">&nbsp;(41) 3361-1698<\/p>\n","protected":false},"excerpt":{"rendered":"<p>Prof. do Departamento de Patologia B\u00e1sica da Universidade Federal do Paran\u00e1 (UFPR) Forma\u00e7\u00e3o acad\u00eamica Dr. em Fitossanidade UFPel (2016) M.Sc. em Produ\u00e7\u00e3o Vegetal UDESC (2011) Eng. Agr\u00f4nomo, UDESC (2007) \u00c1rea de Atua\u00e7\u00e3o Entomologia Disciplinas ministradas Controle Biol\u00f3gico de Insetos-Praga Controle Qu\u00edmico e Resist\u00eancia de Artr\u00f3podes \u00e0 Agrot\u00f3xicos Fundamentos em Entomologia Orientador de Trabalho de Conclus\u00e3o [&hellip;]<\/p>\n","protected":false},"author":3,"featured_media":0,"parent":0,"menu_order":0,"comment_status":"closed","ping_status":"closed","template":"","meta":{"footnotes":""},"class_list":["post-9046","page","type-page","status-publish","hentry"],"_links":{"self":[{"href":"https:\/\/agrarias.ufpr.br\/pglsf\/wp-json\/wp\/v2\/pages\/9046","targetHints":{"allow":["GET"]}}],"collection":[{"href":"https:\/\/agrarias.ufpr.br\/pglsf\/wp-json\/wp\/v2\/pages"}],"about":[{"href":"https:\/\/agrarias.ufpr.br\/pglsf\/wp-json\/wp\/v2\/types\/page"}],"author":[{"embeddable":true,"href":"https:\/\/agrarias.ufpr.br\/pglsf\/wp-json\/wp\/v2\/users\/3"}],"replies":[{"embeddable":true,"href":"https:\/\/agrarias.ufpr.br\/pglsf\/wp-json\/wp\/v2\/comments?post=9046"}],"version-history":[{"count":4,"href":"https:\/\/agrarias.ufpr.br\/pglsf\/wp-json\/wp\/v2\/pages\/9046\/revisions"}],"predecessor-version":[{"id":10584,"href":"https:\/\/agrarias.ufpr.br\/pglsf\/wp-json\/wp\/v2\/pages\/9046\/revisions\/10584"}],"wp:attachment":[{"href":"https:\/\/agrarias.ufpr.br\/pglsf\/wp-json\/wp\/v2\/media?parent=9046"}],"curies":[{"name":"wp","href":"https:\/\/api.w.org\/{rel}","templated":true}]}}