{"id":9027,"date":"2021-04-15T16:24:39","date_gmt":"2021-04-15T16:24:39","guid":{"rendered":"https:\/\/agrarias.ufpr.br\/pglsf\/?page_id=9027"},"modified":"2026-02-05T13:13:46","modified_gmt":"2026-02-05T13:13:46","slug":"estatistica-e-experimentacao-aplicadas-a-fitossanidade","status":"publish","type":"page","link":"https:\/\/agrarias.ufpr.br\/pglsf\/estatistica-e-experimentacao-aplicadas-a-fitossanidade\/","title":{"rendered":"Estat\u00edstica e Experimenta\u00e7\u00e3o Aplicadas \u00e0 Fitossanidade"},"content":{"rendered":"\n<p><strong>Ementa<\/strong><\/p>\n\n\n\n<p>Estat\u00edstica descritiva. Testes de signific\u00e2ncia. Princ\u00edpios b\u00e1sicos da experimenta\u00e7\u00e3o. Delineamentos Experimentais. An\u00e1lise de Vari\u00e2ncia. Correla\u00e7\u00e3o e regress\u00e3o. Software para an\u00e1lise de dados.<\/p>\n\n\n\n<p><strong>Semestre\/M\u00f3dulo<\/strong><\/p>\n\n\n\n<p>2\u00b0<\/p>\n\n\n\n<p><strong>Carga hor\u00e1ria<\/strong><\/p>\n\n\n\n<p>60 h<\/p>\n\n\n\n<p><strong>Professor<\/strong><\/p>\n\n\n\n<p><a href=\"https:\/\/agrarias.ufpr.br\/pglsf\/cristiano-nunes-nesi\/\">Cristiano Nunes Nesi<\/a><\/p>\n\n\n\n<p><strong>Refer\u00eancias bibliogr\u00e1ficas <\/strong><\/p>\n\n\n\n<p>BANZATTO, D. A; KRONKA, S. N. Experimenta\u00e7\u00e3o agr\u00edcola. Jaboticabal: Funep\/Unesp. 2006, 237p.<\/p>\n\n\n\n<p>BRIEN, C.J; BERGER, B; RABIE, H; TESTER, M. Accounting for variation in designing greenhouse experiments with special reference to greenhouses containing plants on conveyor systems. Plant Methods, v.9, p1-21, 2013.<\/p>\n\n\n\n<p>FERREIRA, E.B.; OLIVEIRA, M.S. Introdu\u00e7\u00e3o \u00e0 Estat\u00edstica com R. Alfenas, MG: Editora Universidade Federal de Alfenas, 2020. 194 p.<\/p>\n\n\n\n<p>MONTGOMERY, D. C. Design and Analysis of Experiments. Ed. Wiley; 7th edition, 2008.<\/p>\n\n\n\n<p>NESI, C.N.; WERNER, S.S. An\u00e1lise de dados com o ambiente R. Florian\u00f3polis: Epagri, 2020.124p. (Epagri. Boletim T\u00e9cnico, 178)<\/p>\n\n\n\n<p>NOGUEIRA, D. A; PEREIRA, G.M. Desempenho de testes para homogeneidade de vari\u00e2ncias em delineamentos inteiramente casualizados. Sigmae, v.2, n.1, p. 7-22. 2013.<\/p>\n\n\n\n<p>OEHLERT, G. W. A First Course in Desing and Analysis of Experiments. Retrieved from the University of Minnesota, 2010.<\/p>\n\n\n\n<p>PIMENTEL-GOMES, F. Curso de Estat\u00edstica Experimental. Piracicaba: FEALQ. 2009, 451p.<\/p>\n\n\n\n<p>PIMENTEL-GOMES, F. An extension of the method of joint analysis of experiments in complete randomized blocks. Biometrics, v.26, p.332-336, 1970.<\/p>\n\n\n\n<p>R Core Team (2021). R: A Language And Environment For Statistical Computing. R Foundation For Statistical Computing, Vienna, Austria. URL Https:\/\/www.R-project.org\/.<\/p>\n\n\n\n<p>ZIMMERMANN, F.J.P. Estat\u00edstica aplicada \u00e0 pesquisa agr\u00edcola, 2\u00aa Edi\u00e7\u00e3o. Bras\u00edlia: Embrapa, 2014. 584 p.<\/p>\n","protected":false},"excerpt":{"rendered":"<p>Ementa Estat\u00edstica descritiva. Testes de signific\u00e2ncia. Princ\u00edpios b\u00e1sicos da experimenta\u00e7\u00e3o. Delineamentos Experimentais. An\u00e1lise de Vari\u00e2ncia. Correla\u00e7\u00e3o e regress\u00e3o. Software para an\u00e1lise de dados. Semestre\/M\u00f3dulo 2\u00b0 Carga hor\u00e1ria 60 h Professor Cristiano Nunes Nesi Refer\u00eancias bibliogr\u00e1ficas BANZATTO, D. A; KRONKA, S. N. Experimenta\u00e7\u00e3o agr\u00edcola. Jaboticabal: Funep\/Unesp. 2006, 237p. BRIEN, C.J; BERGER, B; RABIE, H; TESTER, M. [&hellip;]<\/p>\n","protected":false},"author":3,"featured_media":0,"parent":0,"menu_order":0,"comment_status":"closed","ping_status":"closed","template":"","meta":{"footnotes":""},"class_list":["post-9027","page","type-page","status-publish","hentry"],"_links":{"self":[{"href":"https:\/\/agrarias.ufpr.br\/pglsf\/wp-json\/wp\/v2\/pages\/9027","targetHints":{"allow":["GET"]}}],"collection":[{"href":"https:\/\/agrarias.ufpr.br\/pglsf\/wp-json\/wp\/v2\/pages"}],"about":[{"href":"https:\/\/agrarias.ufpr.br\/pglsf\/wp-json\/wp\/v2\/types\/page"}],"author":[{"embeddable":true,"href":"https:\/\/agrarias.ufpr.br\/pglsf\/wp-json\/wp\/v2\/users\/3"}],"replies":[{"embeddable":true,"href":"https:\/\/agrarias.ufpr.br\/pglsf\/wp-json\/wp\/v2\/comments?post=9027"}],"version-history":[{"count":4,"href":"https:\/\/agrarias.ufpr.br\/pglsf\/wp-json\/wp\/v2\/pages\/9027\/revisions"}],"predecessor-version":[{"id":10564,"href":"https:\/\/agrarias.ufpr.br\/pglsf\/wp-json\/wp\/v2\/pages\/9027\/revisions\/10564"}],"wp:attachment":[{"href":"https:\/\/agrarias.ufpr.br\/pglsf\/wp-json\/wp\/v2\/media?parent=9027"}],"curies":[{"name":"wp","href":"https:\/\/api.w.org\/{rel}","templated":true}]}}