{"id":9016,"date":"2021-04-15T16:21:31","date_gmt":"2021-04-15T16:21:31","guid":{"rendered":"https:\/\/agrarias.ufpr.br\/pglsf\/?page_id=9016"},"modified":"2026-02-05T13:13:27","modified_gmt":"2026-02-05T13:13:27","slug":"fundamentos-em-matologia","status":"publish","type":"page","link":"https:\/\/agrarias.ufpr.br\/pglsf\/fundamentos-em-matologia\/","title":{"rendered":"Fundamentos em Matologia"},"content":{"rendered":"\n<p><strong>Ementa<\/strong><\/p>\n\n\n\n<p>Conceitos e defini\u00e7\u00f5es. Identifica\u00e7\u00e3o e levantamento das principais plantas daninhas. Ecofisiologia e m\u00e9todos de controle de plantas daninhas.<\/p>\n\n\n\n<p><strong>Semestre\/M\u00f3dulo<\/strong><\/p>\n\n\n\n<p>1\u00b0<\/p>\n\n\n\n<p><strong>Carga hor\u00e1ria<\/strong><\/p>\n\n\n\n<p>45 h<\/p>\n\n\n\n<p><strong>Professor<\/strong><\/p>\n\n\n\n<p><a href=\"https:\/\/agrarias.ufpr.br\/pglsf\/arthur-arrobas-martins-barroso\/\">Arthur Arrobas Martins Barroso<\/a><\/p>\n\n\n\n<p><strong>Refer\u00eancias bibliogr\u00e1ficas<\/strong><\/p>\n\n\n\n<p>AFFI, M.; SWANTON, C. Early physiological mechanisms of weed competition. Weed Science, v.60, 2012.<\/p>\n\n\n\n<p>BARROSO, A.A.M.; MUARATA, A.T. Matologia: estudos sobre plantas daninhas. 1ed. Jaboticabal: F\u00e1brica da Palavra, 2021. 547p.<\/p>\n\n\n\n<p>CHENG, G.; CHENG, Z. Research progress on the use of plant allelopathy in agriculture and the physiological and ecological mechanisms of allelopathy. Frontiers in Plant Science, v.6, 2015.<\/p>\n\n\n\n<p>HESTWOOD, J.H. et al. Weed management in 2050: perspectives on the future of weed science. Weed Science, v.66, 2017.<\/p>\n\n\n\n<p>MONQUEIRO, P.A. Aspectos da Biologia e Manejo das Plantas Daninhas. Rima, 2014. 400p.<\/p>\n\n\n\n<p>PITELLI, R.A. O termo planta-daninhas. Planta Daninha, v.33, 2015.<\/p>\n\n\n\n<p>RODRIGUES, B.N.; ALMEIDA, F.S. Guia de Herbicidas. Midiograf, 2018, 7ed. 763p.<\/p>\n\n\n\n<p>ZINDAHL, R.L. Fundamentals of Weed Science, Academic Press, 2007, 3ed. 666p.<\/p>\n","protected":false},"excerpt":{"rendered":"<p>Ementa Conceitos e defini\u00e7\u00f5es. Identifica\u00e7\u00e3o e levantamento das principais plantas daninhas. Ecofisiologia e m\u00e9todos de controle de plantas daninhas. Semestre\/M\u00f3dulo 1\u00b0 Carga hor\u00e1ria 45 h Professor Arthur Arrobas Martins Barroso Refer\u00eancias bibliogr\u00e1ficas AFFI, M.; SWANTON, C. Early physiological mechanisms of weed competition. Weed Science, v.60, 2012. BARROSO, A.A.M.; MUARATA, A.T. Matologia: estudos sobre plantas daninhas. [&hellip;]<\/p>\n","protected":false},"author":3,"featured_media":0,"parent":0,"menu_order":0,"comment_status":"closed","ping_status":"closed","template":"","meta":{"footnotes":""},"class_list":["post-9016","page","type-page","status-publish","hentry"],"_links":{"self":[{"href":"https:\/\/agrarias.ufpr.br\/pglsf\/wp-json\/wp\/v2\/pages\/9016","targetHints":{"allow":["GET"]}}],"collection":[{"href":"https:\/\/agrarias.ufpr.br\/pglsf\/wp-json\/wp\/v2\/pages"}],"about":[{"href":"https:\/\/agrarias.ufpr.br\/pglsf\/wp-json\/wp\/v2\/types\/page"}],"author":[{"embeddable":true,"href":"https:\/\/agrarias.ufpr.br\/pglsf\/wp-json\/wp\/v2\/users\/3"}],"replies":[{"embeddable":true,"href":"https:\/\/agrarias.ufpr.br\/pglsf\/wp-json\/wp\/v2\/comments?post=9016"}],"version-history":[{"count":4,"href":"https:\/\/agrarias.ufpr.br\/pglsf\/wp-json\/wp\/v2\/pages\/9016\/revisions"}],"predecessor-version":[{"id":10560,"href":"https:\/\/agrarias.ufpr.br\/pglsf\/wp-json\/wp\/v2\/pages\/9016\/revisions\/10560"}],"wp:attachment":[{"href":"https:\/\/agrarias.ufpr.br\/pglsf\/wp-json\/wp\/v2\/media?parent=9016"}],"curies":[{"name":"wp","href":"https:\/\/api.w.org\/{rel}","templated":true}]}}