{"id":9013,"date":"2021-04-15T16:20:52","date_gmt":"2021-04-15T16:20:52","guid":{"rendered":"https:\/\/agrarias.ufpr.br\/pglsf\/?page_id=9013"},"modified":"2026-02-05T13:14:15","modified_gmt":"2026-02-05T13:14:15","slug":"controle-biologico-de-doencas","status":"publish","type":"page","link":"https:\/\/agrarias.ufpr.br\/pglsf\/controle-biologico-de-doencas\/","title":{"rendered":"Controle Biol\u00f3gico de Doen\u00e7as de Plantas"},"content":{"rendered":"\n<p><strong>Ementa<\/strong><\/p>\n\n\n\n<p>Principais agentes de controle biol\u00f3gico e mecanismos de a\u00e7\u00e3o; Princ\u00edpios de qualidade, compatibilidade e seguran\u00e7a; Posicionamento nas principais esp\u00e9cies cultivadas; Legisla\u00e7\u00e3o.<\/p>\n\n\n\n<p><strong>Semestre\/M\u00f3dulo<\/strong><\/p>\n\n\n\n<p>2\u00b0<\/p>\n\n\n\n<p><strong>Carga hor\u00e1ria<\/strong><\/p>\n\n\n\n<p>45 h<\/p>\n\n\n\n<p><strong>Professor<\/strong><\/p>\n\n\n\n<p><a href=\"https:\/\/agrarias.ufpr.br\/pglsf\/sergio-miguel-mazaro\/\">S\u00e9rgio Miguel Mazaro<\/a><\/p>\n\n\n\n<p><strong>Refer\u00eancias bibliogr\u00e1ficas<\/strong><\/p>\n\n\n\n<p><span style=\"color: #000000;\">AGROFIT: consulta aberta: produtos formulados. Brasi\u0301lia, DF: MAPA, c2003. Disponi\u0301vel em: http:\/\/agrofit.agricultura.gov.br\/agrofit_ cons\/principal_agrofit_cons.<\/span><\/p>\n\n\n\n<p><span style=\"color: #000000;\">AMORIM, L.; REZENDE, J. A. M.; BERGAMIN FILHO, A. Manual de Fitopatologia &#8211; Princ\u00edpios e Conceitos. 5. ed.. v. 1. S\u00e3o Paulo: Editora Ceres, 2018.<\/span><\/p>\n\n\n\n<p><span style=\"color: #000000;\">BETTIOL, W.; MAFFIA, L. A.; CASTRO, M. L. M. P. Control biolo\u0301gico de enfermedades de plantas en Brasil. In: BETTIOL, W.; RIVERA, M. C.; MONDINO, P.; MONTEALEGRE, J. R.; COLMENA\u0301REZ, Y. C. Control biolo\u0301gico de enfermedades de plantas en Ame\u0301rica Latina y el Caribe. [Montevide\u0301u]: Faculdad de Agronomia, Universidad de la Republica, 2014., p. 91-137, 2014, p. 91-137.<\/span><\/p>\n\n\n\n<p><span style=\"color: #000000;\">BETTIOL, W. Biocontrole de Doen\u00e7as de Plantas: Uso e Perspectivas. Ed. Bettiol, W.; Morandi, M.A.B. Jaguari\u00fana: Embrapa Meio Ambiente, 2009, 341p.<\/span><\/p>\n\n\n\n<p><span style=\"color: #000000;\">BRASIL. Ministe\u0301rio da Agricultura, Pecua\u0301ria e Abastecimento. Coordenac\u0327a\u0303o Geral de Agroto\u0301xicos e Afins. Manual de Procedimentos para Registro de Agroto\u0301xicos. Brasi\u0301lia, DF: MAPA, 2012. Disponi\u0301vel em: &lt;http:\/\/www.agricultura.gov.br\/assuntos\/insumos-agropecua- rios\/insumos-agricolas\/agrotoxicos\/arquivos\/manual-de-procedimentos-para-registro-de-agrotoxicos.pdf&gt;<\/span><\/p>\n\n\n\n<p><span style=\"color: #000000;\">CAVALCANTI, L. S.; DI PIERO, R. M.; CIA, P.; PASCHOLATI, S. F.; RESENDE, M. L. V.; ROMEIRO, R. S. Induc\u0327a\u0303o de resiste\u0302ncia em plantas a pato\u0301genos e insetos. Piracicaba: FEALQ, 2005. 263 p.<\/span><\/p>\n\n\n\n<p><span style=\"color: #000000;\">MEYER, M. C.; MAZARO, S. M.; SILVA, J. C. da (Ed.). Trichoderma: uso na agricultura. Bras\u00edlia, DF: Embrapa, 2019. 536 p.<\/span><\/p>\n\n\n\n<p><span style=\"color: #000000;\">ROMEIRO, R. da S. Controle Biol\u00f3gico de Doen\u00e7as de Plantas: Fundamentos, UFV, 2007, 269p.<\/span><\/p>\n\n\n\n<p><span style=\"color: #000000;\">ROMEIRO, R. da S. Controle Biol\u00f3gico de Doen\u00e7as de Plantas: Procedimentos, UFV, 2007, 168p.<\/span><\/p>\n","protected":false},"excerpt":{"rendered":"<p>Ementa Principais agentes de controle biol\u00f3gico e mecanismos de a\u00e7\u00e3o; Princ\u00edpios de qualidade, compatibilidade e seguran\u00e7a; Posicionamento nas principais esp\u00e9cies cultivadas; Legisla\u00e7\u00e3o. Semestre\/M\u00f3dulo 2\u00b0 Carga hor\u00e1ria 45 h Professor S\u00e9rgio Miguel Mazaro Refer\u00eancias bibliogr\u00e1ficas AGROFIT: consulta aberta: produtos formulados. Brasi\u0301lia, DF: MAPA, c2003. Disponi\u0301vel em: http:\/\/agrofit.agricultura.gov.br\/agrofit_ cons\/principal_agrofit_cons. AMORIM, L.; REZENDE, J. A. M.; BERGAMIN FILHO, [&hellip;]<\/p>\n","protected":false},"author":3,"featured_media":0,"parent":0,"menu_order":0,"comment_status":"closed","ping_status":"closed","template":"","meta":{"footnotes":""},"class_list":["post-9013","page","type-page","status-publish","hentry"],"_links":{"self":[{"href":"https:\/\/agrarias.ufpr.br\/pglsf\/wp-json\/wp\/v2\/pages\/9013","targetHints":{"allow":["GET"]}}],"collection":[{"href":"https:\/\/agrarias.ufpr.br\/pglsf\/wp-json\/wp\/v2\/pages"}],"about":[{"href":"https:\/\/agrarias.ufpr.br\/pglsf\/wp-json\/wp\/v2\/types\/page"}],"author":[{"embeddable":true,"href":"https:\/\/agrarias.ufpr.br\/pglsf\/wp-json\/wp\/v2\/users\/3"}],"replies":[{"embeddable":true,"href":"https:\/\/agrarias.ufpr.br\/pglsf\/wp-json\/wp\/v2\/comments?post=9013"}],"version-history":[{"count":6,"href":"https:\/\/agrarias.ufpr.br\/pglsf\/wp-json\/wp\/v2\/pages\/9013\/revisions"}],"predecessor-version":[{"id":10570,"href":"https:\/\/agrarias.ufpr.br\/pglsf\/wp-json\/wp\/v2\/pages\/9013\/revisions\/10570"}],"wp:attachment":[{"href":"https:\/\/agrarias.ufpr.br\/pglsf\/wp-json\/wp\/v2\/media?parent=9013"}],"curies":[{"name":"wp","href":"https:\/\/api.w.org\/{rel}","templated":true}]}}