{"id":9002,"date":"2021-04-15T16:17:49","date_gmt":"2021-04-15T16:17:49","guid":{"rendered":"https:\/\/agrarias.ufpr.br\/pglsf\/?page_id=9002"},"modified":"2026-02-05T13:13:17","modified_gmt":"2026-02-05T13:13:17","slug":"trabalho-de-conclusao-de-curso","status":"publish","type":"page","link":"https:\/\/agrarias.ufpr.br\/pglsf\/trabalho-de-conclusao-de-curso\/","title":{"rendered":"Introdu\u00e7\u00e3o ao Trabalho de Conclus\u00e3o de Curso (TCC)"},"content":{"rendered":"\n<p><strong>Ementa<\/strong><\/p>\n\n\n\n<p>Diretrizes para a elabora\u00e7\u00e3o, estrutura\u00e7\u00e3o e desenvolvimento de trabalhos cient\u00edficos pautadas nas normas da ABNT e UFPR, visando orientar o discente na execu\u00e7\u00e3o do trabalho de conclus\u00e3o do curso.<\/p>\n\n\n\n<p><strong>Semestre\/M\u00f3dulo<\/strong><\/p>\n\n\n\n<p>1\u00b0<\/p>\n\n\n\n<p><strong>Carga hor\u00e1ria<\/strong><\/p>\n\n\n\n<p>45 h<\/p>\n\n\n\n<p><strong>Professor<\/strong><\/p>\n\n\n\n<p><a href=\"https:\/\/agrarias.ufpr.br\/pglsf\/renata-faier-caleario\/\">Renata Faier Calegario<\/a><\/p>\n\n\n\n<p><strong>Refer\u00eancias bibliogr\u00e1ficas <\/strong><\/p>\n\n\n\n<p>ESCOLA SUPERIOR DE AGRICULTURA LUIZ DE QUEIROZ. LES 0216 &#8211; Conhecimento e Pesquisa.&nbsp; 2. ed. Piracicaba: USP\/ESALQ &#8211; Divis\u00e3o de Biblioteca, 2017. 49p.<\/p>\n\n\n\n<p>GIL, A. C. Como elaborar projetos de pesquisa. 4 ed.. S\u00e3o Paulo: Atlas, 2002. 175p.<\/p>\n\n\n\n<p>LAKATOS, E. M; MARCONI, M. DE A. Fundamentos da metodologia cient\u00edfica. 6.ed. S\u00e3o Paulo: Atlas. 2005. 315p.<\/p>\n\n\n\n<p>RONZELLI J\u00daNIOR, P. Projetos de pesquisa, disserta\u00e7\u00f5es e tese: um ensaio pr\u00e1tico. Curitiba: Universidade Federal do Paran\u00e1, 2001. 43p.<\/p>\n\n\n\n<p>SEVERINO, Ant\u00f4nio Joaquim. Metodologia do trabalho cient\u00edfico. 23. ed. Ver. e atual. S\u00e3o Paulo: Cortez, 2007. 5\u00ba reimpress\u00e3o. 120p.<\/p>\n\n\n\n<p>UNIVESIDADE FEDERAL DO PARAN\u00c1. Manual de normaliza\u00e7\u00e3o de documentos cient\u00edficos com as normas da ABNT. Curitiba: Editora UFPR, 2015. 1a Reimpress\u00e3o: 2017.<\/p>\n","protected":false},"excerpt":{"rendered":"<p>Ementa Diretrizes para a elabora\u00e7\u00e3o, estrutura\u00e7\u00e3o e desenvolvimento de trabalhos cient\u00edficos pautadas nas normas da ABNT e UFPR, visando orientar o discente na execu\u00e7\u00e3o do trabalho de conclus\u00e3o do curso. Semestre\/M\u00f3dulo 1\u00b0 Carga hor\u00e1ria 45 h Professor Renata Faier Calegario Refer\u00eancias bibliogr\u00e1ficas ESCOLA SUPERIOR DE AGRICULTURA LUIZ DE QUEIROZ. LES 0216 &#8211; Conhecimento e Pesquisa.&nbsp; [&hellip;]<\/p>\n","protected":false},"author":3,"featured_media":0,"parent":0,"menu_order":0,"comment_status":"closed","ping_status":"closed","template":"","meta":{"footnotes":""},"class_list":["post-9002","page","type-page","status-publish","hentry"],"_links":{"self":[{"href":"https:\/\/agrarias.ufpr.br\/pglsf\/wp-json\/wp\/v2\/pages\/9002","targetHints":{"allow":["GET"]}}],"collection":[{"href":"https:\/\/agrarias.ufpr.br\/pglsf\/wp-json\/wp\/v2\/pages"}],"about":[{"href":"https:\/\/agrarias.ufpr.br\/pglsf\/wp-json\/wp\/v2\/types\/page"}],"author":[{"embeddable":true,"href":"https:\/\/agrarias.ufpr.br\/pglsf\/wp-json\/wp\/v2\/users\/3"}],"replies":[{"embeddable":true,"href":"https:\/\/agrarias.ufpr.br\/pglsf\/wp-json\/wp\/v2\/comments?post=9002"}],"version-history":[{"count":6,"href":"https:\/\/agrarias.ufpr.br\/pglsf\/wp-json\/wp\/v2\/pages\/9002\/revisions"}],"predecessor-version":[{"id":10558,"href":"https:\/\/agrarias.ufpr.br\/pglsf\/wp-json\/wp\/v2\/pages\/9002\/revisions\/10558"}],"wp:attachment":[{"href":"https:\/\/agrarias.ufpr.br\/pglsf\/wp-json\/wp\/v2\/media?parent=9002"}],"curies":[{"name":"wp","href":"https:\/\/api.w.org\/{rel}","templated":true}]}}