{"id":8877,"date":"2021-04-08T18:17:08","date_gmt":"2021-04-08T18:17:08","guid":{"rendered":"https:\/\/agrarias.ufpr.br\/pglsf\/?page_id=8877"},"modified":"2026-02-05T13:11:13","modified_gmt":"2026-02-05T13:11:13","slug":"disciplinas","status":"publish","type":"page","link":"https:\/\/agrarias.ufpr.br\/pglsf\/disciplinas\/","title":{"rendered":"Disciplinas"},"content":{"rendered":"\n<p><span style=\"font-size: 14pt;\"><a href=\"https:\/\/agrarias.ufpr.br\/pglsf\/controle-biologico-de-doencas\/\"><strong><span style=\"font-size: 14pt;\">Controle Biol\u00f3gico de Doen\u00e7as de Plantas<\/span><\/strong><\/a><\/span><\/p>\n\n\n\n<p><span style=\"font-size: 14pt;\"><a href=\"https:\/\/agrarias.ufpr.br\/pglsf\/controle-biologico-de-insetos-praga\/\"><strong>Controle Biol\u00f3gico de Insetos-Praga<\/strong><\/a><\/span><\/p>\n\n\n\n<p><span style=\"font-size: 14pt;\"><a href=\"https:\/\/agrarias.ufpr.br\/pglsf\/controle-de-doencas-de-plantas\/\"><strong>Controle de Doen\u00e7as de Plantas<\/strong><\/a><\/span><\/p>\n\n\n\n<p><span style=\"font-size: 14pt;\"><a href=\"https:\/\/agrarias.ufpr.br\/pglsf\/controle-quimico-de-doencas-de-plantas-e-resistencia-de-fungos-a-fungicidas\/\"><strong>Controle Qu\u00edmico de Doen\u00e7as de Plantas e Resist\u00eancia de Fungos \u00e0 Fungicidas<\/strong><\/a><\/span><\/p>\n\n\n\n<p><span style=\"font-size: 14pt;\"><a href=\"https:\/\/agrarias.ufpr.br\/pglsf\/controle-quimico-e-resistencia-de-artropodes-a-agrotoxicos\/\"><strong>Controle Qu\u00edmico e Resist\u00eancia de Artr\u00f3podes \u00e0 Agrot\u00f3xicos<\/strong><\/a><\/span><\/p>\n\n\n\n<p><span style=\"font-size: 14pt;\"><a href=\"https:\/\/agrarias.ufpr.br\/pglsf\/controle-quimico-de-plantas-daninhas\/\"><strong>Controle Qu\u00edmico de Plantas Daninhas<\/strong><\/a><\/span><\/p>\n\n\n\n<p><span style=\"font-size: 14pt;\"><a href=\"https:\/\/agrarias.ufpr.br\/pglsf\/estatistica-e-experimentacao-aplicadas-a-fitossanidade\/\"><strong>Estat\u00edstica e Experimenta\u00e7\u00e3o Aplicadas \u00e0 Fitossanidade<\/strong><\/a><\/span><\/p>\n\n\n\n<p><span style=\"font-size: 14pt;\"><a href=\"https:\/\/agrarias.ufpr.br\/pglsf\/epidemiologia-de-doencas-de-plantas\/\"><strong>Epidemiologia de Doen\u00e7as de Plantas<\/strong><\/a><\/span><\/p>\n\n\n\n<p><span style=\"font-size: 14pt;\"><a href=\"https:\/\/agrarias.ufpr.br\/pglsf\/fundamentos-em-entomologia\/\"><strong>Fundamentos em Entomologia<\/strong><\/a><\/span><\/p>\n\n\n\n<p><span style=\"font-size: 14pt;\"><a href=\"https:\/\/agrarias.ufpr.br\/pglsf\/fundamentos-em-fitopatologia\/\"><strong>Fundamentos em Fitopatologia<\/strong><\/a><\/span><\/p>\n\n\n\n<p><span style=\"font-size: 14pt;\"><a href=\"https:\/\/agrarias.ufpr.br\/pglsf\/fundamentos-em-matologia\/\"><strong>Fundamentos em Matologia<\/strong><\/a><\/span><\/p>\n\n\n\n<p><span style=\"font-size: 14pt;\"><a href=\"https:\/\/agrarias.ufpr.br\/pglsf\/legislacao-fitossanitaria\/\"><strong>Legisla\u00e7\u00e3o Fitossanit\u00e1ria<\/strong><\/a><\/span><\/p>\n\n\n\n<p><span style=\"font-size: 14pt;\"><a href=\"https:\/\/agrarias.ufpr.br\/pglsf\/trabalho-de-conclusao-de-curso\/\"><strong>Introdu\u00e7\u00e3o ao Trabalho de Conclus\u00e3o de Curso (TCC)<\/strong><\/a><\/span><\/p>\n\n\n\n<p><span style=\"font-size: 14pt;\"><a href=\"https:\/\/agrarias.ufpr.br\/pglsf\/tecnologia-de-aplicacao-de-agrotoxicos\/\"><strong>Tecnologia de Aplica\u00e7\u00e3o de Produtos Qu\u00edmicos e Biol\u00f3gicos<\/strong><\/a><\/span><\/p>\n","protected":false},"excerpt":{"rendered":"<p>Controle Biol\u00f3gico de Doen\u00e7as de Plantas Controle Biol\u00f3gico de Insetos-Praga Controle de Doen\u00e7as de Plantas Controle Qu\u00edmico de Doen\u00e7as de Plantas e Resist\u00eancia de Fungos \u00e0 Fungicidas Controle Qu\u00edmico e Resist\u00eancia de Artr\u00f3podes \u00e0 Agrot\u00f3xicos Controle Qu\u00edmico de Plantas Daninhas Estat\u00edstica e Experimenta\u00e7\u00e3o Aplicadas \u00e0 Fitossanidade Epidemiologia de Doen\u00e7as de Plantas Fundamentos em Entomologia Fundamentos [&hellip;]<\/p>\n","protected":false},"author":3,"featured_media":0,"parent":0,"menu_order":0,"comment_status":"closed","ping_status":"closed","template":"","meta":{"footnotes":""},"class_list":["post-8877","page","type-page","status-publish","hentry"],"_links":{"self":[{"href":"https:\/\/agrarias.ufpr.br\/pglsf\/wp-json\/wp\/v2\/pages\/8877","targetHints":{"allow":["GET"]}}],"collection":[{"href":"https:\/\/agrarias.ufpr.br\/pglsf\/wp-json\/wp\/v2\/pages"}],"about":[{"href":"https:\/\/agrarias.ufpr.br\/pglsf\/wp-json\/wp\/v2\/types\/page"}],"author":[{"embeddable":true,"href":"https:\/\/agrarias.ufpr.br\/pglsf\/wp-json\/wp\/v2\/users\/3"}],"replies":[{"embeddable":true,"href":"https:\/\/agrarias.ufpr.br\/pglsf\/wp-json\/wp\/v2\/comments?post=8877"}],"version-history":[{"count":26,"href":"https:\/\/agrarias.ufpr.br\/pglsf\/wp-json\/wp\/v2\/pages\/8877\/revisions"}],"predecessor-version":[{"id":10555,"href":"https:\/\/agrarias.ufpr.br\/pglsf\/wp-json\/wp\/v2\/pages\/8877\/revisions\/10555"}],"wp:attachment":[{"href":"https:\/\/agrarias.ufpr.br\/pglsf\/wp-json\/wp\/v2\/media?parent=8877"}],"curies":[{"name":"wp","href":"https:\/\/api.w.org\/{rel}","templated":true}]}}