{"id":6,"date":"2021-04-08T17:47:38","date_gmt":"2021-04-08T17:47:38","guid":{"rendered":"https:\/\/agrarias.ufpr.br\/pglsf\/?page_id=6"},"modified":"2026-04-01T15:47:07","modified_gmt":"2026-04-01T18:47:07","slug":"apresentacao","status":"publish","type":"page","link":"https:\/\/agrarias.ufpr.br\/pglsf\/apresentacao\/","title":{"rendered":"\u00a0Apresenta\u00e7\u00e3o"},"content":{"rendered":"\n<p class=\"justificado\">&nbsp; &nbsp; &nbsp; &nbsp;O curso de P\u00f3s-Gradua\u00e7\u00e3o Lato Sensu em Fitossanidade \u00e9 ofertado pelo Departamento de Fitotecnia e Fitossanidade (DFF) da Universidade Federal do Paran\u00e1 (UFPR) desde 2022. Foi idealizado por docentes de diferentes \u00e1reas para qualificar profissionais na \u00e1rea de Fitossanidade para uma agricultura moderna, sustent\u00e1vel e economicamente vi\u00e1vel com os objetivos de a<span style=\"color: initial;\">mpliar o n\u00famero de profissionais qualificados com curso superior na \u00e1rea de Ci\u00eancias Agr\u00e1rias, p<\/span><span style=\"color: initial;\">romover a atualiza\u00e7\u00e3o e aplica\u00e7\u00e3o dos conhecimentos t\u00e9cnicos relativos \u00e0 legisla\u00e7\u00e3o fitossanit\u00e1ria, tecnologia de aplica\u00e7\u00e3o, planejamento experimental, fitopatologia, entomologia e matologia, a<\/span><span style=\"color: initial;\">tender a uma demanda cada vez mais crescente no pa\u00eds quanto a melhor qualifica\u00e7\u00e3o de profissionais na \u00e1rea de fitossanidade em resposta \u00e0s exig\u00eancias do competitivo mercado nacional e internacional e desafios t\u00e9cnicos atuais, c<\/span><span style=\"color: initial;\">onsolidar a prote\u00e7\u00e3o de plantas frente a t\u00e9cnicas agr\u00edcolas sustent\u00e1veis, visando a conserva\u00e7\u00e3o e melhoria do ambiente de produ\u00e7\u00e3o e t<\/span><span style=\"color: initial;\">rocar conhecimentos e estabelecer rede de contatos.&nbsp;<\/span><\/p>\n\n\n\n<p class=\"justificado\">&nbsp; &nbsp; &nbsp; &nbsp; &nbsp;O curso \u00e9 na modalidade de ensino a dist\u00e2ncia (EAD) seguindo modelo semipresencial dividido em 2 m\u00f3dulos. Em cada m\u00f3dulo s\u00e3oi 7 disciplinas, sendo inicialmente ofertadas \u00e0 dist\u00e2ncia e ao final de cada m\u00f3dulo tem o encontro presencial em Curitiba-PR. O curso conta com 11 docentes com experi\u00eancia nas suas \u00e1reas de atua\u00e7\u00e3o, sendo 6 docentes da UFPR, 1 docente da&nbsp; Empresa de Pesquisa Agropecu\u00e1ria e Extens\u00e3o Rural de Santa Catarina (EPAGRI), 1 docente da Ag\u00eancia de Defesa Agropecu\u00e1ria do Paran\u00e1 (ADAPAR), 1 docente da Universidade Estadual do Norte do Paran\u00e1 (UENP), 1 docente da Universidade Tecnol\u00f3gica Federal do Paran\u00e1 (UTFPR) e 1 docente da Universidade Federal de Pelotas (UFPel). Com isso, pretendemos atingir profissionais de todos os Estados do Brasil e tamb\u00e9m profissionais estrangeiros, ampliando a \u00e1rea de atua\u00e7\u00e3o da Universidade e proporcionando oportunidades de capacita\u00e7\u00e3o a profissionais mesmo distantes dos muros da UFPR.<\/p>\n\n\n\n<p class=\"justificado\">&nbsp; &nbsp; &nbsp; &nbsp; A dura\u00e7\u00e3o do curso \u00e9 de no m\u00e1ximo 24 meses. Durante os primeiros 14 meses s\u00e3o ofertadas as disciplinas, sendo do 15\u00ba ao 20\u00ba m\u00eas o aluno dever\u00e1 elaborar o Trabalho de Conclus\u00e3o de Curso (TCC). Do 21\u00ba ao 24\u00ba m\u00eas \u00e9 para os tr\u00e2mites e fechamento do curso. Ao discente que obtiver aprova\u00e7\u00e3o em todas as disciplinas e no TCC \u00e9 concedido o Certificado de Especialista pela UFPR. Ao discente que optar por n\u00e3o realizar o TCC, mas que obtiver aprova\u00e7\u00e3o em todas as disciplinas \u00e9 concedido o Certificado de Aperfei\u00e7oamento pela UFPR.<\/p>\n\n\n\n<p class=\"justificado\">&nbsp; &nbsp; O curso tem parceria com o Programa de Educa\u00e7\u00e3o Continuada em Ci\u00eancias Agr\u00e1rias (PECCA) da UFPR, que vem desenvolvendo uma s\u00e9rie de iniciativas que possibilitam a cont\u00ednua capacita\u00e7\u00e3o dos profissionais da \u00e1rea de Ci\u00eancias Agr\u00e1rias que desejam se aprimorar e ficarem capacitados aos desafios do mercado atual. O PECCA atual a mais de 25 anos preparando os profissionais para as melhores oportunidades!<\/p>\n","protected":false},"excerpt":{"rendered":"<p>&nbsp; &nbsp; &nbsp; &nbsp;O curso de P\u00f3s-Gradua\u00e7\u00e3o Lato Sensu em Fitossanidade \u00e9 ofertado pelo Departamento de Fitotecnia e Fitossanidade (DFF) da Universidade Federal do Paran\u00e1 (UFPR) desde 2022. Foi idealizado por docentes de diferentes \u00e1reas para qualificar profissionais na \u00e1rea de Fitossanidade para uma agricultura moderna, sustent\u00e1vel e economicamente vi\u00e1vel com os objetivos de ampliar [&hellip;]<\/p>\n","protected":false},"author":3,"featured_media":0,"parent":0,"menu_order":0,"comment_status":"closed","ping_status":"closed","template":"","meta":{"footnotes":""},"class_list":["post-6","page","type-page","status-publish","hentry"],"_links":{"self":[{"href":"https:\/\/agrarias.ufpr.br\/pglsf\/wp-json\/wp\/v2\/pages\/6","targetHints":{"allow":["GET"]}}],"collection":[{"href":"https:\/\/agrarias.ufpr.br\/pglsf\/wp-json\/wp\/v2\/pages"}],"about":[{"href":"https:\/\/agrarias.ufpr.br\/pglsf\/wp-json\/wp\/v2\/types\/page"}],"author":[{"embeddable":true,"href":"https:\/\/agrarias.ufpr.br\/pglsf\/wp-json\/wp\/v2\/users\/3"}],"replies":[{"embeddable":true,"href":"https:\/\/agrarias.ufpr.br\/pglsf\/wp-json\/wp\/v2\/comments?post=6"}],"version-history":[{"count":27,"href":"https:\/\/agrarias.ufpr.br\/pglsf\/wp-json\/wp\/v2\/pages\/6\/revisions"}],"predecessor-version":[{"id":10740,"href":"https:\/\/agrarias.ufpr.br\/pglsf\/wp-json\/wp\/v2\/pages\/6\/revisions\/10740"}],"wp:attachment":[{"href":"https:\/\/agrarias.ufpr.br\/pglsf\/wp-json\/wp\/v2\/media?parent=6"}],"curies":[{"name":"wp","href":"https:\/\/api.w.org\/{rel}","templated":true}]}}