{"id":10170,"date":"2024-11-21T12:26:00","date_gmt":"2024-11-21T12:26:00","guid":{"rendered":"https:\/\/agrarias.ufpr.br\/pglsf\/?page_id=10170"},"modified":"2026-04-01T15:50:59","modified_gmt":"2026-04-01T18:50:59","slug":"turma-2025","status":"publish","type":"page","link":"https:\/\/agrarias.ufpr.br\/pglsf\/turma-2025\/","title":{"rendered":"Turma 2025"},"content":{"rendered":"\n<p class=\"has-text-align-center\"><span style=\"background-color: #ffffff; color: #ff0000;\"><strong>ENCONTROS A DIST\u00c2NCIA<\/strong><strong>&nbsp;<\/strong><\/span><\/p>\n\n\n\n<figure class=\"wp-block-table\"><table class=\"has-fixed-layout\"><tbody><tr><td class=\"has-text-align-center\" data-align=\"center\"><strong>Per\u00edodo<\/strong><\/td><td class=\"has-text-align-center\" data-align=\"center\"><strong>Disciplinas<\/strong><\/td><td class=\"has-text-align-center\" data-align=\"center\"><strong>Carga hor\u00e1ria (h)<\/strong><\/td><td class=\"has-text-align-center\" data-align=\"center\"><strong>Professor (es)<\/strong><\/td><\/tr><tr><td class=\"has-text-align-center\" data-align=\"center\" colspan=\"4\"><strong>M\u00d3DULO 1 (1\u00basemestre)<\/strong><\/td><\/tr><tr><td class=\"has-text-align-center\" data-align=\"center\">03\/03 \u00e0 30\/03\/25<\/td><td>Ambienta\u00e7\u00e3o e envio de documenta\u00e7\u00e3o dos alunos pelo SIGA<\/td><td class=\"has-text-align-center\" data-align=\"center\">&#8211;<\/td><td class=\"has-text-align-center\" data-align=\"center\">PECCA<\/td><\/tr><tr><td class=\"has-text-align-center\" data-align=\"center\">31\/03 \u00e0 01\/06\/25<\/td><td><a href=\"https:\/\/agrarias.ufpr.br\/pglsf\/legislacao-fitossanitaria\/\">Legisla\u00e7\u00e3o Fitossanit\u00e1ria<\/a><\/td><td class=\"has-text-align-center\" data-align=\"center\">60<\/td><td class=\"has-text-align-left\" data-align=\"left\"><a href=\"https:\/\/agrarias.ufpr.br\/pglsf\/renato-rezende-young-blood\/\">Renato Rezende Young Blood<\/a><\/td><\/tr><tr><td class=\"has-text-align-center\" data-align=\"center\">14\/04 \u00e0 15\/06\/25<\/td><td><a href=\"https:\/\/agrarias.ufpr.br\/pglsf\/fundamentos-em-matologia\/\">Fundamentos em Matologia<\/a><\/td><td class=\"has-text-align-center\" data-align=\"center\">45<\/td><td class=\"has-text-align-left\" data-align=\"left\"><a href=\"https:\/\/agrarias.ufpr.br\/pglsf\/arthur-arrobas-martins-barroso\/\">Arthur Arrobas Martins Barroso<\/a><\/td><\/tr><tr><td class=\"has-text-align-center\" data-align=\"center\">28\/04 \u00e0 29\/06\/25<\/td><td><a href=\"https:\/\/agrarias.ufpr.br\/pglsf\/fundamentos-em-fitopatologia\/\">Fundamentos em Fitopatologia<\/a><\/td><td class=\"has-text-align-center\" data-align=\"center\">60<\/td><td class=\"has-text-align-left\" data-align=\"left\"><a href=\"https:\/\/agrarias.ufpr.br\/pglsf\/henrique-da-silva-silveira-duarte\/\">Henrique da Silva Silveira Duarte<\/a><\/td><\/tr><tr><td class=\"has-text-align-center\" data-align=\"center\">12\/05 \u00e0 13\/07\/25<\/td><td><a href=\"https:\/\/agrarias.ufpr.br\/pglsf\/epidemiologia-de-doencas-de-plantas\/\">Epidemiologia de Doen\u00e7as de Plantas<\/a><\/td><td class=\"has-text-align-center\" data-align=\"center\">45<\/td><td class=\"has-text-align-left\" data-align=\"left\"><a href=\"https:\/\/agrarias.ufpr.br\/pglsf\/louise-larissa-may-de-mio\/\">Louise Larissa May De Mio<\/a><\/td><\/tr><tr><td class=\"has-text-align-center\" data-align=\"center\">26\/05 \u00e0 03\/08\/25<\/td><td><a href=\"https:\/\/agrarias.ufpr.br\/pglsf\/fundamentos-em-entomologia\/\">Fundamentos em Entomologia<\/a><\/td><td class=\"has-text-align-center\" data-align=\"center\">75<\/td><td class=\"has-text-align-left\" data-align=\"left\"><a href=\"https:\/\/agrarias.ufpr.br\/pglsf\/maria-aparecida-cassilha-zawadneak\/\">Maria Aparecida Cassilha Zawadneak<\/a>\n<p><a href=\"https:\/\/agrarias.ufpr.br\/pglsf\/joatan-machado-da-rosa\/\">Joatan Machado da Rosa<\/a><\/p>\n<\/td><\/tr><tr><td class=\"has-text-align-center\" data-align=\"center\">09\/06 \u00e0 17\/08\/25<\/td><td><a href=\"https:\/\/agrarias.ufpr.br\/pglsf\/tecnologia-de-aplicacao-de-agrotoxicos\/\">Tecnologia de Aplica\u00e7\u00e3o de Produtos Qu\u00edmicos e Biol\u00f3gicos<\/a><\/td><td class=\"has-text-align-center\" data-align=\"center\">60<\/td><td class=\"has-text-align-left\" data-align=\"left\"><a href=\"https:\/\/agrarias.ufpr.br\/pglsf\/rone-batista-de-oliveira\/\">Rone Batista de Oliveira<\/a><\/td><\/tr><tr><td class=\"has-text-align-center\" data-align=\"center\">23\/06 \u00e0 31\/08\/25<\/td><td><a href=\"https:\/\/agrarias.ufpr.br\/pglsf\/trabalho-de-conclusao-de-curso\/\">Introdu\u00e7\u00e3o ao Trabalho de conclus\u00e3o de curso<\/a><\/td><td class=\"has-text-align-center\" data-align=\"center\">45<\/td><td class=\"has-text-align-left\" data-align=\"left\"><a href=\"https:\/\/agrarias.ufpr.br\/pglsf\/renata-faier-caleario\/\">Renata Faier Calegario<\/a><\/td><\/tr><tr><td class=\"has-text-align-center\" data-align=\"center\">08\/09 \u00e0 12\/09\/25<\/td><td>1\u00ba Encontro presencial<\/td><td colspan=\"2\"><strong>&nbsp;&nbsp;&nbsp;&nbsp;&nbsp;&nbsp;&nbsp;&nbsp;&nbsp;&nbsp;&nbsp;&nbsp; 390<\/strong><\/td><\/tr><tr><td class=\"has-text-align-center\" data-align=\"center\" colspan=\"4\"><strong>M\u00d3DULO 2 (2\u00basemestre)<\/strong><\/td><\/tr><tr><td class=\"has-text-align-center\" data-align=\"center\">29\/09 \u00e0 30\/11\/25<\/td><td><a href=\"https:\/\/agrarias.ufpr.br\/pglsf\/controle-quimico-de-plantas-daninhas\/\">Controle Qu\u00edmico de Plantas Daninhas<\/a><\/td><td class=\"has-text-align-center\" data-align=\"center\">60<\/td><td class=\"has-text-align-left\" data-align=\"left\"><a href=\"https:\/\/agrarias.ufpr.br\/pglsf\/arthur-arrobas-martins-barroso\/\">Arthur Arrobas Martins Barroso<\/a><\/td><\/tr><tr><td class=\"has-text-align-center\" data-align=\"center\">20\/10 \u00e0 21\/12\/25<\/td><td><a href=\"https:\/\/agrarias.ufpr.br\/pglsf\/controle-de-doencas-de-plantas\/\">Controle de Doen\u00e7as de Plantas<\/a><\/td><td class=\"has-text-align-center\" data-align=\"center\">60<\/td><td class=\"has-text-align-left\" data-align=\"left\"><a href=\"https:\/\/agrarias.ufpr.br\/pglsf\/henrique-da-silva-silveira-duarte\/\">Henrique da Silva Silveira Duarte<\/a><\/td><\/tr><tr><td class=\"has-text-align-center\" data-align=\"center\">10\/11\/25 \u00e0 18\/01\/26<\/td><td><a href=\"https:\/\/agrarias.ufpr.br\/pglsf\/controle-quimico-de-doencas-de-plantas-e-resistencia-de-fungos-a-fungicidas\/\">Controle Qu\u00edmico de Doen\u00e7as de Plantas e Resist\u00eancia de Fungos a Fungicidas<\/a><\/td><td class=\"has-text-align-center\" data-align=\"center\">60<\/td><td class=\"has-text-align-left\" data-align=\"left\"><a href=\"https:\/\/agrarias.ufpr.br\/pglsf\/louise-larissa-may-de-mio\/\">Louise Larissa May De Mio<\/a><\/td><\/tr><tr><td class=\"has-text-align-center\" data-align=\"center\">01\/12\/25 \u00e0 01\/02\/26<\/td><td><a href=\"https:\/\/agrarias.ufpr.br\/pglsf\/controle-biologico-de-doencas\/\">Controle Biol\u00f3gico de Doen\u00e7as de Plantas<\/a><\/td><td class=\"has-text-align-center\" data-align=\"center\">45<\/td><td class=\"has-text-align-left\" data-align=\"left\"><a href=\"https:\/\/agrarias.ufpr.br\/pglsf\/sergio-miguel-mazaro\/\">S\u00e9rgio Miguel Mazaro<\/a><\/td><\/tr><tr><td class=\"has-text-align-center\" data-align=\"center\">15\/12\/25 \u00e0 22\/02\/26<\/td><td><a href=\"https:\/\/agrarias.ufpr.br\/pglsf\/controle-quimico-e-resistencia-de-artropodes-a-agrotoxicos\/\">Controle qu\u00edmico e Resist\u00eancia de Artr\u00f3podes a Agrot\u00f3xicos<\/a><\/td><td class=\"has-text-align-center\" data-align=\"center\">90<\/td><td class=\"has-text-align-left\" data-align=\"left\"><a href=\"https:\/\/agrarias.ufpr.br\/pglsf\/maria-aparecida-cassilha-zawadneak\/\">Maria Aparecida Cassilha Zawadneak<\/a>\n<p><a href=\"https:\/\/agrarias.ufpr.br\/pglsf\/joatan-machado-da-rosa\/\">Joatan Machado da Rosa<\/a><\/p>\n<p><a href=\"https:\/\/agrarias.ufpr.br\/pglsf\/daniel-bernardi\/\">Daniel Bernardi<\/a><\/p>\n<\/td><\/tr><tr><td class=\"has-text-align-center\" data-align=\"center\">12\/01 \u00e0 15\/03\/26<\/td><td><a href=\"https:\/\/agrarias.ufpr.br\/pglsf\/controle-biologico-de-insetos-praga\/\">Controle Biol\u00f3gico de Insetos-Pragas<\/a><\/td><td class=\"has-text-align-center\" data-align=\"center\">30<\/td><td class=\"has-text-align-left\" data-align=\"left\"><a href=\"https:\/\/agrarias.ufpr.br\/pglsf\/maria-aparecida-cassilha-zawadneak\/\">Maria Aparecida Cassilha Zawadneak<\/a>\n<p><a href=\"https:\/\/agrarias.ufpr.br\/pglsf\/joatan-machado-da-rosa\/\">Joatan Machado da Rosa<\/a><\/p>\n<p><a href=\"https:\/\/agrarias.ufpr.br\/pglsf\/daniel-bernardi\/\">Daniel Bernardi<\/a><\/p>\n<\/td><\/tr><tr><td class=\"has-text-align-center\" data-align=\"center\">26\/01 \u00e0 29\/03\/26<\/td><td><a href=\"https:\/\/agrarias.ufpr.br\/pglsf\/estatistica-e-experimentacao-aplicadas-a-fitossanidade\/\">Estat\u00edstica e Experimenta\u00e7\u00e3o Aplicadas \u00e0 Fitossanidade<\/a><\/td><td class=\"has-text-align-center\" data-align=\"center\">60<\/td><td class=\"has-text-align-left\" data-align=\"left\"><a href=\"https:\/\/agrarias.ufpr.br\/pglsf\/cristiano-nunes-nesi\/\">Cristiano Nunes Nesi<\/a><\/td><\/tr><tr><td class=\"has-text-align-center\" data-align=\"center\">06\/04 \u00e0 10\/04\/26<\/td><td>2\u00ba Encontro presencial<\/td><td colspan=\"2\"><strong>&nbsp;&nbsp;&nbsp;&nbsp;&nbsp;&nbsp;&nbsp;&nbsp;&nbsp;&nbsp;&nbsp;&nbsp; 405<\/strong><\/td><\/tr><tr><td colspan=\"2\">Carga hor\u00e1ria total do curso (h)<\/td><td colspan=\"2\"><strong>&nbsp;&nbsp;&nbsp;&nbsp;&nbsp;&nbsp;&nbsp;&nbsp;&nbsp;&nbsp;&nbsp;&nbsp; 795<\/strong><\/td><\/tr><\/tbody><\/table><\/figure>\n\n\n\n<p class=\"has-text-align-center\"><span style=\"background-color: #ffffff; color: #ff0000;\"><strong>&nbsp; &nbsp; &nbsp; &nbsp; &nbsp; &nbsp; &nbsp; &nbsp; &nbsp; &nbsp; &nbsp; &nbsp; &nbsp; &nbsp;ENCONTROS PRESENCIAIS<\/strong><\/span><\/p>\n\n\n\n<p class=\"has-text-align-center\"><strong>&nbsp; &nbsp; &nbsp; &nbsp; &nbsp; &nbsp; &nbsp; &nbsp; &nbsp; &nbsp; &nbsp; &nbsp; <\/strong><strong>1\u00ba M\u00d3DULO<\/strong><strong>&nbsp;<\/strong><\/p>\n\n\n\n<figure class=\"wp-block-table\"><table class=\"has-fixed-layout\"><tbody><tr><td class=\"has-text-align-center\" data-align=\"center\" rowspan=\"2\"><strong>Hor\u00e1rio (h)<\/strong><\/td><td class=\"has-text-align-center\" data-align=\"center\"><strong>08\/09\/25<\/strong><\/td><td class=\"has-text-align-center\" data-align=\"center\"><strong>09\/09\/25<\/strong><\/td><td class=\"has-text-align-center\" data-align=\"center\"><strong>10\/09\/25<\/strong><\/td><td class=\"has-text-align-center\" data-align=\"center\"><strong>11\/09\/25<\/strong><\/td><td class=\"has-text-align-center\" data-align=\"center\"><strong>12\/09\/25<\/strong><\/td><\/tr><tr><td class=\"has-text-align-center\" data-align=\"center\"><strong>Segunda<\/strong><\/td><td class=\"has-text-align-center\" data-align=\"center\"><strong>Ter\u00e7a<\/strong><\/td><td class=\"has-text-align-center\" data-align=\"center\"><strong>Quarta<\/strong><\/td><td class=\"has-text-align-center\" data-align=\"center\"><strong>Quinta<\/strong><\/td><td class=\"has-text-align-center\" data-align=\"center\"><strong>Sexta<\/strong><\/td><\/tr><tr><td class=\"has-text-align-center\" data-align=\"center\"><strong>08:00 \u2013 09:30 <\/strong><\/td><td class=\"has-text-align-center\" data-align=\"center\">Abertura do curso<\/td><td class=\"has-text-align-center\" data-align=\"center\">Fundamentos em Matologia<\/td><td class=\"has-text-align-center\" data-align=\"center\">Fundamentos em Fitopatologia<\/td><td class=\"has-text-align-center\" data-align=\"center\">Fundamentos em Entomologia<\/td><td class=\"has-text-align-center\" data-align=\"center\">Tecnologia de Aplica\u00e7\u00e3o de Produtos Qu\u00edmicos e Biol\u00f3gicos<\/td><\/tr><tr><td class=\"has-text-align-center\" data-align=\"center\"><strong>09:30 \u2013 10:00<\/strong><\/td><td class=\"has-text-align-center\" data-align=\"center\">Coffee break<\/td><td class=\"has-text-align-center\" data-align=\"center\">Coffee break<\/td><td class=\"has-text-align-center\" data-align=\"center\">Coffee break<\/td><td class=\"has-text-align-center\" data-align=\"center\">Coffee break<\/td><td class=\"has-text-align-center\" data-align=\"center\">Coffee break<\/td><\/tr><tr><td class=\"has-text-align-center\" data-align=\"center\"><strong>10:00 \u2013 12:00 <\/strong><\/td><td class=\"has-text-align-center\" data-align=\"center\">Legisla\u00e7\u00e3o Fitossanit\u00e1ria<\/td><td class=\"has-text-align-center\" data-align=\"center\">Fundamentos em Matologia<\/td><td class=\"has-text-align-center\" data-align=\"center\">Epidemiologia de Doen\u00e7as de Plantas<\/td><td class=\"has-text-align-center\" data-align=\"center\">Fundamentos em Entomologia<\/td><td class=\"has-text-align-center\" data-align=\"center\">Tecnologia de Aplica\u00e7\u00e3o de Produtos Qu\u00edmicos e Biol\u00f3gicos<\/td><\/tr><tr><td class=\"has-text-align-center\" data-align=\"center\"><strong>12:00 \u2013 14:00<\/strong><\/td><td class=\"has-text-align-center\" data-align=\"center\">Intervalo de almo\u00e7o<\/td><td class=\"has-text-align-center\" data-align=\"center\">Intervalo de almo\u00e7o<\/td><td class=\"has-text-align-center\" data-align=\"center\">Intervalo de almo\u00e7o<\/td><td class=\"has-text-align-center\" data-align=\"center\">Intervalo de almo\u00e7o<\/td><td class=\"has-text-align-center\" data-align=\"center\">Intervalo de almo\u00e7o<\/td><\/tr><tr><td class=\"has-text-align-center\" data-align=\"center\"><strong>14:00 \u2013 16:00<\/strong><\/td><td class=\"has-text-align-center\" data-align=\"center\">Legisla\u00e7\u00e3o Fitossanit\u00e1ria<\/td><td class=\"has-text-align-center\" data-align=\"center\">Fundamentos em Fitopatologia<\/td><td class=\"has-text-align-center\" data-align=\"center\">Epidemiologia de Doen\u00e7as de Plantas<\/td><td class=\"has-text-align-center\" data-align=\"center\">Fundamentos em Entomologia<\/td><td class=\"has-text-align-center\" data-align=\"center\">Tecnologia de Aplica\u00e7\u00e3o de Produtos Qu\u00edmicos e Biol\u00f3gicos<\/td><\/tr><tr><td class=\"has-text-align-center\" data-align=\"center\"><strong>16:00 \u2013 16:30<\/strong><\/td><td class=\"has-text-align-center\" data-align=\"center\">Coffee break<\/td><td class=\"has-text-align-center\" data-align=\"center\">Coffee break<\/td><td class=\"has-text-align-center\" data-align=\"center\">Coffee break<\/td><td class=\"has-text-align-center\" data-align=\"center\">Coffee break<\/td><td class=\"has-text-align-center\" data-align=\"center\">Coffee break<\/td><\/tr><tr><td class=\"has-text-align-center\" data-align=\"center\"><strong>16:30 \u2013 18:00<\/strong><\/td><td class=\"has-text-align-center\" data-align=\"center\">Prova de Legisla\u00e7\u00e3o<\/td><td class=\"has-text-align-center\" data-align=\"center\">Prova de Matologia<\/td><td class=\"has-text-align-center\" data-align=\"center\">Provas de Fitopatologia e Epidemiologia<\/td><td class=\"has-text-align-center\" data-align=\"center\">Prova de Entomologia<\/td><td class=\"has-text-align-center\" data-align=\"center\">Prova de Tecnologia<\/td><\/tr><\/tbody><\/table><\/figure>\n\n\n\n<p class=\"has-text-align-center\"><strong>&nbsp; &nbsp; &nbsp; &nbsp; &nbsp; &nbsp; &nbsp; &nbsp; &nbsp; &nbsp; &nbsp; &nbsp;<\/strong><strong>2\u00ba M\u00d3DULO<\/strong><strong>&nbsp;<\/strong><\/p>\n\n\n\n<figure class=\"wp-block-table\"><table class=\"has-fixed-layout\"><tbody><tr><td class=\"has-text-align-center\" data-align=\"center\" rowspan=\"2\"><strong>Hor\u00e1rio (h)<\/strong><\/td><td class=\"has-text-align-center\" data-align=\"center\"><strong>06\/04\/26<\/strong><\/td><td class=\"has-text-align-center\" data-align=\"center\"><strong>07\/04\/26<\/strong><\/td><td class=\"has-text-align-center\" data-align=\"center\"><strong>08\/04\/26<\/strong><\/td><td class=\"has-text-align-center\" data-align=\"center\"><strong>09\/04\/26<\/strong><\/td><td class=\"has-text-align-center\" data-align=\"center\"><strong>10\/04\/26<\/strong><\/td><\/tr><tr><td class=\"has-text-align-center\" data-align=\"center\"><strong>Segunda<\/strong><\/td><td class=\"has-text-align-center\" data-align=\"center\"><strong>Ter\u00e7a<\/strong><\/td><td class=\"has-text-align-center\" data-align=\"center\"><strong>Quarta<\/strong><\/td><td class=\"has-text-align-center\" data-align=\"center\"><strong>Quinta<\/strong><\/td><td class=\"has-text-align-center\" data-align=\"center\"><strong>Sexta<\/strong><\/td><\/tr><tr><td class=\"has-text-align-center\" data-align=\"center\"><strong>08:00 \u2013 09:30 <\/strong><\/td><td class=\"has-text-align-center\" data-align=\"center\">Controle Qu\u00edmico de Plantas Daninhas<\/td><td class=\"has-text-align-center\" data-align=\"center\">Controle de Doen\u00e7as de Plantas<\/td><td class=\"has-text-align-center\" data-align=\"center\">Controle Biol\u00f3gico de Doen\u00e7as de Plantas<\/td><td class=\"has-text-align-center\" data-align=\"center\">Controle qu\u00edmico e Resist\u00eancia de Artr\u00f3podes a Agrot\u00f3xicos<\/td><td class=\"has-text-align-center\" data-align=\"center\">Controle Biol\u00f3gico de Pragas<\/td><\/tr><tr><td class=\"has-text-align-center\" data-align=\"center\"><strong>09:30 \u2013 10:00<\/strong><\/td><td class=\"has-text-align-center\" data-align=\"center\">Coffee break<\/td><td class=\"has-text-align-center\" data-align=\"center\">Coffee break<\/td><td class=\"has-text-align-center\" data-align=\"center\">Coffee break<\/td><td class=\"has-text-align-center\" data-align=\"center\">Coffee break<\/td><td class=\"has-text-align-center\" data-align=\"center\">Coffee break<\/td><\/tr><tr><td class=\"has-text-align-center\" data-align=\"center\"><strong>10:00 \u2013 12:00 <\/strong><\/td><td class=\"has-text-align-center\" data-align=\"center\">Controle Qu\u00edmico de Plantas Daninhas<\/td><td class=\"has-text-align-center\" data-align=\"center\">Controle Qu\u00edmico de Doen\u00e7as de Plantas e Resist\u00eancia de Fungos a Fungicidas<\/td><td class=\"has-text-align-center\" data-align=\"center\">Controle Biol\u00f3gico de Doen\u00e7as de Plantas<\/td><td class=\"has-text-align-center\" data-align=\"center\">Controle qu\u00edmico e Resist\u00eancia de Artr\u00f3podes a Agrot\u00f3xicos<\/td><td class=\"has-text-align-center\" data-align=\"center\">Estat\u00edstica e Experimenta\u00e7\u00e3o Aplicadas \u00e0 Fitossanidade<\/td><\/tr><tr><td class=\"has-text-align-center\" data-align=\"center\"><strong>12:00 \u2013 14:00<\/strong><\/td><td class=\"has-text-align-center\" data-align=\"center\">Intervalo de almo\u00e7o<\/td><td class=\"has-text-align-center\" data-align=\"center\">Intervalo de almo\u00e7o<\/td><td class=\"has-text-align-center\" data-align=\"center\">Intervalo de almo\u00e7o<\/td><td class=\"has-text-align-center\" data-align=\"center\">Intervalo de almo\u00e7o<\/td><td class=\"has-text-align-center\" data-align=\"center\">Intervalo de almo\u00e7o<\/td><\/tr><tr><td class=\"has-text-align-center\" data-align=\"center\"><strong>14:00 \u2013 16:00<\/strong><\/td><td class=\"has-text-align-center\" data-align=\"center\">Controle de Doen\u00e7as de Plantas<\/td><td class=\"has-text-align-center\" data-align=\"center\">Controle Qu\u00edmico de Doen\u00e7as de Plantas e Resist\u00eancia de Fungos a Fungicidas<\/td><td class=\"has-text-align-center\" data-align=\"center\">Controle qu\u00edmico e Resist\u00eancia de Artr\u00f3podes a Agrot\u00f3xicos<\/td><td class=\"has-text-align-center\" data-align=\"center\">Controle Biol\u00f3gico de Pragas<\/td><td class=\"has-text-align-center\" data-align=\"center\">Estat\u00edstica e Experimenta\u00e7\u00e3o Aplicadas \u00e0 Fitossanidade<\/td><\/tr><tr><td class=\"has-text-align-center\" data-align=\"center\"><strong>16:00 \u2013 16:30<\/strong><\/td><td class=\"has-text-align-center\" data-align=\"center\">Coffee break<\/td><td class=\"has-text-align-center\" data-align=\"center\">Coffee break<\/td><td class=\"has-text-align-center\" data-align=\"center\">Coffee break<\/td><td class=\"has-text-align-center\" data-align=\"center\">Coffee break<\/td><td class=\"has-text-align-center\" data-align=\"center\">Coffee break<\/td><\/tr><tr><td class=\"has-text-align-center\" data-align=\"center\"><strong>16:30 \u2013 18:00<\/strong><\/td><td class=\"has-text-align-center\" data-align=\"center\">Prova<\/td><td class=\"has-text-align-center\" data-align=\"center\">Prova<\/td><td class=\"has-text-align-center\" data-align=\"center\">Prova<\/td><td class=\"has-text-align-center\" data-align=\"center\">Prova<\/td><td class=\"has-text-align-center\" data-align=\"center\">Prova<\/td><\/tr><\/tbody><\/table><\/figure>\n\n\n\n<p><\/p>\n","protected":false},"excerpt":{"rendered":"<p>ENCONTROS A DIST\u00c2NCIA&nbsp; Per\u00edodo Disciplinas Carga hor\u00e1ria (h) Professor (es) M\u00d3DULO 1 (1\u00basemestre) 03\/03 \u00e0 30\/03\/25 Ambienta\u00e7\u00e3o e envio de documenta\u00e7\u00e3o dos alunos pelo SIGA &#8211; PECCA 31\/03 \u00e0 01\/06\/25 Legisla\u00e7\u00e3o Fitossanit\u00e1ria 60 Renato Rezende Young Blood 14\/04 \u00e0 15\/06\/25 Fundamentos em Matologia 45 Arthur Arrobas Martins Barroso 28\/04 \u00e0 29\/06\/25 Fundamentos em Fitopatologia 60 [&hellip;]<\/p>\n","protected":false},"author":3,"featured_media":0,"parent":0,"menu_order":0,"comment_status":"closed","ping_status":"closed","template":"","meta":{"footnotes":""},"class_list":["post-10170","page","type-page","status-publish","hentry"],"_links":{"self":[{"href":"https:\/\/agrarias.ufpr.br\/pglsf\/wp-json\/wp\/v2\/pages\/10170","targetHints":{"allow":["GET"]}}],"collection":[{"href":"https:\/\/agrarias.ufpr.br\/pglsf\/wp-json\/wp\/v2\/pages"}],"about":[{"href":"https:\/\/agrarias.ufpr.br\/pglsf\/wp-json\/wp\/v2\/types\/page"}],"author":[{"embeddable":true,"href":"https:\/\/agrarias.ufpr.br\/pglsf\/wp-json\/wp\/v2\/users\/3"}],"replies":[{"embeddable":true,"href":"https:\/\/agrarias.ufpr.br\/pglsf\/wp-json\/wp\/v2\/comments?post=10170"}],"version-history":[{"count":10,"href":"https:\/\/agrarias.ufpr.br\/pglsf\/wp-json\/wp\/v2\/pages\/10170\/revisions"}],"predecessor-version":[{"id":10742,"href":"https:\/\/agrarias.ufpr.br\/pglsf\/wp-json\/wp\/v2\/pages\/10170\/revisions\/10742"}],"wp:attachment":[{"href":"https:\/\/agrarias.ufpr.br\/pglsf\/wp-json\/wp\/v2\/media?parent=10170"}],"curies":[{"name":"wp","href":"https:\/\/api.w.org\/{rel}","templated":true}]}}