{"id":10,"date":"2021-04-08T17:48:23","date_gmt":"2021-04-08T17:48:23","guid":{"rendered":"https:\/\/agrarias.ufpr.br\/pglsf\/?page_id=10"},"modified":"2022-10-27T13:21:06","modified_gmt":"2022-10-27T13:21:06","slug":"turma2022","status":"publish","type":"page","link":"https:\/\/agrarias.ufpr.br\/pglsf\/turma2022\/","title":{"rendered":"Calend\u00e1rio Turma 2022"},"content":{"rendered":"<p style=\"text-align: center\"><span style=\"color: #ff0000\"><strong><span style=\"font-size: 14pt\">ENCONTROS \u00c0 DIST\u00c2NCIA<\/span><\/strong><\/span><\/p>\n<table style=\"height: 538px;width: 118.952%\" width=\"1000\">\n<tbody>\n<tr style=\"height: 24px\">\n<td style=\"width: 14.5%;text-align: center;height: 24px\"><span style=\"font-size: 14pt\"><strong>Per\u00edodo<\/strong><\/span><\/td>\n<td style=\"width: 40.3%;text-align: center;height: 24px\"><span style=\"font-size: 14pt\"><strong>Disciplinas<\/strong><\/span><\/td>\n<td style=\"width: 17.9%;text-align: center;height: 24px\"><span style=\"font-size: 14pt\"><strong>Carga hor\u00e1ria (h)<\/strong><\/span><\/td>\n<td style=\"width: 26.1%;text-align: center;height: 24px\"><span style=\"font-size: 14pt\"><strong>Professor (es)<\/strong><\/span><\/td>\n<\/tr>\n<tr style=\"height: 56px\">\n<td style=\"width: 98.8%;height: 56px\" colspan=\"4\">\n<p style=\"text-align: center\"><strong>M\u00d3DULO 1 (1\u00basemestre)<\/strong><\/p>\n<\/td>\n<\/tr>\n<tr style=\"height: 24px\">\n<td style=\"width: 14.5%;height: 24px\"><strong>03\/03 \u00e0 04\/04\/22<\/strong><\/td>\n<td style=\"width: 40.3%;height: 24px\">Fundamentos, Ambienta\u00e7\u00e3o e Interatividade<\/td>\n<td style=\"width: 17.9%;text-align: center;height: 24px\">&#8211;<\/td>\n<td style=\"width: 26.1%;height: 24px\">PECCA<\/td>\n<\/tr>\n<tr style=\"height: 24px\">\n<td style=\"width: 14.5%;height: 24px\"><strong>04\/04 \u00e0 22\/05\/22<\/strong><\/td>\n<td style=\"width: 40.3%;height: 24px\"><a href=\"https:\/\/agrarias.ufpr.br\/pglsf\/legislacao-fitossanitaria\/\">Legisla\u00e7\u00e3o Fitossanit\u00e1ria<\/a><\/td>\n<td style=\"width: 17.9%;text-align: center;height: 24px\">60<\/td>\n<td style=\"width: 26.1%;height: 24px\"><a href=\"https:\/\/agrarias.ufpr.br\/pglsf\/renato-rezende-young-blood\/\">Renato Rezende Young Blood<\/a><\/td>\n<\/tr>\n<tr style=\"height: 24px\">\n<td style=\"width: 14.5%;height: 24px\"><strong>25\/04 \u00e0 29\/05\/22<\/strong><\/td>\n<td style=\"width: 40.3%;height: 24px\"><a href=\"https:\/\/agrarias.ufpr.br\/pglsf\/fundamentos-em-matologia\/\">Fundamentos em Matologia<\/a><\/td>\n<td style=\"width: 17.9%;text-align: center;height: 24px\">45<\/td>\n<td style=\"width: 26.1%;height: 24px\"><a href=\"https:\/\/agrarias.ufpr.br\/pglsf\/arthur-arrobas-martins-barroso\/\">Arthur Arrobas Martins Barroso<\/a><\/td>\n<\/tr>\n<tr style=\"height: 24px\">\n<td style=\"width: 14.5%;height: 10px\"><strong>09\/05 \u00e0 12\/06\/22<\/strong><\/td>\n<td style=\"width: 40.3%;height: 10px\"><a href=\"https:\/\/agrarias.ufpr.br\/pglsf\/fundamentos-em-fitopatologia\/\">Fundamentos em Fitopatologia<\/a><\/td>\n<td style=\"width: 17.9%;text-align: center;height: 10px\">60<\/td>\n<td style=\"width: 26.1%;height: 10px\"><a href=\"https:\/\/agrarias.ufpr.br\/pglsf\/henrique-da-silva-silveira-duarte\/\">Henrique da Silva Silveira Duarte<\/a><\/td>\n<\/tr>\n<tr style=\"height: 24px\">\n<td style=\"width: 14.5%;height: 10px\"><strong>16\/05 \u00e0 19\/06\/22<\/strong><\/td>\n<td style=\"width: 40.3%;height: 10px\"><a href=\"https:\/\/agrarias.ufpr.br\/pglsf\/epidemiologia-de-doencas-de-plantas\/\">Epidemiologia de Doen\u00e7as de Plantas<\/a><\/td>\n<td style=\"width: 17.9%;text-align: center;height: 10px\">45<\/td>\n<td style=\"width: 26.1%;height: 10px\"><a href=\"https:\/\/agrarias.ufpr.br\/pglsf\/louise-larissa-may-de-mio\/\">Louise Larissa May De Mio<\/a><\/td>\n<\/tr>\n<tr style=\"height: 24px\">\n<td style=\"width: 14.5%;height: 24px\"><strong>29\/05 \u00e0 03\/07\/22<\/strong><\/td>\n<td style=\"width: 40.3%;height: 24px\"><a href=\"https:\/\/agrarias.ufpr.br\/pglsf\/fundamentos-em-entomologia\/\">Fundamentos em Entomologia<\/a><\/td>\n<td style=\"width: 17.9%;text-align: center;height: 24px\">75<\/td>\n<td style=\"width: 26.1%;height: 24px\"><a href=\"https:\/\/agrarias.ufpr.br\/pglsf\/maria-aparecida-cassilha-zawadneak\/\">Maria Aparecida Cassilha Zawadneak<\/a><\/p>\n<p><a href=\"https:\/\/agrarias.ufpr.br\/pglsf\/joatan-machado-da-rosa\/\">Joatan Machado da Rosa<\/a><\/td>\n<\/tr>\n<tr style=\"height: 24px\">\n<td style=\"width: 14.5%;height: 24px\"><strong>06\/06 \u00e0 24\/07\/22<\/strong><\/td>\n<td style=\"width: 40.3%;height: 24px\"><a href=\"https:\/\/agrarias.ufpr.br\/pglsf\/tecnologia-de-aplicacao-de-agrotoxicos\/\">Tecnologia de Aplica\u00e7\u00e3o de Agrot\u00f3xicos<\/a><\/td>\n<td style=\"width: 17.9%;text-align: center;height: 24px\">60<\/td>\n<td style=\"width: 26.1%;height: 24px\"><a href=\"https:\/\/agrarias.ufpr.br\/pglsf\/rone-batista-de-oliveira\/\">Rone Batista de Oliveira<\/a><\/td>\n<\/tr>\n<tr style=\"height: 24px\">\n<td style=\"width: 14.5%;height: 24px\"><strong>20\/06 \u00e0 31\/07\/22<\/strong><\/td>\n<td style=\"width: 40.3%;height: 24px\"><a href=\"https:\/\/agrarias.ufpr.br\/pglsf\/trabalho-de-conclusao-de-curso\/\">Introdu\u00e7\u00e3o ao Trabalho de Conclus\u00e3o de Curso<\/a><\/td>\n<td style=\"width: 17.9%;text-align: center;height: 24px\">45<\/td>\n<td style=\"width: 26.1%;height: 24px\"><a href=\"https:\/\/agrarias.ufpr.br\/pglsf\/renata-faier-caleario\/\">Renata Faier Calegario<\/a><\/td>\n<\/tr>\n<tr style=\"height: 24px\">\n<td style=\"width: 14.5%;height: 24px\"><strong>08\/08 \u00e0 13\/08\/22<\/strong><\/td>\n<td style=\"width: 40.3%;height: 24px\">1\u00ba Encontro presencial<\/td>\n<td style=\"width: 44%;height: 24px\" colspan=\"2\"><strong>\u00a0 \u00a0 \u00a0 \u00a0 \u00a0 \u00a0 \u00a0 \u00a0390<\/strong><\/td>\n<\/tr>\n<tr style=\"height: 24px\">\n<td style=\"width: 98.8%;text-align: center;height: 56px\" colspan=\"4\"><strong>M\u00d3DULO 2 (2\u00basemestre)<\/strong><\/td>\n<\/tr>\n<tr style=\"height: 24px\">\n<td style=\"width: 14.5%;height: 24px\"><strong>29\/08 \u00e0 16\/10\/22<\/strong><\/td>\n<td style=\"width: 40.3%;height: 24px\"><a href=\"https:\/\/agrarias.ufpr.br\/pglsf\/controle-quimico-de-plantas-daninhas\/\">Controle Qu\u00edmico de Plantas Daninhas<\/a><\/td>\n<td style=\"width: 17.9%;text-align: center;height: 24px\">60<\/td>\n<td style=\"width: 26.1%;height: 24px\"><a href=\"https:\/\/agrarias.ufpr.br\/pglsf\/arthur-arrobas-martins-barroso\/\">Arthur Arrobas Martins Barroso<\/a><\/td>\n<\/tr>\n<tr style=\"height: 24px\">\n<td style=\"width: 14.5%;height: 24px\"><strong>12\/09 \u00e0 20\/11\/22<\/strong><\/td>\n<td style=\"width: 40.3%;height: 24px\"><a href=\"https:\/\/agrarias.ufpr.br\/pglsf\/controle-de-doencas-de-plantas\/\">Controle de Doen\u00e7as de Plantas<\/a><\/td>\n<td style=\"width: 17.9%;text-align: center;height: 24px\">60<\/td>\n<td style=\"width: 26.1%;height: 24px\"><a href=\"https:\/\/agrarias.ufpr.br\/pglsf\/henrique-da-silva-silveira-duarte\/\">Henrique da Silva Silveira Duarte<\/a><\/td>\n<\/tr>\n<tr style=\"height: 24px\">\n<td style=\"width: 14.5%;height: 24px\"><strong>26\/09 \u00e0 04\/12\/22<\/strong><\/td>\n<td style=\"width: 40.3%;height: 24px\"><a href=\"https:\/\/agrarias.ufpr.br\/pglsf\/controle-quimico-de-doencas-de-plantas-e-resistencia-de-fungos-a-fungicidas\/\">Controle Qu\u00edmico de Doen\u00e7as de Plantas e Resist\u00eancia de Fungos a Fungicidas<\/a><\/td>\n<td style=\"width: 17.9%;text-align: center;height: 24px\">60<\/td>\n<td style=\"width: 26.1%;height: 24px\"><a href=\"https:\/\/agrarias.ufpr.br\/pglsf\/louise-larissa-may-de-mio\/\">Louise Larissa May De Mio<\/a><\/td>\n<\/tr>\n<tr style=\"height: 24px\">\n<td style=\"width: 14.5%;height: 24px\"><strong>10\/10 \u00e0 20\/12\/22<\/strong><\/td>\n<td style=\"width: 40.3%;height: 24px\"><a href=\"https:\/\/agrarias.ufpr.br\/pglsf\/controle-biologico-de-doencas\/\">Controle Biol\u00f3gico de Doen\u00e7as de Plantas<\/a><\/td>\n<td style=\"width: 17.9%;text-align: center;height: 24px\">45<\/td>\n<td style=\"width: 26.1%;height: 24px\"><a href=\"https:\/\/agrarias.ufpr.br\/pglsf\/sergio-miguel-mazaro\/\">S\u00e9rgio Miguel Mazaro<\/a><\/td>\n<\/tr>\n<tr style=\"height: 24px\">\n<td style=\"width: 14.5%;height: 24px\"><strong>31\/10 \u00e0 29\/01\/23<\/strong><\/td>\n<td style=\"width: 40.3%;height: 24px\"><a href=\"https:\/\/agrarias.ufpr.br\/pglsf\/controle-quimico-e-resistencia-de-artropodes-a-agrotoxicos\/\">Controle qu\u00edmico e Resist\u00eancia de Artr\u00f3podes a Agrot\u00f3xicos<\/a><\/td>\n<td style=\"width: 17.9%;text-align: center;height: 24px\">90<\/td>\n<td style=\"width: 26.1%;height: 24px\"><a href=\"https:\/\/agrarias.ufpr.br\/pglsf\/joatan-machado-da-rosa\/\">Joatan Machado da Rosa<\/a><\/p>\n<p><a href=\"https:\/\/agrarias.ufpr.br\/pglsf\/maria-aparecida-cassilha-zawadneak\/\">Maria Aparecida Cassilha Zawadneak<\/a><\/td>\n<\/tr>\n<tr style=\"height: 22px\">\n<td style=\"width: 14.5%;height: 22px\"><strong>07\/11 \u00e0 29\/01\/23<\/strong><\/td>\n<td style=\"width: 40.3%;height: 22px\"><a href=\"https:\/\/agrarias.ufpr.br\/pglsf\/controle-biologico-de-insetos-praga\/\">Controle Biol\u00f3gico de Insetos-Praga<\/a><\/td>\n<td style=\"width: 17.9%;text-align: center;height: 22px\">30<\/td>\n<td style=\"width: 26.1%;height: 22px\"><a href=\"https:\/\/agrarias.ufpr.br\/pglsf\/maria-aparecida-cassilha-zawadneak\/\">Maria Aparecida Cassilha Zawadneak<\/a><\/p>\n<p><a href=\"https:\/\/agrarias.ufpr.br\/pglsf\/joatan-machado-da-rosa\/\">Joatan Machado da Rosa<\/a><\/td>\n<\/tr>\n<tr style=\"height: 24px\">\n<td style=\"width: 14.5%;height: 24px\"><strong>14\/11 \u00e0 29\/01\/23<\/strong><\/td>\n<td style=\"width: 40.3%;text-align: left;height: 24px\"><a href=\"https:\/\/agrarias.ufpr.br\/pglsf\/estatistica-e-experimentacao-aplicadas-a-fitossanidade\/\">Estat\u00edstica e Experimenta\u00e7\u00e3o Aplicadas \u00e0 Fitossanidade<\/a><\/td>\n<td style=\"width: 17.9%;text-align: center;height: 24px\">60<\/td>\n<td style=\"width: 26.1%;height: 24px\"><a href=\"https:\/\/agrarias.ufpr.br\/pglsf\/cristiano-nunes-nesi\/\">Cristiano Nunes Nesi<\/a><\/td>\n<\/tr>\n<tr style=\"height: 24px\">\n<td style=\"width: 14.5%;height: 24px\"><strong>06\/02 \u00e0 10\/02\/23<\/strong><\/td>\n<td style=\"width: 40.3%;height: 24px\">2\u00ba Encontro presencial<\/td>\n<td style=\"width: 44%;height: 24px\" colspan=\"2\"><strong>\u00a0 \u00a0 \u00a0 \u00a0 \u00a0 \u00a0 \u00a0 \u00a0405<\/strong><\/td>\n<\/tr>\n<tr style=\"height: 24px\">\n<td style=\"width: 54.8%;height: 24px\" colspan=\"2\"><strong>Carga hor\u00e1ria total do curso (h)<\/strong><\/td>\n<td style=\"width: 44%;height: 24px\" colspan=\"2\"><strong>\u00a0 \u00a0 \u00a0 \u00a0 \u00a0 \u00a0 \u00a0 \u00a0795<\/strong><\/td>\n<\/tr>\n<\/tbody>\n<\/table>\n<p style=\"text-align: center\"><span style=\"color: #ff0000\"><strong><span style=\"font-size: 14pt\">ENCONTROS PRESENCIAIS<\/span><\/strong><\/span><\/p>\n<p style=\"text-align: center\"><strong>M\u00d3DULO 1 (1\u00basemestre)<\/strong><strong>\u00a0<\/strong><\/p>\n<table style=\"width: 1000px\" width=\"1000\">\n<tbody>\n<tr style=\"height: 56px\">\n<td style=\"width: 260px;height: 112px;text-align: center\" rowspan=\"2\" width=\"134\"><strong>Hor\u00e1rio (h)<\/strong><\/td>\n<td style=\"width: 10px;height: 56px\" width=\"134\"><strong>\u00a0 \u00a0 \u00a0 \u00a0 \u00a0 \u00a008\/08\/22<\/strong><\/td>\n<td style=\"width: 232px;height: 56px\" width=\"134\"><strong>\u00a0 \u00a0 \u00a0 \u00a009\/08\/22<\/strong><\/td>\n<td style=\"width: 206px;height: 56px\" width=\"134\"><strong>\u00a0 \u00a0 \u00a0 \u00a010\/08\/22<\/strong><\/td>\n<td style=\"width: 163px;height: 56px\" width=\"134\"><strong>\u00a0 \u00a0 11\/08\/22\u00a0<\/strong><\/td>\n<td style=\"width: 209px;height: 56px\" width=\"134\"><strong>\u00a0 \u00a0 \u00a012\/08\/22<\/strong><\/td>\n<td style=\"width: 231px;height: 56px\" width=\"134\">\n<p style=\"text-align: justify\"><strong>\u00a0 \u00a0 \u00a013\/08\/22<\/strong><\/p>\n<\/td>\n<\/tr>\n<tr style=\"height: 56px\">\n<td style=\"width: 10px;text-align: center;height: 56px\" width=\"134\"><strong>Segunda-Feira<\/strong><\/td>\n<td style=\"width: 232px;text-align: center;height: 56px\" width=\"134\"><strong>Ter\u00e7a-Feira<\/strong><\/td>\n<td style=\"width: 206px;text-align: center;height: 56px\" width=\"134\"><strong>Quarta-Feira<\/strong><\/td>\n<td style=\"width: 163px;text-align: center;height: 56px\" width=\"134\"><strong>Quinta-Feira<\/strong><\/td>\n<td style=\"width: 209px;text-align: center;height: 56px\" width=\"134\"><strong>Sexta-Feira<\/strong><\/td>\n<td style=\"width: 231px;height: 56px;text-align: center\" width=\"134\"><strong>S\u00e1bado<\/strong><\/td>\n<\/tr>\n<tr style=\"height: 48px\">\n<td style=\"width: 260px;height: 48px;text-align: center\" width=\"134\"><strong>08:00 \u2013 09:30 <\/strong><\/td>\n<td style=\"width: 10px;text-align: center;height: 48px\" width=\"134\">Abertura do curso<\/td>\n<td style=\"width: 232px;text-align: center;height: 48px\" width=\"134\">Fundamentos em Matologia<\/td>\n<td style=\"width: 206px;text-align: center;height: 48px\" width=\"134\">Fundamentos em Fitopatologia<\/td>\n<td style=\"width: 163px;text-align: center;height: 48px\" width=\"134\">Fundamentos em Entomologia<\/td>\n<td style=\"width: 209px;text-align: center;height: 48px\" width=\"134\">Tecnologia de Aplica\u00e7\u00e3o de Agrot\u00f3xicos<\/td>\n<td style=\"width: 231px;text-align: center;height: 48px\" width=\"134\">Prova 2\u00aa chamada<\/td>\n<\/tr>\n<tr style=\"height: 24px\">\n<td style=\"width: 260px;height: 24px;text-align: center\" width=\"134\"><strong>09:30 \u2013 10:00<\/strong><\/td>\n<td style=\"width: 10px;text-align: center;height: 24px\" width=\"134\">Coffee break<\/td>\n<td style=\"width: 232px;text-align: center;height: 24px\" width=\"134\">Coffee break<\/td>\n<td style=\"width: 206px;text-align: center;height: 24px\" width=\"134\">Coffee break<\/td>\n<td style=\"width: 163px;text-align: center;height: 24px\" width=\"134\">Coffee break<\/td>\n<td style=\"width: 209px;text-align: center;height: 24px\" width=\"134\">Coffee break<\/td>\n<td style=\"width: 231px;text-align: center;height: 24px\" width=\"134\">&#8211;<\/td>\n<\/tr>\n<tr style=\"height: 48px\">\n<td style=\"width: 260px;height: 48px;text-align: center\" width=\"134\"><strong>10:00 \u2013 12:00 <\/strong><\/td>\n<td style=\"width: 10px;text-align: center;height: 48px\" width=\"134\">Legisla\u00e7\u00e3o\u00a0Fitossanit\u00e1ria<\/td>\n<td style=\"width: 232px;text-align: center;height: 48px\" width=\"134\">Fundamentos em Matologia<\/td>\n<td style=\"width: 206px;text-align: center;height: 48px\" width=\"134\">Epidemiologia de Doen\u00e7as de Plantas<\/td>\n<td style=\"width: 163px;text-align: center;height: 48px\" width=\"134\">Fundamentos em Entomologia<\/td>\n<td style=\"width: 209px;text-align: center;height: 48px\" width=\"134\">Tecnologia de Aplica\u00e7\u00e3o de Agrot\u00f3xicos<\/td>\n<td style=\"width: 231px;text-align: center;height: 48px\" width=\"134\">&#8211;<\/td>\n<\/tr>\n<tr style=\"height: 24px\">\n<td style=\"width: 260px;height: 24px;text-align: center\" width=\"134\"><strong>12:00 \u2013 14:00<\/strong><\/td>\n<td style=\"width: 10px;text-align: center;height: 24px\" width=\"134\">Intervalo de almo\u00e7o<\/td>\n<td style=\"width: 232px;text-align: center;height: 24px\" width=\"134\">Intervalo de almo\u00e7o<\/td>\n<td style=\"width: 206px;text-align: center;height: 24px\" width=\"134\">Intervalo de almo\u00e7o<\/td>\n<td style=\"width: 163px;text-align: center;height: 24px\" width=\"134\">Intervalo de almo\u00e7o<\/td>\n<td style=\"width: 209px;text-align: center;height: 24px\" width=\"134\">Intervalo de almo\u00e7o<\/td>\n<td style=\"width: 231px;text-align: center;height: 24px\" width=\"134\">&#8211;<\/td>\n<\/tr>\n<tr style=\"height: 48px\">\n<td style=\"width: 260px;height: 48px;text-align: center\" width=\"134\"><strong>14:00 \u2013 16:00<\/strong><\/td>\n<td style=\"width: 10px;text-align: center;height: 48px\" width=\"134\">Legisla\u00e7\u00e3o\u00a0Fitossanit\u00e1ria<\/td>\n<td style=\"width: 232px;text-align: center;height: 48px\" width=\"134\">Fundamentos em Fitopatologia<\/td>\n<td style=\"width: 206px;text-align: center;height: 48px\" width=\"134\">Epidemiologia de Doen\u00e7as de Plantas<\/td>\n<td style=\"width: 163px;text-align: center;height: 48px\" width=\"134\">Fundamentos em Entomologia<\/td>\n<td style=\"width: 209px;text-align: center;height: 48px\" width=\"134\">Tecnologia de Aplica\u00e7\u00e3o de Agrot\u00f3xicos<\/td>\n<td style=\"width: 231px;text-align: center;height: 48px\" width=\"134\">&#8211;<\/td>\n<\/tr>\n<tr style=\"height: 24px\">\n<td style=\"width: 260px;height: 24px;text-align: center\" width=\"134\"><strong>16:00 \u2013 16:30<\/strong><\/td>\n<td style=\"width: 10px;text-align: center;height: 24px\" width=\"134\">Coffee break<\/td>\n<td style=\"width: 232px;text-align: center;height: 24px\" width=\"134\">Coffee break<\/td>\n<td style=\"width: 206px;text-align: center;height: 24px\" width=\"134\">Coffee break<\/td>\n<td style=\"width: 163px;text-align: center;height: 24px\" width=\"134\">Coffee break<\/td>\n<td style=\"width: 209px;text-align: center;height: 24px\" width=\"134\">Coffee break<\/td>\n<td style=\"width: 231px;text-align: center;height: 24px\" width=\"134\">&#8211;<\/td>\n<\/tr>\n<tr style=\"height: 24px\">\n<td style=\"width: 260px;height: 24px;text-align: center\" width=\"134\"><strong>16:30 \u2013 18:00<\/strong><\/td>\n<td style=\"width: 10px;text-align: center;height: 24px\" width=\"134\">Prova<\/td>\n<td style=\"width: 232px;text-align: center;height: 24px\" width=\"134\">Prova<\/td>\n<td style=\"width: 206px;text-align: center;height: 24px\" width=\"134\">Prova<\/td>\n<td style=\"width: 163px;text-align: center;height: 24px\" width=\"134\">Prova<\/td>\n<td style=\"width: 209px;text-align: center;height: 24px\" width=\"134\">Prova<\/td>\n<td style=\"width: 231px;text-align: center;height: 24px\" width=\"134\">&#8211;<\/td>\n<\/tr>\n<\/tbody>\n<\/table>\n<p style=\"text-align: center\"><strong>M\u00d3DULO 2 (2\u00basemestre)<\/strong><strong>\u00a0<\/strong><\/p>\n<table style=\"height: 840px;width: 1000px\" width=\"1000\">\n<tbody>\n<tr style=\"height: 56px\">\n<td style=\"width: 167px;height: 112px\" rowspan=\"2\" width=\"134\">\n<p style=\"text-align: center\"><strong>Hor\u00e1rio (h)<\/strong><\/p>\n<\/td>\n<td style=\"width: 182px;height: 56px;text-align: center\" width=\"134\"><strong>06\/02\/23<\/strong><\/td>\n<td style=\"width: 157px;height: 56px;text-align: center\" width=\"134\"><strong>07\/02\/23<\/strong><\/td>\n<td style=\"width: 183px;height: 56px;text-align: center\" width=\"134\"><strong>08\/02\/23<\/strong><\/td>\n<td style=\"width: 178px;height: 56px;text-align: center\" width=\"134\"><strong>09\/02\/23<\/strong><\/td>\n<td style=\"width: 195px;height: 56px;text-align: center\" width=\"134\"><strong>10\/02\/23<\/strong><\/td>\n<td style=\"width: 188px;height: 56px;text-align: center\" width=\"134\"><strong>11\/02\/23<\/strong><\/td>\n<\/tr>\n<tr style=\"height: 56px\">\n<td style=\"width: 182px;height: 56px;text-align: center\" width=\"134\"><strong>Segunda-Feira<\/strong><\/td>\n<td style=\"width: 157px;height: 56px;text-align: center\" width=\"134\"><strong>Ter\u00e7a-Feira<\/strong><\/td>\n<td style=\"width: 183px;height: 56px;text-align: center\" width=\"134\"><strong>Quarta-Feira<\/strong><\/td>\n<td style=\"width: 178px;height: 56px;text-align: center\" width=\"134\"><strong>Quinta-Feira<\/strong><\/td>\n<td style=\"width: 195px;height: 56px;text-align: center\" width=\"134\"><strong>Sexta-Feira<\/strong><\/td>\n<td style=\"width: 188px;height: 56px;text-align: center\" width=\"134\"><strong>S\u00e1bado<\/strong><\/td>\n<\/tr>\n<tr style=\"height: 128px\">\n<td style=\"width: 167px;height: 102px;text-align: center\" width=\"134\"><strong>08:00 \u2013 09:30 <\/strong><\/td>\n<td style=\"width: 182px;height: 102px;text-align: center\" width=\"134\">Controle Qu\u00edmico de Plantas Daninhas<\/td>\n<td style=\"width: 157px;height: 102px;text-align: center\" width=\"134\">Controle de Doen\u00e7as de Plantas<\/td>\n<td style=\"width: 183px;height: 102px;text-align: center\" width=\"134\">Controle Biol\u00f3gico de Doen\u00e7as de Plantas<\/td>\n<td style=\"width: 178px;height: 102px;text-align: center\" width=\"134\">Controle qu\u00edmico e Resist\u00eancia de Artr\u00f3podes a Agrot\u00f3xicos<\/td>\n<td style=\"width: 195px;height: 102px;text-align: center\" width=\"134\">Controle Biol\u00f3gico de Pragas<\/td>\n<td style=\"width: 188px;height: 102px;text-align: center\" width=\"134\">Prova 2\u00aa chamada<\/p>\n<p>(se necess\u00e1rio)<\/td>\n<\/tr>\n<tr style=\"height: 56px\">\n<td style=\"width: 167px;height: 51px;text-align: center\" width=\"134\"><strong>09:30 \u2013 10:00<\/strong><\/td>\n<td style=\"width: 182px;height: 51px;text-align: center\" width=\"134\">Coffee break<\/td>\n<td style=\"width: 157px;height: 51px;text-align: center\" width=\"134\">Coffee break<\/td>\n<td style=\"width: 183px;height: 51px;text-align: center\" width=\"134\">Coffee break<\/td>\n<td style=\"width: 178px;height: 51px;text-align: center\" width=\"134\">Coffee break<\/td>\n<td style=\"width: 195px;height: 51px;text-align: center\" width=\"134\">Coffee break<\/td>\n<td style=\"width: 188px;height: 51px;text-align: center\" width=\"134\">&#8211;<\/td>\n<\/tr>\n<tr style=\"height: 176px\">\n<td style=\"width: 167px;height: 123px;text-align: center\" width=\"134\"><strong>10:00 \u2013 12:00 <\/strong><\/td>\n<td style=\"width: 182px;height: 123px;text-align: center\" width=\"134\">Controle Qu\u00edmico de Plantas Daninhas<\/td>\n<td style=\"width: 157px;height: 123px;text-align: center\" width=\"134\">Controle Qu\u00edmico de Doen\u00e7as de Plantas e Resist\u00eancia de Fungos a Fungicidas<\/td>\n<td style=\"width: 183px;height: 123px;text-align: center\" width=\"134\">Controle Biol\u00f3gico de Doen\u00e7as de Plantas<\/td>\n<td style=\"width: 178px;height: 123px;text-align: center\" width=\"134\">Controle qu\u00edmico e Resist\u00eancia de Artr\u00f3podes a Agrot\u00f3xicos<\/td>\n<td style=\"width: 195px;height: 123px;text-align: center\" width=\"134\">Estat\u00edstica e Experimenta\u00e7\u00e3o Aplicadas \u00e0 Fitossanidade<\/td>\n<td style=\"width: 188px;height: 123px;text-align: center\" width=\"134\">&#8211;<\/td>\n<\/tr>\n<tr style=\"height: 80px\">\n<td style=\"width: 167px;height: 43px;text-align: center\" width=\"134\"><strong>12:00 \u2013 14:00<\/strong><\/td>\n<td style=\"width: 182px;height: 43px;text-align: center\" width=\"134\">Intervalo de almo\u00e7o<\/td>\n<td style=\"width: 157px;height: 43px;text-align: center\" width=\"134\">Intervalo de almo\u00e7o<\/td>\n<td style=\"width: 183px;height: 43px;text-align: center\" width=\"134\">Intervalo de almo\u00e7o<\/td>\n<td style=\"width: 178px;height: 43px;text-align: center\" width=\"134\">Intervalo de almo\u00e7o<\/td>\n<td style=\"width: 195px;height: 43px;text-align: center\" width=\"134\">Intervalo de almo\u00e7o<\/td>\n<td style=\"width: 188px;height: 43px;text-align: center\" width=\"134\">&#8211;<\/td>\n<\/tr>\n<tr style=\"height: 176px\">\n<td style=\"width: 167px;height: 107px;text-align: center\" width=\"134\"><strong>14:00 \u2013 16:00<\/strong><\/td>\n<td style=\"width: 182px;height: 107px;text-align: center\" width=\"134\">Controle de Doen\u00e7as de Plantas<\/td>\n<td style=\"width: 157px;height: 107px;text-align: center\" width=\"134\">Controle Qu\u00edmico de Doen\u00e7as de Plantas e Resist\u00eancia de Fungos a Fungicidas<\/td>\n<td style=\"width: 183px;height: 107px;text-align: center\" width=\"134\">Controle qu\u00edmico e Resist\u00eancia de Artr\u00f3podes a Agrot\u00f3xicos<\/td>\n<td style=\"width: 178px;height: 107px;text-align: center\" width=\"134\">Controle Biol\u00f3gico de Pragas<\/td>\n<td style=\"width: 195px;height: 107px;text-align: center\" width=\"134\">Estat\u00edstica e Experimenta\u00e7\u00e3o Aplicadas \u00e0 Fitossanidade<\/td>\n<td style=\"width: 188px;height: 107px;text-align: center\" width=\"134\">&#8211;<\/td>\n<\/tr>\n<tr style=\"height: 56px\">\n<td style=\"width: 167px;height: 33px;text-align: center\" width=\"134\"><strong>16:00 \u2013 16:30<\/strong><\/td>\n<td style=\"width: 182px;height: 33px;text-align: center\" width=\"134\">Coffee break<\/td>\n<td style=\"width: 157px;height: 33px;text-align: center\" width=\"134\">Coffee break<\/td>\n<td style=\"width: 183px;height: 33px;text-align: center\" width=\"134\">Coffee break<\/td>\n<td style=\"width: 178px;height: 33px;text-align: center\" width=\"134\">Coffee break<\/td>\n<td style=\"width: 195px;height: 33px;text-align: center\" width=\"134\">Coffee break<\/td>\n<td style=\"width: 188px;height: 33px;text-align: center\" width=\"134\">&#8211;<\/td>\n<\/tr>\n<tr style=\"height: 56px\">\n<td style=\"width: 167px;height: 29px;text-align: center\" width=\"134\"><strong>16:30 \u2013 18:00<\/strong><\/td>\n<td style=\"width: 182px;height: 29px;text-align: center\" width=\"134\">Prova<\/td>\n<td style=\"width: 157px;height: 29px;text-align: center\" width=\"134\">Prova<\/td>\n<td style=\"width: 183px;height: 29px;text-align: center\" width=\"134\">Prova<\/td>\n<td style=\"width: 178px;height: 29px;text-align: center\" width=\"134\">Prova<\/td>\n<td style=\"width: 195px;height: 29px;text-align: center\" width=\"134\">Prova<\/td>\n<td style=\"width: 188px;height: 29px;text-align: center\" width=\"134\">&#8211;<\/td>\n<\/tr>\n<\/tbody>\n<\/table>\n","protected":false},"excerpt":{"rendered":"<p>ENCONTROS \u00c0 DIST\u00c2NCIA Per\u00edodo Disciplinas Carga hor\u00e1ria (h) Professor (es) M\u00d3DULO 1 (1\u00basemestre) 03\/03 \u00e0 04\/04\/22 Fundamentos, Ambienta\u00e7\u00e3o e Interatividade &#8211; PECCA 04\/04 \u00e0 22\/05\/22 Legisla\u00e7\u00e3o Fitossanit\u00e1ria 60 Renato Rezende Young Blood 25\/04 \u00e0 29\/05\/22 Fundamentos em Matologia 45 Arthur Arrobas Martins Barroso 09\/05 \u00e0 12\/06\/22 Fundamentos em Fitopatologia 60 Henrique da Silva Silveira Duarte [&hellip;]<\/p>\n","protected":false},"author":3,"featured_media":0,"parent":0,"menu_order":0,"comment_status":"closed","ping_status":"closed","template":"","meta":{"footnotes":""},"class_list":["post-10","page","type-page","status-publish","hentry"],"_links":{"self":[{"href":"https:\/\/agrarias.ufpr.br\/pglsf\/wp-json\/wp\/v2\/pages\/10","targetHints":{"allow":["GET"]}}],"collection":[{"href":"https:\/\/agrarias.ufpr.br\/pglsf\/wp-json\/wp\/v2\/pages"}],"about":[{"href":"https:\/\/agrarias.ufpr.br\/pglsf\/wp-json\/wp\/v2\/types\/page"}],"author":[{"embeddable":true,"href":"https:\/\/agrarias.ufpr.br\/pglsf\/wp-json\/wp\/v2\/users\/3"}],"replies":[{"embeddable":true,"href":"https:\/\/agrarias.ufpr.br\/pglsf\/wp-json\/wp\/v2\/comments?post=10"}],"version-history":[{"count":50,"href":"https:\/\/agrarias.ufpr.br\/pglsf\/wp-json\/wp\/v2\/pages\/10\/revisions"}],"predecessor-version":[{"id":9859,"href":"https:\/\/agrarias.ufpr.br\/pglsf\/wp-json\/wp\/v2\/pages\/10\/revisions\/9859"}],"wp:attachment":[{"href":"https:\/\/agrarias.ufpr.br\/pglsf\/wp-json\/wp\/v2\/media?parent=10"}],"curies":[{"name":"wp","href":"https:\/\/api.w.org\/{rel}","templated":true}]}}