{"id":974,"date":"2018-08-30T15:43:13","date_gmt":"2018-08-30T15:43:13","guid":{"rendered":"https:\/\/agrarias.ufpr.br\/pgapv\/?page_id=974"},"modified":"2026-02-04T20:17:37","modified_gmt":"2026-02-04T20:17:37","slug":"agro-7013-fisiologia-do-crescimento-e-desenvolvimento-vegetal","status":"publish","type":"page","link":"https:\/\/agrarias.ufpr.br\/pgapven\/agro-7013-fisiologia-do-crescimento-e-desenvolvimento-vegetal\/","title":{"rendered":"AGRO 7013 &#8211; Plant Growth and Development Physiology"},"content":{"rendered":"\n<p><span style=\"font-family: helvetica, arial, sans-serif; font-size: 12pt;\"><strong>Level<\/strong><\/span><\/p>\n\n\n\n<p><span style=\"font-family: helvetica, arial, sans-serif; font-size: 12pt;\">Master\/Doctoral<\/span><\/p>\n\n\n\n<p><span style=\"font-family: helvetica, arial, sans-serif; font-size: 12pt;\"><strong>Credits <\/strong><\/span><\/p>\n\n\n\n<p><span style=\"font-family: helvetica, arial, sans-serif; font-size: 12pt;\">04 (60 h)<\/span><\/p>\n\n\n\n<p><span style=\"font-family: helvetica, arial, sans-serif; font-size: 12pt;\"><strong>Content: <\/strong><\/span><\/p>\n\n\n\n<p><span style=\"font-family: helvetica, arial, sans-serif; font-size: 12pt;\">Concepts of ultrastructure and cellular physiology. Kinetics of cell elongation. Growth, development and differentiation. Hormones and plant growth regulators.<\/span><\/p>\n\n\n\n<p><span style=\"font-family: helvetica, arial, sans-serif; font-size: 12pt;\"><strong>Professor<\/strong><\/span><\/p>\n\n\n\n<p><span style=\"font-family: helvetica, arial, sans-serif; font-size: 12pt;\"><a href=\"https:\/\/agrarias.ufpr.br\/pgapven\/katia-christina-zuffellato-ribas\/\">Katia Christina Zuffellato-Ribas<\/a><\/span><\/p>\n\n\n\n<p><span style=\"font-family: helvetica, arial, sans-serif; font-size: 12pt;\"><b>References<\/b><\/span><\/p>\n\n\n\n<p class=\"Normal_Web_ tm15\"><span style=\"font-family: helvetica, arial, sans-serif;\">CHRISTIN, P. A.; ARAKAKI, M.; OSBORNE, C. P.; BRAUTIGAM, S; SAGE, R. F.; HIBBERD, J. M.; KELLY, S.; COVSHOFF, S.; WONG, G. S, HANCOCK, L. et al. Shared origins of a key enzyme during the evolution of C4 and CAM metabolism. J. Exp. Bot. v. 65, p. 3609-3621, 2014.<\/span><\/p>\n\n\n\n<p><span style=\"font-family: helvetica, arial, sans-serif;\">DAVIES, P. J.&nbsp; <em>Plant hormones:<\/em> physiology, biochemistry and molecular biology. London: Kluwer Academic Publishers, 1995. 833p.<\/span><\/p>\n\n\n\n<p><span style=\"font-family: helvetica, arial, sans-serif;\">DUCAT, D. C.; SILVER, P. A.&nbsp; Improving carbon fixation pathways. Curr. Opin. Chem. Biol. v. 16, p. 337-344, 2012.<\/span><\/p>\n\n\n\n<p><span style=\"font-family: helvetica, arial, sans-serif;\">KERBAUY, G. B. Fisiologia Vegetal. 2ed. Rio de Janeiro: Guanabara Koogan, 2008. 431p.<\/span><\/p>\n\n\n\n<p><span style=\"font-family: helvetica, arial, sans-serif;\">SALISBURY, F. B.; ROSS, C. W.&nbsp; <em>Plant Physiology.<\/em> 4. ed. California: Wadsworth, 1992. 682p.<\/span><\/p>\n\n\n\n<p><span style=\"font-family: helvetica, arial, sans-serif;\">TAIZ, L.; ZEIGER, E.&nbsp; <em>Fisiologia Vegetal<\/em><em>.<\/em> 6. ed. Porto Alegre: Artmed, 2017. 858p.<\/span><\/p>\n\n\n\n<p><span style=\"font-family: helvetica, arial, sans-serif;\">WACHOWICZ, C. M.; DE CARVALHO, R. I. N.&nbsp; <em>Fisiologia Vegetal<\/em>: produ\u00e7\u00e3o e p\u00f3s-colheita \/ Cyntia Maria Wachowicz, Ruy In\u00e1cio Neiva de Carvalho. (Org.) Curitiba: Champagnat, 2002, 424p.<\/span><\/p>\n\n\n\n<p><span style=\"font-family: helvetica, arial, sans-serif;\">ZHAO Y. Essential roles of local auxin biosynthesis in plant development and in adaptation to environmental changes. Annual Review of Plant Biology v. 69, p. 417-435, 2018.<\/span><\/p>\n\n\n\n<p>&nbsp;<\/p>\n","protected":false},"excerpt":{"rendered":"<p>Level Master\/Doctoral Credits 04 (60 h) Content: Concepts of ultrastructure and cellular physiology. Kinetics of cell elongation. Growth, development and differentiation. Hormones and plant growth regulators. Professor Katia Christina Zuffellato-Ribas References CHRISTIN, P. A.; ARAKAKI, M.; OSBORNE, C. P.; BRAUTIGAM, S; SAGE, R. F.; HIBBERD, J. M.; KELLY, S.; COVSHOFF, S.; WONG, G. S, HANCOCK, [&hellip;]<\/p>\n","protected":false},"author":3,"featured_media":0,"parent":0,"menu_order":0,"comment_status":"closed","ping_status":"closed","template":"","meta":{"footnotes":""},"class_list":["post-974","page","type-page","status-publish","hentry"],"_links":{"self":[{"href":"https:\/\/agrarias.ufpr.br\/pgapven\/wp-json\/wp\/v2\/pages\/974","targetHints":{"allow":["GET"]}}],"collection":[{"href":"https:\/\/agrarias.ufpr.br\/pgapven\/wp-json\/wp\/v2\/pages"}],"about":[{"href":"https:\/\/agrarias.ufpr.br\/pgapven\/wp-json\/wp\/v2\/types\/page"}],"author":[{"embeddable":true,"href":"https:\/\/agrarias.ufpr.br\/pgapven\/wp-json\/wp\/v2\/users\/3"}],"replies":[{"embeddable":true,"href":"https:\/\/agrarias.ufpr.br\/pgapven\/wp-json\/wp\/v2\/comments?post=974"}],"version-history":[{"count":10,"href":"https:\/\/agrarias.ufpr.br\/pgapven\/wp-json\/wp\/v2\/pages\/974\/revisions"}],"predecessor-version":[{"id":32348,"href":"https:\/\/agrarias.ufpr.br\/pgapven\/wp-json\/wp\/v2\/pages\/974\/revisions\/32348"}],"wp:attachment":[{"href":"https:\/\/agrarias.ufpr.br\/pgapven\/wp-json\/wp\/v2\/media?parent=974"}],"curies":[{"name":"wp","href":"https:\/\/api.w.org\/{rel}","templated":true}]}}