{"id":971,"date":"2018-08-30T15:40:48","date_gmt":"2018-08-30T15:40:48","guid":{"rendered":"https:\/\/agrarias.ufpr.br\/pgapv\/?page_id=971"},"modified":"2026-02-04T20:17:42","modified_gmt":"2026-02-04T20:17:42","slug":"agro-7012-fisiologia-da-reproducao-vegetal","status":"publish","type":"page","link":"https:\/\/agrarias.ufpr.br\/pgapven\/agro-7012-fisiologia-da-reproducao-vegetal\/","title":{"rendered":"AGRO 7012 &#8211; Plant Propagation Physiology"},"content":{"rendered":"\n<p><span style=\"font-family: helvetica, arial, sans-serif; font-size: 12pt;\"><strong>Level<\/strong><\/span><\/p>\n\n\n\n<p><span style=\"font-family: helvetica, arial, sans-serif; font-size: 12pt;\">Master\/Doctoral<\/span><\/p>\n\n\n\n<p><span style=\"font-family: helvetica, arial, sans-serif; font-size: 12pt;\"><strong>Credits <\/strong><\/span><\/p>\n\n\n\n<p><span style=\"font-family: helvetica, arial, sans-serif; font-size: 12pt;\">04 (60 h)<\/span><\/p>\n\n\n\n<p><span style=\"font-family: helvetica, arial, sans-serif; font-size: 12pt;\"><strong>Content: <\/strong><\/span><\/p>\n\n\n\n<p><span style=\"font-family: helvetica, arial, sans-serif; font-size: 12pt;\">Nomenclature and classification of plants. General aspects of sexual propagation. Aspects of asexual propagation. Physiological aspects of plant growth regulators.<\/span><\/p>\n\n\n\n<p><span style=\"font-family: helvetica, arial, sans-serif; font-size: 12pt;\"><strong>Professor<\/strong><\/span><\/p>\n\n\n\n<p><span style=\"font-family: helvetica, arial, sans-serif; font-size: 12pt;\"><a href=\"https:\/\/agrarias.ufpr.br\/pgapven\/katia-christina-zuffellato-ribas\/\">Katia Christina Zuffellato-Ribas<\/a><\/span><\/p>\n\n\n\n<p><span style=\"font-family: helvetica, arial, sans-serif; font-size: 12pt;\"><b>References<\/b><\/span><\/p>\n\n\n\n<p><span style=\"font-family: helvetica, arial, sans-serif;\">CASTRO, P. R. C.; VIEIRA, E. L.&nbsp; Aplica\u00e7\u00f5es de reguladores vegetais na agricultura tropical. Gua\u00edba: Agropecu\u00e1ria, 2001, 131p.<\/span><\/p>\n\n\n\n<p><span style=\"font-family: helvetica, arial, sans-serif;\">HARTMANN, H. T.; KESTER, D. E.; DAVIS JR., F. T. et al.&nbsp; Plant Propagation: principles and practices, 7. ed. New York: Englewoods Clipps \/ Prentice Hall, 2002. 880p.<\/span><\/p>\n\n\n\n<p><span style=\"font-family: helvetica, arial, sans-serif;\">KAMPF, A. N.; FERMINO, M. H.&nbsp; Substratos para plantas: a base da produ\u00e7\u00e3o vegetal em recipientes. Atelene Normann Kampf, Maria Helena Fermino (Editores) Porto Alegre: G\u00eanesis, 2000. 310p.<\/span><\/p>\n\n\n\n<p><span style=\"font-family: helvetica, arial, sans-serif;\">RICKLI-HORST, H. C. ; BONA, C. ; SANT&#8217;ANNA-SANTOS, B. F. ; KOEHLER, H. S.;&nbsp;WENDLING, I.&nbsp;;&nbsp;ZUFFELATTO-RIBAS, K.C.&nbsp;. Visual and anatomical analysis of welding quality x scion survival in <em>Araucaria angustifolia<\/em>. ACTA SCIENTIARUM-AGRONOMY, v. 43, p. 1-11, 2021.<\/span><\/p>\n\n\n\n<p><span style=\"font-family: helvetica, arial, sans-serif;\">SANTOS, J. P.; DAVIDE, A. C.; TEIXEIRA, L.A. F.; MELO, A. J. S.; MELO, L. A. Enraizamento de estacas lenhosas de esp\u00e9cies florestais. Cerne, v. 17, n. 3, p. 293-301, 2011.<\/span><\/p>\n\n\n\n<p><span style=\"font-family: helvetica, arial, sans-serif;\">STUEPP, C. A.; WENDLING, I.; TRUEMAN, S. J.;KOEHLER, H. S.; ZUFFELLATO-RIBAS, K. C. The use of auxin quantification for understanding clonal tree propagation. Forests v. 8, p. 27, 2017.<\/span><\/p>\n\n\n\n<p><span style=\"font-family: helvetica, arial, sans-serif;\">STUEPP, C. A.; WENDLING, I.; XAVIER, A.; ZUFFELLATO-RIBAS, K. C. Vegetative propagation and application of clonal forestry in Brazilian native tree species. Pesquisa Agropecu\u00e1ria Brasileira, v. 53, n. 9, p.985-1002, 2018.<\/span><\/p>\n\n\n\n<p><span style=\"font-family: helvetica, arial, sans-serif;\">XAVIER, A.; WENDLING, I.; DA SILVA, R. L. Silvicultura Clonal: princ\u00edpios de t\u00e9cnicas. Vi\u00e7osa-MG: Ed. UFV, 2009, 272p.<\/span><\/p>\n\n\n\n<p><span style=\"font-family: helvetica, arial, sans-serif;\">ZUFFELLATO-RIBAS, K. C.; RODRIGUES, J. D.&nbsp; Estaquia: uma abordagem dos principais aspectos fisiol\u00f3gicos. Curitiba: [K. C. Zuffellato-Ribas], 2001, 39p.<\/span><\/p>\n\n\n\n<p>&nbsp;<\/p>\n","protected":false},"excerpt":{"rendered":"<p>Level Master\/Doctoral Credits 04 (60 h) Content: Nomenclature and classification of plants. General aspects of sexual propagation. Aspects of asexual propagation. Physiological aspects of plant growth regulators. Professor Katia Christina Zuffellato-Ribas References CASTRO, P. R. C.; VIEIRA, E. L.&nbsp; Aplica\u00e7\u00f5es de reguladores vegetais na agricultura tropical. Gua\u00edba: Agropecu\u00e1ria, 2001, 131p. HARTMANN, H. T.; KESTER, D. [&hellip;]<\/p>\n","protected":false},"author":3,"featured_media":0,"parent":0,"menu_order":0,"comment_status":"closed","ping_status":"closed","template":"","meta":{"footnotes":""},"class_list":["post-971","page","type-page","status-publish","hentry"],"_links":{"self":[{"href":"https:\/\/agrarias.ufpr.br\/pgapven\/wp-json\/wp\/v2\/pages\/971","targetHints":{"allow":["GET"]}}],"collection":[{"href":"https:\/\/agrarias.ufpr.br\/pgapven\/wp-json\/wp\/v2\/pages"}],"about":[{"href":"https:\/\/agrarias.ufpr.br\/pgapven\/wp-json\/wp\/v2\/types\/page"}],"author":[{"embeddable":true,"href":"https:\/\/agrarias.ufpr.br\/pgapven\/wp-json\/wp\/v2\/users\/3"}],"replies":[{"embeddable":true,"href":"https:\/\/agrarias.ufpr.br\/pgapven\/wp-json\/wp\/v2\/comments?post=971"}],"version-history":[{"count":9,"href":"https:\/\/agrarias.ufpr.br\/pgapven\/wp-json\/wp\/v2\/pages\/971\/revisions"}],"predecessor-version":[{"id":32349,"href":"https:\/\/agrarias.ufpr.br\/pgapven\/wp-json\/wp\/v2\/pages\/971\/revisions\/32349"}],"wp:attachment":[{"href":"https:\/\/agrarias.ufpr.br\/pgapven\/wp-json\/wp\/v2\/media?parent=971"}],"curies":[{"name":"wp","href":"https:\/\/api.w.org\/{rel}","templated":true}]}}