{"id":945,"date":"2018-08-27T12:21:56","date_gmt":"2018-08-27T12:21:56","guid":{"rendered":"https:\/\/agrarias.ufpr.br\/pgapv\/?page_id=945"},"modified":"2021-05-07T16:08:15","modified_gmt":"2021-05-07T16:08:15","slug":"agro-7034-topicos-especiais-iv-manejo-da-lavoura-de-cana-de-acucar","status":"publish","type":"page","link":"https:\/\/agrarias.ufpr.br\/pgapven\/agro-7034-topicos-especiais-iv-manejo-da-lavoura-de-cana-de-acucar\/","title":{"rendered":"AGRO 7038 &#8211; Special Topics IV: Sugarcane Crop Management"},"content":{"rendered":"<p style=\"text-align: justify\"><span style=\"font-family: helvetica, arial, sans-serif;font-size: 12pt\"><strong>Level<\/strong><\/span><\/p>\n<p style=\"text-align: justify\"><span style=\"font-family: helvetica, arial, sans-serif;font-size: 12pt\">Master\/Doctoral<\/span><\/p>\n<p style=\"text-align: justify\"><span style=\"font-family: helvetica, arial, sans-serif;font-size: 12pt\"><strong>Credits <\/strong><\/span><\/p>\n<p style=\"text-align: justify\"><span style=\"font-family: helvetica, arial, sans-serif;font-size: 12pt\">04 (60 h)<\/span><\/p>\n<p style=\"text-align: justify\"><span style=\"font-family: helvetica, arial, sans-serif;font-size: 12pt\"><strong>Content: <\/strong><\/span><\/p>\n<p style=\"text-align: justify\"><span style=\"font-family: helvetica, arial, sans-serif\">Search for understanding about the principles of physioecology applied to the management of sugarcane plantations. Study on advances in management techniques, gains in agroindustrial yield and cane production systems, and interrelationships between the morphology, physiology, and final expression of the economic yield of sugarcane. Study of innovations that improve the efficiency and raise the agroindustrial productivity.<\/span><\/p>\n<p style=\"text-align: justify\"><span style=\"font-family: helvetica, arial, sans-serif;font-size: 12pt\"><strong>Professor<\/strong><\/span><\/p>\n<p style=\"text-align: justify\"><span style=\"font-family: helvetica, arial, sans-serif;font-size: 12pt\"><a href=\"https:\/\/agrarias.ufpr.br\/pgapven\/ricardo-augusto-de-oliveira\/\">Ricardo Augusto de Oliveira<\/a><\/span><\/p>\n<p style=\"text-align: justify\"><span style=\"font-family: helvetica, arial, sans-serif;font-size: 12pt\"><b>References<\/b><\/span><\/p>\n<p style=\"text-align: justify\"><span style=\"font-family: helvetica, arial, sans-serif\">BARBOSA, M. H. P.; RESENDE, M. D. V.; DIAS, L. A. S.; BARBOSA, G. V. S.; OLIVEIRA, R. A.; DAROS, E. Melhoramento gen\u00e9tico da cana-de-a\u00e7\u00facar para bioenergia: a experi\u00eancia brasileira de pesquisa em rede com a RIDESA. In: TEIXEIRA, E. C.; PROTIL, R. M.; LIMA, A. L. R. (Org.). A contribui\u00e7\u00e3o da ci\u00eancia e da tecnologia para o desenvolvimento do agroneg\u00f3cio. 1ed. Vi\u00e7osa: Suprema Gr\u00e1fica e Editora, 2013, v. 1, p. 609-640.<\/span><\/p>\n<p style=\"text-align: justify\"><span style=\"font-family: helvetica, arial, sans-serif\">CANZIANI, J. R.; ADDARIO, V. G.; Consecana Paran\u00e1: manual de instru\u00e7\u00f5es. Curitiba : Faep\/Sialpar\/Siapar, 2012. 116p.<\/span><\/p>\n<p style=\"text-align: justify\"><span style=\"font-family: helvetica, arial, sans-serif\">CARNEIRO, L. F.; OLIVEIRA, R. A.; WEBER, H.; DAROS, E.; BERTON, G. S.; RODRIGUES, F. V. Alternative sugarcane production for conservation of sandy soils: sugarcane straw,<\/span><\/p>\n<p style=\"text-align: justify\"><span style=\"font-family: helvetica, arial, sans-serif\">CASTRO, S. G. Q.; FRANCO, H. C. J.; MUTTON, M. A. Harvest managements and cultural practices in sugarcane. Revista Brasileira Ci\u00eancias do Solo, Vi\u00e7osa, v. 38, n. 1, p. 299-306, 2014.<\/span><\/p>\n<p style=\"text-align: justify\"><span style=\"font-family: helvetica, arial, sans-serif\">DAROS, E.; OLIVEIRA, R. A; BARBOSA, G. V. S. (Org.). 45 Anos de Variedades RB de Cana-de-A\u00e7\u00facar: 25 anos de RIDESA. 1. ed. Curitiba : Editora Graciosa, 2015. v. 0. 156p.<\/span><\/p>\n<p style=\"text-align: justify\"><span style=\"font-family: helvetica, arial, sans-serif\">DINARDO-MIRANDA, L. L.; VASCONCELOS, A. C. M.; LANDELL, M. G. A. Cana-de-a\u00e7\u00facar, Ed. 1, Campinas: Instituto Agron\u00f4mico, 2010, 882p.<\/span><\/p>\n<p style=\"text-align: justify\"><span style=\"font-family: helvetica, arial, sans-serif\">FRITSHE-NETO, R.; BOR\u00c9M, A. Melhoramento de plantas para condi\u00e7\u00f5es de estresses abi\u00f3ticos. Visconde do Rio Branco: Suprema, 2011. 250p.<\/span><\/p>\n<p style=\"text-align: justify\"><span style=\"font-family: helvetica, arial, sans-serif\">SANTO, F.; BOR\u00c9M, A. Cana-de-A\u00e7\u00facar: do plantio \u00e0 colheita. Vi\u00e7osa : Ed. Vi\u00e7osa, 2013. 257p.<\/span><\/p>\n<p style=\"text-align: justify\"><span style=\"font-family: helvetica, arial, sans-serif\">SILVA, F. C.; ALVES, B. J. R.; FREITAS, P. L (Ed.). Sistema de produ\u00e7\u00e3o mecanizada da cana-de-a\u00e7\u00facar integrada \u00e0 produ\u00e7\u00e3o de energia e alimentos. 1. ed. Bras\u00edlia: Embrapa, 2015. v. 1. 586p.<\/span><\/p>\n<p style=\"text-align: justify\"><span style=\"font-family: helvetica, arial, sans-serif\">SILVA, F. C.; ALVES, B. J. R.; FREITAS, P. L (Ed.). Sistema de produ\u00e7\u00e3o mecanizada da cana-de-a\u00e7\u00facar integrada \u00e0 produ\u00e7\u00e3o de energia e alimentos. 1. ed. Bras\u00edlia: Embrapa, 2017. v. 2. 938p.<\/span><\/p>\n<p style=\"text-align: justify\"><span style=\"font-family: helvetica, arial, sans-serif\">SILVA, S. D. A. E. ; VERISSIMO, M. A. A. ; HARTER, A. ; MONTEIRO, C. R. S. ; DAROS, E. ; BARBOSA, G. V. S. ; WEBER, H. ; BESPALHOK FILHO, J. C. ; SILVEIRA, L. C. I. ; OLIVEIRA, Ricardo Augusto de ; PANZIERA, W. ; ANTUNES, W. R. . Variedades de cana-de-a\u00e7\u00facar recomendadas para o Rio Grande do Sul. Sistemas de Produ\u00e7\u00e3o, v. 1, p. 113-131, 2016.<\/span><\/p>\n<p style=\"text-align: justify\"><span style=\"font-family: helvetica, arial, sans-serif\">TAIZ, L.; ZEIGER, E.; MOLLER, I. M.; MURPHY, A. (Ed) MASTROBERTI, A. A. (Trad) Fisiologia e desenvolvimento vegetal. 6. ed., Porto Alegre : Editora Artmed, 2017. 858p.<\/span><\/p>\n","protected":false},"excerpt":{"rendered":"<p>Level Master\/Doctoral Credits 04 (60 h) Content: Search for understanding about the principles of physioecology applied to the management of sugarcane plantations. Study on advances in management techniques, gains in agroindustrial yield and cane production systems, and interrelationships between the morphology, physiology, and final expression of the economic yield of sugarcane. Study of innovations that [&hellip;]<\/p>\n","protected":false},"author":3,"featured_media":0,"parent":0,"menu_order":0,"comment_status":"closed","ping_status":"closed","template":"","meta":{"footnotes":""},"class_list":["post-945","page","type-page","status-publish","hentry"],"_links":{"self":[{"href":"https:\/\/agrarias.ufpr.br\/pgapven\/wp-json\/wp\/v2\/pages\/945","targetHints":{"allow":["GET"]}}],"collection":[{"href":"https:\/\/agrarias.ufpr.br\/pgapven\/wp-json\/wp\/v2\/pages"}],"about":[{"href":"https:\/\/agrarias.ufpr.br\/pgapven\/wp-json\/wp\/v2\/types\/page"}],"author":[{"embeddable":true,"href":"https:\/\/agrarias.ufpr.br\/pgapven\/wp-json\/wp\/v2\/users\/3"}],"replies":[{"embeddable":true,"href":"https:\/\/agrarias.ufpr.br\/pgapven\/wp-json\/wp\/v2\/comments?post=945"}],"version-history":[{"count":7,"href":"https:\/\/agrarias.ufpr.br\/pgapven\/wp-json\/wp\/v2\/pages\/945\/revisions"}],"predecessor-version":[{"id":5287,"href":"https:\/\/agrarias.ufpr.br\/pgapven\/wp-json\/wp\/v2\/pages\/945\/revisions\/5287"}],"wp:attachment":[{"href":"https:\/\/agrarias.ufpr.br\/pgapven\/wp-json\/wp\/v2\/media?parent=945"}],"curies":[{"name":"wp","href":"https:\/\/api.w.org\/{rel}","templated":true}]}}