{"id":943,"date":"2018-08-27T12:21:27","date_gmt":"2018-08-27T12:21:27","guid":{"rendered":"https:\/\/agrarias.ufpr.br\/pgapv\/?page_id=943"},"modified":"2026-04-07T16:37:41","modified_gmt":"2026-04-07T19:37:41","slug":"agro-7014-fundamentos-para-o-manejo-de-plantas-cultivadas","status":"publish","type":"page","link":"https:\/\/agrarias.ufpr.br\/pgapven\/agro-7014-fundamentos-para-o-manejo-de-plantas-cultivadas\/","title":{"rendered":"AGRO 7014 &#8211; Fundamentals For Cultivated Plant Management"},"content":{"rendered":"\n<h3 class=\"wp-block-heading\"><span style=\"font-family: georgia, palatino, serif; font-size: 12pt;\"><strong>Level<\/strong><\/span><\/h3>\n\n\n\n<p><span style=\"font-family: helvetica, arial, sans-serif; font-size: 12pt;\">Master\/Doctoral<\/span><\/p>\n\n\n\n<p><span style=\"font-family: helvetica, arial, sans-serif; font-size: 12pt;\"><strong>Credits <\/strong><\/span><\/p>\n\n\n\n<p><span style=\"font-family: helvetica, arial, sans-serif; font-size: 12pt;\">04 (60 h)<\/span><\/p>\n\n\n\n<p><span style=\"font-family: helvetica, arial, sans-serif; font-size: 12pt;\"><strong>Content: <\/strong><\/span><\/p>\n\n\n\n<p><span style=\"font-family: helvetica, arial, sans-serif;\">Study of potential yield versus yield potential and productivity-limiting factors. Physioecological principles applied to management. Discussion about advances in crop management techniques. Interrelationship between the morphology, physiology and final expression of the economic crop product, with a focus on gains in agronomic yields of staple crops and the main restrictions. Innovations that improve the efficiency of agroindustrial productivity.<\/span><\/p>\n\n\n\n<p><span style=\"font-family: helvetica, arial, sans-serif; font-size: 12pt;\"><strong>Professor<\/strong><\/span><\/p>\n\n\n\n<p><span style=\"font-family: helvetica, arial, sans-serif; font-size: 12pt;\"><a href=\"https:\/\/agrarias.ufpr.br\/pgapven\/ricardo-augusto-de-oliveira\/\">Ricardo Augusto de Oliveira<\/a><\/span><\/p>\n\n\n\n<p><span style=\"font-family: helvetica, arial, sans-serif; font-size: 12pt;\"><b>References<\/b><\/span><\/p>\n\n\n\n<p><span style=\"font-family: helvetica, arial, sans-serif;\">DI MATTEO J. A.; FERREYRA, J. M.; CERRUDO, A. A.; ECHARTE, L.; ANDRADE, F.H. Yield potential and yield stability of Argentine maize hybrids over 45 years of breeding, Field Crops Research, v. 197, p. , 2016.&nbsp;&nbsp;&nbsp;<\/span><\/p>\n\n\n\n<p><span style=\"font-family: helvetica, arial, sans-serif;\">FARALLI, M., LAWSON, T. Natural genetic variation in photosynthesis: an untapped resource to increase crop yield potential? The plant journal, v.101, n.3, p. 518-528, feb. 2020.<\/span><\/p>\n\n\n\n<p><span style=\"font-family: helvetica, arial, sans-serif;\">FLOSS, E. L. Fisiologia das plantas cultivadas. Passo Fundo : Ed. Universidade de passo Fundo, 2008,733 p.<\/span><\/p>\n\n\n\n<p><span style=\"font-family: helvetica, arial, sans-serif;\">FRITSHE-NETO, R., BOR\u00c9M, A. Melhoramento de plantas para condi\u00e7\u00f5es de estresses abi\u00f3ticos. Visconde do Rio Branco : Suprema, 2011. 250p.<\/span><\/p>\n\n\n\n<p><span style=\"font-family: helvetica, arial, sans-serif;\">GONZALEZ, V.H., TOLLENAAR, M., BOWMAN, A., GOOD, B., LEE, E.A. Maize Yield Potential and Density Tolerance, Crop Science, v. 58, p. 472-485, 2018.<\/span><\/p>\n\n\n\n<p><span style=\"font-family: helvetica, arial, sans-serif;\">HUANG M., TANG Q., AO H., ZOU, Y. Yield potential and stability in super hybrid rice and its production strategies, Journal of Integrative Agriculture, v. 16, n. 5, p. 1009-1017, 2017,<\/span><\/p>\n\n\n\n<p><span style=\"font-family: helvetica, arial, sans-serif;\">HUNT, R. Plant growth analysis. London, Edward Arnold (Publishers) Ltd., 1978, 67 p.<\/span><\/p>\n\n\n\n<p><span style=\"font-family: helvetica, arial, sans-serif;\">LABORTE A. G., DE BIE, K. C. A. J. M., SMALING, E. M. A., MOYA, P. F., BOLING, A. A., VAN ITTERSUM, M. K. Rice yields and yield gaps in Southeast Asia: Past trends and future<\/span><\/p>\n\n\n\n<p><span style=\"font-family: helvetica, arial, sans-serif;\">LARCHER, W. Ecofisiologia Vegetal. Tradu\u00e7\u00e3o de: PRADO, C. H. B. A. S\u00e3o Paulo : Editora RiMa, 2006, 531p.<\/span><\/p>\n\n\n\n<p><span style=\"font-family: helvetica, arial, sans-serif;\">LONG, S. P.; MARCHALL-COLON, A.; ZHU, X. G. Meeting the Global Food Demandof the Future by Engineering Crop Photosynthesis and Yield Potential. Cell. Mar 26, v. 161(1), p.56-66, 2015.<\/span><\/p>\n\n\n\n<p><span style=\"font-family: helvetica, arial, sans-serif;\">SALISBURY, F. B. &amp; ROSS, C. W. Plant physiology. Belmont: Wadsworth Publishing Co., 1992, 435 p.<\/span><\/p>\n\n\n\n<p><span style=\"font-family: helvetica, arial, sans-serif;\">TAIZ, L., ZEIGER, E., MOLLER, I. M., MURPHY, A. (Ed) MASTROBERTI, A. A. (Trad) Fisiologia e desenvolvimento vegetal, 6. ed., Porto Alegre: Editora Artmed, 2017. 858p.<\/span><\/p>\n\n\n\n<p><span style=\"font-family: georgia, palatino, serif; font-size: 12pt;\">&nbsp; &nbsp;&nbsp;<\/span><\/p>\n","protected":false},"excerpt":{"rendered":"<p>Level Master\/Doctoral Credits 04 (60 h) Content: Study of potential yield versus yield potential and productivity-limiting factors. Physioecological principles applied to management. Discussion about advances in crop management techniques. Interrelationship between the morphology, physiology and final expression of the economic crop product, with a focus on gains in agronomic yields of staple crops and the [&hellip;]<\/p>\n","protected":false},"author":3,"featured_media":0,"parent":0,"menu_order":0,"comment_status":"closed","ping_status":"closed","template":"","meta":{"footnotes":""},"class_list":["post-943","page","type-page","status-publish","hentry"],"_links":{"self":[{"href":"https:\/\/agrarias.ufpr.br\/pgapven\/wp-json\/wp\/v2\/pages\/943","targetHints":{"allow":["GET"]}}],"collection":[{"href":"https:\/\/agrarias.ufpr.br\/pgapven\/wp-json\/wp\/v2\/pages"}],"about":[{"href":"https:\/\/agrarias.ufpr.br\/pgapven\/wp-json\/wp\/v2\/types\/page"}],"author":[{"embeddable":true,"href":"https:\/\/agrarias.ufpr.br\/pgapven\/wp-json\/wp\/v2\/users\/3"}],"replies":[{"embeddable":true,"href":"https:\/\/agrarias.ufpr.br\/pgapven\/wp-json\/wp\/v2\/comments?post=943"}],"version-history":[{"count":11,"href":"https:\/\/agrarias.ufpr.br\/pgapven\/wp-json\/wp\/v2\/pages\/943\/revisions"}],"predecessor-version":[{"id":32619,"href":"https:\/\/agrarias.ufpr.br\/pgapven\/wp-json\/wp\/v2\/pages\/943\/revisions\/32619"}],"wp:attachment":[{"href":"https:\/\/agrarias.ufpr.br\/pgapven\/wp-json\/wp\/v2\/media?parent=943"}],"curies":[{"name":"wp","href":"https:\/\/api.w.org\/{rel}","templated":true}]}}