{"id":873,"date":"2018-08-22T11:30:37","date_gmt":"2018-08-22T11:30:37","guid":{"rendered":"https:\/\/agrarias.ufpr.br\/pgapv\/?page_id=873"},"modified":"2021-06-21T12:04:21","modified_gmt":"2021-06-21T12:04:21","slug":"agro-7000-a-cultura-de-tecidos-vegetais-aplicada-ao-melhoramento","status":"publish","type":"page","link":"https:\/\/agrarias.ufpr.br\/pgapven\/agro-7000-a-cultura-de-tecidos-vegetais-aplicada-ao-melhoramento\/","title":{"rendered":"AGRO 7000 &#8211; Plant Tissue Culture Applied to Genetic Improvement"},"content":{"rendered":"<p><span style=\"font-family: helvetica, arial, sans-serif\"><strong>Level<\/strong><\/span><\/p>\n<p><span style=\"font-family: helvetica, arial, sans-serif\">Master\/Doctoral<\/span><\/p>\n<p><span style=\"font-family: helvetica, arial, sans-serif\"><strong>Credits <\/strong><\/span><\/p>\n<p><span style=\"font-family: helvetica, arial, sans-serif\">04 (60 h)<\/span><\/p>\n<p><span style=\"font-family: helvetica, arial, sans-serif\"><strong>Content<\/strong><\/span><\/p>\n<p style=\"text-align: justify\"><span style=\"font-family: helvetica, arial, sans-serif\">This course aims at broadening knowledges about plant tissue culture techniques used for breeding and improvement of cultivated species. The main techniques studied are: cell and protoplast cultures, somatic hybridization, genetic transformation, genome edition and haploid production. The use of thesemethods for plant improvement is explained as well as their advantages and disadvantages, and pratical cases are discussed.<\/span><\/p>\n<p><span style=\"font-family: helvetica, arial, sans-serif\"><strong>Professor<\/strong><\/span><\/p>\n<p><span style=\"font-family: helvetica, arial, sans-serif\"><a href=\"https:\/\/agrarias.ufpr.br\/pgapven\/marguerite-germaine-ghislaine-quoirin-2\/\">Marguerite Quoirin<\/a><\/span><\/p>\n<p><span style=\"font-family: helvetica, arial, sans-serif\"><strong>References<\/strong><\/span><\/p>\n<p style=\"text-align: justify\"><span style=\"font-family: helvetica, arial, sans-serif\">ALVAREZ, M. A.(edit.) Genetic Transformation. InTech Publisher, 328 p.,<\/span><\/p>\n<p style=\"text-align: justify\"><span style=\"font-family: helvetica, arial, sans-serif\">ANIS, M. e NASEEM, A. Plant Tissue Culture: Propagation, Conservation and Crop Improvement. Springer, 2016. DOI 10.1007\/978-981-10-1917-<\/span><\/p>\n<p style=\"text-align: justify\"><span style=\"font-family: helvetica, arial, sans-serif\">BOR\u00c9M, A. Biotecnologia Florestal. Vi\u00e7osa, MG: Universidade Federal de Vi\u00e7osa, 2007<\/span><\/p>\n<p style=\"text-align: justify\"><span style=\"font-family: helvetica, arial, sans-serif\">CHADHA, K.L.; RAVINDRAN, P.N. e SAHIJRAM, L. Biotechnology in horticultural and plantation crops, 2000. http:\/\/bpagency.com<\/span><\/p>\n<p style=\"text-align: justify\"><span style=\"font-family: helvetica, arial, sans-serif\">CHEN, K.; WANG, Y.; ZHANG, H.; GAO, C. 2019. CRISP\/Cas genome editing and precision plant breeding in agriculture. Annual Review of Plant Biology, v. 70 (1), p. 667-697.<\/span><\/p>\n<p style=\"text-align: justify\"><span style=\"font-family: helvetica, arial, sans-serif\">DIXON, R. A. e GONZALES, R. A. Plant Cell Culture. A Practical Approach. 2nd ed. The Practical Approach Series. RICKWOOD, D. &amp; HAMES, B.D. edit. IRL Press, Oxford University Press, UK, 2003.<\/span><\/p>\n<p style=\"text-align: justify\"><span style=\"font-family: helvetica, arial, sans-serif\">GEORGE, E. F. Plant propagation by tissue culture: the technology. Great Britain: Exegetics Limited, vol. 1, 1993; vol. 2, 1996.<\/span><\/p>\n<p style=\"text-align: justify\"><span style=\"font-family: helvetica, arial, sans-serif\">GEORGE, E. F.; HALL, M. A. e DE KLERK, G.-J. Plant Propagation by Tissue Culture. Vol. I. The Background. 3d ed. Dordrecht: Springer, 2008.<\/span><\/p>\n<p style=\"text-align: justify\"><span style=\"font-family: helvetica, arial, sans-serif\">GUPTA, S. D. e IBARAKI, Y. (edit.). Plant Tissue Culture Engineering. Springer. Focus on Biotechnology, 2008, 480 p. DOI 10.1007\/978-1-4020-3694-1.<\/span><\/p>\n<p style=\"text-align: justify\"><span style=\"font-family: helvetica, arial, sans-serif\">JAIN, S.M. e GUPTA, P.K. Protocol for Somatic Embryogenesis in Woody Plants. Dordrecht: Springer, 2005.<\/span><\/p>\n<p style=\"text-align: justify\"><span style=\"font-family: helvetica, arial, sans-serif\">MURCH, S.J. e SAXENA, P.K. Journey of a Single Cell to a Plant. Plymouth, UK: Science Publishers, 2005. TORRES, A. C.; CALDAS, L.S. e BUSO, J. A. Cultura de tecidos e transforma\u00e7\u00e3o gen\u00e9tica de plantas. Bras\u00edlia:,EMBRAPA &#8211; CBAB, vol.1, 1998 e vol. 2, 1999.<\/span><\/p>\n<p style=\"text-align: justify\"><span style=\"font-family: helvetica, arial, sans-serif\">TORRES, A.C.; DUSI, A. N. e SANTOS, M.D.M. dos. Transforma\u00e7\u00e3o Gen\u00e9tica de Plantas via Agrobacterium. Bras\u00edlia: EMBRAPA Hortali\u00e7as, 2007.<\/span><\/p>\n","protected":false},"excerpt":{"rendered":"<p>Level Master\/Doctoral Credits 04 (60 h) Content This course aims at broadening knowledges about plant tissue culture techniques used for breeding and improvement of cultivated species. The main techniques studied are: cell and protoplast cultures, somatic hybridization, genetic transformation, genome edition and haploid production. The use of thesemethods for plant improvement is explained as well [&hellip;]<\/p>\n","protected":false},"author":3,"featured_media":0,"parent":0,"menu_order":0,"comment_status":"closed","ping_status":"closed","template":"","meta":{"footnotes":""},"class_list":["post-873","page","type-page","status-publish","hentry"],"_links":{"self":[{"href":"https:\/\/agrarias.ufpr.br\/pgapven\/wp-json\/wp\/v2\/pages\/873","targetHints":{"allow":["GET"]}}],"collection":[{"href":"https:\/\/agrarias.ufpr.br\/pgapven\/wp-json\/wp\/v2\/pages"}],"about":[{"href":"https:\/\/agrarias.ufpr.br\/pgapven\/wp-json\/wp\/v2\/types\/page"}],"author":[{"embeddable":true,"href":"https:\/\/agrarias.ufpr.br\/pgapven\/wp-json\/wp\/v2\/users\/3"}],"replies":[{"embeddable":true,"href":"https:\/\/agrarias.ufpr.br\/pgapven\/wp-json\/wp\/v2\/comments?post=873"}],"version-history":[{"count":14,"href":"https:\/\/agrarias.ufpr.br\/pgapven\/wp-json\/wp\/v2\/pages\/873\/revisions"}],"predecessor-version":[{"id":5509,"href":"https:\/\/agrarias.ufpr.br\/pgapven\/wp-json\/wp\/v2\/pages\/873\/revisions\/5509"}],"wp:attachment":[{"href":"https:\/\/agrarias.ufpr.br\/pgapven\/wp-json\/wp\/v2\/media?parent=873"}],"curies":[{"name":"wp","href":"https:\/\/api.w.org\/{rel}","templated":true}]}}