{"id":647,"date":"2018-07-05T19:58:55","date_gmt":"2018-07-05T19:58:55","guid":{"rendered":"https:\/\/agrarias.ufpr.br\/pgapv\/?page_id=647"},"modified":"2020-06-24T18:19:44","modified_gmt":"2020-06-24T18:19:44","slug":"raquel-rejane-bonato-negrelle","status":"publish","type":"page","link":"https:\/\/agrarias.ufpr.br\/pgapven\/raquel-rejane-bonato-negrelle\/","title":{"rendered":"Raquel Rejane Bonato Negrelle"},"content":{"rendered":"<p><strong>Permanent Professor<\/strong><\/p>\n<p>&nbsp;<\/p>\n<p><strong><span style=\"font-family: georgia, palatino, serif\"><span lang=\"en\">Academic education<\/span><\/span><\/strong><\/p>\n<p>P\u00f3s-Doutorado, Royal Roads University (2004-2005)<\/p>\n<p>Dr. em Ecologia e Recursos Naturais, UFSCar (1995)<\/p>\n<p>M.Sc. em Bot\u00e2nica, UFPR (1988)<\/p>\n<p>Bi\u00f3loga, PUC-PR (1978)<\/p>\n<p>&nbsp;<\/p>\n<p><strong><span style=\"font-family: georgia, palatino, serif;font-size: 12pt\"><span lang=\"en\">Research line<\/span>\/Area\/Sub-Area<\/span><\/strong><\/p>\n<p>Integrated Systems \/ Ecology applied to the management and conservation of plant resources<\/p>\n<p>He has experience in the area of Ecology, with an emphasis on Applied Ecology, acting mainly on the following themes: plant production and extraction, non-timber plant products, sustainable development, conservation biology, Atlantic Forest and Araucaria Forest.<\/p>\n<p>&nbsp;<\/p>\n<p><strong>Subjects<\/strong><\/p>\n<p><a href=\"https:\/\/agrarias.ufpr.br\/pgapven\/agro-7020-metodologia-cientifica\/\">AGRO 7020 &#8211; Scientific methodology<\/a><\/p>\n<p>&nbsp;<\/p>\n<p><strong>Publications<\/strong><\/p>\n<p><a href=\"http:\/\/lattes.cnpq.br\/7345395912495143\"><strong class=\"alignnone\"><img loading=\"lazy\" decoding=\"async\" class=\"alignnone wp-image-742\" src=\"https:\/\/agrarias.ufpr.br\/fitotecnia\/wp-content\/uploads\/sites\/26\/2016\/03\/icon_lattes.png\" alt=\"icon_lattes\" width=\"30\" height=\"29\">&nbsp;<span style=\"color: #000080\">Lattes<\/span><\/strong><\/a><\/p>\n<p><strong>Contatos<\/strong><\/p>\n<p><img loading=\"lazy\" decoding=\"async\" class=\"wp-image-758 alignnone\" src=\"https:\/\/agrarias.ufpr.br\/fitotecnia\/wp-content\/uploads\/sites\/26\/2016\/03\/telefone.png\" alt=\"telefone\" width=\"22\" height=\"22\"> +55 (41) 99996-3731<\/p>\n<p><img decoding=\"async\" src=\"https:\/\/agrarias.ufpr.br\/fitotecnia\/wp-content\/uploads\/sites\/26\/2016\/03\/email-small-.jpg\" alt=\"email small\">&nbsp;negrelle@ufpr.br<\/p>\n","protected":false},"excerpt":{"rendered":"<p>Permanent Professor &nbsp; Academic education P\u00f3s-Doutorado, Royal Roads University (2004-2005) Dr. em Ecologia e Recursos Naturais, UFSCar (1995) M.Sc. em Bot\u00e2nica, UFPR (1988) Bi\u00f3loga, PUC-PR (1978) &nbsp; Research line\/Area\/Sub-Area Integrated Systems \/ Ecology applied to the management and conservation of plant resources He has experience in the area of Ecology, with an emphasis on Applied [&hellip;]<\/p>\n","protected":false},"author":3,"featured_media":0,"parent":0,"menu_order":0,"comment_status":"closed","ping_status":"closed","template":"","meta":{"footnotes":""},"class_list":["post-647","page","type-page","status-publish","hentry"],"_links":{"self":[{"href":"https:\/\/agrarias.ufpr.br\/pgapven\/wp-json\/wp\/v2\/pages\/647","targetHints":{"allow":["GET"]}}],"collection":[{"href":"https:\/\/agrarias.ufpr.br\/pgapven\/wp-json\/wp\/v2\/pages"}],"about":[{"href":"https:\/\/agrarias.ufpr.br\/pgapven\/wp-json\/wp\/v2\/types\/page"}],"author":[{"embeddable":true,"href":"https:\/\/agrarias.ufpr.br\/pgapven\/wp-json\/wp\/v2\/users\/3"}],"replies":[{"embeddable":true,"href":"https:\/\/agrarias.ufpr.br\/pgapven\/wp-json\/wp\/v2\/comments?post=647"}],"version-history":[{"count":2,"href":"https:\/\/agrarias.ufpr.br\/pgapven\/wp-json\/wp\/v2\/pages\/647\/revisions"}],"predecessor-version":[{"id":3894,"href":"https:\/\/agrarias.ufpr.br\/pgapven\/wp-json\/wp\/v2\/pages\/647\/revisions\/3894"}],"wp:attachment":[{"href":"https:\/\/agrarias.ufpr.br\/pgapven\/wp-json\/wp\/v2\/media?parent=647"}],"curies":[{"name":"wp","href":"https:\/\/api.w.org\/{rel}","templated":true}]}}