{"id":628,"date":"2018-07-05T19:28:30","date_gmt":"2018-07-05T19:28:30","guid":{"rendered":"https:\/\/agrarias.ufpr.br\/pgapv\/?page_id=628"},"modified":"2021-05-06T17:39:54","modified_gmt":"2021-05-06T17:39:54","slug":"marguerite-germaine-ghislaine-quoirin-2","status":"publish","type":"page","link":"https:\/\/agrarias.ufpr.br\/pgapven\/marguerite-germaine-ghislaine-quoirin-2\/","title":{"rendered":"Marguerite Germaine Ghislaine Quoirin"},"content":{"rendered":"<p><span style=\"font-family: georgia, palatino, serif;font-size: 12pt\">Permanent Professor<\/span><\/p>\n<p><span style=\"font-family: georgia, palatino, serif;font-size: 12pt\"><strong><span lang=\"en\">Academic education<\/span><\/strong><\/span><\/p>\n<p><span class=\"tm8\" style=\"font-family: georgia, palatino, serif;font-size: 12pt\">Postdoc, Universidade Paul Sabatier &#8211; Toulouse, Fran\u00e7a (2004-2005)<\/span><\/p>\n<p><span class=\"tm8\" style=\"font-family: georgia, palatino, serif;font-size: 12pt\">Dr. in Agronomist, Facult\u00e9 des Sciences Agronomiques, FSAGx, Gembloux, B\u00e9lgica (1987)<\/span><\/p>\n<p><span class=\"tm8\" style=\"font-family: georgia, palatino, serif;font-size: 12pt\">Agronomist, FSAGx (1970)<\/span><\/p>\n<p><span style=\"font-family: georgia, palatino, serif;font-size: 12pt\"><strong><span lang=\"en\">Research line<\/span>\/Area<\/strong><\/span><\/p>\n<p><span style=\"font-family: georgia, palatino, serif;font-size: 12pt\">Physiology, Morphogenesis and Biotechnology\/In vitro plant tissue culture<\/span><\/p>\n<p><span style=\"font-family: georgia, palatino, serif;font-size: 12pt\">In vitro tissue culture of forest species and palm trees. Use of genetic transformation techniques to study resistance to abiotic stresses<\/span><\/p>\n<p><span style=\"font-family: georgia, palatino, serif;font-size: 12pt\"><strong>Subjects<\/strong><\/span><\/p>\n<p><span style=\"font-family: georgia, palatino, serif;font-size: 12pt\"><a href=\"https:\/\/agrarias.ufpr.br\/pgapven\/agro-7000-a-cultura-de-tecidos-vegetais-aplicada-ao-melhoramento\/\"><span class=\"tm11\">AGRO 7000 \u2013 Plant Tissue Culture Applied to Breeding<\/span><\/a><\/span><\/p>\n<p><span style=\"font-family: georgia, palatino, serif;font-size: 12pt\"><a href=\"https:\/\/agrarias.ufpr.br\/pgapven\/agro7027-pratica-docente-i\/\">AGRO 7027 \u2013 Teaching Practice I<\/a><\/span><\/p>\n<p><span style=\"font-family: georgia, palatino, serif;font-size: 12pt\"><a href=\"https:\/\/agrarias.ufpr.br\/pgapven\/agro-7028-pratica-docente-ii\/\">AGRO 7028 \u2013 Teaching Practice II<\/a><\/span><\/p>\n<p><span style=\"font-family: georgia, palatino, serif;font-size: 12pt\"><strong><span class=\"tm11\">Laboratory\/<span lang=\"en\">Support Unit<\/span><\/span><\/strong><\/span><\/p>\n<p><span style=\"font-family: georgia, palatino, serif;font-size: 12pt\"><a href=\"https:\/\/agrarias.ufpr.br\/pgapven\/laboratorio-de-micropropagacao-de-plantas\/\">Plant Micropropagation Laboratory<\/a><\/span><\/p>\n<p><span style=\"font-family: georgia, palatino, serif;font-size: 12pt\"><a href=\"https:\/\/agrarias.ufpr.br\/pgapven\/laboratorio-de-micropropagacao-vegetal-lmv\/\"><span class=\"tm11\">Plant Micropropagation Laboratory (LMV)<\/span><\/a><\/span><\/p>\n<p><span style=\"font-family: georgia, palatino, serif;font-size: 12pt\"><strong>Publications<\/strong><\/span><\/p>\n<p><span style=\"font-family: georgia, palatino, serif;font-size: 12pt\"><a href=\"http:\/\/lattes.cnpq.br\/7947529909503630\"><strong class=\"alignnone\"><img loading=\"lazy\" decoding=\"async\" class=\"alignnone wp-image-742\" src=\"https:\/\/agrarias.ufpr.br\/fitotecnia\/wp-content\/uploads\/sites\/26\/2016\/03\/icon_lattes.png\" alt=\"icon_lattes\" width=\"30\" height=\"29\">&nbsp;<span style=\"color: #000080\">Lattes<\/span><\/strong><\/a><strong class=\"alignnone\"><span style=\"color: #000080\">&nbsp;<\/span> <a href=\"https:\/\/www.researchgate.net\/profile\/Marguerite_Quoirin\">&nbsp;<\/a><\/strong><strong class=\"alignnone\"><img loading=\"lazy\" decoding=\"async\" class=\"size-full wp-image-1136 alignnone\" src=\"https:\/\/agrarias.ufpr.br\/fitotecnia\/wp-content\/uploads\/sites\/26\/2016\/03\/apple-touch-icon-180x180-e1459453504744.png\" alt=\"apple-touch-icon-180x180\" width=\"29\" height=\"29\"><\/strong><strong class=\"alignnone\">&nbsp;<span style=\"color: #000080\"><a style=\"color: #000080\" href=\"https:\/\/www.researchgate.net\/profile\/Marguerite_Quoirin\">Research Gate<\/a><strong><a href=\"https:\/\/orcid.org\/0000-0003-3190-6895\"><img loading=\"lazy\" decoding=\"async\" class=\"alignnone wp-image-3185\" src=\"https:\/\/agrarias.ufpr.br\/pgapv\/wp-content\/uploads\/sites\/39\/2021\/02\/unnamed.jpg\" alt=\"\" width=\"93\" height=\"37\"><\/a><\/strong><\/span><\/strong><\/span><\/p>\n<p><span style=\"font-family: georgia, palatino, serif;font-size: 12pt\"><strong>Contacts<\/strong><\/span><\/p>\n<p><span style=\"font-family: georgia, palatino, serif;font-size: 12pt\"><img loading=\"lazy\" decoding=\"async\" class=\"alignnone wp-image-757\" src=\"https:\/\/agrarias.ufpr.br\/fitotecnia\/wp-content\/uploads\/sites\/26\/2016\/03\/email-small-.jpg\" alt=\"email small\" width=\"22\" height=\"22\">&nbsp;mquoirin@ufpr.br\/margtrop@gmail.com<\/span><\/p>\n<p><span style=\"font-family: georgia, palatino, serif;font-size: 12pt\"><img loading=\"lazy\" decoding=\"async\" class=\"wp-image-758 alignnone\" src=\"https:\/\/agrarias.ufpr.br\/fitotecnia\/wp-content\/uploads\/sites\/26\/2016\/03\/telefone.png\" alt=\"telefone\" width=\"22\" height=\"22\">+55 (41)&nbsp;3361-1502<\/span><\/p>\n","protected":false},"excerpt":{"rendered":"<p>Permanent Professor Academic education Postdoc, Universidade Paul Sabatier &#8211; Toulouse, Fran\u00e7a (2004-2005) Dr. in Agronomist, Facult\u00e9 des Sciences Agronomiques, FSAGx, Gembloux, B\u00e9lgica (1987) Agronomist, FSAGx (1970) Research line\/Area Physiology, Morphogenesis and Biotechnology\/In vitro plant tissue culture In vitro tissue culture of forest species and palm trees. Use of genetic transformation techniques to study resistance to [&hellip;]<\/p>\n","protected":false},"author":3,"featured_media":0,"parent":0,"menu_order":0,"comment_status":"closed","ping_status":"closed","template":"","meta":{"footnotes":""},"class_list":["post-628","page","type-page","status-publish","hentry"],"_links":{"self":[{"href":"https:\/\/agrarias.ufpr.br\/pgapven\/wp-json\/wp\/v2\/pages\/628","targetHints":{"allow":["GET"]}}],"collection":[{"href":"https:\/\/agrarias.ufpr.br\/pgapven\/wp-json\/wp\/v2\/pages"}],"about":[{"href":"https:\/\/agrarias.ufpr.br\/pgapven\/wp-json\/wp\/v2\/types\/page"}],"author":[{"embeddable":true,"href":"https:\/\/agrarias.ufpr.br\/pgapven\/wp-json\/wp\/v2\/users\/3"}],"replies":[{"embeddable":true,"href":"https:\/\/agrarias.ufpr.br\/pgapven\/wp-json\/wp\/v2\/comments?post=628"}],"version-history":[{"count":9,"href":"https:\/\/agrarias.ufpr.br\/pgapven\/wp-json\/wp\/v2\/pages\/628\/revisions"}],"predecessor-version":[{"id":4951,"href":"https:\/\/agrarias.ufpr.br\/pgapven\/wp-json\/wp\/v2\/pages\/628\/revisions\/4951"}],"wp:attachment":[{"href":"https:\/\/agrarias.ufpr.br\/pgapven\/wp-json\/wp\/v2\/media?parent=628"}],"curies":[{"name":"wp","href":"https:\/\/api.w.org\/{rel}","templated":true}]}}