{"id":597,"date":"2018-07-05T13:52:32","date_gmt":"2018-07-05T13:52:32","guid":{"rendered":"https:\/\/agrarias.ufpr.br\/pgapv\/?page_id=597"},"modified":"2021-02-19T14:46:25","modified_gmt":"2021-02-19T14:46:25","slug":"luiz-alberto-kozlowski","status":"publish","type":"page","link":"https:\/\/agrarias.ufpr.br\/pgapven\/luiz-alberto-kozlowski\/","title":{"rendered":"Luiz Alberto Kozlowski"},"content":{"rendered":"<div class=\"titulo_pagina\"><strong><span lang=\"en\" style=\"font-family: georgia, palatino, serif;\">Collaborating Professor<\/span><\/strong><\/div>\n<div>&nbsp;<\/div>\n<div>\n<p><span style=\"font-family: georgia, palatino, serif;\"><strong><span lang=\"en\">Academic education<\/span><\/strong><\/span><\/p>\n<p>Dr. em Produ\u00e7\u00e3o Vegetal, UFPR (2008)<\/p>\n<p>M.Sc. em Produ\u00e7\u00e3o Vegetal, UFPR (1999)<\/p>\n<p>Eng. Agr\u00f4nomo, UEM (1985)<\/p>\n<p>&nbsp;<\/p>\n<p><strong><span style=\"font-family: georgia, palatino, serif; font-size: 12pt;\"><span lang=\"en\">Research line<\/span>\/Area\/Sub-Area<\/span><\/strong><\/p>\n<p>Crop management \/ Annual Summer and Winter Crops \/ Phytotechnical and Phytosanitary Management<\/p>\n<p>&nbsp;<\/p>\n<p><strong>Subjects<\/strong><\/p>\n<p><a href=\"https:\/\/agrarias.ufpr.br\/pgapven\/agro-7038-manejo-de-lavouras-de-verao\/\">AGRO 7038 &#8211;&nbsp;<span lang=\"en\">Special Topics IV &#8211; Management of Summer Crops (Corn and Soy)<\/span><\/a><\/p>\n<p>&nbsp;<\/p>\n<p><strong><span class=\"tm11\">Laboratory\/<span lang=\"en\">Support Unit<\/span><\/span><\/strong><\/p>\n<p><a href=\"https:\/\/agrarias.ufpr.br\/pgapven\/laboratorio-de-fitotecnia\/\">Phytotechnics Laboratory<\/a><\/p>\n<p>&nbsp;<\/p>\n<p><strong>Publications<\/strong><\/p>\n<p><strong><a class=\"alignnone\" href=\"http:\/\/lattes.cnpq.br\/7247865611987854\"><img loading=\"lazy\" decoding=\"async\" class=\"alignnone wp-image-742\" src=\"https:\/\/agrarias.ufpr.br\/fitotecnia\/wp-content\/uploads\/sites\/26\/2016\/03\/icon_lattes.png\" alt=\"icon_lattes\" width=\"30\" height=\"29\"><span style=\"color: #000080;\">&nbsp;<\/span><\/a><span style=\"color: #000080;\"><a style=\"color: #000080;\" href=\"http:\/\/lattes.cnpq.br\/7247865611987854\">Lattes&nbsp;<\/a><\/span><\/strong><\/p>\n<p><img loading=\"lazy\" decoding=\"async\" class=\"wp-image-758 alignnone\" src=\"https:\/\/agrarias.ufpr.br\/fitotecnia\/wp-content\/uploads\/sites\/26\/2016\/03\/telefone.png\" alt=\"telefone\" width=\"22\" height=\"22\">+55 (41) 3350-5820<\/p>\n<p><img loading=\"lazy\" decoding=\"async\" class=\"alignnone wp-image-757\" src=\"https:\/\/agrarias.ufpr.br\/fitotecnia\/wp-content\/uploads\/sites\/26\/2016\/03\/email-small-.jpg\" alt=\"email small\" width=\"22\" height=\"22\">&nbsp;luizkozlowski@ufpr.br\/luizkozlowski.agro@gmail.com<\/p>\n<\/div>\n","protected":false},"excerpt":{"rendered":"<p>Collaborating Professor &nbsp; Academic education Dr. em Produ\u00e7\u00e3o Vegetal, UFPR (2008) M.Sc. em Produ\u00e7\u00e3o Vegetal, UFPR (1999) Eng. Agr\u00f4nomo, UEM (1985) &nbsp; Research line\/Area\/Sub-Area Crop management \/ Annual Summer and Winter Crops \/ Phytotechnical and Phytosanitary Management &nbsp; Subjects AGRO 7038 &#8211;&nbsp;Special Topics IV &#8211; Management of Summer Crops (Corn and Soy) &nbsp; Laboratory\/Support Unit [&hellip;]<\/p>\n","protected":false},"author":3,"featured_media":0,"parent":0,"menu_order":0,"comment_status":"closed","ping_status":"closed","template":"","meta":{"footnotes":""},"class_list":["post-597","page","type-page","status-publish","hentry"],"_links":{"self":[{"href":"https:\/\/agrarias.ufpr.br\/pgapven\/wp-json\/wp\/v2\/pages\/597","targetHints":{"allow":["GET"]}}],"collection":[{"href":"https:\/\/agrarias.ufpr.br\/pgapven\/wp-json\/wp\/v2\/pages"}],"about":[{"href":"https:\/\/agrarias.ufpr.br\/pgapven\/wp-json\/wp\/v2\/types\/page"}],"author":[{"embeddable":true,"href":"https:\/\/agrarias.ufpr.br\/pgapven\/wp-json\/wp\/v2\/users\/3"}],"replies":[{"embeddable":true,"href":"https:\/\/agrarias.ufpr.br\/pgapven\/wp-json\/wp\/v2\/comments?post=597"}],"version-history":[{"count":4,"href":"https:\/\/agrarias.ufpr.br\/pgapven\/wp-json\/wp\/v2\/pages\/597\/revisions"}],"predecessor-version":[{"id":4157,"href":"https:\/\/agrarias.ufpr.br\/pgapven\/wp-json\/wp\/v2\/pages\/597\/revisions\/4157"}],"wp:attachment":[{"href":"https:\/\/agrarias.ufpr.br\/pgapven\/wp-json\/wp\/v2\/media?parent=597"}],"curies":[{"name":"wp","href":"https:\/\/api.w.org\/{rel}","templated":true}]}}