{"id":520,"date":"2018-07-05T11:58:49","date_gmt":"2018-07-05T11:58:49","guid":{"rendered":"https:\/\/agrarias.ufpr.br\/pgapv\/?page_id=520"},"modified":"2018-07-05T11:58:49","modified_gmt":"2018-07-05T11:58:49","slug":"laboratorio-de-manejo-integrado-de-pragas-lamip","status":"publish","type":"page","link":"https:\/\/agrarias.ufpr.br\/pgapven\/laboratorio-de-manejo-integrado-de-pragas-lamip\/","title":{"rendered":"Laborat\u00f3rio de Manejo Integrado de Pragas (LAMIP)"},"content":{"rendered":"<div class=\"titulo_pagina\">&nbsp;<\/div>\n<div>\n<p><strong>Interesses de pesquisa<\/strong><\/p>\n<p>Manejo de pragas em fruteiras e estrat\u00e9gias complexas, com \u00eanfase para controle biol\u00f3gico e uso de semioqu\u00edmicos. Estudos sobre resist\u00eancia de artr\u00f3podos a produtos fitossanit\u00e1rios.<\/p>\n<p><strong>Coordenador<\/strong><\/p>\n<p><a href=\"https:\/\/agrarias.ufpr.br\/fitotecnia\/lino-bittencourt-monteiro\/\">Lino Bittencourt Monteiro<\/a><\/p>\n<p><strong>Colaboradores&nbsp;<\/strong><\/p>\n<p><a href=\"https:\/\/agrarias.ufpr.br\/fitotecnia\/afonso-takao-murata\/\">Afonso Takao Murata<\/a><\/p>\n<p><a href=\"https:\/\/agrarias.ufpr.br\/fitotecnia\/bruno-portela-brasileiro\/\">Bruno Portela Brasileiro<\/a><\/p>\n<p><strong>T\u00e9cnico<\/strong><\/p>\n<p><a href=\"https:\/\/agrarias.ufpr.br\/fitotecnia\/servidores\/\">Edson Chappuis<\/a><\/p>\n<p><strong>Contatos<\/strong><\/p>\n<p><strong><img loading=\"lazy\" decoding=\"async\" class=\"wp-image-758 alignnone\" src=\"https:\/\/agrarias.ufpr.br\/fitotecnia\/wp-content\/uploads\/sites\/26\/2016\/03\/telefone.png\" alt=\"telefone\" width=\"22\" height=\"22\">&nbsp;<\/strong>+55 (41) 3350-5671 e 5690<\/p>\n\n<\/div>\n","protected":false},"excerpt":{"rendered":"<p>&nbsp; Interesses de pesquisa Manejo de pragas em fruteiras e estrat\u00e9gias complexas, com \u00eanfase para controle biol\u00f3gico e uso de semioqu\u00edmicos. Estudos sobre resist\u00eancia de artr\u00f3podos a produtos fitossanit\u00e1rios. Coordenador Lino Bittencourt Monteiro Colaboradores&nbsp; Afonso Takao Murata Bruno Portela Brasileiro T\u00e9cnico Edson Chappuis Contatos &nbsp;+55 (41) 3350-5671 e 5690<\/p>\n","protected":false},"author":3,"featured_media":0,"parent":0,"menu_order":0,"comment_status":"closed","ping_status":"closed","template":"","meta":{"footnotes":""},"class_list":["post-520","page","type-page","status-publish","hentry"],"_links":{"self":[{"href":"https:\/\/agrarias.ufpr.br\/pgapven\/wp-json\/wp\/v2\/pages\/520","targetHints":{"allow":["GET"]}}],"collection":[{"href":"https:\/\/agrarias.ufpr.br\/pgapven\/wp-json\/wp\/v2\/pages"}],"about":[{"href":"https:\/\/agrarias.ufpr.br\/pgapven\/wp-json\/wp\/v2\/types\/page"}],"author":[{"embeddable":true,"href":"https:\/\/agrarias.ufpr.br\/pgapven\/wp-json\/wp\/v2\/users\/3"}],"replies":[{"embeddable":true,"href":"https:\/\/agrarias.ufpr.br\/pgapven\/wp-json\/wp\/v2\/comments?post=520"}],"version-history":[{"count":0,"href":"https:\/\/agrarias.ufpr.br\/pgapven\/wp-json\/wp\/v2\/pages\/520\/revisions"}],"wp:attachment":[{"href":"https:\/\/agrarias.ufpr.br\/pgapven\/wp-json\/wp\/v2\/media?parent=520"}],"curies":[{"name":"wp","href":"https:\/\/api.w.org\/{rel}","templated":true}]}}