{"id":4784,"date":"2021-04-14T16:38:16","date_gmt":"2021-04-14T16:38:16","guid":{"rendered":"https:\/\/agrarias.ufpr.br\/pgapven\/?page_id=4784"},"modified":"2026-02-04T20:14:03","modified_gmt":"2026-02-04T20:14:03","slug":"agro-7050-chemical-weed-control","status":"publish","type":"page","link":"https:\/\/agrarias.ufpr.br\/pgapven\/agro-7050-chemical-weed-control\/","title":{"rendered":"AGRO 7050 &#8211; Chemical Weed Control"},"content":{"rendered":"\n<p><span style=\"font-family: helvetica, arial, sans-serif; font-size: 12pt;\"><strong>Level<\/strong><\/span><\/p>\n\n\n\n<p><span style=\"font-family: helvetica, arial, sans-serif; font-size: 12pt;\">Master\/Doctoral<\/span><\/p>\n\n\n\n<p><span style=\"font-family: helvetica, arial, sans-serif; font-size: 12pt;\"><strong>Credits<\/strong><\/span><\/p>\n\n\n\n<p><span style=\"font-family: helvetica, arial, sans-serif; font-size: 12pt;\">04 (60 h)<\/span><\/p>\n\n\n\n<p><span style=\"font-family: helvetica, arial, sans-serif; font-size: 12pt;\"><strong>Content:<\/strong><\/span><\/p>\n\n\n\n<p><span style=\"font-family: helvetica, arial, sans-serif;\">Study and reflections on the chemical control of weeds and their impacts on the main agricultural crops found in Brazil. Deepening and characterizing the mechanisms of action of herbicides and their use.<\/span><\/p>\n\n\n\n<p class=\"Normal_Web_ tm11\"><span style=\"font-family: helvetica, arial, sans-serif; font-size: 12pt;\"><b>Professor<\/b><\/span><\/p>\n\n\n\n<p><a href=\"https:\/\/agrarias.ufpr.br\/pgapven\/alfredo-junior-paiola-albrecht\/\">Alfredo Junior Paiola Albrecht<\/a><\/p>\n\n\n\n<p><a href=\"https:\/\/agrarias.ufpr.br\/pgapven\/arthur-arrobas-martins-barroso\/\">Arthur Arrobas Martins Barroso<\/a><\/p>\n\n\n\n<p><a href=\"https:\/\/agrarias.ufpr.br\/pgapven\/leandro-payola-albrecht\/\">Leandro Paiola Albrecht<\/a><\/p>\n\n\n\n<p><span style=\"font-family: helvetica, arial, sans-serif; font-size: 12pt;\"><strong>References<\/strong><\/span><\/p>\n\n\n\n<p><span style=\"font-family: helvetica, arial, sans-serif;\">Baker, B. P., Green, T. A., &amp; Loker, A. J. (2020). Biological control and integrated pest management in organic and conventional systems. Biological Control, 140, 104095.<\/span><\/p>\n\n\n\n<p><span style=\"font-family: helvetica, arial, sans-serif;\">Barroso, A. A. M., Murata, A. T. Matologia: Estudos sobre plantas daninhas. Jaboticabal-SP: F\u00e1brica da Palavra, 2021. 547 p.<\/span><\/p>\n\n\n\n<p><span style=\"font-family: helvetica, arial, sans-serif;\">Camargo, E. R., Zapiola, M. L., de Avila, L. A., Garcia, M. A., Plaza, G., Gazziero, D., &amp; Hoyos, V. (2020). Current situation regarding herbicide regulation and public perception in South America. Weed Science, 68(3), 232-239.<\/span><\/p>\n\n\n\n<p><span style=\"font-family: helvetica, arial, sans-serif;\">Lopes, E. A. et al. A Qu\u00edmica na Produ\u00e7\u00e3o Vegetal. Rio Parana\u00edba: UFV, 2017. 399 p. https:\/\/www.researchgate.net\/publication\/320559510_A_quimica_na_producao_vegetal<\/span><\/p>\n\n\n\n<p><span style=\"font-family: helvetica, arial, sans-serif;\">Mendes, K.F. (2020). Plantas daninhas resistentes ao glyphosate no brasil: biologia, mecanismo de resist\u00eancia e manejo. Brazil Publishing, 266 p. https:\/\/doi.org\/10.31012\/978-65-87836-49-2<\/span><\/p>\n\n\n\n<p><span style=\"font-family: helvetica, arial, sans-serif;\">Mendes, K. F. (2020). Radioisotopes in weed research. 1a ed. CRC Press, 224 p.<\/span><\/p>\n\n\n\n<p><span style=\"font-family: helvetica, arial, sans-serif;\">Monquero, P. A. Aspectos da Biologia e Manejo das Plantas Daninhas. S\u00e3o Carlos: Rima, 2014. 400 p.<\/span><\/p>\n\n\n\n<p><span style=\"font-family: helvetica, arial, sans-serif;\">Monquero, P.A. Experimenta\u00e7\u00e3o com herbicidas. S\u00e3o Carlos: Rima, 2014. 192p.<\/span><\/p>\n\n\n\n<p><span style=\"font-family: helvetica, arial, sans-serif;\">Moss, S. (2019). Integrated weed management (IWM): why are farmers reluctant to adopt non\u2010chemical alternatives to herbicides?. Pest Management Science, 75(5), 1205-1211.<\/span><\/p>\n\n\n\n<p><span style=\"font-family: helvetica, arial, sans-serif;\">Neve, P., Barney, J. N., Buckley, Y., Cousens, R. D., Graham, S., Jordan, N. R., \u2026 &amp; Shaw, J. (2018). Reviewing research priorities in weed ecology, evolution and management: a horizon scan. Weed Research, 58(4), 250-258.<\/span><\/p>\n\n\n\n<p><span style=\"font-family: helvetica, arial, sans-serif;\">Oliveira Junior, R. S; Constantin, J.; Inoue, M.H. (ed.). Biologia e Manejo de Plantas Daninhas, Curitiba-PR, Omnipax, 2011 348p.<\/span><\/p>\n\n\n\n<p><span style=\"font-family: helvetica, arial, sans-serif;\">Oliveira, M. F.; Brighenti, A. M. Controle de plantas daninhas: M\u00e9todos f\u00edsico, mec\u00e2nico, cultural, biol\u00f3gico e alelopatia. Embrapa Milho e Sorgo, 2018. 196 p. Dispon\u00edvel em: https:\/\/www.embrapa.br\/busca-de-publicacoes\/-\/publicacao\/1103281\/controle-de-plantas-daninhas-metodos-fisico-mecanico-cultural-biologico-e-alelopatia<\/span><\/p>\n\n\n\n<p><span style=\"font-family: helvetica, arial, sans-serif;\">Pacanoski, Z. Herbicide Resistance in Weeds and Crops. Londres: IntechOpen, 2017. https:\/\/www.intechopen.com\/books\/herbicide-resistance-in-weeds-and-crops<\/span><\/p>\n\n\n\n<p><span style=\"font-family: helvetica, arial, sans-serif;\">Rodrigues, B. N.; &amp; Almeida, F. S. Guia de herbicidas. 7\u00aa edi\u00e7\u00e3o. Londrina: Ed. dos autores, 2018. 764 p.<\/span><\/p>\n","protected":false},"excerpt":{"rendered":"<p>Level Master\/Doctoral Credits 04 (60 h) Content: Study and reflections on the chemical control of weeds and their impacts on the main agricultural crops found in Brazil. Deepening and characterizing the mechanisms of action of herbicides and their use. Professor Alfredo Junior Paiola Albrecht Arthur Arrobas Martins Barroso Leandro Paiola Albrecht References Baker, B. P., [&hellip;]<\/p>\n","protected":false},"author":10271,"featured_media":0,"parent":0,"menu_order":0,"comment_status":"closed","ping_status":"closed","template":"","meta":{"footnotes":""},"class_list":["post-4784","page","type-page","status-publish","hentry"],"_links":{"self":[{"href":"https:\/\/agrarias.ufpr.br\/pgapven\/wp-json\/wp\/v2\/pages\/4784","targetHints":{"allow":["GET"]}}],"collection":[{"href":"https:\/\/agrarias.ufpr.br\/pgapven\/wp-json\/wp\/v2\/pages"}],"about":[{"href":"https:\/\/agrarias.ufpr.br\/pgapven\/wp-json\/wp\/v2\/types\/page"}],"author":[{"embeddable":true,"href":"https:\/\/agrarias.ufpr.br\/pgapven\/wp-json\/wp\/v2\/users\/10271"}],"replies":[{"embeddable":true,"href":"https:\/\/agrarias.ufpr.br\/pgapven\/wp-json\/wp\/v2\/comments?post=4784"}],"version-history":[{"count":5,"href":"https:\/\/agrarias.ufpr.br\/pgapven\/wp-json\/wp\/v2\/pages\/4784\/revisions"}],"predecessor-version":[{"id":32320,"href":"https:\/\/agrarias.ufpr.br\/pgapven\/wp-json\/wp\/v2\/pages\/4784\/revisions\/32320"}],"wp:attachment":[{"href":"https:\/\/agrarias.ufpr.br\/pgapven\/wp-json\/wp\/v2\/media?parent=4784"}],"curies":[{"name":"wp","href":"https:\/\/api.w.org\/{rel}","templated":true}]}}