{"id":4779,"date":"2021-04-14T16:31:34","date_gmt":"2021-04-14T16:31:34","guid":{"rendered":"https:\/\/agrarias.ufpr.br\/pgapven\/?page_id=4779"},"modified":"2026-02-04T20:18:54","modified_gmt":"2026-02-04T20:18:54","slug":"agro-7052-principles-of-bioeconomics-applied-to-integrated-production-systems","status":"publish","type":"page","link":"https:\/\/agrarias.ufpr.br\/pgapven\/agro-7052-principles-of-bioeconomics-applied-to-integrated-production-systems\/","title":{"rendered":"AGRO 7038 \u2013 Special Topics IV \u2013 Sustainable Management of Tropical Soils under Pastures and Large Crops"},"content":{"rendered":"\n<p><span style=\"font-family: helvetica, arial, sans-serif; font-size: 12pt;\"><strong>Level<\/strong><\/span><\/p>\n\n\n\n<p><span style=\"font-family: helvetica, arial, sans-serif; font-size: 12pt;\">Master\/Doctoral<\/span><\/p>\n\n\n\n<p><span style=\"font-family: helvetica, arial, sans-serif; font-size: 12pt;\"><strong>Credits<\/strong><\/span><\/p>\n\n\n\n<p><span style=\"font-family: helvetica, arial, sans-serif; font-size: 12pt;\">04 (60 h)<\/span><\/p>\n\n\n\n<p><span style=\"font-family: helvetica, arial, sans-serif; font-size: 12pt;\"><strong>Content:<\/strong><\/span><\/p>\n\n\n\n<p>Study of Tropical Soils. Understanding the Brazilian Cerrado. Introduction to Soils from the Cerrado region. Knowledge of highly weathered soils chemistry. Study of the Tropical forage grasses and legumes. Fundamental principles for the management of soybean, corn and cotton crops in the Cerrado region. Knowledge of soil acidity correction and fertilization. Advances in the management of forage and field crops for more efficient response to fertilization. Insertion of Cash crops in integrated crop-livestock systems. Study of the philosophy of \u2018System Fertilization\u2019.<\/p>\n\n\n\n<p class=\"Normal_Web_ tm11\"><span style=\"font-family: helvetica, arial, sans-serif; font-size: 12pt;\"><b>Professor<\/b><\/span><\/p>\n\n\n\n<p class=\"Normal_Web_ tm11\"><a href=\"https:\/\/agrarias.ufpr.br\/pgapven\/alda-lucia-gomes-monteiro-3\/\"><span style=\"font-family: helvetica, arial, sans-serif;\">Edcarlos Damacena de Souza<\/span><\/a><\/p>\n\n\n\n<p><span style=\"font-family: helvetica, arial, sans-serif; font-size: 12pt;\"><strong>References<\/strong><\/span><\/p>\n\n\n\n<p>ARANTES, N.E.; SOUZA, P.I.M. Cultura da soja nos cerrados. Piracicaba: POTAFO\u0301S, 1993. 535p.<\/p>\n\n\n\n<p>Associac\u0327a\u0303o Brasileira para Pesquisa da Potassa e do Fosfato. Fenologia da soja. Piracicaba:POTAFO\u0301S, 1998, 16p. (Informac\u0327o\u0303es Agrono\u0302micas, no. 82<\/p>\n\n\n\n<p>BELTRA\u0303O, N.E.M. O agronego\u0301cio do algoda\u0303o no Brasil v. 1 e 2. Brasi\u0301lia, EMBRAPA, 1999. 1023p.<\/p>\n\n\n\n<p>BONATO, E.R. (ed.) Estresses em soja. Passo Fundo, 2000, 254p.<\/p>\n\n\n\n<p>CA\u0302MARA, G.M.S (org) Soja: tecnologia de produc\u0327a\u0303o II. Piracicaba: ESALQ\/USP, 2000, 450p.<\/p>\n\n\n\n<p>CIA, E.; FREIRE, E.C.; SANTOS, W.J. Cultura do algodoeiro. Piracicaba:Potafo\u0301s, 1999. 286p.<\/p>\n\n\n\n<p>COELHO, A.M.; FRANC\u0327A, G.E. Arquivo do Agro\u0302nomo: seja o doutor do seu milho. Piracicaba: POTAFOS, n.2, 4p. set.1993. (Informac\u0327o\u0303es Agrono\u0302micas, 63).<\/p>\n\n\n\n<p>COELHO, A.M.; FRANC\u0327A, G.E. Arquivo do Agro\u0302nomo: seja o doutor do seu milho. Piracicaba: POTAFOS, 2 ed., n.2, 4p. set.1995.<\/p>\n\n\n\n<p>CRUZ, I.; VIANA, P.A.; WAQUIL, J.M. Manejo das pragas iniciais de milho mediante o tratamento de sementes com inseticidas siste\u0302micos. Sete Lagoas: EMBRAPA-CNPMS, 1998, 39p. (Circular Te\u0301cnica, 31).<\/p>\n\n\n\n<p>CRUZ, J.C. et al. Recomendac\u0327o\u0303es te\u0301cnicas para o cultivo do milho. Brasi\u0301lia: Embrapa, 1993. 204p.<\/p>\n\n\n\n<p>DOURADO NETO, D.; FANCELLI, A.L. Produc\u0327a\u0303o de milho. Guai\u0301ba: Agropecua\u0301ria, 2000. 360p.<\/p>\n\n\n\n<p>EMBRAPA. Algoda\u0303o: informac\u0327o\u0303es te\u0301cnicas. Dourados: EMBRAPA-CPAO, Campina Grande: EMBRAPA-CNPA, 1998, 267p.<\/p>\n\n\n\n<p>EMBRAPA. Centro de Pesquisa Agropecua\u0301ria do Oeste.Milho: informac\u0327o\u0303es te\u0301cnicas, Dourados: Embrapa-CPAO, 1997. 222p. (Embrapa-Cpao. Circular Te\u0301cnica,5).<\/p>\n\n\n\n<p>Embrapa. Tecnologias de produc\u0327a\u0303o de soja. Regia\u0303o central do Brasil 2004. Londrina: 2003. 237p.<\/p>\n\n\n\n<p>Fundac\u0327a\u0303o, MT. Boletim de pesquisa de soja no7. Rondono\u0301polis, 2003, 228p.<\/p>\n\n\n\n<p>GRIDI-PAPP, I.L. et al., Manual do produtor de algoda\u0303o. Sa\u0303o Paulo:Bolsa de Mercadorias &amp; Futuros, 1992, 158p.<\/p>\n\n\n\n<p>JULIATTI, F.C.; POLIZEL, A.C.; JULIATTI, F.C. Manejo integrado de doenc\u0327as na cultura da soja. Uberla\u0302ndia, 2004, 327p.<\/p>\n\n\n\n<p>MELO, V. F. &amp; ALLEONI, L. R. Qu\u00edmica e Mineralogia do Solo: Parte II &#8211; Aplica\u00e7\u00f5es. 1. ed. Vi\u00e7osa: Sociedade Brasileira de Ci\u00eancia do Solo, 2009. 685 p.<\/p>\n\n\n\n<p>NOVAIS, R.F. de; ALVAREZ, V.H.; BARROS, N.F.; FONTES, R.L.F.; CANTARUTTI, R.B.; NEVES, J.C.L. Fertilidade do Solo. 1\u00aa. ed. Vi\u00e7osa: Sociedade Brasileira de Ci\u00eancia do Solo, 2007. 1017p.<\/p>\n\n\n\n<p>PINTO, M.N. Cerrado. EdUnB, 1994, 681p.<\/p>\n\n\n\n<p>REIS, R.A.; BERNARDES, T.F.; SIQUEIRA, G.R. Forragicultura. Ci\u00eancia, tecnologia e gest\u00e3o dos recursos forrageiros. Editora: FUNEP. 1 ed. 714p. 2014.<\/p>\n\n\n\n<p>RIBEIRO, J.F. 1998. Cerrado: matas de galeria. EMBRAPA. 163P.<\/p>\n\n\n\n<p>SOUSA, D.M.G. &amp; LOBATO, E. (eds). Cerrado: corre\u00e7\u00e3o do solo e aduba\u00e7\u00e3o. Embrapa Cerrados. Planaltina-DF, 2002.<\/p>\n\n\n\n<p>SOUZA, E.D.; SILVA, F.D.; ASSMANN, T.S.; CARNEIRO, M.A.C.; CARVALHO, P.C.F.; PAULINO, H.B. Sistemas Integrados de Produ\u00e7\u00e3o Agropecu\u00e1ria no Brasil.1 ed. Tubar\u00e3o: Copiart, 2018. 342 p.<\/p>\n\n\n\n<p>VARGAS, L.; ROMAN, E.S. Controle de plantas daninhas na cultura da soja. Unai\u0301, 2000, 142p.<\/p>\n","protected":false},"excerpt":{"rendered":"<p>Level Master\/Doctoral Credits 04 (60 h) Content: Study of Tropical Soils. Understanding the Brazilian Cerrado. Introduction to Soils from the Cerrado region. Knowledge of highly weathered soils chemistry. Study of the Tropical forage grasses and legumes. Fundamental principles for the management of soybean, corn and cotton crops in the Cerrado region. Knowledge of soil acidity [&hellip;]<\/p>\n","protected":false},"author":10271,"featured_media":0,"parent":0,"menu_order":0,"comment_status":"closed","ping_status":"closed","template":"","meta":{"footnotes":""},"class_list":["post-4779","page","type-page","status-publish","hentry"],"_links":{"self":[{"href":"https:\/\/agrarias.ufpr.br\/pgapven\/wp-json\/wp\/v2\/pages\/4779","targetHints":{"allow":["GET"]}}],"collection":[{"href":"https:\/\/agrarias.ufpr.br\/pgapven\/wp-json\/wp\/v2\/pages"}],"about":[{"href":"https:\/\/agrarias.ufpr.br\/pgapven\/wp-json\/wp\/v2\/types\/page"}],"author":[{"embeddable":true,"href":"https:\/\/agrarias.ufpr.br\/pgapven\/wp-json\/wp\/v2\/users\/10271"}],"replies":[{"embeddable":true,"href":"https:\/\/agrarias.ufpr.br\/pgapven\/wp-json\/wp\/v2\/comments?post=4779"}],"version-history":[{"count":7,"href":"https:\/\/agrarias.ufpr.br\/pgapven\/wp-json\/wp\/v2\/pages\/4779\/revisions"}],"predecessor-version":[{"id":32351,"href":"https:\/\/agrarias.ufpr.br\/pgapven\/wp-json\/wp\/v2\/pages\/4779\/revisions\/32351"}],"wp:attachment":[{"href":"https:\/\/agrarias.ufpr.br\/pgapven\/wp-json\/wp\/v2\/media?parent=4779"}],"curies":[{"name":"wp","href":"https:\/\/api.w.org\/{rel}","templated":true}]}}