{"id":4773,"date":"2021-04-14T16:24:07","date_gmt":"2021-04-14T16:24:07","guid":{"rendered":"https:\/\/agrarias.ufpr.br\/pgapven\/?page_id=4773"},"modified":"2026-02-04T20:13:53","modified_gmt":"2026-02-04T20:13:53","slug":"agro-7051-integrated-weed-management","status":"publish","type":"page","link":"https:\/\/agrarias.ufpr.br\/pgapven\/agro-7051-integrated-weed-management\/","title":{"rendered":"AGRO 7051 &#8211; Integrated Weed Management"},"content":{"rendered":"\n<p><span style=\"font-family: helvetica, arial, sans-serif; font-size: 12pt;\"><strong>Level<\/strong><\/span><\/p>\n\n\n\n<p><span style=\"font-family: helvetica, arial, sans-serif; font-size: 12pt;\">Master\/Doctoral<\/span><\/p>\n\n\n\n<p><span style=\"font-family: helvetica, arial, sans-serif; font-size: 12pt;\"><strong>Credits<\/strong><\/span><\/p>\n\n\n\n<p><span style=\"font-family: helvetica, arial, sans-serif; font-size: 12pt;\">04 (60 h)<\/span><\/p>\n\n\n\n<p><span style=\"font-family: helvetica, arial, sans-serif; font-size: 12pt;\"><strong>Content:<\/strong><\/span><\/p>\n\n\n\n<p><span style=\"font-family: helvetica, arial, sans-serif;\">Practical deepening, analysis, reflections, and debates on the integrated management of weeds in the main production systems found in Brazil. Seeking to build the conceptual and applied bases of the interface: production and sustainability.<\/span><\/p>\n\n\n\n<p class=\"Normal_Web_ tm11\"><span style=\"font-family: helvetica, arial, sans-serif; font-size: 12pt;\"><b>Professor<\/b><\/span><\/p>\n\n\n\n<p><a href=\"https:\/\/agrarias.ufpr.br\/pgapven\/alfredo-junior-paiola-albrecht\/\">Alfredo Junior Paiola Albrecht<\/a><\/p>\n\n\n\n<p><a href=\"https:\/\/agrarias.ufpr.br\/pgapven\/arthur-arrobas-martins-barroso\/\">Arthur Arrobas Martins Barroso<\/a><\/p>\n\n\n\n<p><a href=\"https:\/\/agrarias.ufpr.br\/pgapven\/leandro-payola-albrecht\/\">Leandro Paiola Albrecht<\/a><\/p>\n\n\n\n<p><span style=\"font-family: helvetica, arial, sans-serif; font-size: 12pt;\"><strong>References<\/strong><\/span><\/p>\n\n\n\n<p><span style=\"font-family: helvetica, arial, sans-serif;\">Albrecht, L. P.; Missio, R. F. (Editores). Manejo de cultivos transg\u00eanicos. Palotina \u2013 PR: UFPR\/PROEC, 2013. 139p.<\/span><\/p>\n\n\n\n<p><span style=\"font-family: helvetica, arial, sans-serif;\">Bagavathiannan, M. V., &amp; Davis, A. S. (2018). An ecological perspective on managing weeds during the great selection for herbicide resistance. Pest Management Science, 74(10), 2277-2286.<\/span><\/p>\n\n\n\n<p><span style=\"font-family: helvetica, arial, sans-serif;\">Barroso, A. A. M., Murata, A. T. Matologia: Estudos sobre plantas daninhas. Jaboticabal-SP: F\u00e1brica da Palavra, 2021. 547 p.<\/span><\/p>\n\n\n\n<p><span style=\"font-family: helvetica, arial, sans-serif;\">Bungenstab, D. J. Sistemas de integra\u00e7\u00e3o lavoura-pecu\u00e1ria-floresta: a produ\u00e7\u00e3o sustent\u00e1vel (2\u00aa Edi\u00e7\u00e3o). Embrapa Agropecu\u00e1ria Oeste, 2012. 239p.<\/span><\/p>\n\n\n\n<p><span style=\"font-family: helvetica, arial, sans-serif;\">Korres, N. E., Burgos, N. R., Travlos, I., Vurro, M., Gitsopoulos, T. K., Varanasi, V. K., \u2026 &amp; Salas-Perez, R. (2019). New directions for integrated weed management: Modern technologies, tools and knowledge discovery. Advances in Agronomy, 155, 243-319.<\/span><\/p>\n\n\n\n<p><span style=\"font-family: helvetica, arial, sans-serif;\">Lorenzi, H. Manual de Identifica\u00e7\u00e3o e controle de plantas daninhas. 7\u00aa ed. Plantarum, 2014.<\/span><\/p>\n\n\n\n<p><span style=\"font-family: helvetica, arial, sans-serif;\">Mac\u00edas, F. A., Mej\u00edas, F. J., &amp; Molinillo, J. M. (2019). Recent advances in allelopathy for weed control: from knowledge to applications. Pest Management Science, 75(9), 2413-2436.<\/span><\/p>\n\n\n\n<p><span style=\"font-family: helvetica, arial, sans-serif;\">Monquero, P. A. Aspectos da Biologia e Manejo das Plantas Daninhas. S\u00e3o Carlos: Rima, 2014. 400 p.<\/span><\/p>\n\n\n\n<p><span style=\"font-family: helvetica, arial, sans-serif;\">Monquero, P.A. Experimenta\u00e7\u00e3o com herbicidas. S\u00e3o Carlos: Rima, 2014. 192p.<\/span><\/p>\n\n\n\n<p><span style=\"font-family: helvetica, arial, sans-serif;\">Monquero, P. A. Manejo de Plantas Daninhas nas Culturas Agr\u00edcolas. S\u00e3o Carlos: Rima, 2014.<\/span><\/p>\n\n\n\n<p><span style=\"font-family: helvetica, arial, sans-serif;\">Oliveira Junior, R. S; Constantin, J.; Inoue, M.H. (ed.). Biologia e Manejo de Plantas Daninhas, Curitiba-PR, Omnipax, 2011 348p.<\/span><\/p>\n\n\n\n<p><span style=\"font-family: helvetica, arial, sans-serif;\">Oliveira, M. F.; Brighenti, A. M. Controle de plantas daninhas: M\u00e9todos f\u00edsico, mec\u00e2nico, cultural, biol\u00f3gico e alelopatia. Embrapa Milho e Sorgo, 2018. 196 p. Dispon\u00edvel em: https:\/\/www.embrapa.br\/busca-de-publicacoes\/-\/publicacao\/1103281\/controle-de-plantas-daninhas-metodos-fisico-mecanico-cultural-biologico-e-alelopatia<\/span><\/p>\n\n\n\n<p><span style=\"font-family: helvetica, arial, sans-serif;\">Schwartz-Lazaro, L. M., &amp; Copes, J. T. (2019). A review of the soil seedbank from a weed scientists perspective. Agronomy, 9(7), 369.<\/span><\/p>\n\n\n\n<p><span style=\"font-family: helvetica, arial, sans-serif;\">Westwood, J. H., Charudattan, R., Duke, S. O., Fennimore, S. A., Marrone, P., Slaughter, D. C., \u2026 &amp; Zollinger, R. (2018). Weed management in 2050: perspectives on the future of weed science. Weed Science, 66(3), 275-285.<\/span><\/p>\n","protected":false},"excerpt":{"rendered":"<p>Level Master\/Doctoral Credits 04 (60 h) Content: Practical deepening, analysis, reflections, and debates on the integrated management of weeds in the main production systems found in Brazil. Seeking to build the conceptual and applied bases of the interface: production and sustainability. Professor Alfredo Junior Paiola Albrecht Arthur Arrobas Martins Barroso Leandro Paiola Albrecht References Albrecht, [&hellip;]<\/p>\n","protected":false},"author":10271,"featured_media":0,"parent":0,"menu_order":0,"comment_status":"closed","ping_status":"closed","template":"","meta":{"footnotes":""},"class_list":["post-4773","page","type-page","status-publish","hentry"],"_links":{"self":[{"href":"https:\/\/agrarias.ufpr.br\/pgapven\/wp-json\/wp\/v2\/pages\/4773","targetHints":{"allow":["GET"]}}],"collection":[{"href":"https:\/\/agrarias.ufpr.br\/pgapven\/wp-json\/wp\/v2\/pages"}],"about":[{"href":"https:\/\/agrarias.ufpr.br\/pgapven\/wp-json\/wp\/v2\/types\/page"}],"author":[{"embeddable":true,"href":"https:\/\/agrarias.ufpr.br\/pgapven\/wp-json\/wp\/v2\/users\/10271"}],"replies":[{"embeddable":true,"href":"https:\/\/agrarias.ufpr.br\/pgapven\/wp-json\/wp\/v2\/comments?post=4773"}],"version-history":[{"count":5,"href":"https:\/\/agrarias.ufpr.br\/pgapven\/wp-json\/wp\/v2\/pages\/4773\/revisions"}],"predecessor-version":[{"id":32319,"href":"https:\/\/agrarias.ufpr.br\/pgapven\/wp-json\/wp\/v2\/pages\/4773\/revisions\/32319"}],"wp:attachment":[{"href":"https:\/\/agrarias.ufpr.br\/pgapven\/wp-json\/wp\/v2\/media?parent=4773"}],"curies":[{"name":"wp","href":"https:\/\/api.w.org\/{rel}","templated":true}]}}