{"id":336,"date":"2018-07-04T13:38:32","date_gmt":"2018-07-04T13:38:32","guid":{"rendered":"https:\/\/agrarias.ufpr.br\/pgapv\/?page_id=336"},"modified":"2018-07-04T13:38:32","modified_gmt":"2018-07-04T13:38:32","slug":"apv-7037-topicos-especiais-iv-manejo-da-lavoura-da-cana-de-acucar","status":"publish","type":"page","link":"https:\/\/agrarias.ufpr.br\/pgapven\/apv-7037-topicos-especiais-iv-manejo-da-lavoura-da-cana-de-acucar\/","title":{"rendered":"APV 7037 \u2013 T\u00d3PICOS ESPECIAIS IV  MANEJO DA LAVOURA DA CANA-DE-A\u00c7\u00daCAR"},"content":{"rendered":"<p>&nbsp;<\/p>\n<table width=\"532\">\n<tbody>\n<tr>\n<td width=\"532\">N\u00edvel: MESTRADO\/DOUTORADO<\/td>\n<\/tr>\n<tr>\n<td width=\"532\">Natureza: SEMESTRAL<\/td>\n<\/tr>\n<tr>\n<td width=\"532\">Carga Hor\u00e1ria: 60 horas (30 te\u00f3rica \/ 30 pr\u00e1tica)<\/td>\n<\/tr>\n<tr>\n<td width=\"532\">Cr\u00e9dito: 04<\/td>\n<\/tr>\n<tr>\n<td width=\"532\">Ementa: Princ\u00edpios de fisioecologia aplicados ao manejo da lavoura de cana. Discuss\u00e3o dos avan\u00e7os em t\u00e9cnicas do manejo, inter-relacionamento entre a morfologia, fisiologia e express\u00e3o final do produto econ\u00f4mico da cana-de-a\u00e7\u00facar. Avan\u00e7os e inova\u00e7\u00f5es que permitam a obten\u00e7\u00e3o de alta efici\u00eancia na produtividade agroindustrial.<\/p>\n<p>Aulas. Palestras e confer\u00eancias. Nesta disciplina ser\u00e3o oferecidas oportunidades espec\u00edficas para um ou mais alunos interessados em t\u00f3picos especiais relacionados com os \u00faltimos desenvolvimentos no campo da produ\u00e7\u00e3o vegetal.<\/td>\n<\/tr>\n<tr>\n<td width=\"532\">Cursos para os quais \u00e9 ministrada: &nbsp;Agronomia-Produ\u00e7\u00e3o Vegetal<\/td>\n<\/tr>\n<tr>\n<td width=\"532\">Professor Respons\u00e1vel: Prof. Dr. Edelclaiton Daros<\/td>\n<\/tr>\n<\/tbody>\n<\/table>\n","protected":false},"excerpt":{"rendered":"<p>&nbsp; N\u00edvel: MESTRADO\/DOUTORADO Natureza: SEMESTRAL Carga Hor\u00e1ria: 60 horas (30 te\u00f3rica \/ 30 pr\u00e1tica) Cr\u00e9dito: 04 Ementa: Princ\u00edpios de fisioecologia aplicados ao manejo da lavoura de cana. Discuss\u00e3o dos avan\u00e7os em t\u00e9cnicas do manejo, inter-relacionamento entre a morfologia, fisiologia e express\u00e3o final do produto econ\u00f4mico da cana-de-a\u00e7\u00facar. Avan\u00e7os e inova\u00e7\u00f5es que permitam a obten\u00e7\u00e3o de [&hellip;]<\/p>\n","protected":false},"author":3,"featured_media":0,"parent":0,"menu_order":0,"comment_status":"closed","ping_status":"closed","template":"","meta":{"footnotes":""},"class_list":["post-336","page","type-page","status-publish","hentry"],"_links":{"self":[{"href":"https:\/\/agrarias.ufpr.br\/pgapven\/wp-json\/wp\/v2\/pages\/336","targetHints":{"allow":["GET"]}}],"collection":[{"href":"https:\/\/agrarias.ufpr.br\/pgapven\/wp-json\/wp\/v2\/pages"}],"about":[{"href":"https:\/\/agrarias.ufpr.br\/pgapven\/wp-json\/wp\/v2\/types\/page"}],"author":[{"embeddable":true,"href":"https:\/\/agrarias.ufpr.br\/pgapven\/wp-json\/wp\/v2\/users\/3"}],"replies":[{"embeddable":true,"href":"https:\/\/agrarias.ufpr.br\/pgapven\/wp-json\/wp\/v2\/comments?post=336"}],"version-history":[{"count":0,"href":"https:\/\/agrarias.ufpr.br\/pgapven\/wp-json\/wp\/v2\/pages\/336\/revisions"}],"wp:attachment":[{"href":"https:\/\/agrarias.ufpr.br\/pgapven\/wp-json\/wp\/v2\/media?parent=336"}],"curies":[{"name":"wp","href":"https:\/\/api.w.org\/{rel}","templated":true}]}}