{"id":32084,"date":"2025-06-26T18:51:46","date_gmt":"2025-06-26T18:51:46","guid":{"rendered":"https:\/\/agrarias.ufpr.br\/pgapven\/?page_id=32084"},"modified":"2025-06-28T17:25:03","modified_gmt":"2025-06-28T17:25:03","slug":"agro-7038-special-topics-iv-production-technologies-for-major-field-crops-soybeans-and-corn","status":"publish","type":"page","link":"https:\/\/agrarias.ufpr.br\/pgapven\/agro-7038-special-topics-iv-production-technologies-for-major-field-crops-soybeans-and-corn\/","title":{"rendered":"AGRO 7038 \u2013 Special Topics IV \u2013 Production Technologies for Major Field Crops: Soybeans and Corn"},"content":{"rendered":"\n<p><strong>Level<\/strong><\/p>\n\n\n\n<p>Master\/Doctoral<\/p>\n\n\n\n<p><strong>Credits<\/strong><\/p>\n\n\n\n<p>04 (60 h)<\/p>\n\n\n\n<p><strong>Content:<\/strong><\/p>\n\n\n\n<p>Agribusiness, agroecosystems, and the production of major crops under tropical and subtropical conditions. Ecophysiology of production and agrotechnologies in soybean and maize crops. Technologies, management practices, and production systems involving soybean and maize. Innovations and perspectives in sustainable soybean and maize production.<\/p>\n\n\n\n<p><strong>Professor<\/strong><\/p>\n\n\n\n<p><a href=\"https:\/\/agrarias.ufpr.br\/pgapven\/alfredo-junior-paiola-albrecht\/\">Alfredo Junior Paiola Albrecht<\/a><\/p>\n\n\n\n<p><a href=\"https:\/\/agrarias.ufpr.br\/pgapven\/arthur-arrobas-martins-barroso\/\">Arthur Arrobas Martins Barroso<\/a><\/p>\n\n\n\n<p><a href=\"https:\/\/agrarias.ufpr.br\/pgapven\/leandro-payola-albrecht\/\">Leandro Paiola Albrecht<\/a><\/p>\n\n\n\n<p><strong>References<\/strong><\/p>\n\n\n\n<p>CONAB \u2013 Companhia Nacional de Abastecimento. Dispon\u00edvel em: https:\/\/www.gov.br\/conab\/pt-br. Acesso em: 30 maio 2025.<\/p>\n\n\n\n<p>EMBRAPA MILHO E SORGO. Sistemas Diferenciais de Cultivo: Milho. Sete Lagoas: Embrapa Milho e Sorgo, 2021. Dispon\u00edvel em: https:\/\/www.embrapa.br\/en\/web\/portal\/agencia-de-informacao-tecnologica\/cultivos\/milho\/producao\/sistemas-diferenciais-de-cultivo. Acesso em: 30 maio 2025.<\/p>\n\n\n\n<p>EMBRAPA SOJA. Ecofisiologia da soja. Londrina: Embrapa Soja, 2007. 8 p. Circular T\u00e9cnica, 48. Dispon\u00edvel em: https:\/\/www.infoteca.cnptia.embrapa.br\/infoteca\/handle\/doc\/470308. Acesso em: 30 maio 2025.<\/p>\n\n\n\n<p>EMBRAPA SOJA. Tecnologias de Produ\u00e7\u00e3o de Soja \u2013 Regi\u00e3o Central do Brasil. Londrina: Embrapa Soja, 2023. Dispon\u00edvel em: https:\/\/www.embrapa.br\/soja. Acesso em: 30 maio 2025.<\/p>\n\n\n\n<p>GAZETA EDITORA. Anu\u00e1rio Brasileiro do Milho 2023. 1. ed. Santa Cruz do Sul: Gazeta Editora, 2023. 200 p.<\/p>\n\n\n\n<p>MAGALH\u00c3ES, Paulo C\u00e9sar; DURAES, Frederico Ozanan de Oliveira Machado. Ecofisiologia. In: CRUZ, Jos\u00e9 Carlos (Ed.). Cultivo do milho. 4. ed. Sete Lagoas: Embrapa Milho e Sorgo, 2008. p. 65\u2013110. (Sistemas de Produ\u00e7\u00e3o, 1).<\/p>\n\n\n\n<p>OLIVEIRA, Carlos Manoel de. Cultura da soja: estrat\u00e9gias para o manejo eficiente. S\u00e3o Paulo: Amazon, 2024. 238 p.<\/p>\n\n\n\n<p>OLIVEIRA, Maur\u00edcio de; LANG, Gustavo Heinrich; FERREIRA, Cristiano Dietrich. Milho: Qu\u00edmica, Tecnologia e Usos. S\u00e3o Paulo: Blucher, 2022. 432 p.<\/p>\n\n\n\n<p>SILVA E CASTRO, Leonardo Humberto; BOR\u00c9M, Alu\u00edzio; PELUZIO, Joenes Mucci; FERREIRA J\u00daNIOR, Jos\u00e9 Arantes (Org.). Soja: estrat\u00e9gia e sustentabilidade produtiva. 1. ed. Santa Maria: Editora GR, 2021. 496 p.<\/p>\n\n\n\n<p>SILVA, Felipe; BOR\u00c9M, Alu\u00edzio; SEDIYAMA, Tuneo; CAMARA, Gil (Org.). Soja: do plantio \u00e0 colheita. 1. ed. S\u00e3o Paulo: Oficina de Textos, 2022. 312 p.<\/p>\n\n\n\n<p>ZANON, Alencar Junior; TAGLIAPIETRA, Eduardo Lago; SOARES, Jos\u00e9 Roberto; et al. Ecofisiologia da soja: visando altas produtividades. 2. ed. Vi\u00e7osa, MG: Editora UFV, 2022. 432 p.<\/p>\n\n\n\n<p>ZANON, Alencar Junior; PILECCO, Isabela (Org.). Ecofisiologia do milho visando altas produtividades. 2. ed. S\u00e3o Paulo: Oficina de Textos,&nbsp;2024.&nbsp;400&nbsp;p.<\/p>\n","protected":false},"excerpt":{"rendered":"<p>Level Master\/Doctoral Credits 04 (60 h) Content: Agribusiness, agroecosystems, and the production of major crops under tropical and subtropical conditions. Ecophysiology of production and agrotechnologies in soybean and maize crops. Technologies, management practices, and production systems involving soybean and maize. Innovations and perspectives in sustainable soybean and maize production. Professor Alfredo Junior Paiola Albrecht Arthur [&hellip;]<\/p>\n","protected":false},"author":3,"featured_media":0,"parent":0,"menu_order":0,"comment_status":"closed","ping_status":"closed","template":"","meta":{"footnotes":""},"class_list":["post-32084","page","type-page","status-publish","hentry"],"_links":{"self":[{"href":"https:\/\/agrarias.ufpr.br\/pgapven\/wp-json\/wp\/v2\/pages\/32084","targetHints":{"allow":["GET"]}}],"collection":[{"href":"https:\/\/agrarias.ufpr.br\/pgapven\/wp-json\/wp\/v2\/pages"}],"about":[{"href":"https:\/\/agrarias.ufpr.br\/pgapven\/wp-json\/wp\/v2\/types\/page"}],"author":[{"embeddable":true,"href":"https:\/\/agrarias.ufpr.br\/pgapven\/wp-json\/wp\/v2\/users\/3"}],"replies":[{"embeddable":true,"href":"https:\/\/agrarias.ufpr.br\/pgapven\/wp-json\/wp\/v2\/comments?post=32084"}],"version-history":[{"count":4,"href":"https:\/\/agrarias.ufpr.br\/pgapven\/wp-json\/wp\/v2\/pages\/32084\/revisions"}],"predecessor-version":[{"id":32148,"href":"https:\/\/agrarias.ufpr.br\/pgapven\/wp-json\/wp\/v2\/pages\/32084\/revisions\/32148"}],"wp:attachment":[{"href":"https:\/\/agrarias.ufpr.br\/pgapven\/wp-json\/wp\/v2\/media?parent=32084"}],"curies":[{"name":"wp","href":"https:\/\/api.w.org\/{rel}","templated":true}]}}