{"id":32072,"date":"2025-06-26T18:37:38","date_gmt":"2025-06-26T18:37:38","guid":{"rendered":"https:\/\/agrarias.ufpr.br\/pgapven\/?page_id=32072"},"modified":"2025-06-28T17:19:24","modified_gmt":"2025-06-28T17:19:24","slug":"agro-7038-special-topics-iv-molecular-biology-for-plant-breeding","status":"publish","type":"page","link":"https:\/\/agrarias.ufpr.br\/pgapven\/agro-7038-special-topics-iv-molecular-biology-for-plant-breeding\/","title":{"rendered":"AGRO 7038 \u2013 Special Topics IV \u2013 Molecular Biology for Plant Breeding"},"content":{"rendered":"\n<p><strong>Level<\/strong><\/p>\n\n\n\n<p>Master\/Doctoral<\/p>\n\n\n\n<p><strong>Credits<\/strong><\/p>\n\n\n\n<p>04 (60 h)<\/p>\n\n\n\n<p><strong>Content:<\/strong><\/p>\n\n\n\n<p>Plant molecular biology, gene expression analysis, vector construction, transgenesis and genome editing, RNA interference, non-transgenic methods, biosafety, and current legislation regarding plant biotechnological products.<\/p>\n\n\n\n<p><strong>Professor<\/strong><\/p>\n\n\n\n<p><a href=\"https:\/\/agrarias.ufpr.br\/pgapven\/alessandra-ferreira-ribas\/\" data-type=\"page\" data-id=\"31976\">Alessandra Ferreira Ribas<\/a><\/p>\n\n\n\n<p><strong>References<\/strong><\/p>\n\n\n\n<p>ALBERTS, B.; BRAY, D.; LEWIS, J.; RAFF, M.; ROBERTS, K.; WATSON, J. D. Biologia molecular da c\u00e9lula. 6 Ed. Porto Alegre: Artes M\u00e9dicas.&nbsp;2017.&nbsp;<\/p>\n\n\n\n<p>BALLEREAU S. et al. Functional Genomics, Proteomics, Metabolomics and Bioinformatics for Systems Biology. In: Prokop A., Csuk\u00e1s B. (eds) Systems Biology.&nbsp;Springer, Dordrecht, 2013.&nbsp;<\/p>\n\n\n\n<p>BRASILEIRO, A., C., M. Manual de transforma\u00e7\u00e3o gen\u00e9tica de plantas \/editado por Ana Cristina Miranda Brasileiro; Vera Tavares de Campos Carneiro. Brasilia: Embrapa\u00acSPI\/Embrapa Cenargen, 2 ed. 2015.&nbsp;456p.&nbsp;<\/p>\n\n\n\n<p>EDWIN, F., G., HALL, M., A., DE KLERK GJ. Plant Propagation by Tissue Culture. The background. V.1. Netherlands: Springer. 2008. 502 p. https:\/\/doi.org\/10.1007\/978-1-4020-5005-3.&nbsp;<\/p>\n\n\n\n<p>INGLE, K, P.; Mohahil, M. P., PADOLE, D. A. Molecular Methods in Plant Biology: A Comprehensive Book on Biotechnological Aspects Paperback, New Dheli, 2020.&nbsp;<\/p>\n\n\n\n<p>PEREIRA, T., C. Introdu\u00e7\u00e3o \u00e0 t\u00e9cnica de CRISPR. Ribeir\u00e3o Preto: Sociedade de Gen\u00e9tica, 2016. 250 p.&nbsp;&nbsp;<\/p>\n\n\n\n<p>MATIOLI S. R., SOUZA D. T. Introdu\u00e7\u00e3o \u00e0 Bioinform\u00e1tica. Editora da Unicamp; 1\u00aa edi\u00e7\u00e3o. 2021. 176 p.&nbsp;<\/p>\n\n\n\n<p>MOLINARI, H. B. C. et al. Tecnologia CRISPR na edi\u00e7\u00e3o gen\u00f4mica de plantas: biotecnologia aplicada \u00e0 agricultura\u2013 Bras\u00edlia, DF: Embrapa. 2020. 207 p.&nbsp;<\/p>\n\n\n\n<p>POLTRONIERI, P.; HONG, Y. Applied Plant Genomics and Biotechnology 1st Ed. Elsevier. 2015. https:\/\/doi.org\/10.1016\/C2014-0-02129-6.&nbsp;<\/p>\n\n\n\n<p><\/p>\n","protected":false},"excerpt":{"rendered":"<p>Level Master\/Doctoral Credits 04 (60 h) Content: Plant molecular biology, gene expression analysis, vector construction, transgenesis and genome editing, RNA interference, non-transgenic methods, biosafety, and current legislation regarding plant biotechnological products. Professor Alessandra Ferreira Ribas References ALBERTS, B.; BRAY, D.; LEWIS, J.; RAFF, M.; ROBERTS, K.; WATSON, J. D. Biologia molecular da c\u00e9lula. 6 Ed. [&hellip;]<\/p>\n","protected":false},"author":3,"featured_media":0,"parent":0,"menu_order":0,"comment_status":"closed","ping_status":"closed","template":"","meta":{"footnotes":""},"class_list":["post-32072","page","type-page","status-publish","hentry"],"_links":{"self":[{"href":"https:\/\/agrarias.ufpr.br\/pgapven\/wp-json\/wp\/v2\/pages\/32072","targetHints":{"allow":["GET"]}}],"collection":[{"href":"https:\/\/agrarias.ufpr.br\/pgapven\/wp-json\/wp\/v2\/pages"}],"about":[{"href":"https:\/\/agrarias.ufpr.br\/pgapven\/wp-json\/wp\/v2\/types\/page"}],"author":[{"embeddable":true,"href":"https:\/\/agrarias.ufpr.br\/pgapven\/wp-json\/wp\/v2\/users\/3"}],"replies":[{"embeddable":true,"href":"https:\/\/agrarias.ufpr.br\/pgapven\/wp-json\/wp\/v2\/comments?post=32072"}],"version-history":[{"count":3,"href":"https:\/\/agrarias.ufpr.br\/pgapven\/wp-json\/wp\/v2\/pages\/32072\/revisions"}],"predecessor-version":[{"id":32144,"href":"https:\/\/agrarias.ufpr.br\/pgapven\/wp-json\/wp\/v2\/pages\/32072\/revisions\/32144"}],"wp:attachment":[{"href":"https:\/\/agrarias.ufpr.br\/pgapven\/wp-json\/wp\/v2\/media?parent=32072"}],"curies":[{"name":"wp","href":"https:\/\/api.w.org\/{rel}","templated":true}]}}