{"id":306,"date":"2018-07-04T13:05:50","date_gmt":"2018-07-04T13:05:50","guid":{"rendered":"https:\/\/agrarias.ufpr.br\/pgapv\/?page_id=306"},"modified":"2018-07-04T13:05:50","modified_gmt":"2018-07-04T13:05:50","slug":"apv-7034-topicos-especiais-i-nutricao-de-pequenas-frutas-em-ambientes-controlados","status":"publish","type":"page","link":"https:\/\/agrarias.ufpr.br\/pgapven\/apv-7034-topicos-especiais-i-nutricao-de-pequenas-frutas-em-ambientes-controlados\/","title":{"rendered":"APV 7034 \u2013 T\u00d3PICOS ESPECIAIS I  NUTRI\u00c7\u00c3O DE PEQUENAS FRUTAS EM AMBIENTES CONTROLADOS"},"content":{"rendered":"<p><img loading=\"lazy\" decoding=\"async\" class=\"alignnone size-large wp-image-196\" src=\"https:\/\/agrarias.ufpr.br\/pgapv\/wp-content\/uploads\/sites\/39\/2018\/07\/foto-pos-gd-logo-maior-1024x369.jpg\" alt=\"foto-pos-gd-logo-maior\" width=\"1024\" height=\"369\"><\/p>\n<table width=\"532\">\n<tbody>\n<tr>\n<td width=\"532\">N\u00edvel: MESTRADO\/DOUTORADO<\/td>\n<\/tr>\n<tr>\n<td width=\"532\">Natureza: SEMESTRAL<\/td>\n<\/tr>\n<tr>\n<td width=\"532\">Carga Hor\u00e1ria: 15 horas (15 te\u00f3ricas)<\/td>\n<\/tr>\n<tr>\n<td width=\"532\">Cr\u00e9dito: 01 &nbsp;<\/td>\n<\/tr>\n<tr>\n<td width=\"532\">Ementa: Produ\u00e7\u00e3o de pequenas frutas (morangos, amora preta, mirtilo e framboesa) em ambientes controlados. O manejo do solo para a produ\u00e7\u00e3o de pequenas frutas: an\u00e1lise de fertilidade. A an\u00e1lise qu\u00edmica da \u00e1gua na produ\u00e7\u00e3o de pequenas frutas. A an\u00e1lise qu\u00edmica da seiva (extrato celular de pec\u00edolos) para o diagn\u00f3stico nutricional de pequenas frutas no campo. A an\u00e1lise qu\u00edmica da solu\u00e7\u00e3o do solo para o controle da aplica\u00e7\u00e3o dos adubos em irriga\u00e7\u00e3o pelo gotejamento. Uso dos laborat\u00f3rios port\u00e1teis para an\u00e1lise da seiva e solu\u00e7\u00e3o do solo no campo. Prepara\u00e7\u00e3o de solu\u00e7\u00f5es nutritivas para a produ\u00e7\u00e3o de pequenos frutos no solo e substrato. Produ\u00e7\u00e3o de pequenas frutas em condi\u00e7\u00f5es hidrop\u00f4nicas.<\/td>\n<\/tr>\n<tr>\n<td width=\"532\">Cursos para os quais \u00e9 ministrada:&nbsp;<\/p>\n<p>Agronomia &#8211; Produ\u00e7\u00e3o Vegetal<\/td>\n<\/tr>\n<tr>\n<td width=\"532\">Professor Respons\u00e1vel: Prof. Dr. Luiz Antonio Biasi<\/td>\n<\/tr>\n<\/tbody>\n<\/table>\n","protected":false},"excerpt":{"rendered":"<p>N\u00edvel: MESTRADO\/DOUTORADO Natureza: SEMESTRAL Carga Hor\u00e1ria: 15 horas (15 te\u00f3ricas) Cr\u00e9dito: 01 &nbsp; Ementa: Produ\u00e7\u00e3o de pequenas frutas (morangos, amora preta, mirtilo e framboesa) em ambientes controlados. O manejo do solo para a produ\u00e7\u00e3o de pequenas frutas: an\u00e1lise de fertilidade. A an\u00e1lise qu\u00edmica da \u00e1gua na produ\u00e7\u00e3o de pequenas frutas. A an\u00e1lise qu\u00edmica da seiva [&hellip;]<\/p>\n","protected":false},"author":3,"featured_media":0,"parent":0,"menu_order":0,"comment_status":"closed","ping_status":"closed","template":"","meta":{"footnotes":""},"class_list":["post-306","page","type-page","status-publish","hentry"],"_links":{"self":[{"href":"https:\/\/agrarias.ufpr.br\/pgapven\/wp-json\/wp\/v2\/pages\/306","targetHints":{"allow":["GET"]}}],"collection":[{"href":"https:\/\/agrarias.ufpr.br\/pgapven\/wp-json\/wp\/v2\/pages"}],"about":[{"href":"https:\/\/agrarias.ufpr.br\/pgapven\/wp-json\/wp\/v2\/types\/page"}],"author":[{"embeddable":true,"href":"https:\/\/agrarias.ufpr.br\/pgapven\/wp-json\/wp\/v2\/users\/3"}],"replies":[{"embeddable":true,"href":"https:\/\/agrarias.ufpr.br\/pgapven\/wp-json\/wp\/v2\/comments?post=306"}],"version-history":[{"count":0,"href":"https:\/\/agrarias.ufpr.br\/pgapven\/wp-json\/wp\/v2\/pages\/306\/revisions"}],"wp:attachment":[{"href":"https:\/\/agrarias.ufpr.br\/pgapven\/wp-json\/wp\/v2\/media?parent=306"}],"curies":[{"name":"wp","href":"https:\/\/api.w.org\/{rel}","templated":true}]}}