{"id":268,"date":"2018-07-04T12:38:58","date_gmt":"2018-07-04T12:38:58","guid":{"rendered":"https:\/\/agrarias.ufpr.br\/pgapv\/?page_id=268"},"modified":"2021-05-07T12:42:34","modified_gmt":"2021-05-07T12:42:34","slug":"agro-7020-metodologia-cientifica","status":"publish","type":"page","link":"https:\/\/agrarias.ufpr.br\/pgapven\/agro-7020-metodologia-cientifica\/","title":{"rendered":"AGRO 7020 &#8211; Scientific Methodology"},"content":{"rendered":"<p style=\"text-align: justify\"><span style=\"font-family: helvetica, arial, sans-serif;font-size: 12pt\"><strong>Level<\/strong><\/span><\/p>\n<p style=\"text-align: justify\"><span style=\"font-family: helvetica, arial, sans-serif;font-size: 12pt\">Master\/Doctoral<\/span><\/p>\n<p style=\"text-align: justify\"><span style=\"font-family: helvetica, arial, sans-serif;font-size: 12pt\"><strong>Credits <\/strong><\/span><\/p>\n<p style=\"text-align: justify\"><span style=\"font-family: helvetica, arial, sans-serif;font-size: 12pt\">04 (60 h)<\/span><\/p>\n<p style=\"text-align: justify\"><span style=\"font-family: helvetica, arial, sans-serif;font-size: 12pt\"><strong>Content: <\/strong><\/span><\/p>\n<p style=\"text-align: justify\"><span style=\"font-family: helvetica, arial, sans-serif;font-size: 12pt\">Knowledge and science: different types of knowledge and their contribution in the formation of scientific knowledge. The methods of science: qualitative and quantitative approaches. The conception of scientific production: research project. Sources of information: available electronic &amp; printed resources. Scientific production: types of research and methodological resources. Theoretical aspects of scientific writing: concepts and definitions, language styles, planning, structure and organization of a manuscript. The importance of scientific writing in the dissemination of research results. Practical aspects of scientific writing: planning, elaboration and submission of scientific projects, thesis and dissertations and scientific articles.<\/span><\/p>\n<p style=\"text-align: justify\"><span style=\"font-family: helvetica, arial, sans-serif;font-size: 12pt\"><strong>Professor<\/strong><\/span><\/p>\n<p style=\"text-align: justify\"><span style=\"font-family: helvetica, arial, sans-serif;font-size: 12pt\"><a href=\"https:\/\/agrarias.ufpr.br\/pgapven\/raquel-rejane-bonato-negrelle\/\">Raquel Rejane Bonato Negrelle<\/a><\/span><\/p>\n<p style=\"text-align: justify\"><span style=\"font-family: helvetica, arial, sans-serif;font-size: 12pt\"><b>References<\/b><\/span><\/p>\n<p style=\"text-align: justify\"><span style=\"font-family: helvetica, arial, sans-serif\">CACERES, A.M.; GANDARA, J.P.;&nbsp;PUGLISI, M.L. Reda\u00e7\u00e3o cient\u00edfica e a qualidade dos artigos: em busca de maior impacto.<em><i>&nbsp;<\/i><\/em>J. Soc. Bras. Fonoaudiol<em><i>.<\/i><\/em>&nbsp;[online]. 2011, vol.23, n.4, p.401-406.<\/span><\/p>\n<p style=\"text-align: justify\"><span style=\"font-family: helvetica, arial, sans-serif\">CERVO, A.L.; SILVA, R.; BERVIAN,P.A. &nbsp;Metodologia Cient\u00edfica&nbsp;6. Ed. 2007.<\/span><\/p>\n<p style=\"text-align: justify\"><span style=\"font-family: helvetica, arial, sans-serif\">FERREIRA, A.A. &amp;&nbsp; ABREU, M.V.T.&nbsp;Desconstruindo um artigo cient\u00edfico.<em><i>&nbsp;<\/i><\/em>R. Bras. Zootec<em><i>.<\/i><\/em>&nbsp;[online]. 2007, vol.36, suppl., p.377-385.<\/span><\/p>\n<p style=\"text-align: justify\"><span style=\"font-family: helvetica, arial, sans-serif\">GASPARYAN, A.Y., AYVAZYAN, L.; KITAS, G.D. Biomedical journal editing: elements of success. Croat Med J.52, n.3, v.p.423-8, 2011.<\/span><\/p>\n<p style=\"text-align: justify\"><span style=\"font-family: helvetica, arial, sans-serif\">GIL, &nbsp;A. C. &nbsp;Como Elaborar Projetos de Pesquisa. 6.ed. S\u00e3o Paulo: Atlas, 2017.<\/span><\/p>\n<p style=\"text-align: justify\"><span style=\"font-family: helvetica, arial, sans-serif\">GIL, A. C. &nbsp;Estudo de caso. S\u00e3o Paulo: Atlas, 2009.<\/span><\/p>\n<p style=\"text-align: justify\"><span style=\"font-family: helvetica, arial, sans-serif\">HIRSCH, J.E. An index to quantify an individual\u2019s scientific research output. PNAS.&nbsp;v. 102, n.46, p.16569-72, 2005.<\/span><\/p>\n<p style=\"text-align: justify\"><span style=\"font-family: helvetica, arial, sans-serif\">ICMJE -International Committee of Medical Journals Editors. Uniform requirements for manuscripts submitted to biomedical journals: manuscript preparation and submission. Dispon\u00edvel em:&nbsp;<u>http:\/\/www.icmje.org\/manuscript_1prepare.html<\/u><\/span><\/p>\n<p style=\"text-align: justify\"><span style=\"font-family: helvetica, arial, sans-serif\">MARCONI, M.A.; LAKATOS, E.M. T\u00e9cnicas de pesquisa: planejamento e execu\u00e7\u00e3o de pesquisas, amostragens e t\u00e9cnicas de pesquisa, elabora\u00e7\u00e3o, an\u00e1lise e interpreta\u00e7\u00e3o de dados. 8. ed. S\u00e3o Paulo: Atlas; 2017.<\/span><\/p>\n<p style=\"text-align: justify\"><span style=\"font-family: helvetica, arial, sans-serif\">PROODANOV, C.C. &amp; Freitas, E.C. Metodologia do trabalho cient\u00edfico: m\u00e9todos e t\u00e9cnicas da pesquisa e do trabalho acad\u00eamico. 2. ed. Novo Hamburgo: Feevale, 2013.<\/span><\/p>\n<p style=\"text-align: justify\"><span style=\"font-family: helvetica, arial, sans-serif\">SANTOS, R.S.&nbsp;Metodologia cient\u00edfica: a constru\u00e7\u00e3o do conhecimento. 3\u00aa. ed., Rio de Janeiro: DP&amp;A, 2000. &nbsp;&nbsp;&nbsp;&nbsp;&nbsp;&nbsp;&nbsp;&nbsp;<\/span><\/p>\n<p style=\"text-align: justify\"><span style=\"font-family: helvetica, arial, sans-serif\">VOLPATO, G. L.; FREITAS, E. G.; JORD\u00c3O, L. C. A reda\u00e7\u00e3o cient\u00edfica como instrumento de melhoria qualitativa da pesquisa. Anais.. Simp\u00f3sios da 43\u00aa Reuni\u00e3o Anual da SBZ \u2013 Jo\u00e3o Pessoa \u2013 PB, 2006.<\/span><\/p>\n<p style=\"text-align: justify\"><span style=\"font-family: helvetica, arial, sans-serif\">VOLPATO, G.L. &nbsp;Bases te\u00f3ricas para reda\u00e7\u00e3o cient\u00edfica \u2026 por que seu artigo foi negado? S\u00e3o Paulo: UNESP, 2007<\/span><\/p>\n<p style=\"text-align: justify\"><span style=\"font-family: helvetica, arial, sans-serif\">VOLPATO, G.L. Como escrever um artigo cient\u00edfico. Anais\u2026 Academia Pernambucana de Ci\u00eancia Agron\u00f4mica, v. 4, p.97-115, 2007.<\/span><\/p>\n<p style=\"text-align: justify\"><span style=\"font-family: helvetica, arial, sans-serif\">VOLPATO, G.L. The logic of scientific writing. Rev Sist Inf FSMA., v.7, n.2, p.2-5, 2011.<\/span><\/p>\n<p style=\"text-align: justify\"><span style=\"font-family: helvetica, arial, sans-serif\">VOLPATO, G.L.&nbsp;Ci\u00eancia: da filosofia \u00e0 publica\u00e7\u00e3o.&nbsp;4\u00aa. Ed., Botucatu: Tipomic, 2004.&nbsp;<\/span><\/p>\n<p style=\"text-align: justify\"><span style=\"font-family: helvetica, arial, sans-serif\">ZEIGER, M. Essentials of writing biomedical research papers. 2nd ed. USA: McGraw-Hill Professional, 2000.<\/span><\/p>\n","protected":false},"excerpt":{"rendered":"<p>Level Master\/Doctoral Credits 04 (60 h) Content: Knowledge and science: different types of knowledge and their contribution in the formation of scientific knowledge. The methods of science: qualitative and quantitative approaches. The conception of scientific production: research project. Sources of information: available electronic &amp; printed resources. Scientific production: types of research and methodological resources. Theoretical [&hellip;]<\/p>\n","protected":false},"author":3,"featured_media":0,"parent":0,"menu_order":0,"comment_status":"closed","ping_status":"closed","template":"","meta":{"footnotes":""},"class_list":["post-268","page","type-page","status-publish","hentry"],"_links":{"self":[{"href":"https:\/\/agrarias.ufpr.br\/pgapven\/wp-json\/wp\/v2\/pages\/268","targetHints":{"allow":["GET"]}}],"collection":[{"href":"https:\/\/agrarias.ufpr.br\/pgapven\/wp-json\/wp\/v2\/pages"}],"about":[{"href":"https:\/\/agrarias.ufpr.br\/pgapven\/wp-json\/wp\/v2\/types\/page"}],"author":[{"embeddable":true,"href":"https:\/\/agrarias.ufpr.br\/pgapven\/wp-json\/wp\/v2\/users\/3"}],"replies":[{"embeddable":true,"href":"https:\/\/agrarias.ufpr.br\/pgapven\/wp-json\/wp\/v2\/comments?post=268"}],"version-history":[{"count":6,"href":"https:\/\/agrarias.ufpr.br\/pgapven\/wp-json\/wp\/v2\/pages\/268\/revisions"}],"predecessor-version":[{"id":5149,"href":"https:\/\/agrarias.ufpr.br\/pgapven\/wp-json\/wp\/v2\/pages\/268\/revisions\/5149"}],"wp:attachment":[{"href":"https:\/\/agrarias.ufpr.br\/pgapven\/wp-json\/wp\/v2\/media?parent=268"}],"curies":[{"name":"wp","href":"https:\/\/api.w.org\/{rel}","templated":true}]}}