{"id":247,"date":"2018-07-04T12:28:07","date_gmt":"2018-07-04T12:28:07","guid":{"rendered":"https:\/\/agrarias.ufpr.br\/pgapv\/?page_id=247"},"modified":"2018-07-04T12:28:07","modified_gmt":"2018-07-04T12:28:07","slug":"apv-7012-fisiologia-do-crescimento-e-desenvolvimento-vegetal","status":"publish","type":"page","link":"https:\/\/agrarias.ufpr.br\/pgapven\/apv-7012-fisiologia-do-crescimento-e-desenvolvimento-vegetal\/","title":{"rendered":"APV 7012 \u2013 FISIOLOGIA DO CRESCIMENTO E DESENVOLVIMENTO VEGETAL \u00a0"},"content":{"rendered":"<p>&nbsp;<\/p>\n<table width=\"532\">\n<tbody>\n<tr>\n<td width=\"532\">N\u00edvel: MESTRADO\/DOUTORADO &nbsp;<\/td>\n<\/tr>\n<tr>\n<td width=\"532\">Natureza: SEMESTRAL &nbsp;<\/td>\n<\/tr>\n<tr>\n<td width=\"532\">Carga Hor\u00e1ria: 60 horas (60 te\u00f3ricas) &nbsp;<\/td>\n<\/tr>\n<tr>\n<td width=\"532\">Cr\u00e9dito: 04 &nbsp;<\/td>\n<\/tr>\n<tr>\n<td width=\"532\">&nbsp;<\/p>\n<p>Ementa: Conceitos de ultraestrutura e fisiologia celular. Cin\u00e9tica do alongamento celular. Crescimento, desenvolvimento e diferencia\u00e7\u00e3o. Horm\u00f4nios e reguladores vegetais. &nbsp;&nbsp;<\/p>\n<p>&nbsp;<\/td>\n<\/tr>\n<tr>\n<td width=\"532\">Cursos para os quais \u00e9 ministrada: Agronomia-Produ\u00e7\u00e3o Vegetal, Bot\u00e2nica, Engenharia Florestal &nbsp;<\/p>\n<p>&nbsp;<\/td>\n<\/tr>\n<tr>\n<td width=\"532\">Professor(a) Respons\u00e1vel: Profa. Dra. Katia Christina Zuffellato Ribas &nbsp;<\/td>\n<\/tr>\n<\/tbody>\n<\/table>\n","protected":false},"excerpt":{"rendered":"<p>&nbsp; N\u00edvel: MESTRADO\/DOUTORADO &nbsp; Natureza: SEMESTRAL &nbsp; Carga Hor\u00e1ria: 60 horas (60 te\u00f3ricas) &nbsp; Cr\u00e9dito: 04 &nbsp; &nbsp; Ementa: Conceitos de ultraestrutura e fisiologia celular. Cin\u00e9tica do alongamento celular. Crescimento, desenvolvimento e diferencia\u00e7\u00e3o. Horm\u00f4nios e reguladores vegetais. &nbsp;&nbsp; &nbsp; Cursos para os quais \u00e9 ministrada: Agronomia-Produ\u00e7\u00e3o Vegetal, Bot\u00e2nica, Engenharia Florestal &nbsp; &nbsp; Professor(a) Respons\u00e1vel: Profa. [&hellip;]<\/p>\n","protected":false},"author":3,"featured_media":0,"parent":0,"menu_order":0,"comment_status":"closed","ping_status":"closed","template":"","meta":{"footnotes":""},"class_list":["post-247","page","type-page","status-publish","hentry"],"_links":{"self":[{"href":"https:\/\/agrarias.ufpr.br\/pgapven\/wp-json\/wp\/v2\/pages\/247","targetHints":{"allow":["GET"]}}],"collection":[{"href":"https:\/\/agrarias.ufpr.br\/pgapven\/wp-json\/wp\/v2\/pages"}],"about":[{"href":"https:\/\/agrarias.ufpr.br\/pgapven\/wp-json\/wp\/v2\/types\/page"}],"author":[{"embeddable":true,"href":"https:\/\/agrarias.ufpr.br\/pgapven\/wp-json\/wp\/v2\/users\/3"}],"replies":[{"embeddable":true,"href":"https:\/\/agrarias.ufpr.br\/pgapven\/wp-json\/wp\/v2\/comments?post=247"}],"version-history":[{"count":0,"href":"https:\/\/agrarias.ufpr.br\/pgapven\/wp-json\/wp\/v2\/pages\/247\/revisions"}],"wp:attachment":[{"href":"https:\/\/agrarias.ufpr.br\/pgapven\/wp-json\/wp\/v2\/media?parent=247"}],"curies":[{"name":"wp","href":"https:\/\/api.w.org\/{rel}","templated":true}]}}