{"id":2347,"date":"2018-11-09T14:26:23","date_gmt":"2018-11-09T14:26:23","guid":{"rendered":"https:\/\/agrarias.ufpr.br\/pgapv\/?page_id=2347"},"modified":"2026-04-07T20:04:07","modified_gmt":"2026-04-07T23:04:07","slug":"topicos-especiais-cultivos-transgenicos-em-sistemas-produtivos","status":"publish","type":"page","link":"https:\/\/agrarias.ufpr.br\/pgapven\/topicos-especiais-cultivos-transgenicos-em-sistemas-produtivos\/","title":{"rendered":"AGRO 7038 \u2013 T\u00f3picos Especiais IV \u2013 Cultivos Transg\u00eanicos em Sistemas Produtivos"},"content":{"rendered":"\n<p><strong><b>N\u00edvel<\/b><\/strong><\/p>\n\n\n\n<p>Mestrado\/Doutorado<\/p>\n\n\n\n<p><strong><b>Natureza<\/b><\/strong><\/p>\n\n\n\n<p>Concentrada<\/p>\n\n\n\n<p><strong><b>Cr\u00e9ditos <\/b><\/strong><\/p>\n\n\n\n<p>04<\/p>\n\n\n\n<p><strong><b>Carga hor\u00e1ria<\/b><\/strong><\/p>\n\n\n\n<p>60 horas (45 te\u00f3ricas\/15 pr\u00e1ticas)<\/p>\n\n\n\n<p><strong><b>Ementa<\/b><\/strong><\/p>\n\n\n\n<p>Agroneg\u00f3cio, hist\u00f3rico e import\u00e2ncia dos cultivos transg\u00eanicos; melhoramento gen\u00e9tico e a transgenia; manejo de eventos e agroecossistemas que envolvam transg\u00eanicos; sistemas produtivos, manejos agrotecnol\u00f3gicos e a transgenia; tecnologias RR, RR2, CV, LL, Bt, Enlist, Xtend, Balance, entre outras, al\u00e9m da combina\u00e7\u00e3o de tecnologias e sua inser\u00e7\u00e3o em sistemas produtivos; detec\u00e7\u00e3o e quantifica\u00e7\u00e3o de eventos transg\u00eanicos; biosseguran\u00e7a e bio\u00e9tica; novas biotecnologias e perspectivas.<\/p>\n\n\n\n<p><strong><b>Semestre<\/b><\/strong><\/p>\n\n\n\n<p>2\u00ba<\/p>\n\n\n\n<p><strong><b>Dia\/Hor\u00e1rio<\/b><\/strong><\/p>\n\n\n\n<p>Dois per\u00edodos no semestre das 8:00 &#8211; 12:00 e 14:00 &#8211; 18:00<\/p>\n\n\n\n<p><strong><b>Docente<\/b><\/strong><\/p>\n\n\n\n<p><a href=\"https:\/\/agrarias.ufpr.br\/pgapv\/alfredo-junior-paiola-albrecht\/\">Alfredo Junior Paiola Albrecht<\/a><\/p>\n\n\n\n<p><strong><b>Home page<\/b><\/strong><\/p>\n\n\n\n<p><a href=\"http:\/\/www.nomato.wordpress.com\">www.nomato.wordpress.com<\/a><\/p>\n\n\n\n<p><strong><b>Bibliografia Recomendada<\/b><\/strong><\/p>\n\n\n\n<p>ALBRECHT, L.P.; MISSIO, R.F. (Editores). <strong><b>Manejo de cultivos transg\u00eanicos<\/b><\/strong>. Palotina &#8211; PR: UFPR\/PROEC, 2013. 139p.<\/p>\n\n\n\n<p>AMORIM, L.; REZENDE, J.A.M.; BERGAMIN FILHO, A. &amp; CAMARGO, L.E.A. ed. <strong><b>Manual de Fitopatologia<\/b><\/strong>. Volume 2. Doen\u00e7as das Plantas Cultivadas. 5\u00aa Edi\u00e7\u00e3o. S\u00e3o Paulo: Editora Agron\u00f4mica Ceres Ltda., 2016. 820p.<\/p>\n\n\n\n<p>BOR\u00c9M, A. <strong><b>Melhoramento de Esp\u00e9cies Cultivadas<\/b><\/strong>. 2\u00aa Edi\u00e7\u00e3o. Vi\u00e7osa: Editora UFV, 2005. 969 p.<\/p>\n\n\n\n<p>BUNGENSTAB, D. J. <strong><b>Sistemas de integra\u00e7\u00e3o lavoura-pecu\u00e1ria-floresta: a produ\u00e7\u00e3o sustent\u00e1vel<\/b><\/strong>&nbsp;(2\u00aa Edi\u00e7\u00e3o). Embrapa Agropecu\u00e1ria Oeste, 2012. 239p.<\/p>\n\n\n\n<p>CHRISTOFFOLETI, P.J.; NICOLAI, M. <strong><b>Aspectos de resist\u00eancia de plantas daninhas a herbicidas<\/b><\/strong>. 4\u00aa ed. HRAC, 2016.<\/p>\n\n\n\n<p>GALLO, D.; NAKANO, O.; SIVEIRA NETO, S.; BAPTISTA, G.C.; BERTI FILHO, E.; PARRA, J.R.P.; ALVES, S.B.; ZUCCHI, R. A.; VENDRAMIN, J.D.; MARCHI, L.C.; LOPES, J.R.S.; OMOTO, C. <strong><b>Manual de entomologia agr\u00edcola<\/b><\/strong>. Piracicaba: FEALQ, 2002. 920p.<\/p>\n\n\n\n<p>LARCHER, W. <strong><b>Ecofisiologia Vegetal<\/b><\/strong>. S\u00e3o Carlos: RIMA, 2004.531p.<\/p>\n\n\n\n<p>MONQUERO, P.A. <strong><b>Aspectos da Biologia e Manejo das Plantas Daninhas<\/b><\/strong>. S\u00e3o Carlos: Rima, 2014.<\/p>\n\n\n\n<p>PAULA J\u00daNIOR, T.J.; VENZON, M. (coord.) 101 <strong><b>Culturas: manual de tecnologias agr\u00edcolas<\/b><\/strong>. Belo Horizonte: EPAMIG, 2007. 800 p.<\/p>\n\n\n\n<p>SILVA, A. A.; SILVA, J. F. <strong><b>T\u00f3picos em Manejo de Plantas Daninhas<\/b><\/strong>. Vi\u00e7osa: Ed. UFV, 2007, 367p.<\/p>\n","protected":false},"excerpt":{"rendered":"<p>N\u00edvel Mestrado\/Doutorado Natureza Concentrada Cr\u00e9ditos 04 Carga hor\u00e1ria 60 horas (45 te\u00f3ricas\/15 pr\u00e1ticas) Ementa Agroneg\u00f3cio, hist\u00f3rico e import\u00e2ncia dos cultivos transg\u00eanicos; melhoramento gen\u00e9tico e a transgenia; manejo de eventos e agroecossistemas que envolvam transg\u00eanicos; sistemas produtivos, manejos agrotecnol\u00f3gicos e a transgenia; tecnologias RR, RR2, CV, LL, Bt, Enlist, Xtend, Balance, entre outras, al\u00e9m da combina\u00e7\u00e3o [&hellip;]<\/p>\n","protected":false},"author":3,"featured_media":0,"parent":0,"menu_order":0,"comment_status":"closed","ping_status":"closed","template":"","meta":{"footnotes":""},"class_list":["post-2347","page","type-page","status-publish","hentry"],"_links":{"self":[{"href":"https:\/\/agrarias.ufpr.br\/pgapven\/wp-json\/wp\/v2\/pages\/2347","targetHints":{"allow":["GET"]}}],"collection":[{"href":"https:\/\/agrarias.ufpr.br\/pgapven\/wp-json\/wp\/v2\/pages"}],"about":[{"href":"https:\/\/agrarias.ufpr.br\/pgapven\/wp-json\/wp\/v2\/types\/page"}],"author":[{"embeddable":true,"href":"https:\/\/agrarias.ufpr.br\/pgapven\/wp-json\/wp\/v2\/users\/3"}],"replies":[{"embeddable":true,"href":"https:\/\/agrarias.ufpr.br\/pgapven\/wp-json\/wp\/v2\/comments?post=2347"}],"version-history":[{"count":3,"href":"https:\/\/agrarias.ufpr.br\/pgapven\/wp-json\/wp\/v2\/pages\/2347\/revisions"}],"predecessor-version":[{"id":32660,"href":"https:\/\/agrarias.ufpr.br\/pgapven\/wp-json\/wp\/v2\/pages\/2347\/revisions\/32660"}],"wp:attachment":[{"href":"https:\/\/agrarias.ufpr.br\/pgapven\/wp-json\/wp\/v2\/media?parent=2347"}],"curies":[{"name":"wp","href":"https:\/\/api.w.org\/{rel}","templated":true}]}}