{"id":1493,"date":"2018-09-22T17:07:44","date_gmt":"2018-09-22T17:07:44","guid":{"rendered":"https:\/\/agrarias.ufpr.br\/pgapv\/?page_id=1493"},"modified":"2021-05-07T12:43:38","modified_gmt":"2021-05-07T12:43:38","slug":"agro-7022-morfogenese-morfologia-e-poda-de-plantas-perenes-2","status":"publish","type":"page","link":"https:\/\/agrarias.ufpr.br\/pgapven\/agro-7022-morfogenese-morfologia-e-poda-de-plantas-perenes-2\/","title":{"rendered":"AGRO 7022 \u2013 Morphogenesis, Morphology and Pruning of Perennial Plants"},"content":{"rendered":"<p style=\"text-align: justify\"><span style=\"font-family: helvetica, arial, sans-serif;font-size: 12pt\"><strong>Level<\/strong><\/span><\/p>\n<p style=\"text-align: justify\"><span style=\"font-family: helvetica, arial, sans-serif;font-size: 12pt\">Master\/Doctoral<\/span><\/p>\n<p style=\"text-align: justify\"><span style=\"font-family: helvetica, arial, sans-serif;font-size: 12pt\"><strong>Credits<\/strong><\/span><\/p>\n<p style=\"text-align: justify\"><span style=\"font-family: helvetica, arial, sans-serif;font-size: 12pt\">04 (60 h)<\/span><\/p>\n<p style=\"text-align: justify\"><span style=\"font-family: helvetica, arial, sans-serif;font-size: 12pt\"><strong>Content:<\/strong><\/span><\/p>\n<p style=\"text-align: justify\"><span style=\"font-family: helvetica, arial, sans-serif;font-size: 12pt\">Morphogenesis of aerial and radical systems with their implications for the conduction and pruning of plants as well as their rooting. Numbness. In vitro morphogenic processes.<\/span><\/p>\n<p style=\"text-align: justify\"><span style=\"font-family: helvetica, arial, sans-serif;font-size: 12pt\"><strong>Professor<\/strong><\/span><\/p>\n<p style=\"text-align: justify\"><span style=\"font-family: helvetica, arial, sans-serif;font-size: 12pt\"><a href=\"https:\/\/agrarias.ufpr.br\/pgapven\/flavio-zanette\/\">Fl\u00e1vio Zanette<\/a><\/span><\/p>\n<p style=\"text-align: justify\"><span style=\"font-family: helvetica, arial, sans-serif;font-size: 12pt\"><strong>References<\/strong><\/span><\/p>\n<p style=\"text-align: justify\"><span style=\"font-family: helvetica, arial, sans-serif\">ANSELMINI, J. I. Fenologia reprodutiva da&nbsp;<em>Araucaria angustifolia<\/em>&nbsp;(Bert.) O. Ktze, na regi\u00e3o de Curitiba \u2013 PR. 52 f. Disserta\u00e7\u00e3o (Mestrado em Produ\u00e7\u00e3o Vegetal \u2013 Agronomia) \u2013 Universidade Federal do Paran\u00e1, Curitiba, 2005. Dispon\u00edvel em:&nbsp;https:\/\/acervodigital.ufpr.br\/handle\/1884\/1922?show=full.<\/span><\/p>\n<p style=\"text-align: justify\"><span style=\"font-family: helvetica, arial, sans-serif\">CARVALHO, R. I. N. de. Din\u00e2mica da dorm\u00eancia e do conte\u00fado de carboidrato e prote\u00ednas em gemas vegetativas e ramos de um e dois anos de macieira com ou sem frio suplementar. 134 f. Tese (Doutorado em Produ\u00e7\u00e3o Vegetal \u2013 Agronomia) \u2013 Universidade Federal do Paran\u00e1, Curitiba, 2001.<\/span><\/p>\n<p style=\"text-align: justify\"><span style=\"font-family: helvetica, arial, sans-serif\">CONSTANTINO, V. Nutri\u00e7\u00e3o de mudas e morfog\u00eanese da&nbsp;<em>Araucaria angustifolia<\/em>. (BERT.) O. Ktze. submetida \u00e0 enxertia. 133 f. Tese (Doutorado em Produ\u00e7\u00e3o Vegetal \u2013 Agronomia) \u2013 Universidade Federal do Paran\u00e1, Curitiba, 2017. Dispon\u00edvel em:https:\/\/acervodigital.ufpr.br\/handle\/1884\/47970.<\/span><\/p>\n<p style=\"text-align: justify\"><span style=\"font-family: helvetica, arial, sans-serif\">HACKBARTH, C. Aspectos morfol\u00f3gicos e fisiol\u00f3gicos do polimorfismo do caule-tronco e ramos \u2013 da&nbsp;<em>Araucaria angustifolia<\/em>&nbsp;(Bertol.) Kuntze. 120 f. Tese (Doutorado em Produ\u00e7\u00e3o Vegetal \u2013 Agronomia) \u2013 Universidade Federal do Paran\u00e1, Curitiba, 2018. Dispon\u00edvel em: https:\/\/acervodigital.ufpr.br\/handle\/1884\/56075.<\/span><\/p>\n<p style=\"text-align: justify\"><span style=\"font-family: helvetica, arial, sans-serif\">PEREIRA, G. P. Fisiologia e bioqu\u00edmica da dorm\u00eancia de gemas de caquizeiro \u2018Fuyu\u2019. 100 f. Tese (Doutorado em Produ\u00e7\u00e3o Vegetal \u2013 Agronomia) \u2013 Universidade Federal do Paran\u00e1, Curitiba, 2017. Dispon\u00edvel em:https:\/\/acervodigital.ufpr.br\/handle\/1884\/47448<\/span><\/p>\n<p style=\"text-align: justify\"><span style=\"font-family: helvetica, arial, sans-serif\">WENDLING, I.; ZANETTE, F. Arauc\u00e1ria: particularidades, propaga\u00e7\u00e3o e manejo de plantios. Bras\u00edlia, DF: Embrapa, 2017. 159 p. : il. color. ; 22,5 cm x 16,5 cm.<\/span><\/p>\n<p style=\"text-align: justify\"><span style=\"font-family: helvetica, arial, sans-serif\">RECH, T. D. Ramifica\u00e7\u00e3o e produtividade do vimeiro em diferentes condi\u00e7\u00f5es ambientais e de manejo no Planalto Sul Catarinense.&nbsp;149 f. Tese (Doutorado em Produ\u00e7\u00e3o Vegetal \u2013 Agronomia) \u2013 Universidade Federal do Paran\u00e1, Curitiba, 2006. Dispon\u00edvel em: https:\/\/acervodigital.ufpr.br\/handle\/1884\/7018.<\/span><\/p>\n","protected":false},"excerpt":{"rendered":"<p>Level Master\/Doctoral Credits 04 (60 h) Content: Morphogenesis of aerial and radical systems with their implications for the conduction and pruning of plants as well as their rooting. Numbness. In vitro morphogenic processes. Professor Fl\u00e1vio Zanette References ANSELMINI, J. I. Fenologia reprodutiva da&nbsp;Araucaria angustifolia&nbsp;(Bert.) O. Ktze, na regi\u00e3o de Curitiba \u2013 PR. 52 f. Disserta\u00e7\u00e3o [&hellip;]<\/p>\n","protected":false},"author":3,"featured_media":0,"parent":0,"menu_order":0,"comment_status":"closed","ping_status":"closed","template":"","meta":{"footnotes":""},"class_list":["post-1493","page","type-page","status-publish","hentry"],"_links":{"self":[{"href":"https:\/\/agrarias.ufpr.br\/pgapven\/wp-json\/wp\/v2\/pages\/1493","targetHints":{"allow":["GET"]}}],"collection":[{"href":"https:\/\/agrarias.ufpr.br\/pgapven\/wp-json\/wp\/v2\/pages"}],"about":[{"href":"https:\/\/agrarias.ufpr.br\/pgapven\/wp-json\/wp\/v2\/types\/page"}],"author":[{"embeddable":true,"href":"https:\/\/agrarias.ufpr.br\/pgapven\/wp-json\/wp\/v2\/users\/3"}],"replies":[{"embeddable":true,"href":"https:\/\/agrarias.ufpr.br\/pgapven\/wp-json\/wp\/v2\/comments?post=1493"}],"version-history":[{"count":9,"href":"https:\/\/agrarias.ufpr.br\/pgapven\/wp-json\/wp\/v2\/pages\/1493\/revisions"}],"predecessor-version":[{"id":5253,"href":"https:\/\/agrarias.ufpr.br\/pgapven\/wp-json\/wp\/v2\/pages\/1493\/revisions\/5253"}],"wp:attachment":[{"href":"https:\/\/agrarias.ufpr.br\/pgapven\/wp-json\/wp\/v2\/media?parent=1493"}],"curies":[{"name":"wp","href":"https:\/\/api.w.org\/{rel}","templated":true}]}}