{"id":1211,"date":"2018-09-14T13:37:27","date_gmt":"2018-09-14T13:37:27","guid":{"rendered":"https:\/\/agrarias.ufpr.br\/pgapv\/?page_id=1211"},"modified":"2018-09-14T13:37:27","modified_gmt":"2018-09-14T13:37:27","slug":"laboratorio-de-entomologia-agricola-prof-angelo-moreira-da-costa-lima","status":"publish","type":"page","link":"https:\/\/agrarias.ufpr.br\/pgapven\/laboratorio-de-entomologia-agricola-prof-angelo-moreira-da-costa-lima\/","title":{"rendered":"Laborat\u00f3rio De Entomologia Agricola \u201cPROF ANGELO MOREIRA DA COSTA LIMA\u201d"},"content":{"rendered":"<p><img loading=\"lazy\" decoding=\"async\" class=\"wp-image-1192 aligncenter\" src=\"https:\/\/agrarias.ufpr.br\/pgapv\/wp-content\/uploads\/sites\/39\/2018\/09\/Imagem1.png\" alt=\"\" width=\"571\" height=\"403\"><\/p>\n<p>O laborat\u00f3rio possui estrutura para realiza\u00e7\u00e3o de estudos envolvendo&nbsp;identifica\u00e7\u00e3o, monitoramento, biologia de pragas e organismos ben\u00e9ficos, manejo agroecol\u00f3gico de pragas (controle biologico, controle com extratos bot\u00e2nicos).<\/p>\n<p><strong><b>&nbsp;<\/b><\/strong><\/p>\n<p><strong><b>Interesses de pesquisa<\/b><\/strong><\/p>\n<p>Artr\u00f3podes e moluscos terrestres de import\u00e2ncia agr\u00edcola com \u00eanfase a pragas de olericolas e morangueiro. Identifica\u00e7\u00e3o de af\u00eddeos e tripes. Produ\u00e7\u00e3o integrada do morangueiro.<\/p>\n<p><strong><b>Coordenador<\/b><\/strong><\/p>\n<p>Profa Dra Maria Aparecida Cassilha Zawadneak<\/p>\n<p><strong><b>Colaboradora<\/b><\/strong><\/p>\n<p>Profa Dra Ida Chapaval Pimentel<\/p>\n<p><strong><b>Contatos<\/b><\/strong><\/p>\n<p><strong><b>&nbsp;<\/b><\/strong>+55 (41) 33611697\/ 1700<\/p>\n","protected":false},"excerpt":{"rendered":"<p>O laborat\u00f3rio possui estrutura para realiza\u00e7\u00e3o de estudos envolvendo&nbsp;identifica\u00e7\u00e3o, monitoramento, biologia de pragas e organismos ben\u00e9ficos, manejo agroecol\u00f3gico de pragas (controle biologico, controle com extratos bot\u00e2nicos). &nbsp; Interesses de pesquisa Artr\u00f3podes e moluscos terrestres de import\u00e2ncia agr\u00edcola com \u00eanfase a pragas de olericolas e morangueiro. Identifica\u00e7\u00e3o de af\u00eddeos e tripes. Produ\u00e7\u00e3o integrada do morangueiro. Coordenador [&hellip;]<\/p>\n","protected":false},"author":3,"featured_media":0,"parent":0,"menu_order":0,"comment_status":"closed","ping_status":"closed","template":"","meta":{"footnotes":""},"class_list":["post-1211","page","type-page","status-publish","hentry"],"_links":{"self":[{"href":"https:\/\/agrarias.ufpr.br\/pgapven\/wp-json\/wp\/v2\/pages\/1211","targetHints":{"allow":["GET"]}}],"collection":[{"href":"https:\/\/agrarias.ufpr.br\/pgapven\/wp-json\/wp\/v2\/pages"}],"about":[{"href":"https:\/\/agrarias.ufpr.br\/pgapven\/wp-json\/wp\/v2\/types\/page"}],"author":[{"embeddable":true,"href":"https:\/\/agrarias.ufpr.br\/pgapven\/wp-json\/wp\/v2\/users\/3"}],"replies":[{"embeddable":true,"href":"https:\/\/agrarias.ufpr.br\/pgapven\/wp-json\/wp\/v2\/comments?post=1211"}],"version-history":[{"count":0,"href":"https:\/\/agrarias.ufpr.br\/pgapven\/wp-json\/wp\/v2\/pages\/1211\/revisions"}],"wp:attachment":[{"href":"https:\/\/agrarias.ufpr.br\/pgapven\/wp-json\/wp\/v2\/media?parent=1211"}],"curies":[{"name":"wp","href":"https:\/\/api.w.org\/{rel}","templated":true}]}}