{"id":98,"date":"2018-05-29T17:06:16","date_gmt":"2018-05-29T17:06:16","guid":{"rendered":"https:\/\/agrarias.ufpr.br\/pgapv\/?page_id=98"},"modified":"2026-02-03T18:36:45","modified_gmt":"2026-02-03T18:36:45","slug":"formularios","status":"publish","type":"page","link":"https:\/\/agrarias.ufpr.br\/pgapv\/formularios\/","title":{"rendered":"Arquivos"},"content":{"rendered":"\n<p><a href=\"https:\/\/agrarias.ufpr.br\/pgapv\/wp-content\/uploads\/sites\/39\/2020\/05\/ANAIS-25-PGAPV.pdf\">Anais do I Simp\u00f3sio do PGAPV &#8211; 25 Anos<\/a><\/p>\n\n\n\n<p><a href=\"https:\/\/agrarias.ufpr.br\/pgapv\/wp-content\/uploads\/sites\/39\/2026\/01\/Ingles-Arte-superior-PGAPV.jpg\">Arte da Parte Superior do Site em Ingl\u00eas<\/a><\/p>\n\n\n\n<p><a href=\"https:\/\/agrarias.ufpr.br\/pgapv\/wp-content\/uploads\/sites\/39\/2026\/01\/Portugues-Arte-superior-PGAPV-.jpg\">Arte da Parte Superior do Site em Portugu\u00eas<\/a><\/p>\n\n\n\n<p><a href=\"https:\/\/agrarias.ufpr.br\/pgapv\/wp-content\/uploads\/sites\/39\/2026\/01\/Declaracao-para-Encaminhamento-da-Versao-Final-de-Dissertacao-Tese.docx\">Declara\u00e7\u00e3o para Encaminhamento da Vers\u00e3o Final de Disserta\u00e7\u00e3o e Tese<\/a><\/p>\n\n\n\n<p><a href=\"https:\/\/agrarias.ufpr.br\/pgapv\/wp-content\/uploads\/sites\/39\/2026\/01\/Formulario-Matricula-Disciplina-Isolada-Alunos-Externos.docx\">Formul\u00e1rio de Inscri\u00e7\u00e3o em Disciplina Isolada e Alunos Externos<\/a><\/p>\n\n\n\n<p><a href=\"https:\/\/agrarias.ufpr.br\/pgapv\/wp-content\/uploads\/sites\/39\/2026\/01\/Formulario-de-Presenca-em-Defesas-de-Dissertacao-e-Tese.docx\">Formul\u00e1rio de Presen\u00e7a em Defesas de Disserta\u00e7\u00e3o ou Tese<\/a><\/p>\n\n\n\n<p><a href=\"https:\/\/agrarias.ufpr.br\/pgapv\/wp-content\/uploads\/sites\/39\/2021\/05\/LOGO_PV-1.png\">Logomarca do PGAPV em Ingl\u00eas<\/a><\/p>\n\n\n\n<p><a href=\"https:\/\/agrarias.ufpr.br\/pgapv\/wp-content\/uploads\/sites\/39\/2026\/01\/Logomarca-portugues.jpg\">Logomarca do PGAPV em Portugu\u00eas<\/a><\/p>\n\n\n\n<p><a href=\"https:\/\/agrarias.ufpr.br\/pgapv\/wp-content\/uploads\/sites\/39\/2026\/01\/Modelo-de-Oficio-do-Comite-Orientador.docx\">Modelo de Of\u00edcio do Comit\u00ea Orientador<\/a><\/p>\n\n\n\n<p><a href=\"https:\/\/agrarias.ufpr.br\/pgapv\/wp-content\/uploads\/sites\/39\/2026\/01\/Modelo-de-Oficio-para-Solictacao-da-Qualificacao.docx\">Modelo de Of\u00edcio para Solicita\u00e7\u00e3o de Exame de Qualifica\u00e7\u00e3o<\/a><\/p>\n\n\n\n<p><a href=\"https:\/\/agrarias.ufpr.br\/pgapv\/wp-content\/uploads\/sites\/39\/2026\/01\/Modelo-de-Oficio-para-Solicitacao-de-Defesa.docx\">Modelo de Of\u00edcio para Solicita\u00e7\u00e3o de Defesa de Mestrado\/Doutorado<\/a><\/p>\n\n\n\n<p><a href=\"https:\/\/agrarias.ufpr.br\/pgapv\/wp-content\/uploads\/sites\/39\/2026\/01\/PLANO-DE-ESTUDO-DOUTORADO.docx\">Plano de Estudo &#8211; Doutorado<\/a><\/p>\n\n\n\n<p><a href=\"https:\/\/agrarias.ufpr.br\/pgapv\/wp-content\/uploads\/sites\/39\/2026\/01\/PLANO-DE-ESTUDO-MESTRADO.docx\">Plano de Estudo &#8211; Mestrado<\/a><\/p>\n\n\n\n<p><a href=\"https:\/\/agrarias.ufpr.br\/pgapv\/wp-content\/uploads\/sites\/39\/2026\/01\/Plano-de-Trabalho-da-Pratica-Docente.docx\">Plano de Trabalho da Pr\u00e1tica Docente<\/a><\/p>\n\n\n\n<p><a href=\"https:\/\/agrarias.ufpr.br\/pgapv\/wp-content\/uploads\/sites\/39\/2026\/01\/Pre-Projeto-de-Doutorado.docx\">Pr\u00e9-Projeto de Doutorado<\/a><\/p>\n\n\n\n<p><a href=\"https:\/\/agrarias.ufpr.br\/pgapv\/wp-content\/uploads\/sites\/39\/2026\/01\/Projeto-de-Doutorado.docx\">Projeto de Doutorado<\/a><\/p>\n\n\n\n<p><a href=\"https:\/\/agrarias.ufpr.br\/pgapv\/wp-content\/uploads\/sites\/39\/2026\/01\/Projeto-de-Mestrado.docx\">Projeto de Mestrado<\/a><\/p>\n\n\n\n<p><a href=\"https:\/\/agrarias.ufpr.br\/pgapv\/wp-content\/uploads\/sites\/39\/2026\/01\/Relatorio-Anual-PGAPV.docx\">Relat\u00f3rio Anual de Alunos<\/a><\/p>\n\n\n\n<p><a href=\"https:\/\/agrarias.ufpr.br\/pgapv\/wp-content\/uploads\/sites\/39\/2026\/01\/Requerimento-de-Cancelamento-do-Curso2.docx\">Requerimento de Cancelamento do Curso<\/a><\/p>\n\n\n\n<p><a href=\"https:\/\/agrarias.ufpr.br\/pgapv\/wp-content\/uploads\/sites\/39\/2026\/01\/Requerimento-de-Cancelamento-de-Disciplina.docx\">Requerimento de Cancelamento de Disciplina<\/a><\/p>\n\n\n\n<p><a href=\"https:\/\/agrarias.ufpr.br\/pgapv\/wp-content\/uploads\/sites\/39\/2026\/01\/requerimentodisciplisolada.docx\">Requerimento Inscri\u00e7\u00e3o Sele\u00e7\u00e3o Disciplina Isolada<\/a><\/p>\n\n\n\n<p><a href=\"https:\/\/agrarias.ufpr.br\/pgapv\/wp-content\/uploads\/sites\/39\/2026\/01\/Matricdr.docx\">Requerimento Matricula &#8211; Doutorado<\/a><\/p>\n\n\n\n<p><a href=\"https:\/\/agrarias.ufpr.br\/pgapv\/wp-content\/uploads\/sites\/39\/2026\/01\/Matricms.docx\">Requerimento Matr\u00edcula &#8211; Mestrado<\/a><\/p>\n\n\n\n<p><a href=\"https:\/\/agrarias.ufpr.br\/pgapv\/wp-content\/uploads\/sites\/39\/2026\/01\/Requerimento-de-Prorrogacao-do-Doutorado.docx\">Requerimento de Prorroga\u00e7\u00e3o do Doutorado<\/a><\/p>\n\n\n\n<p><a href=\"https:\/\/agrarias.ufpr.br\/pgapv\/wp-content\/uploads\/sites\/39\/2026\/01\/Requerimento-de-Reavaliacao-da-Prorrogacao-do-Doutorado.docx\">Requerimento de Reavalia\u00e7\u00e3o da Prorroga\u00e7\u00e3o do Doutorado<\/a><\/p>\n\n\n\n<p><a href=\"https:\/\/agrarias.ufpr.br\/pgapv\/wp-content\/uploads\/sites\/39\/2026\/01\/Pos-Defesa.pdf\">Roteiro P\u00f3s-Defesa<\/a> \/ <a href=\"https:\/\/agrarias.ufpr.br\/pgapv\/wp-content\/uploads\/sites\/39\/2021\/06\/CHEK-LIST-SISTEMA-DE-BIBLIOTECAS-UFPR.pdf\">Checklist Biblioteca UFPR<\/a><\/p>\n\n\n\n<p><\/p>\n","protected":false},"excerpt":{"rendered":"<p>Anais do I Simp\u00f3sio do PGAPV &#8211; 25 Anos Arte da Parte Superior do Site em Ingl\u00eas Arte da Parte Superior do Site em Portugu\u00eas Declara\u00e7\u00e3o para Encaminhamento da Vers\u00e3o Final de Disserta\u00e7\u00e3o e Tese Formul\u00e1rio de Inscri\u00e7\u00e3o em Disciplina Isolada e Alunos Externos Formul\u00e1rio de Presen\u00e7a em Defesas de Disserta\u00e7\u00e3o ou Tese Logomarca do PGAPV em Ingl\u00eas Logomarca do PGAPV em Portugu\u00eas Modelo de Of\u00edcio do Comit\u00ea Orientador Modelo de Of\u00edcio para Solicita\u00e7\u00e3o de [&hellip;]<\/p>\n","protected":false},"author":3,"featured_media":0,"parent":0,"menu_order":0,"comment_status":"closed","ping_status":"closed","template":"","meta":{"footnotes":""},"class_list":["post-98","page","type-page","status-publish","hentry"],"_links":{"self":[{"href":"https:\/\/agrarias.ufpr.br\/pgapv\/wp-json\/wp\/v2\/pages\/98","targetHints":{"allow":["GET"]}}],"collection":[{"href":"https:\/\/agrarias.ufpr.br\/pgapv\/wp-json\/wp\/v2\/pages"}],"about":[{"href":"https:\/\/agrarias.ufpr.br\/pgapv\/wp-json\/wp\/v2\/types\/page"}],"author":[{"embeddable":true,"href":"https:\/\/agrarias.ufpr.br\/pgapv\/wp-json\/wp\/v2\/users\/3"}],"replies":[{"embeddable":true,"href":"https:\/\/agrarias.ufpr.br\/pgapv\/wp-json\/wp\/v2\/comments?post=98"}],"version-history":[{"count":124,"href":"https:\/\/agrarias.ufpr.br\/pgapv\/wp-json\/wp\/v2\/pages\/98\/revisions"}],"predecessor-version":[{"id":7632,"href":"https:\/\/agrarias.ufpr.br\/pgapv\/wp-json\/wp\/v2\/pages\/98\/revisions\/7632"}],"wp:attachment":[{"href":"https:\/\/agrarias.ufpr.br\/pgapv\/wp-json\/wp\/v2\/media?parent=98"}],"curies":[{"name":"wp","href":"https:\/\/api.w.org\/{rel}","templated":true}]}}