{"id":974,"date":"2018-08-30T15:43:13","date_gmt":"2018-08-30T15:43:13","guid":{"rendered":"https:\/\/agrarias.ufpr.br\/pgapv\/?page_id=974"},"modified":"2026-02-04T12:41:37","modified_gmt":"2026-02-04T12:41:37","slug":"agro-7013-fisiologia-do-crescimento-e-desenvolvimento-vegetal","status":"publish","type":"page","link":"https:\/\/agrarias.ufpr.br\/pgapv\/agro-7013-fisiologia-do-crescimento-e-desenvolvimento-vegetal\/","title":{"rendered":"AGRO 7013 \u2013 Fisiologia do Crescimento e Desenvolvimento Vegetal"},"content":{"rendered":"\n<p class=\"Normal_Web_ tm8\"><strong><span class=\"tm7\">N\u00edvel<\/span><\/strong><\/p>\n\n\n\n<p class=\"Normal_Web_ tm8\"><span class=\"tm9\">Mestrado\/Doutorado<\/span><\/p>\n\n\n\n<p class=\"Normal_Web_ tm8\"><strong><span class=\"Forte\">Natureza<\/span><\/strong><\/p>\n\n\n\n<p class=\"Normal_Web_ tm8\"><span class=\"tm9\">Semestral<\/span><\/p>\n\n\n\n<p class=\"Normal_Web_ tm8\"><strong><span class=\"tm7\">Cr\u00e9ditos <\/span><\/strong><\/p>\n\n\n\n<p class=\"Normal_Web_ tm8\"><span class=\"tm9\">04<\/span><\/p>\n\n\n\n<p class=\"Normal_Web_ tm8\"><strong><span class=\"Forte\">Carga hor\u00e1ria<\/span><\/strong><\/p>\n\n\n\n<p class=\"Normal_Web_ tm8\"><span class=\"tm9\">60 horas<\/span><\/p>\n\n\n\n<p class=\"Normal_Web_ tm8\"><strong><span class=\"Forte\">Ementa<\/span><\/strong><\/p>\n\n\n\n<p>Conceitos de ultraestrutura e fisiologia celular. Cin\u00e9tica do alongamento celular. Crescimento, desenvolvimento e diferencia\u00e7\u00e3o. Fotoss\u00edntese e respira\u00e7\u00e3o. Horm\u00f4nios e reguladores vegetais.<\/p>\n\n\n\n<p class=\"Normal_Web_ tm11\"><strong><span class=\"tm13\">Cursos para os quais \u00e9 ministrada<\/span><\/strong><\/p>\n\n\n\n<p class=\"Normal_Web_ tm11\"><span class=\"tm10\">Agronomia-Produ\u00e7\u00e3o Vegetal, Bot\u00e2nica e Engenharia Florestal &nbsp;<\/span><\/p>\n\n\n\n<p class=\"Normal_Web_ tm8\"><strong><span class=\"Forte\">Semestre<\/span><\/strong><\/p>\n\n\n\n<p class=\"Normal_Web_ tm8\"><span class=\"tm9\">1\u00ba<\/span><\/p>\n\n\n\n<p class=\"Normal_Web_ tm8\"><strong><span class=\"tm7\">Dia\/Hor\u00e1rio<\/span><\/strong><\/p>\n\n\n\n<p class=\"Normal_Web_ tm8\"><span class=\"tm14\">Quarta-feira\/ 13:30 \u2013 17:30 horas<\/span><\/p>\n\n\n\n<p class=\"Normal_Web_ tm8\"><strong><span class=\"Forte\">Docente<\/span><\/strong><\/p>\n\n\n\n<p class=\"Normal_Web_ tm8\"><a href=\"https:\/\/agrarias.ufpr.br\/pgapv\/katia-christina-zuffellato-ribas\/\"><span class=\"tm9\">Katia Christina Zuffellato-Ribas<\/span><\/a><\/p>\n\n\n\n<p class=\"Normal_Web_ tm8\"><strong><span class=\"tm7\">Home page<\/span><\/strong><\/p>\n\n\n\n<p class=\"Normal_Web_ tm8\"><a href=\"http:\/\/www.gepe.ufpr.br\/\"><span class=\"tm13\">http:\/\/www.gepe.ufpr.br\/<\/span><\/a><\/p>\n\n\n\n<p class=\"Normal_Web_ tm8\"><strong><span class=\"tm13\">Bibliografia Recomendada<\/span><\/strong><\/p>\n\n\n\n<p class=\"Normal_Web_ tm15\">CHRISTIN, P. A.; ARAKAKI, M.; OSBORNE, C. P.; BRAUTIGAM, S; SAGE, R. F.; HIBBERD, J. M.; KELLY, S.; COVSHOFF, S.; WONG, G. S, HANCOCK, L. et al. Shared origins of a key enzyme during the evolution of C4 and CAM metabolism. J. Exp. Bot. v. 65, p. 3609-3621, 2014.<\/p>\n\n\n\n<p>DAVIES, P. J.&nbsp; <em>Plant hormones:<\/em> physiology, biochemistry and molecular biology. London: Kluwer Academic Publishers, 1995. 833p.<\/p>\n\n\n\n<p>DUCAT, D. C.; SILVER, P. A.&nbsp; Improving carbon fixation pathways. Curr. Opin. Chem. Biol. v. 16, p. 337-344, 2012.<\/p>\n\n\n\n<p>KERBAUY, G. B. Fisiologia Vegetal. 2ed. Rio de Janeiro: Guanabara Koogan, 2008. 431p.<\/p>\n\n\n\n<p>SALISBURY, F. B.; ROSS, C. W.&nbsp; <em>Plant Physiology.<\/em> 4. ed. California: Wadsworth, 1992. 682p.<\/p>\n\n\n\n<p>TAIZ, L.; ZEIGER, E.&nbsp; <em>Fisiologia Vegetal<\/em><em>.<\/em> 6. ed. Porto Alegre: Artmed, 2017. 858p.<\/p>\n\n\n\n<p>WACHOWICZ, C. M.; DE CARVALHO, R. I. N.&nbsp; <em>Fisiologia Vegetal<\/em>: produ\u00e7\u00e3o e p\u00f3s-colheita \/ Cyntia Maria Wachowicz, Ruy In\u00e1cio Neiva de Carvalho. (Org.) Curitiba: Champagnat, 2002, 424p.<\/p>\n\n\n\n<p>ZHAO Y. Essential roles of local auxin biosynthesis in plant development and in adaptation to environmental changes. Annual Review of Plant Biology v. 69, p. 417-435, 2018.<\/p>\n","protected":false},"excerpt":{"rendered":"<p>N\u00edvel Mestrado\/Doutorado Natureza Semestral Cr\u00e9ditos 04 Carga hor\u00e1ria 60 horas Ementa Conceitos de ultraestrutura e fisiologia celular. Cin\u00e9tica do alongamento celular. Crescimento, desenvolvimento e diferencia\u00e7\u00e3o. Fotoss\u00edntese e respira\u00e7\u00e3o. Horm\u00f4nios e reguladores vegetais. Cursos para os quais \u00e9 ministrada Agronomia-Produ\u00e7\u00e3o Vegetal, Bot\u00e2nica e Engenharia Florestal &nbsp; Semestre 1\u00ba Dia\/Hor\u00e1rio Quarta-feira\/ 13:30 \u2013 17:30 horas Docente Katia [&hellip;]<\/p>\n","protected":false},"author":3,"featured_media":0,"parent":0,"menu_order":0,"comment_status":"closed","ping_status":"closed","template":"","meta":{"footnotes":""},"class_list":["post-974","page","type-page","status-publish","hentry"],"_links":{"self":[{"href":"https:\/\/agrarias.ufpr.br\/pgapv\/wp-json\/wp\/v2\/pages\/974","targetHints":{"allow":["GET"]}}],"collection":[{"href":"https:\/\/agrarias.ufpr.br\/pgapv\/wp-json\/wp\/v2\/pages"}],"about":[{"href":"https:\/\/agrarias.ufpr.br\/pgapv\/wp-json\/wp\/v2\/types\/page"}],"author":[{"embeddable":true,"href":"https:\/\/agrarias.ufpr.br\/pgapv\/wp-json\/wp\/v2\/users\/3"}],"replies":[{"embeddable":true,"href":"https:\/\/agrarias.ufpr.br\/pgapv\/wp-json\/wp\/v2\/comments?post=974"}],"version-history":[{"count":8,"href":"https:\/\/agrarias.ufpr.br\/pgapv\/wp-json\/wp\/v2\/pages\/974\/revisions"}],"predecessor-version":[{"id":7675,"href":"https:\/\/agrarias.ufpr.br\/pgapv\/wp-json\/wp\/v2\/pages\/974\/revisions\/7675"}],"wp:attachment":[{"href":"https:\/\/agrarias.ufpr.br\/pgapv\/wp-json\/wp\/v2\/media?parent=974"}],"curies":[{"name":"wp","href":"https:\/\/api.w.org\/{rel}","templated":true}]}}