{"id":968,"date":"2018-08-30T15:32:57","date_gmt":"2018-08-30T15:32:57","guid":{"rendered":"https:\/\/agrarias.ufpr.br\/pgapv\/?page_id=968"},"modified":"2018-08-30T15:38:40","modified_gmt":"2018-08-30T15:38:40","slug":"laboratorio-de-macropropagacao-gepelab","status":"publish","type":"page","link":"https:\/\/agrarias.ufpr.br\/pgapv\/laboratorio-de-macropropagacao-gepelab\/","title":{"rendered":"Laborat\u00f3rio de Macropropaga\u00e7\u00e3o \u2013 GEPELAB"},"content":{"rendered":"<p class=\"Normal tm8\"><span class=\"tm10\">GEPE \u2013 Grupo de Estudo e Pesquisa em Estaquia<\/span><\/p>\n<p class=\"Normal_Web_ tm11\"><strong><span class=\"Forte\">Interesses de pesquisa<\/span><\/strong><\/p>\n<p class=\"Normal tm13\"><span class=\"tm10\">O Grupo de Estudo e Pesquisa em Estaquia tem como objetivo principal investigar os diversos fatores que afetam o enraizamento advent\u00edcio em estacas caulinares, dentre eles, a aplica\u00e7\u00e3o de diferentes concentra\u00e7\u00f5es de auxinas, formas de aplica\u00e7\u00e3o, substratos, esta\u00e7\u00f5es do ano.<\/span><\/p>\n<p class=\"Normal_Web_ tm11\"><strong><span class=\"tm15\">Coordenadora<\/span><\/strong><\/p>\n<p class=\"Normal_Web_ tm11\"><a href=\"https:\/\/agrarias.ufpr.br\/fitotecnia\/henrique-da-silva-silveira-duarte\/\"><span class=\"tm12\">Katia<\/span><\/a><span class=\"tm12\"> Christina Zuffellato-Ribas<\/span><\/p>\n<p class=\"Normal_Web_ tm11\"><strong><span class=\"Forte\">Contatos<\/span><\/strong><\/p>\n<p><img loading=\"lazy\" decoding=\"async\" class=\"wp-image-758 alignnone\" style=\"font-family: inherit; font-size: inherit;\" src=\"https:\/\/agrarias.ufpr.br\/fitotecnia\/wp-content\/uploads\/sites\/26\/2016\/03\/telefone.png\" alt=\"telefone\" width=\"22\" height=\"22\"><span class=\"tm7\">+55 (41) 3361-1758<\/span><\/p>\n<p>[Best_Wordpress_Gallery id=&#8221;18&#8243; gal_title=&#8221;macropropag&#8221;]<\/p>\n","protected":false},"excerpt":{"rendered":"<p>GEPE \u2013 Grupo de Estudo e Pesquisa em Estaquia Interesses de pesquisa O Grupo de Estudo e Pesquisa em Estaquia tem como objetivo principal investigar os diversos fatores que afetam o enraizamento advent\u00edcio em estacas caulinares, dentre eles, a aplica\u00e7\u00e3o de diferentes concentra\u00e7\u00f5es de auxinas, formas de aplica\u00e7\u00e3o, substratos, esta\u00e7\u00f5es do ano. Coordenadora Katia Christina [&hellip;]<\/p>\n","protected":false},"author":3,"featured_media":0,"parent":0,"menu_order":0,"comment_status":"closed","ping_status":"closed","template":"","meta":{"footnotes":""},"class_list":["post-968","page","type-page","status-publish","hentry"],"_links":{"self":[{"href":"https:\/\/agrarias.ufpr.br\/pgapv\/wp-json\/wp\/v2\/pages\/968","targetHints":{"allow":["GET"]}}],"collection":[{"href":"https:\/\/agrarias.ufpr.br\/pgapv\/wp-json\/wp\/v2\/pages"}],"about":[{"href":"https:\/\/agrarias.ufpr.br\/pgapv\/wp-json\/wp\/v2\/types\/page"}],"author":[{"embeddable":true,"href":"https:\/\/agrarias.ufpr.br\/pgapv\/wp-json\/wp\/v2\/users\/3"}],"replies":[{"embeddable":true,"href":"https:\/\/agrarias.ufpr.br\/pgapv\/wp-json\/wp\/v2\/comments?post=968"}],"version-history":[{"count":2,"href":"https:\/\/agrarias.ufpr.br\/pgapv\/wp-json\/wp\/v2\/pages\/968\/revisions"}],"predecessor-version":[{"id":970,"href":"https:\/\/agrarias.ufpr.br\/pgapv\/wp-json\/wp\/v2\/pages\/968\/revisions\/970"}],"wp:attachment":[{"href":"https:\/\/agrarias.ufpr.br\/pgapv\/wp-json\/wp\/v2\/media?parent=968"}],"curies":[{"name":"wp","href":"https:\/\/api.w.org\/{rel}","templated":true}]}}