{"id":96,"date":"2018-05-29T17:05:49","date_gmt":"2018-05-29T17:05:49","guid":{"rendered":"https:\/\/agrarias.ufpr.br\/pgapv\/?page_id=96"},"modified":"2026-02-03T18:26:24","modified_gmt":"2026-02-03T18:26:24","slug":"laboratorios","status":"publish","type":"page","link":"https:\/\/agrarias.ufpr.br\/pgapv\/laboratorios\/","title":{"rendered":"Laborat\u00f3rios"},"content":{"rendered":"\n<p><a href=\"https:\/\/agrarias.ufpr.br\/pgapv\/laboratorio-de-anatomia-e-biomecanica-vegetal-labv\/\"><span class=\"tm14\">Laborat\u00f3rio de Anatomia e Biomec\u00e2nica Vegetal (LABV)<\/span><\/a><\/p>\n\n\n\n<p><a href=\"https:\/\/agrarias.ufpr.br\/pgapv\/laboratorio-de-controle-integrado-de-insetos-lcii\/\">Laborat\u00f3rio de Controle Integrado de Insetos (LCII)<\/a><\/p>\n\n\n\n<p><a href=\"https:\/\/agrarias.ufpr.br\/pgapv\/laboratorio-de-ecofisiologia\/\">Laborat\u00f3rio de Ecofisiologia<\/a><\/p>\n\n\n\n<p><a href=\"https:\/\/agrarias.ufpr.br\/pgapv\/producao-integrada-de-morangos\/\">Laborat\u00f3rio de Entomologia Agr\u00edcola &#8220;Prof Angelo Moreira da Costa Lima&#8221;<\/a><\/p>\n\n\n\n<p><a href=\"https:\/\/agrarias.ufpr.br\/pgapv\/laboratorio-de-epidemiologia-para-manejo-integrado-de-doenca-lemid-1\/\">Laborat\u00f3rio de Epidemiologia para o Manejo Integrado de Doen\u00e7as (LEMID 1)<\/a><\/p>\n\n\n\n<p><a href=\"https:\/\/agrarias.ufpr.br\/pgapv\/laboratorio-de-epidemiologia-para-manejo-integrado-de-doenca-lemid-2\/\">Laborat\u00f3rio de Epidemiologia para o Manejo Integrado de Doen\u00e7as (LEMID 2)<\/a><\/p>\n\n\n\n<p><a href=\"https:\/\/agrarias.ufpr.br\/pgapv\/laboratorio-de-epidemiologia-molecular-laem\/\">Laborat\u00f3rio de Epidemiologia Molecular (LAEM)<\/a><\/p>\n\n\n\n<p><a href=\"https:\/\/agrarias.ufpr.br\/pgapv\/laboratorio-de-defesa-sanitaria-vegetal-e-controle-de-plantas-daninhas\/\">Laborat\u00f3rio de Defesa Sanit\u00e1ria Vegetal e Controle de Plantas Daninhas<\/a><\/p>\n\n\n\n<p><a href=\"https:\/\/agrarias.ufpr.br\/pgapv\/laboratorio-de-fitopatologia\/\">Laborat\u00f3rio de Fitopatologia<\/a><\/p>\n\n\n\n<p><a href=\"https:\/\/agrarias.ufpr.br\/pgapv\/laboratorio-de-fitotecnia\/\">Laborat\u00f3rio de Fitotecnia<\/a><\/p>\n\n\n\n<p><a href=\"https:\/\/agrarias.ufpr.br\/pgapv\/laboratorio-de-micropropagacao-vegetal\/\">Laborat\u00f3rio de Macropropaga\u00e7\u00e3o \u2013 GEPELAB<\/a><\/p>\n\n\n\n<p><a href=\"https:\/\/agrarias.ufpr.br\/pgapv\/laboratorio-de-micropropagacao-de-plantas\/\">Laborat\u00f3rio de Micropropaga\u00e7\u00e3o de Plantas<\/a><\/p>\n\n\n\n<p><a href=\"https:\/\/agrarias.ufpr.br\/pgapv\/laboratorio-de-micropropagacao-vegetal-lmv\/\">Laborat\u00f3rio de Micropropaga\u00e7\u00e3o Vegetal (LMV)<\/a><\/p>\n\n\n\n<p><a href=\"https:\/\/agrarias.ufpr.br\/pgapv\/laboratorio-de-plantas-daninhas-setor-palotina-11806402\/\">Laborat\u00f3rio de Plantas Daninhas \u2013 Setor Palotina<\/a><\/p>\n\n\n\n<p><a href=\"https:\/\/agrarias.ufpr.br\/pgapv\/laboratorio-de-pos-colheita-de-produtos-horticolas-2\/\">Laborat\u00f3rio de P\u00f3s-colheita de Produtos Hort\u00edcolas (LAP\u00d3S)<\/a><\/p>\n\n\n\n<p><a href=\"https:\/\/agrarias.ufpr.br\/pgapv\/laboratorio-de-sementes-setor-palotina-11806403\/\">Laborat\u00f3rio de Sementes \u2013 Setor Palotina<\/a><\/p>\n","protected":false},"excerpt":{"rendered":"<p>Laborat\u00f3rio de Anatomia e Biomec\u00e2nica Vegetal (LABV) Laborat\u00f3rio de Controle Integrado de Insetos (LCII) Laborat\u00f3rio de Ecofisiologia Laborat\u00f3rio de Entomologia Agr\u00edcola &#8220;Prof Angelo Moreira da Costa Lima&#8221; Laborat\u00f3rio de Epidemiologia para o Manejo Integrado de Doen\u00e7as (LEMID 1) Laborat\u00f3rio de Epidemiologia para o Manejo Integrado de Doen\u00e7as (LEMID 2) Laborat\u00f3rio de Epidemiologia Molecular (LAEM) Laborat\u00f3rio [&hellip;]<\/p>\n","protected":false},"author":3,"featured_media":0,"parent":0,"menu_order":0,"comment_status":"closed","ping_status":"closed","template":"","meta":{"footnotes":""},"class_list":["post-96","page","type-page","status-publish","hentry"],"_links":{"self":[{"href":"https:\/\/agrarias.ufpr.br\/pgapv\/wp-json\/wp\/v2\/pages\/96","targetHints":{"allow":["GET"]}}],"collection":[{"href":"https:\/\/agrarias.ufpr.br\/pgapv\/wp-json\/wp\/v2\/pages"}],"about":[{"href":"https:\/\/agrarias.ufpr.br\/pgapv\/wp-json\/wp\/v2\/types\/page"}],"author":[{"embeddable":true,"href":"https:\/\/agrarias.ufpr.br\/pgapv\/wp-json\/wp\/v2\/users\/3"}],"replies":[{"embeddable":true,"href":"https:\/\/agrarias.ufpr.br\/pgapv\/wp-json\/wp\/v2\/comments?post=96"}],"version-history":[{"count":36,"href":"https:\/\/agrarias.ufpr.br\/pgapv\/wp-json\/wp\/v2\/pages\/96\/revisions"}],"predecessor-version":[{"id":7614,"href":"https:\/\/agrarias.ufpr.br\/pgapv\/wp-json\/wp\/v2\/pages\/96\/revisions\/7614"}],"wp:attachment":[{"href":"https:\/\/agrarias.ufpr.br\/pgapv\/wp-json\/wp\/v2\/media?parent=96"}],"curies":[{"name":"wp","href":"https:\/\/api.w.org\/{rel}","templated":true}]}}