{"id":958,"date":"2018-08-30T12:59:13","date_gmt":"2018-08-30T12:59:13","guid":{"rendered":"https:\/\/agrarias.ufpr.br\/pgapv\/?page_id=958"},"modified":"2026-04-07T23:47:37","modified_gmt":"2026-04-07T23:47:37","slug":"agro-7038-manejo-de-lavouras-de-verao","status":"publish","type":"page","link":"https:\/\/agrarias.ufpr.br\/pgapv\/agro-7038-manejo-de-lavouras-de-verao\/","title":{"rendered":"AGRO 7038 \u2013 T\u00f3picos Especiais IV -\u2002Manejo de Lavouras de Ver\u00e3o (Milho e Soja)"},"content":{"rendered":"\n<p><strong><b>N\u00edvel<\/b><\/strong><\/p>\n\n\n\n<p>Mestrado\/Doutorado<\/p>\n\n\n\n<p><strong><b>Natureza<\/b><\/strong><\/p>\n\n\n\n<p>Semestral&nbsp;<\/p>\n\n\n\n<p><strong><b>Cr\u00e9dito<\/b><\/strong><\/p>\n\n\n\n<p>04<\/p>\n\n\n\n<p><strong><b>Carga hor\u00e1ria<\/b><\/strong><\/p>\n\n\n\n<p>60 horas (30 h te\u00f3rica\/30 h pr\u00e1tica)<\/p>\n\n\n\n<p><strong><b>Ementa<\/b><\/strong><\/p>\n\n\n\n<p>Import\u00e2ncia econ\u00f4mica das culturas de milho e soja. Origem e bot\u00e2nica. Crescimento e desenvolvimento das plantas. Fenologia e contribui\u00e7\u00e3o das fases vegetativa e reprodutiva no rendimento de gr\u00e3os. Ecofisiologia das culturas. Aspectos morfol\u00f3gicos, fisiol\u00f3gicos e agron\u00f4micos determinantes do rendimento. Manejo de cultivares para altos rendimentos. Manejo fitot\u00e9cnico e fitossanit\u00e1rio da lavoura e suas intera\u00e7\u00f5es com o ambiente de produ\u00e7\u00e3o. Principais avan\u00e7os tecnol\u00f3gicos nas pr\u00e1ticas de manejo da lavoura para altos rendimentos. Sistemas de rota\u00e7\u00e3o e sucess\u00e3o de culturas e seu impacto sobre a produtividade e sustentabilidade da atividade agr\u00edcola. Planejamento e manejo do sistema de produ\u00e7\u00e3o visando altas produtividades.<\/p>\n\n\n\n<p><strong><b>Semestre<\/b><\/strong><\/p>\n\n\n\n<p>1\u00ba&nbsp;<\/p>\n\n\n\n<p><strong><b>Dia\/hor\u00e1rio<\/b><\/strong><\/p>\n\n\n\n<p>Quarta-feira\/ 13:30 \u00e0s 17:30 horas<\/p>\n\n\n\n<p><strong><b>Docente<\/b><\/strong><\/p>\n\n\n\n<p><a href=\"https:\/\/agrarias.ufpr.br\/pgapv\/luiz-alberto-kozlowski\/\">Luiz Alberto Kozlowski<\/a><\/p>\n\n\n\n<p><strong><b>Bibliografia recomendada<\/b><\/strong><\/p>\n\n\n\n<p>ANDRADE, F.; CIRILO, A.; UHART, S.; OTEGUI, M. <strong><b>Ecofisiologia del cultivo de maiz. <\/b><\/strong>Dekalbpress, Balcarce. 1996. 292p.<\/p>\n\n\n\n<p>ARANTES, N,.E., SOUZA, P.I.M. <strong><b>A cultura da soja nos cerrados<\/b><\/strong><strong><b>.<\/b><\/strong>&nbsp;Piracicaba: POTAF\u00d3S, 1993. 535p.<\/p>\n\n\n\n<p>BOOTE, K. J; BENNETT, J. M.; SINCLAIR, T. T.; PAULSEN, G .M. <strong><b>Physiology and determination of crop yield<\/b><\/strong>. Wisconsin: American Society of Agronomy, 1994. 601p.<\/p>\n\n\n\n<p>B\u00dcLL, L.T. <strong><b>Cultura do milho: fatores que afetam a produtividade<\/b><\/strong>. Piracicaba: POTAFOS, 1993. 301p.<\/p>\n\n\n\n<p>C\u00c2MARA, G.M.S. <strong><b>Soja: tecnologia da Produ\u00e7\u00e3o II<\/b><\/strong>. 2000. 450p.<\/p>\n\n\n\n<p>C\u00c2MARA, G.M.S. <strong><b>Soja: tecnologia da Produ\u00e7\u00e3o.<\/b><\/strong>&nbsp;1998.293p.<\/p>\n\n\n\n<p>CASTRO, P. R. C.; FERREIRA, S. O.; YAMADA, T. <strong><b>Ecofisiologia da produ\u00e7\u00e3o agr\u00edcola.<\/b><\/strong>&nbsp;1.ed., Piracicaba : Associa\u00e7\u00e3o Brasileira para Pesquisa da Potassa e do Fosfato, 1987. 249p.<\/p>\n\n\n\n<p>CASTRO, P. R. C.; KLUGE, T. <strong><b>Ecofisiologia dos cultivos anuais<\/b><\/strong>. 1.ed., S\u00e3o Paulo : Nobel, 1999. 126p.<\/p>\n\n\n\n<p>CONNOR, D.J.; LOOMIS, R.S.; CASSMAN, K.G. <strong><b>Crop physiology: productivity and management in agricultural systens. <\/b><\/strong>Second Edition, Cambridge University Press, 2011, 569 p.<\/p>\n\n\n\n<p>COSTA, J.A. <strong><b>Cultura da Soja<\/b><\/strong>. Porto Alegre: EVANGRAF, 1996. 233p.<\/p>\n\n\n\n<p>CRUZ, J.C.; KARAM, D.; MAGALH\u00c3ES, P.C. (Eds.). <strong><b>A Cultura do milho<\/b><\/strong>. Sete Lagoas, Embrapa Milho e Sorgo, 2008. 517 p.<\/p>\n\n\n\n<p>DOORENBOS, J. <strong><b>Efeito da \u00e1gua no rendimento das culturas.<\/b><\/strong>&nbsp;Campina Grande: Universidade Federal da Para\u00edba, 1994. 306p. (Estudos FAO: Irriga\u00e7\u00e3o e Drenagem, 33).<\/p>\n\n\n\n<p>FAGERIA, C. K.; BALIGAR, V. C.; CLARCK, R. B. <strong><b>Physiology of crop production<\/b><\/strong>. 1\u00aa ed. New York: Haworth Press, Incorporated, 2006. 345p.<\/p>\n\n\n\n<p>FANCELLI, A.L.; DOURADO-NETO, D. <strong><b>Produ\u00e7\u00e3o de milho<\/b><\/strong>. Gua\u00edba, Agropecu\u00e1ria, 2000. 360 p.<\/p>\n\n\n\n<p>FARIAS, J.R.B.; NEPOMUCENO, A.L.; NEUMAIER, N. <strong><b>Ecofisiologia da soja<\/b><\/strong>. Londrina: Embrapa Soja, 2007. 9 p. (Circular T\u00e9cnica, 48).<\/p>\n\n\n\n<p>FEHR, W. R.; CAVINESS, C. E. <strong><b>Stages of soybean development<\/b><\/strong>. Ames: Iowa State University of Science and Technology, 1977. 11 p.<\/p>\n\n\n\n<p>FLOSS, E. L. <strong><b>Fisiologia das plantas cultivadas<\/b><\/strong>. Edi\u00e7\u00e3o, revisada e atualizada. 3.ed. Passo Fundo, RS : Editora UPF, 2006. 751 p.<\/p>\n\n\n\n<p>FORNASIERI FILHO, D. <strong><b>Manual da cultura do milho<\/b><\/strong>. Jaboticabal, Funep, 2007. 576p.<\/p>\n\n\n\n<p>GALV\u00c3O, J.C.C.; MIRANDA, G.V. (Eds.). <strong><b>Tecnologias de produ\u00e7\u00e3o do milho. <\/b><\/strong>Vi\u00e7osa, UFV, 2004. 366p.<\/p>\n\n\n\n<p>HAY, R.; PORTER, J. R. <strong><b>The physiology of crop yield<\/b><\/strong>. 2ed. Oxford, UK : Blackwell Publishing Ltd, 2006. 328p. (ISBN: 9781405108591; ISBN10: 1405108592).<\/p>\n\n\n\n<p>JOHNSON, L.A.; WHITE, P.J.; GALLOWAY, R. (eds.). <strong><b>Soybeans: chemistry, production, processing, and utilization (AOCS Monograph Series on Oilseeds). <\/b><\/strong>New York, AOCS Publishing, 2010. 850 p.<\/p>\n\n\n\n<p>LARCHER, W. <strong><b>Ecofisiologia Vegetal<\/b><\/strong>. S\u00e3o Carlos: RiMa, 2006. 550 p.<\/p>\n\n\n\n<p>LOPES, N.F.; LIMA, M.G.S. <strong><b>Fisiologia da produ\u00e7\u00e3o. <\/b><\/strong>Eds. Nei Fernandes Lopes e Maria da Gra\u00e7a de Souza Lima, Vi\u00e7osa, MG: Editora UFV, 2015. 492p.<\/p>\n\n\n\n<p>MALTI, R.; WESCHE- EBELING, P. <strong><b>Maize science<\/b><\/strong>. New York, Enfield, Science Publish, 1998. 520 p.<\/p>\n\n\n\n<p>OTEGUI, M.E.; SLAFER, G.A. (Eds.) <strong><b>Physiological bases for maize improvement. <\/b><\/strong>New York, The Haworth Press, 2000. 217 p.<\/p>\n\n\n\n<p>PAIVA, R.; OLIVEIRA, L.M. de. <strong><b>Fisiologia e produ\u00e7\u00e3o vegetal<\/b><\/strong>. Lavras: UFLA, 2006.<\/p>\n\n\n\n<p>RITCHIE, S. W.; HANWAY, J. J.; THOMPSON, H. E.; BENSON, G. O. <strong><b>How a soybean plant develops<\/b><\/strong>. Ames: Iowa State University of Science and Technology, Cooperative Extension Service, 1994. 20p. (Special Report, 53).<\/p>\n\n\n\n<p>RITCHIE, S. W.; HANWAY, J. J.; BENSON, G. O. <strong><b>How a Corn Plant Develops<\/b><\/strong>. Special Report n\u00ba 48, Iowa State University of Science and Technology, Ames, Iowa, 1993. 20p.<\/p>\n\n\n\n<p>SATORRE, E.H.; ARNOULD, R.L.B.; SLAFER, G.A.; FUENTE, E.B.; MIRALLES, D.J.; OTEGUI, M.E.; SAVIN, R. <strong><b>Producci\u00f3n de granos: bases funcionales para su manejo. <\/b><\/strong>Facultad de Agronomia, Universidad de Buenos Aires, UBA. 2010, 783p.<\/p>\n\n\n\n<p>SEDIYAMA, T. <strong><b>Produtividade<\/b><\/strong><strong><b>&nbsp;da soja<\/b><\/strong>. Londrina: Mecenas, 2016. 310p.<\/p>\n\n\n\n<p>SEDIYAMA, T.; SILVA, F.; BOR\u00c9M, A. <strong><b>Soja: do plantio \u00e0 colheita<\/b><\/strong>. Editores: Tuneo Sediyama, Felipe Silva, Alu\u00edzio Bor\u00e9m. \u2013 Vi\u00e7osa, MG: Ed. UFV, 2015. 333p.<\/p>\n\n\n\n<p>SEDIYAMA, T. <strong><b>Tecnologias de produ\u00e7\u00e3o e usos da soja<\/b><\/strong>. Londrina: Mecenas, 2009. 314p.<\/p>\n\n\n\n<p>SINGH, G. <strong><b>The soybean: botany, production and uses<\/b><\/strong>. (Ed.). Oxfordshire: Cabi, 2010.<\/p>\n\n\n\n<p>SMITH, D.; HAMEL, C. <strong><b>Crop yield: physiology and processes. <\/b><\/strong>Mc Gill University, 1998, 511 p.<\/p>\n\n\n\n<p>SOLTANI, A.; SINCLAIR, T.R. <strong><b>Modeling physiology of crop development, growth an yield. <\/b><\/strong>CAB International, 2012, 337 p.<\/p>\n\n\n\n<p>SPRAGUE, G.F.; DUDLEY, J. W. (Eds.). <strong><b>Corn and corn improvement<\/b><\/strong>. 3th ed. Madison, Wisconsin: AGRONOMY, n. 18, 1988. 986 p<strong><b>.<\/b><\/strong><\/p>\n\n\n\n<p>THOMAS, A.L.; COSTA, J.A. <strong><b>Soja<\/b><\/strong>: <strong><b>manejo para alta produtividade de gr\u00e3os.<\/b><\/strong>&nbsp;Porto Alegre: Evangraf, 2010. 248 p.<\/p>\n\n\n\n<p><strong><b>Peri\u00f3dicos Cient\u00edficos:<\/b><\/strong><\/p>\n\n\n\n<p>&#8211; Advances in Agronomy<\/p>\n\n\n\n<p>&#8211; Agronomy Journal<\/p>\n\n\n\n<p>&#8211; American Society of Agronomy<\/p>\n\n\n\n<p>&#8211; Field Crop Research<\/p>\n\n\n\n<p>&#8211; Pesquisa Agropecu\u00e1ria Brasileira<\/p>\n\n\n\n<p>&#8211; Ci\u00eancia Rural<\/p>\n\n\n\n<p>&#8211; Scientia Agr\u00edcola<\/p>\n\n\n\n<p>&#8211; Revista Planta Daninha<\/p>\n\n\n\n<p>&#8211; Revista Brasileira de Fisiologia Vegetal<\/p>\n\n\n\n<p>&#8211; Revista Acta Scientiarum-Agronomy<\/p>\n\n\n\n<p>&#8211; Revista Bragantia<\/p>\n\n\n\n<p>&#8211; Plant Physiology<\/p>\n\n\n\n<p>&#8211; Plant &amp; Soil<\/p>\n\n\n\n<p>&#8211; Weed Science<\/p>\n\n\n\n<p>&#8211; Crop Science<\/p>\n\n\n\n<p>&#8211; Better Crops with Plant Food<\/p>\n\n\n\n<p>&#8211; Journal of Agricultural Science<\/p>\n\n\n\n<p>&#8211; Plant Production Science<\/p>\n","protected":false},"excerpt":{"rendered":"<p>N\u00edvel Mestrado\/Doutorado Natureza Semestral&nbsp; Cr\u00e9dito 04 Carga hor\u00e1ria 60 horas (30 h te\u00f3rica\/30 h pr\u00e1tica) Ementa Import\u00e2ncia econ\u00f4mica das culturas de milho e soja. Origem e bot\u00e2nica. Crescimento e desenvolvimento das plantas. Fenologia e contribui\u00e7\u00e3o das fases vegetativa e reprodutiva no rendimento de gr\u00e3os. Ecofisiologia das culturas. Aspectos morfol\u00f3gicos, fisiol\u00f3gicos e agron\u00f4micos determinantes do rendimento. [&hellip;]<\/p>\n","protected":false},"author":3,"featured_media":0,"parent":0,"menu_order":0,"comment_status":"closed","ping_status":"closed","template":"","meta":{"footnotes":""},"class_list":["post-958","page","type-page","status-publish","hentry"],"_links":{"self":[{"href":"https:\/\/agrarias.ufpr.br\/pgapv\/wp-json\/wp\/v2\/pages\/958","targetHints":{"allow":["GET"]}}],"collection":[{"href":"https:\/\/agrarias.ufpr.br\/pgapv\/wp-json\/wp\/v2\/pages"}],"about":[{"href":"https:\/\/agrarias.ufpr.br\/pgapv\/wp-json\/wp\/v2\/types\/page"}],"author":[{"embeddable":true,"href":"https:\/\/agrarias.ufpr.br\/pgapv\/wp-json\/wp\/v2\/users\/3"}],"replies":[{"embeddable":true,"href":"https:\/\/agrarias.ufpr.br\/pgapv\/wp-json\/wp\/v2\/comments?post=958"}],"version-history":[{"count":7,"href":"https:\/\/agrarias.ufpr.br\/pgapv\/wp-json\/wp\/v2\/pages\/958\/revisions"}],"predecessor-version":[{"id":8141,"href":"https:\/\/agrarias.ufpr.br\/pgapv\/wp-json\/wp\/v2\/pages\/958\/revisions\/8141"}],"wp:attachment":[{"href":"https:\/\/agrarias.ufpr.br\/pgapv\/wp-json\/wp\/v2\/media?parent=958"}],"curies":[{"name":"wp","href":"https:\/\/api.w.org\/{rel}","templated":true}]}}