{"id":945,"date":"2018-08-27T12:21:56","date_gmt":"2018-08-27T12:21:56","guid":{"rendered":"https:\/\/agrarias.ufpr.br\/pgapv\/?page_id=945"},"modified":"2021-02-15T01:21:08","modified_gmt":"2021-02-15T01:21:08","slug":"agro-7034-topicos-especiais-iv-manejo-da-lavoura-de-cana-de-acucar","status":"publish","type":"page","link":"https:\/\/agrarias.ufpr.br\/pgapv\/agro-7034-topicos-especiais-iv-manejo-da-lavoura-de-cana-de-acucar\/","title":{"rendered":"AGRO 7038 \u2013 T\u00f3picos Especiais IV \u2013 Manejo da Lavoura da Cana-de-A\u00e7\u00facar"},"content":{"rendered":"<p class=\"Normal_Web_ tm7\"><strong><span class=\"tm8\">N\u00edvel<\/span><\/strong><\/p>\n<p class=\"Normal_Web_ tm7\"><span class=\"tm9\">Mestrado\/Doutorado<\/span><\/p>\n<p class=\"Normal_Web_ tm7\"><strong><span class=\"Forte\">Natureza<\/span><\/strong><\/p>\n<p class=\"Normal_Web_ tm7\"><span class=\"tm9\">Semestral<\/span><\/p>\n<p class=\"Normal_Web_ tm7\"><strong><span class=\"tm8\">Cr\u00e9ditos <\/span><\/strong><\/p>\n<p class=\"Normal_Web_ tm7\"><span class=\"tm9\">04<\/span><\/p>\n<p class=\"Normal_Web_ tm7\"><strong><span class=\"Forte\">Carga hor\u00e1ria<\/span><\/strong><\/p>\n<p class=\"Normal_Web_ tm7\"><span class=\"tm9\">60 horas<\/span><\/p>\n<p class=\"Normal_Web_ tm7\"><strong><span class=\"Forte\">Ementa<\/span><\/strong><\/p>\n<p style=\"text-align: justify\">Busca da compreens\u00e3o sobre os princ\u00edpios de fisioecologia aplicados ao manejo da lavoura de cana-de-a\u00e7\u00facar. Estudo sobre os avan\u00e7os em t\u00e9cnicas do manejo, em ganhos de rendimento agroindustrial, nos sistemas de produ\u00e7\u00e3o da cana-de-a\u00e7\u00facar e o inter-relacionamento entre a morfologia, fisiologia e express\u00e3o final do produto econ\u00f4mico da cana-de-a\u00e7\u00facar. Estudo das inova\u00e7\u00f5es que permitam a obten\u00e7\u00e3o de alta efici\u00eancia na produtividade agroindustrial.<\/p>\n<p class=\"Normal_Web_ tm10\"><strong><span class=\"Forte\">Semestre<\/span><\/strong><\/p>\n<p class=\"Normal_Web_ tm7\"><span class=\"tm9\">1\u00ba semestre de cada ano<\/span><\/p>\n<p class=\"Normal_Web_ tm7\"><strong><span class=\"tm8\">Dia\/Hor\u00e1rio<\/span><\/strong><\/p>\n<p class=\"Normal_Web_ tm7\"><span class=\"tm12\">Ter\u00e7a-feira, 8:00 h \u00e0s 12:00 h<\/span><\/p>\n<p class=\"Normal_Web_ tm7\"><strong><span class=\"Forte\">Docente<\/span><\/strong><\/p>\n<p class=\"Normal_Web_ tm7\"><a href=\"https:\/\/agrarias.ufpr.br\/pgapv\/ricardo-augusto-de-oliveira\/\"><span class=\"tm9\">Ricardo Augusto de Oliveira<\/span><\/a><\/p>\n<p class=\"Normal_Web_ tm13\"><strong><span class=\"tm14\">Bibliografia Recomendada<\/span><\/strong><\/p>\n<p style=\"text-align: justify\">BARBOSA, M. H. P.; RESENDE, M. D. V.; DIAS, L. A. S.; BARBOSA, G. V. S.; OLIVEIRA, R. A.; DAROS, E. Melhoramento gen\u00e9tico da cana-de-a\u00e7\u00facar para bioenergia: a experi\u00eancia brasileira de pesquisa em rede com a RIDESA. In: TEIXEIRA, E. C.; PROTIL, R. M.; LIMA, A. L. R. (Org.). A contribui\u00e7\u00e3o da ci\u00eancia e da tecnologia para o desenvolvimento do agroneg\u00f3cio. 1ed. Vi\u00e7osa: Suprema Gr\u00e1fica e Editora, 2013, v. 1, p. 609-640.<\/p>\n<p style=\"text-align: justify\">CANZIANI, J. R.; ADDARIO, V. G.; Consecana Paran\u00e1: manual de instru\u00e7\u00f5es. Curitiba : Faep\/Sialpar\/Siapar, 2012. 116p.<\/p>\n<p style=\"text-align: justify\">CARNEIRO, L. F.; OLIVEIRA, R. A.; WEBER, H.; DAROS, E.; BERTON, G. S.; RODRIGUES, F. V. Alternative sugarcane production for conservation of sandy soils: sugarcane straw,<\/p>\n<p style=\"text-align: justify\">CASTRO, S. G. Q.; FRANCO, H. C. J.; MUTTON, M. A. Harvest managements and cultural practices in sugarcane. Revista Brasileira Ci\u00eancias do Solo, Vi\u00e7osa, v. 38, n. 1, p. 299-306, 2014.<\/p>\n<p style=\"text-align: justify\">DAROS, E.; OLIVEIRA, R. A; BARBOSA, G. V. S. (Org.). 45 Anos de Variedades RB de Cana-de-A\u00e7\u00facar: 25 anos de RIDESA. 1. ed. Curitiba : Editora Graciosa, 2015. v. 0. 156p.<\/p>\n<p style=\"text-align: justify\">DINARDO-MIRANDA, L. L.; VASCONCELOS, A. C. M.; LANDELL, M. G. A. Cana-de-a\u00e7\u00facar, Ed. 1, Campinas: Instituto Agron\u00f4mico, 2010, 882p.<\/p>\n<p style=\"text-align: justify\">FRITSHE-NETO, R.; BOR\u00c9M, A. Melhoramento de plantas para condi\u00e7\u00f5es de estresses abi\u00f3ticos. Visconde do Rio Branco: Suprema, 2011. 250p.<\/p>\n<p style=\"text-align: justify\">SANTO, F.; BOR\u00c9M, A. Cana-de-A\u00e7\u00facar: do plantio \u00e0 colheita. Vi\u00e7osa : Ed. Vi\u00e7osa, 2013. 257p.<\/p>\n<p style=\"text-align: justify\">SILVA, F. C.; ALVES, B. J. R.; FREITAS, P. L (Ed.). Sistema de produ\u00e7\u00e3o mecanizada da cana-de-a\u00e7\u00facar integrada \u00e0 produ\u00e7\u00e3o de energia e alimentos. 1. ed. Bras\u00edlia: Embrapa, 2015. v. 1. 586p.<\/p>\n<p style=\"text-align: justify\">SILVA, F. C.; ALVES, B. J. R.; FREITAS, P. L (Ed.). Sistema de produ\u00e7\u00e3o mecanizada da cana-de-a\u00e7\u00facar integrada \u00e0 produ\u00e7\u00e3o de energia e alimentos. 1. ed. Bras\u00edlia: Embrapa, 2017. v. 2. 938p.<\/p>\n<p style=\"text-align: justify\">SILVA, S. D. A. E. ; VERISSIMO, M. A. A. ; HARTER, A. ; MONTEIRO, C. R. S. ; DAROS, E. ; BARBOSA, G. V. S. ; WEBER, H. ; BESPALHOK FILHO, J. C. ; SILVEIRA, L. C. I. ; OLIVEIRA, Ricardo Augusto de ; PANZIERA, W. ; ANTUNES, W. R. . Variedades de cana-de-a\u00e7\u00facar recomendadas para o Rio Grande do Sul. Sistemas de Produ\u00e7\u00e3o, v. 1, p. 113-131, 2016.<\/p>\n<p style=\"text-align: justify\">TAIZ, L.; ZEIGER, E.; MOLLER, I. M.; MURPHY, A. (Ed) MASTROBERTI, A. A. (Trad) Fisiologia e desenvolvimento vegetal. 6. ed., Porto Alegre : Editora Artmed, 2017. 858p.<\/p>\n","protected":false},"excerpt":{"rendered":"<p>N\u00edvel Mestrado\/Doutorado Natureza Semestral Cr\u00e9ditos 04 Carga hor\u00e1ria 60 horas Ementa Busca da compreens\u00e3o sobre os princ\u00edpios de fisioecologia aplicados ao manejo da lavoura de cana-de-a\u00e7\u00facar. Estudo sobre os avan\u00e7os em t\u00e9cnicas do manejo, em ganhos de rendimento agroindustrial, nos sistemas de produ\u00e7\u00e3o da cana-de-a\u00e7\u00facar e o inter-relacionamento entre a morfologia, fisiologia e express\u00e3o final [&hellip;]<\/p>\n","protected":false},"author":3,"featured_media":0,"parent":0,"menu_order":0,"comment_status":"closed","ping_status":"closed","template":"","meta":{"footnotes":""},"class_list":["post-945","page","type-page","status-publish","hentry"],"_links":{"self":[{"href":"https:\/\/agrarias.ufpr.br\/pgapv\/wp-json\/wp\/v2\/pages\/945","targetHints":{"allow":["GET"]}}],"collection":[{"href":"https:\/\/agrarias.ufpr.br\/pgapv\/wp-json\/wp\/v2\/pages"}],"about":[{"href":"https:\/\/agrarias.ufpr.br\/pgapv\/wp-json\/wp\/v2\/types\/page"}],"author":[{"embeddable":true,"href":"https:\/\/agrarias.ufpr.br\/pgapv\/wp-json\/wp\/v2\/users\/3"}],"replies":[{"embeddable":true,"href":"https:\/\/agrarias.ufpr.br\/pgapv\/wp-json\/wp\/v2\/comments?post=945"}],"version-history":[{"count":5,"href":"https:\/\/agrarias.ufpr.br\/pgapv\/wp-json\/wp\/v2\/pages\/945\/revisions"}],"predecessor-version":[{"id":3270,"href":"https:\/\/agrarias.ufpr.br\/pgapv\/wp-json\/wp\/v2\/pages\/945\/revisions\/3270"}],"wp:attachment":[{"href":"https:\/\/agrarias.ufpr.br\/pgapv\/wp-json\/wp\/v2\/media?parent=945"}],"curies":[{"name":"wp","href":"https:\/\/api.w.org\/{rel}","templated":true}]}}