{"id":943,"date":"2018-08-27T12:21:27","date_gmt":"2018-08-27T12:21:27","guid":{"rendered":"https:\/\/agrarias.ufpr.br\/pgapv\/?page_id=943"},"modified":"2026-04-07T23:47:28","modified_gmt":"2026-04-07T23:47:28","slug":"agro-7014-fundamentos-para-o-manejo-de-plantas-cultivadas","status":"publish","type":"page","link":"https:\/\/agrarias.ufpr.br\/pgapv\/agro-7014-fundamentos-para-o-manejo-de-plantas-cultivadas\/","title":{"rendered":"AGRO 7014 \u2013 Fundamentos para o Manejo de Plantas Cultivadas"},"content":{"rendered":"\n<p class=\"Normal_Web_ tm9\"><strong><span class=\"tm10\">N\u00edvel<\/span><\/strong><\/p>\n\n\n\n<p class=\"Normal_Web_ tm9\"><span class=\"tm11\">Mestrado\/Doutorado<\/span><\/p>\n\n\n\n<p class=\"Normal_Web_ tm9\"><strong><span class=\"Forte\">Natureza<\/span><\/strong><\/p>\n\n\n\n<p class=\"Normal_Web_ tm9\"><span class=\"tm11\">Concentrada<\/span><\/p>\n\n\n\n<p class=\"Normal_Web_ tm9\"><strong><span class=\"tm10\">Cr\u00e9ditos <\/span><\/strong><\/p>\n\n\n\n<p class=\"Normal_Web_ tm9\"><span class=\"tm11\">04<\/span><\/p>\n\n\n\n<p class=\"Normal_Web_ tm9\"><strong><span class=\"Forte\">Carga hor\u00e1ria<\/span><\/strong><\/p>\n\n\n\n<p class=\"Normal_Web_ tm9\"><span class=\"tm11\">60 horas<\/span><\/p>\n\n\n\n<p class=\"Normal_Web_ tm9\"><strong><span class=\"Forte\">Ementa<\/span><\/strong><\/p>\n\n\n\n<p class=\"Normal_Web_ tm9\">Estudo sobre o rendimento potencial e potencial de rendimento e fatores que limitam a produtividade. Princ\u00edpios de fisioecologia aplicados ao manejo. Discuss\u00e3o dos avan\u00e7os em t\u00e9cnicas de manejo de plantas cultivadas. Interrelacionamento entre a morfologia, fisiologia e express\u00e3o final do produto econ\u00f4mico das culturas, destacando os avan\u00e7os nos ganhos em rendimentos agron\u00f4micos das grandes culturas e as principais limita\u00e7\u00f5es. Inova\u00e7\u00f5es que permitam a obten\u00e7\u00e3o de alta efici\u00eancia na produ\u00e7\u00e3o de gr\u00e3os.<\/p>\n\n\n\n<p class=\"Normal_Web_ tm9\"><strong><span class=\"Forte\">Semestre<\/span><\/strong><\/p>\n\n\n\n<p class=\"Normal_Web_ tm9\"><span class=\"tm11\">2\u00ba&nbsp;<\/span><\/p>\n\n\n\n<p class=\"Normal_Web_ tm9\"><strong><span class=\"tm10\">Dia\/Hor\u00e1rio<\/span><\/strong><\/p>\n\n\n\n<p class=\"Normal_Web_ tm9\"><span class=\"tm13\">A definir<\/span><\/p>\n\n\n\n<p class=\"Normal_Web_ tm9\"><strong><span class=\"Forte\">Docente<\/span><\/strong><\/p>\n\n\n\n<p class=\"Normal_Web_ tm9\"><a href=\"https:\/\/agrarias.ufpr.br\/pgapv\/ricardo-augusto-de-oliveira\/\"><span class=\"tm11\">Ricardo Augusto de Oliveira<\/span><\/a><\/p>\n\n\n\n<p class=\"Normal_Web_ tm14\"><strong><span class=\"tm15\">Bibliografia Recomendada<\/span><\/strong><\/p>\n\n\n\n<p>DI MATTEO J. A.; FERREYRA, J. M.; CERRUDO, A. A.; ECHARTE, L.; ANDRADE, F.H. Yield potential and yield stability of Argentine maize hybrids over 45 years of breeding, Field Crops Research, v. 197, p. , 2016.&nbsp;&nbsp;&nbsp;<\/p>\n\n\n\n<p>FARALLI, M., LAWSON, T. Natural genetic variation in photosynthesis: an untapped resource to increase crop yield potential? The plant journal, v.101, n.3, p. 518-528, feb. 2020.<\/p>\n\n\n\n<p>FLOSS, E. L. Fisiologia das plantas cultivadas. Passo Fundo : Ed. Universidade de passo Fundo, 2008,733 p.<\/p>\n\n\n\n<p>FRITSHE-NETO, R., BOR\u00c9M, A. Melhoramento de plantas para condi\u00e7\u00f5es de estresses abi\u00f3ticos. Visconde do Rio Branco : Suprema, 2011. 250p.<\/p>\n\n\n\n<p>GONZALEZ, V.H., TOLLENAAR, M., BOWMAN, A., GOOD, B., LEE, E.A. Maize Yield Potential and Density Tolerance, Crop Science, v. 58, p. 472-485, 2018.<\/p>\n\n\n\n<p>HUANG M., TANG Q., AO H., ZOU, Y. Yield potential and stability in super hybrid rice and its production strategies, Journal of Integrative Agriculture, v. 16, n. 5, p. 1009-1017, 2017,<\/p>\n\n\n\n<p>HUNT, R. Plant growth analysis. London, Edward Arnold (Publishers) Ltd., 1978, 67 p.<\/p>\n\n\n\n<p>LABORTE A. G., DE BIE, K. C. A. J. M., SMALING, E. M. A., MOYA, P. F., BOLING, A. A., VAN ITTERSUM, M. K. Rice yields and yield gaps in Southeast Asia: Past trends and future<\/p>\n\n\n\n<p>LARCHER, W. Ecofisiologia Vegetal. Tradu\u00e7\u00e3o de: PRADO, C. H. B. A. S\u00e3o Paulo : Editora RiMa, 2006, 531p.<\/p>\n\n\n\n<p>LONG, S. P.; MARCHALL-COLON, A.; ZHU, X. G. Meeting the Global Food Demandof the Future by Engineering Crop Photosynthesis and Yield Potential. Cell. Mar 26, v. 161(1), p.56-66, 2015.<\/p>\n\n\n\n<p>SALISBURY, F. B. &amp; ROSS, C. W. Plant physiology. Belmont: Wadsworth Publishing Co., 1992, 435 p.<\/p>\n\n\n\n<p>TAIZ, L., ZEIGER, E., MOLLER, I. M., MURPHY, A. (Ed) MASTROBERTI, A. A. (Trad) Fisiologia e desenvolvimento vegetal, 6. ed., Porto Alegre: Editora Artmed, 2017. 858p.<\/p>\n","protected":false},"excerpt":{"rendered":"<p>N\u00edvel Mestrado\/Doutorado Natureza Concentrada Cr\u00e9ditos 04 Carga hor\u00e1ria 60 horas Ementa Estudo sobre o rendimento potencial e potencial de rendimento e fatores que limitam a produtividade. Princ\u00edpios de fisioecologia aplicados ao manejo. Discuss\u00e3o dos avan\u00e7os em t\u00e9cnicas de manejo de plantas cultivadas. Interrelacionamento entre a morfologia, fisiologia e express\u00e3o final do produto econ\u00f4mico das culturas, [&hellip;]<\/p>\n","protected":false},"author":3,"featured_media":0,"parent":0,"menu_order":0,"comment_status":"closed","ping_status":"closed","template":"","meta":{"footnotes":""},"class_list":["post-943","page","type-page","status-publish","hentry"],"_links":{"self":[{"href":"https:\/\/agrarias.ufpr.br\/pgapv\/wp-json\/wp\/v2\/pages\/943","targetHints":{"allow":["GET"]}}],"collection":[{"href":"https:\/\/agrarias.ufpr.br\/pgapv\/wp-json\/wp\/v2\/pages"}],"about":[{"href":"https:\/\/agrarias.ufpr.br\/pgapv\/wp-json\/wp\/v2\/types\/page"}],"author":[{"embeddable":true,"href":"https:\/\/agrarias.ufpr.br\/pgapv\/wp-json\/wp\/v2\/users\/3"}],"replies":[{"embeddable":true,"href":"https:\/\/agrarias.ufpr.br\/pgapv\/wp-json\/wp\/v2\/comments?post=943"}],"version-history":[{"count":6,"href":"https:\/\/agrarias.ufpr.br\/pgapv\/wp-json\/wp\/v2\/pages\/943\/revisions"}],"predecessor-version":[{"id":8140,"href":"https:\/\/agrarias.ufpr.br\/pgapv\/wp-json\/wp\/v2\/pages\/943\/revisions\/8140"}],"wp:attachment":[{"href":"https:\/\/agrarias.ufpr.br\/pgapv\/wp-json\/wp\/v2\/media?parent=943"}],"curies":[{"name":"wp","href":"https:\/\/api.w.org\/{rel}","templated":true}]}}