{"id":901,"date":"2018-08-22T19:15:25","date_gmt":"2018-08-22T19:15:25","guid":{"rendered":"https:\/\/agrarias.ufpr.br\/pgapv\/?page_id=901"},"modified":"2026-02-04T12:40:59","modified_gmt":"2026-02-04T12:40:59","slug":"agro-xxxx-processamento-de-amostras-para-estudos-em-anatomia-vegetal","status":"publish","type":"page","link":"https:\/\/agrarias.ufpr.br\/pgapv\/agro-xxxx-processamento-de-amostras-para-estudos-em-anatomia-vegetal\/","title":{"rendered":"AGRO 7040 \u2013 Processamento de Amostras para Estudos em Anatomia Vegetal"},"content":{"rendered":"\n<p class=\"Normal_Web_ tm7\"><strong><span class=\"tm8\">N\u00edvel<\/span><\/strong><\/p>\n\n\n\n<p class=\"Normal_Web_ tm7\"><span class=\"tm9\">Mestrado\/Doutorado<\/span><\/p>\n\n\n\n<p class=\"Normal_Web_ tm7\"><strong><span class=\"Forte\">Natureza<\/span><\/strong><\/p>\n\n\n\n<p class=\"Normal_Web_ tm7\"><span class=\"tm9\">Semestral<\/span><\/p>\n\n\n\n<p class=\"Normal_Web_ tm7\"><strong><span class=\"tm8\">Cr\u00e9ditos <\/span><\/strong><\/p>\n\n\n\n<p class=\"Normal_Web_ tm7\"><span class=\"tm9\">03<\/span><\/p>\n\n\n\n<p class=\"Normal_Web_ tm7\"><strong><span class=\"Forte\">Carga hor\u00e1ria<\/span><\/strong><\/p>\n\n\n\n<p class=\"Normal_Web_ tm7\"><span class=\"tm9\">45 horas <\/span><\/p>\n\n\n\n<p class=\"Normal_Web_ tm7\"><strong><span class=\"Forte\">Ementa<\/span><\/strong><\/p>\n\n\n\n<p>Protocolos para fixa\u00e7\u00e3o, histoqu\u00edmica, inclus\u00e3o e microtomia para an\u00e1lise em microscopia de luz.<\/p>\n\n\n\n<p class=\"Normal_Web_ tm7\"><strong><span class=\"Forte\">Semestre<\/span><\/strong><\/p>\n\n\n\n<p class=\"Normal_Web_ tm7\"><span class=\"tm9\">1\u00ba<\/span><\/p>\n\n\n\n<p class=\"Normal_Web_ tm7\"><strong><span class=\"tm8\">Dia\/Hor\u00e1rio<\/span><\/strong><\/p>\n\n\n\n<p class=\"Normal_Web_ tm7\"><span class=\"tm12\">A definir<\/span><\/p>\n\n\n\n<p class=\"Normal_Web_ tm7\"><strong><span class=\"Forte\">Docente<\/span><\/strong><\/p>\n\n\n\n<p class=\"Normal_Web_ tm7\"><a href=\"https:\/\/agrarias.ufpr.br\/pgapv\/bruno-francisco-santanna-dos-santos\/\"><span class=\"tm9\">Bruno Francisco Sant\u2019Anna dos Santos<\/span><\/a><\/p>\n\n\n\n<p class=\"Normal_Web_ tm7\"><strong><span class=\"tm14\">Bibliografia Recomendada<\/span><\/strong><\/p>\n\n\n\n<p>ATKINSON, J.A.; WELLS, D.M. An updated protocol for high throughput plant tissue sectioning. Frontiers in plant science, 2017, 8: 1721.<\/p>\n\n\n\n<p>BELLINGER, M.A.; SIDHU, S.K.; RASMUSSEN, C.G. Staining Maize Epidermal Leaf Peels with Toluidine Blue O. Bio-101: e3214, 2019, DOI: 10.21769\/BioProtoc.3214.<\/p>\n\n\n\n<p>CLODE, P.L. A Method for Preparing Difficult Plant Tissues for Light and Electron Microscopy. Microscopy and Microanalysis, 2015, 21: 902-909.<\/p>\n\n\n\n<p>CRANG, R.; LYONS-SOBASKI, S.; WISE, R. Microscopy and Imaging. In: Plant Anatomy. Springer, Cham, 2018. p. 45-74.<\/p>\n\n\n\n<p>VIDAL, B.C..; MELLO, M.L.S. Toluidine blue staining for cell and tissue biology applications. Acta histochemica, 2019, 121: 101-112.<\/p>\n\n\n\n<p>DEMARCO, D. Histochemical analysis of plant secretory structures. In: Histochemistry of Single Molecules. Humana Press, New York, NY, 2017. p. 313-330.<\/p>\n\n\n\n<p>DOUGLAS, S.M. Cytology, histology, and histochemistry of MLO infections in tree fruits. Cytology, Histology and Histochemistry of Fruit Tree Diseases, 2019, 23.<\/p>\n\n\n\n<p>EVERT, R.F. Esau\u2019s plant anatomy: meristems, cells, and tissues of the plant body: their structure, function, and development. 3., 2015.<\/p>\n\n\n\n<p>LUX, A.; VACUL\u00cdK, M.; KOV\u00c1\u010c, J. Improved methods for clearing and staining of plant samples. In: Plant microtechniques and protocols. Springer, Cham, 2015. p. 167-178.<\/p>\n\n\n\n<p>OLIVEIRA, J.M.S. Simultaneous dehydration and infiltration with (2-hydroxyethyl)-methacrylate (HEMA) for lipid preservation in plant tissues. Acta Botanica Brasilica, 2015, 29.2: 207-212.<\/p>\n\n\n\n<p>ROCHA, D. I., KURCZY\u0143SKA, E., POTOCKA, I., STEINMACHER, D. A., OTONI, W. C. Histology and histochemistry of somatic embryogenesis. In Somatic Embryogenesis: Fundamental Aspects and Applications (pp. 471-494). Springer, Cham, 2016.<\/p>\n\n\n\n<p>TIMMERS, A.C.J. Light microscopy of whole plant organs. Journal of microscopy, 2016, 263.2: 165-170.<\/p>\n\n\n\n<p>VERHERTBRUGGEN, Y., WALKER, J.L., GUILLON, F., AND SCHELLER, H.V. A Comparative Study of Sample Preparation for Staining and Immunodetection of Plant Cell Walls by Light Microscopy. United States: N. p., 2017. Web. doi:10.3389\/fpls.2017.01505.<\/p>\n\n\n\n<p class=\"Normal tm16\">&nbsp;<\/p>\n\n\n\n<p class=\"Normal tm16\"><span class=\"tm19\">&nbsp;<\/span><\/p>\n\n\n\n<p class=\"Normal\">&nbsp;<\/p>\n","protected":false},"excerpt":{"rendered":"<p>N\u00edvel Mestrado\/Doutorado Natureza Semestral Cr\u00e9ditos 03 Carga hor\u00e1ria 45 horas Ementa Protocolos para fixa\u00e7\u00e3o, histoqu\u00edmica, inclus\u00e3o e microtomia para an\u00e1lise em microscopia de luz. Semestre 1\u00ba Dia\/Hor\u00e1rio A definir Docente Bruno Francisco Sant\u2019Anna dos Santos Bibliografia Recomendada ATKINSON, J.A.; WELLS, D.M. An updated protocol for high throughput plant tissue sectioning. Frontiers in plant science, 2017, [&hellip;]<\/p>\n","protected":false},"author":3,"featured_media":0,"parent":0,"menu_order":0,"comment_status":"closed","ping_status":"closed","template":"","meta":{"footnotes":""},"class_list":["post-901","page","type-page","status-publish","hentry"],"_links":{"self":[{"href":"https:\/\/agrarias.ufpr.br\/pgapv\/wp-json\/wp\/v2\/pages\/901","targetHints":{"allow":["GET"]}}],"collection":[{"href":"https:\/\/agrarias.ufpr.br\/pgapv\/wp-json\/wp\/v2\/pages"}],"about":[{"href":"https:\/\/agrarias.ufpr.br\/pgapv\/wp-json\/wp\/v2\/types\/page"}],"author":[{"embeddable":true,"href":"https:\/\/agrarias.ufpr.br\/pgapv\/wp-json\/wp\/v2\/users\/3"}],"replies":[{"embeddable":true,"href":"https:\/\/agrarias.ufpr.br\/pgapv\/wp-json\/wp\/v2\/comments?post=901"}],"version-history":[{"count":6,"href":"https:\/\/agrarias.ufpr.br\/pgapv\/wp-json\/wp\/v2\/pages\/901\/revisions"}],"predecessor-version":[{"id":7666,"href":"https:\/\/agrarias.ufpr.br\/pgapv\/wp-json\/wp\/v2\/pages\/901\/revisions\/7666"}],"wp:attachment":[{"href":"https:\/\/agrarias.ufpr.br\/pgapv\/wp-json\/wp\/v2\/media?parent=901"}],"curies":[{"name":"wp","href":"https:\/\/api.w.org\/{rel}","templated":true}]}}