{"id":880,"date":"2018-08-22T11:35:50","date_gmt":"2018-08-22T11:35:50","guid":{"rendered":"https:\/\/agrarias.ufpr.br\/pgapv\/?page_id=880"},"modified":"2026-04-08T00:03:31","modified_gmt":"2026-04-08T00:03:31","slug":"laboratorio-de-micropropagacao-vegetal","status":"publish","type":"page","link":"https:\/\/agrarias.ufpr.br\/pgapv\/laboratorio-de-micropropagacao-vegetal\/","title":{"rendered":"Laborat\u00f3rio de Macropropaga\u00e7\u00e3o \u2013 GEPELAB"},"content":{"rendered":"\n<p><strong>Interesses de pesquisa<\/strong><\/p>\n\n\n\n<p>O Grupo de Estudo e Pesquisa em Estaquia tem como objetivo principal investigar os diversos fatores que afetam o enraizamento advent\u00edcio em estacas caulinares, dentre eles, a aplica\u00e7\u00e3o de diferentes concentra\u00e7\u00f5es de auxinas, formas de aplica\u00e7\u00e3o, substratos, esta\u00e7\u00f5es do ano.<\/p>\n\n\n\n<p><strong>Coordenadora<\/strong><\/p>\n\n\n\n<p><a href=\"https:\/\/agrarias.ufpr.br\/pgapv\/katia-christina-zuffellato-ribas\/\">Katia Christina Zuffellato-Ribas<\/a><\/p>\n\n\n\n<p><strong>Contatos<\/strong><\/p>\n\n\n\n<p><strong>&nbsp;<\/strong>+55 (41) 3361-1758<\/p>\n\n\n\n<p><strong>Fotos<\/strong><\/p>\n\n\n\n<figure class=\"wp-block-gallery has-nested-images columns-4 is-cropped wp-block-gallery-1 is-layout-flex wp-block-gallery-is-layout-flex\">\n<figure class=\"wp-block-image size-full\"><img loading=\"lazy\" decoding=\"async\" width=\"960\" height=\"720\" data-id=\"8198\" src=\"https:\/\/agrarias.ufpr.br\/pgapv\/wp-content\/uploads\/sites\/39\/2026\/04\/gepelab-1.jpg\" alt=\"\" class=\"wp-image-8198\" style=\"aspect-ratio:4\/3\" srcset=\"https:\/\/agrarias.ufpr.br\/pgapv\/wp-content\/uploads\/sites\/39\/2026\/04\/gepelab-1.jpg 960w, https:\/\/agrarias.ufpr.br\/pgapv\/wp-content\/uploads\/sites\/39\/2026\/04\/gepelab-1-300x225.jpg 300w, https:\/\/agrarias.ufpr.br\/pgapv\/wp-content\/uploads\/sites\/39\/2026\/04\/gepelab-1-768x576.jpg 768w, https:\/\/agrarias.ufpr.br\/pgapv\/wp-content\/uploads\/sites\/39\/2026\/04\/gepelab-1-131x98.jpg 131w, https:\/\/agrarias.ufpr.br\/pgapv\/wp-content\/uploads\/sites\/39\/2026\/04\/gepelab-1-75x57.jpg 75w\" sizes=\"auto, (max-width: 960px) 100vw, 960px\" \/><\/figure>\n\n\n\n<figure class=\"wp-block-image size-full\"><img loading=\"lazy\" decoding=\"async\" width=\"960\" height=\"720\" data-id=\"8197\" src=\"https:\/\/agrarias.ufpr.br\/pgapv\/wp-content\/uploads\/sites\/39\/2026\/04\/gepelab-2.jpg\" alt=\"\" class=\"wp-image-8197\" style=\"aspect-ratio:4\/3\" srcset=\"https:\/\/agrarias.ufpr.br\/pgapv\/wp-content\/uploads\/sites\/39\/2026\/04\/gepelab-2.jpg 960w, https:\/\/agrarias.ufpr.br\/pgapv\/wp-content\/uploads\/sites\/39\/2026\/04\/gepelab-2-300x225.jpg 300w, https:\/\/agrarias.ufpr.br\/pgapv\/wp-content\/uploads\/sites\/39\/2026\/04\/gepelab-2-768x576.jpg 768w, https:\/\/agrarias.ufpr.br\/pgapv\/wp-content\/uploads\/sites\/39\/2026\/04\/gepelab-2-131x98.jpg 131w, https:\/\/agrarias.ufpr.br\/pgapv\/wp-content\/uploads\/sites\/39\/2026\/04\/gepelab-2-75x57.jpg 75w\" sizes=\"auto, (max-width: 960px) 100vw, 960px\" \/><\/figure>\n\n\n\n<figure class=\"wp-block-image size-full\"><img loading=\"lazy\" decoding=\"async\" width=\"1200\" height=\"900\" data-id=\"8211\" src=\"https:\/\/agrarias.ufpr.br\/pgapv\/wp-content\/uploads\/sites\/39\/2026\/04\/gepelab-3.jpg\" alt=\"\" class=\"wp-image-8211\" style=\"aspect-ratio:4\/3\" srcset=\"https:\/\/agrarias.ufpr.br\/pgapv\/wp-content\/uploads\/sites\/39\/2026\/04\/gepelab-3.jpg 1200w, https:\/\/agrarias.ufpr.br\/pgapv\/wp-content\/uploads\/sites\/39\/2026\/04\/gepelab-3-300x225.jpg 300w, https:\/\/agrarias.ufpr.br\/pgapv\/wp-content\/uploads\/sites\/39\/2026\/04\/gepelab-3-1024x768.jpg 1024w, https:\/\/agrarias.ufpr.br\/pgapv\/wp-content\/uploads\/sites\/39\/2026\/04\/gepelab-3-768x576.jpg 768w, https:\/\/agrarias.ufpr.br\/pgapv\/wp-content\/uploads\/sites\/39\/2026\/04\/gepelab-3-131x98.jpg 131w, https:\/\/agrarias.ufpr.br\/pgapv\/wp-content\/uploads\/sites\/39\/2026\/04\/gepelab-3-75x57.jpg 75w\" sizes=\"auto, (max-width: 1200px) 100vw, 1200px\" \/><\/figure>\n\n\n\n<figure class=\"wp-block-image size-full\"><img loading=\"lazy\" decoding=\"async\" width=\"1200\" height=\"900\" data-id=\"8216\" src=\"https:\/\/agrarias.ufpr.br\/pgapv\/wp-content\/uploads\/sites\/39\/2026\/04\/gepelab-4.jpg\" alt=\"\" class=\"wp-image-8216\" style=\"aspect-ratio:4\/3\" srcset=\"https:\/\/agrarias.ufpr.br\/pgapv\/wp-content\/uploads\/sites\/39\/2026\/04\/gepelab-4.jpg 1200w, https:\/\/agrarias.ufpr.br\/pgapv\/wp-content\/uploads\/sites\/39\/2026\/04\/gepelab-4-300x225.jpg 300w, https:\/\/agrarias.ufpr.br\/pgapv\/wp-content\/uploads\/sites\/39\/2026\/04\/gepelab-4-1024x768.jpg 1024w, https:\/\/agrarias.ufpr.br\/pgapv\/wp-content\/uploads\/sites\/39\/2026\/04\/gepelab-4-768x576.jpg 768w, https:\/\/agrarias.ufpr.br\/pgapv\/wp-content\/uploads\/sites\/39\/2026\/04\/gepelab-4-131x98.jpg 131w, https:\/\/agrarias.ufpr.br\/pgapv\/wp-content\/uploads\/sites\/39\/2026\/04\/gepelab-4-75x57.jpg 75w\" sizes=\"auto, (max-width: 1200px) 100vw, 1200px\" \/><\/figure>\n\n\n\n<figure class=\"wp-block-image size-full\"><img loading=\"lazy\" decoding=\"async\" width=\"1200\" height=\"900\" data-id=\"8209\" src=\"https:\/\/agrarias.ufpr.br\/pgapv\/wp-content\/uploads\/sites\/39\/2026\/04\/gepelab-5.jpg\" alt=\"\" class=\"wp-image-8209\" style=\"aspect-ratio:4\/3\" srcset=\"https:\/\/agrarias.ufpr.br\/pgapv\/wp-content\/uploads\/sites\/39\/2026\/04\/gepelab-5.jpg 1200w, https:\/\/agrarias.ufpr.br\/pgapv\/wp-content\/uploads\/sites\/39\/2026\/04\/gepelab-5-300x225.jpg 300w, https:\/\/agrarias.ufpr.br\/pgapv\/wp-content\/uploads\/sites\/39\/2026\/04\/gepelab-5-1024x768.jpg 1024w, https:\/\/agrarias.ufpr.br\/pgapv\/wp-content\/uploads\/sites\/39\/2026\/04\/gepelab-5-768x576.jpg 768w, https:\/\/agrarias.ufpr.br\/pgapv\/wp-content\/uploads\/sites\/39\/2026\/04\/gepelab-5-131x98.jpg 131w, https:\/\/agrarias.ufpr.br\/pgapv\/wp-content\/uploads\/sites\/39\/2026\/04\/gepelab-5-75x57.jpg 75w\" sizes=\"auto, (max-width: 1200px) 100vw, 1200px\" \/><\/figure>\n\n\n\n<figure class=\"wp-block-image size-full\"><img loading=\"lazy\" decoding=\"async\" width=\"439\" height=\"288\" data-id=\"8199\" src=\"https:\/\/agrarias.ufpr.br\/pgapv\/wp-content\/uploads\/sites\/39\/2026\/04\/gepelab-6.jpg\" alt=\"\" class=\"wp-image-8199\" style=\"aspect-ratio:4\/3\" srcset=\"https:\/\/agrarias.ufpr.br\/pgapv\/wp-content\/uploads\/sites\/39\/2026\/04\/gepelab-6.jpg 439w, https:\/\/agrarias.ufpr.br\/pgapv\/wp-content\/uploads\/sites\/39\/2026\/04\/gepelab-6-300x197.jpg 300w, https:\/\/agrarias.ufpr.br\/pgapv\/wp-content\/uploads\/sites\/39\/2026\/04\/gepelab-6-149x98.jpg 149w, https:\/\/agrarias.ufpr.br\/pgapv\/wp-content\/uploads\/sites\/39\/2026\/04\/gepelab-6-75x49.jpg 75w\" sizes=\"auto, (max-width: 439px) 100vw, 439px\" \/><\/figure>\n\n\n\n<figure class=\"wp-block-image size-full\"><img loading=\"lazy\" decoding=\"async\" width=\"1200\" height=\"900\" data-id=\"8213\" src=\"https:\/\/agrarias.ufpr.br\/pgapv\/wp-content\/uploads\/sites\/39\/2026\/04\/gepelab-7.jpg\" alt=\"\" class=\"wp-image-8213\" style=\"aspect-ratio:4\/3\" srcset=\"https:\/\/agrarias.ufpr.br\/pgapv\/wp-content\/uploads\/sites\/39\/2026\/04\/gepelab-7.jpg 1200w, https:\/\/agrarias.ufpr.br\/pgapv\/wp-content\/uploads\/sites\/39\/2026\/04\/gepelab-7-300x225.jpg 300w, https:\/\/agrarias.ufpr.br\/pgapv\/wp-content\/uploads\/sites\/39\/2026\/04\/gepelab-7-1024x768.jpg 1024w, https:\/\/agrarias.ufpr.br\/pgapv\/wp-content\/uploads\/sites\/39\/2026\/04\/gepelab-7-768x576.jpg 768w, https:\/\/agrarias.ufpr.br\/pgapv\/wp-content\/uploads\/sites\/39\/2026\/04\/gepelab-7-131x98.jpg 131w, https:\/\/agrarias.ufpr.br\/pgapv\/wp-content\/uploads\/sites\/39\/2026\/04\/gepelab-7-75x57.jpg 75w\" sizes=\"auto, (max-width: 1200px) 100vw, 1200px\" \/><\/figure>\n\n\n\n<figure class=\"wp-block-image size-full\"><img loading=\"lazy\" decoding=\"async\" width=\"640\" height=\"480\" data-id=\"8196\" src=\"https:\/\/agrarias.ufpr.br\/pgapv\/wp-content\/uploads\/sites\/39\/2026\/04\/gepelab-8.jpg\" alt=\"\" class=\"wp-image-8196\" style=\"aspect-ratio:4\/3\" srcset=\"https:\/\/agrarias.ufpr.br\/pgapv\/wp-content\/uploads\/sites\/39\/2026\/04\/gepelab-8.jpg 640w, https:\/\/agrarias.ufpr.br\/pgapv\/wp-content\/uploads\/sites\/39\/2026\/04\/gepelab-8-300x225.jpg 300w, https:\/\/agrarias.ufpr.br\/pgapv\/wp-content\/uploads\/sites\/39\/2026\/04\/gepelab-8-131x98.jpg 131w, https:\/\/agrarias.ufpr.br\/pgapv\/wp-content\/uploads\/sites\/39\/2026\/04\/gepelab-8-75x57.jpg 75w\" sizes=\"auto, (max-width: 640px) 100vw, 640px\" \/><\/figure>\n\n\n\n<figure class=\"wp-block-image size-full\"><img loading=\"lazy\" decoding=\"async\" width=\"640\" height=\"480\" data-id=\"8201\" src=\"https:\/\/agrarias.ufpr.br\/pgapv\/wp-content\/uploads\/sites\/39\/2026\/04\/gepelab-9.jpg\" alt=\"\" class=\"wp-image-8201\" style=\"aspect-ratio:4\/3\" srcset=\"https:\/\/agrarias.ufpr.br\/pgapv\/wp-content\/uploads\/sites\/39\/2026\/04\/gepelab-9.jpg 640w, https:\/\/agrarias.ufpr.br\/pgapv\/wp-content\/uploads\/sites\/39\/2026\/04\/gepelab-9-300x225.jpg 300w, https:\/\/agrarias.ufpr.br\/pgapv\/wp-content\/uploads\/sites\/39\/2026\/04\/gepelab-9-131x98.jpg 131w, https:\/\/agrarias.ufpr.br\/pgapv\/wp-content\/uploads\/sites\/39\/2026\/04\/gepelab-9-75x57.jpg 75w\" sizes=\"auto, (max-width: 640px) 100vw, 640px\" \/><\/figure>\n\n\n\n<figure class=\"wp-block-image size-full\"><img loading=\"lazy\" decoding=\"async\" width=\"640\" height=\"480\" data-id=\"8207\" src=\"https:\/\/agrarias.ufpr.br\/pgapv\/wp-content\/uploads\/sites\/39\/2026\/04\/gepelab-10.jpg\" alt=\"\" class=\"wp-image-8207\" style=\"aspect-ratio:4\/3\" srcset=\"https:\/\/agrarias.ufpr.br\/pgapv\/wp-content\/uploads\/sites\/39\/2026\/04\/gepelab-10.jpg 640w, https:\/\/agrarias.ufpr.br\/pgapv\/wp-content\/uploads\/sites\/39\/2026\/04\/gepelab-10-300x225.jpg 300w, https:\/\/agrarias.ufpr.br\/pgapv\/wp-content\/uploads\/sites\/39\/2026\/04\/gepelab-10-131x98.jpg 131w, https:\/\/agrarias.ufpr.br\/pgapv\/wp-content\/uploads\/sites\/39\/2026\/04\/gepelab-10-75x57.jpg 75w\" sizes=\"auto, (max-width: 640px) 100vw, 640px\" \/><\/figure>\n\n\n\n<figure class=\"wp-block-image size-full\"><img loading=\"lazy\" decoding=\"async\" width=\"640\" height=\"480\" data-id=\"8215\" src=\"https:\/\/agrarias.ufpr.br\/pgapv\/wp-content\/uploads\/sites\/39\/2026\/04\/gepelab-11.jpg\" alt=\"\" class=\"wp-image-8215\" style=\"aspect-ratio:4\/3\" srcset=\"https:\/\/agrarias.ufpr.br\/pgapv\/wp-content\/uploads\/sites\/39\/2026\/04\/gepelab-11.jpg 640w, https:\/\/agrarias.ufpr.br\/pgapv\/wp-content\/uploads\/sites\/39\/2026\/04\/gepelab-11-300x225.jpg 300w, https:\/\/agrarias.ufpr.br\/pgapv\/wp-content\/uploads\/sites\/39\/2026\/04\/gepelab-11-131x98.jpg 131w, https:\/\/agrarias.ufpr.br\/pgapv\/wp-content\/uploads\/sites\/39\/2026\/04\/gepelab-11-75x57.jpg 75w\" sizes=\"auto, (max-width: 640px) 100vw, 640px\" \/><\/figure>\n\n\n\n<figure class=\"wp-block-image size-full\"><img loading=\"lazy\" decoding=\"async\" width=\"679\" height=\"1024\" data-id=\"8208\" src=\"https:\/\/agrarias.ufpr.br\/pgapv\/wp-content\/uploads\/sites\/39\/2026\/04\/gepelab-12.jpg\" alt=\"\" class=\"wp-image-8208\" style=\"aspect-ratio:4\/3\" srcset=\"https:\/\/agrarias.ufpr.br\/pgapv\/wp-content\/uploads\/sites\/39\/2026\/04\/gepelab-12.jpg 679w, https:\/\/agrarias.ufpr.br\/pgapv\/wp-content\/uploads\/sites\/39\/2026\/04\/gepelab-12-199x300.jpg 199w, https:\/\/agrarias.ufpr.br\/pgapv\/wp-content\/uploads\/sites\/39\/2026\/04\/gepelab-12-65x98.jpg 65w, https:\/\/agrarias.ufpr.br\/pgapv\/wp-content\/uploads\/sites\/39\/2026\/04\/gepelab-12-38x57.jpg 38w\" sizes=\"auto, (max-width: 679px) 100vw, 679px\" \/><\/figure>\n\n\n\n<figure class=\"wp-block-image size-full\"><img loading=\"lazy\" decoding=\"async\" width=\"1024\" height=\"679\" data-id=\"8204\" src=\"https:\/\/agrarias.ufpr.br\/pgapv\/wp-content\/uploads\/sites\/39\/2026\/04\/gepelab-13.jpg\" alt=\"\" class=\"wp-image-8204\" style=\"aspect-ratio:4\/3\" srcset=\"https:\/\/agrarias.ufpr.br\/pgapv\/wp-content\/uploads\/sites\/39\/2026\/04\/gepelab-13.jpg 1024w, https:\/\/agrarias.ufpr.br\/pgapv\/wp-content\/uploads\/sites\/39\/2026\/04\/gepelab-13-300x199.jpg 300w, https:\/\/agrarias.ufpr.br\/pgapv\/wp-content\/uploads\/sites\/39\/2026\/04\/gepelab-13-768x509.jpg 768w, https:\/\/agrarias.ufpr.br\/pgapv\/wp-content\/uploads\/sites\/39\/2026\/04\/gepelab-13-148x98.jpg 148w, https:\/\/agrarias.ufpr.br\/pgapv\/wp-content\/uploads\/sites\/39\/2026\/04\/gepelab-13-75x50.jpg 75w\" sizes=\"auto, (max-width: 1024px) 100vw, 1024px\" \/><\/figure>\n\n\n\n<figure class=\"wp-block-image size-full\"><img loading=\"lazy\" decoding=\"async\" width=\"1024\" height=\"679\" data-id=\"8210\" src=\"https:\/\/agrarias.ufpr.br\/pgapv\/wp-content\/uploads\/sites\/39\/2026\/04\/gepelab-14.jpg\" alt=\"\" class=\"wp-image-8210\" style=\"aspect-ratio:4\/3\" srcset=\"https:\/\/agrarias.ufpr.br\/pgapv\/wp-content\/uploads\/sites\/39\/2026\/04\/gepelab-14.jpg 1024w, https:\/\/agrarias.ufpr.br\/pgapv\/wp-content\/uploads\/sites\/39\/2026\/04\/gepelab-14-300x199.jpg 300w, https:\/\/agrarias.ufpr.br\/pgapv\/wp-content\/uploads\/sites\/39\/2026\/04\/gepelab-14-768x509.jpg 768w, https:\/\/agrarias.ufpr.br\/pgapv\/wp-content\/uploads\/sites\/39\/2026\/04\/gepelab-14-148x98.jpg 148w, https:\/\/agrarias.ufpr.br\/pgapv\/wp-content\/uploads\/sites\/39\/2026\/04\/gepelab-14-75x50.jpg 75w\" sizes=\"auto, (max-width: 1024px) 100vw, 1024px\" \/><\/figure>\n\n\n\n<figure class=\"wp-block-image size-full\"><img loading=\"lazy\" decoding=\"async\" width=\"679\" height=\"1024\" data-id=\"8212\" src=\"https:\/\/agrarias.ufpr.br\/pgapv\/wp-content\/uploads\/sites\/39\/2026\/04\/gepelab-15.jpg\" alt=\"\" class=\"wp-image-8212\" style=\"aspect-ratio:4\/3\" srcset=\"https:\/\/agrarias.ufpr.br\/pgapv\/wp-content\/uploads\/sites\/39\/2026\/04\/gepelab-15.jpg 679w, https:\/\/agrarias.ufpr.br\/pgapv\/wp-content\/uploads\/sites\/39\/2026\/04\/gepelab-15-199x300.jpg 199w, https:\/\/agrarias.ufpr.br\/pgapv\/wp-content\/uploads\/sites\/39\/2026\/04\/gepelab-15-65x98.jpg 65w, https:\/\/agrarias.ufpr.br\/pgapv\/wp-content\/uploads\/sites\/39\/2026\/04\/gepelab-15-38x57.jpg 38w\" sizes=\"auto, (max-width: 679px) 100vw, 679px\" \/><\/figure>\n\n\n\n<figure class=\"wp-block-image size-full\"><img loading=\"lazy\" decoding=\"async\" width=\"480\" height=\"640\" data-id=\"8203\" src=\"https:\/\/agrarias.ufpr.br\/pgapv\/wp-content\/uploads\/sites\/39\/2026\/04\/gepelab-16.jpg\" alt=\"\" class=\"wp-image-8203\" style=\"aspect-ratio:4\/3\" srcset=\"https:\/\/agrarias.ufpr.br\/pgapv\/wp-content\/uploads\/sites\/39\/2026\/04\/gepelab-16.jpg 480w, https:\/\/agrarias.ufpr.br\/pgapv\/wp-content\/uploads\/sites\/39\/2026\/04\/gepelab-16-225x300.jpg 225w, https:\/\/agrarias.ufpr.br\/pgapv\/wp-content\/uploads\/sites\/39\/2026\/04\/gepelab-16-74x98.jpg 74w, https:\/\/agrarias.ufpr.br\/pgapv\/wp-content\/uploads\/sites\/39\/2026\/04\/gepelab-16-43x57.jpg 43w\" sizes=\"auto, (max-width: 480px) 100vw, 480px\" \/><\/figure>\n\n\n\n<figure class=\"wp-block-image size-full\"><img loading=\"lazy\" decoding=\"async\" width=\"640\" height=\"480\" data-id=\"8205\" src=\"https:\/\/agrarias.ufpr.br\/pgapv\/wp-content\/uploads\/sites\/39\/2026\/04\/gepelab-17.jpg\" alt=\"\" class=\"wp-image-8205\" style=\"aspect-ratio:4\/3\" srcset=\"https:\/\/agrarias.ufpr.br\/pgapv\/wp-content\/uploads\/sites\/39\/2026\/04\/gepelab-17.jpg 640w, https:\/\/agrarias.ufpr.br\/pgapv\/wp-content\/uploads\/sites\/39\/2026\/04\/gepelab-17-300x225.jpg 300w, https:\/\/agrarias.ufpr.br\/pgapv\/wp-content\/uploads\/sites\/39\/2026\/04\/gepelab-17-131x98.jpg 131w, https:\/\/agrarias.ufpr.br\/pgapv\/wp-content\/uploads\/sites\/39\/2026\/04\/gepelab-17-75x57.jpg 75w\" sizes=\"auto, (max-width: 640px) 100vw, 640px\" \/><\/figure>\n\n\n\n<figure class=\"wp-block-image size-full\"><img loading=\"lazy\" decoding=\"async\" width=\"640\" height=\"480\" data-id=\"8214\" src=\"https:\/\/agrarias.ufpr.br\/pgapv\/wp-content\/uploads\/sites\/39\/2026\/04\/gepelab-18.jpg\" alt=\"\" class=\"wp-image-8214\" style=\"aspect-ratio:4\/3\" srcset=\"https:\/\/agrarias.ufpr.br\/pgapv\/wp-content\/uploads\/sites\/39\/2026\/04\/gepelab-18.jpg 640w, https:\/\/agrarias.ufpr.br\/pgapv\/wp-content\/uploads\/sites\/39\/2026\/04\/gepelab-18-300x225.jpg 300w, https:\/\/agrarias.ufpr.br\/pgapv\/wp-content\/uploads\/sites\/39\/2026\/04\/gepelab-18-131x98.jpg 131w, https:\/\/agrarias.ufpr.br\/pgapv\/wp-content\/uploads\/sites\/39\/2026\/04\/gepelab-18-75x57.jpg 75w\" sizes=\"auto, (max-width: 640px) 100vw, 640px\" \/><\/figure>\n\n\n\n<figure class=\"wp-block-image size-full\"><img loading=\"lazy\" decoding=\"async\" width=\"531\" height=\"800\" data-id=\"8206\" src=\"https:\/\/agrarias.ufpr.br\/pgapv\/wp-content\/uploads\/sites\/39\/2026\/04\/gepelab-19.jpg\" alt=\"\" class=\"wp-image-8206\" style=\"aspect-ratio:4\/3\" srcset=\"https:\/\/agrarias.ufpr.br\/pgapv\/wp-content\/uploads\/sites\/39\/2026\/04\/gepelab-19.jpg 531w, https:\/\/agrarias.ufpr.br\/pgapv\/wp-content\/uploads\/sites\/39\/2026\/04\/gepelab-19-199x300.jpg 199w, https:\/\/agrarias.ufpr.br\/pgapv\/wp-content\/uploads\/sites\/39\/2026\/04\/gepelab-19-65x98.jpg 65w, https:\/\/agrarias.ufpr.br\/pgapv\/wp-content\/uploads\/sites\/39\/2026\/04\/gepelab-19-38x57.jpg 38w\" sizes=\"auto, (max-width: 531px) 100vw, 531px\" \/><\/figure>\n\n\n\n<figure class=\"wp-block-image size-full\"><img loading=\"lazy\" decoding=\"async\" width=\"384\" height=\"512\" data-id=\"8202\" src=\"https:\/\/agrarias.ufpr.br\/pgapv\/wp-content\/uploads\/sites\/39\/2026\/04\/gepelab-20.jpg\" alt=\"\" class=\"wp-image-8202\" style=\"aspect-ratio:4\/3\" srcset=\"https:\/\/agrarias.ufpr.br\/pgapv\/wp-content\/uploads\/sites\/39\/2026\/04\/gepelab-20.jpg 384w, https:\/\/agrarias.ufpr.br\/pgapv\/wp-content\/uploads\/sites\/39\/2026\/04\/gepelab-20-225x300.jpg 225w, https:\/\/agrarias.ufpr.br\/pgapv\/wp-content\/uploads\/sites\/39\/2026\/04\/gepelab-20-74x98.jpg 74w, https:\/\/agrarias.ufpr.br\/pgapv\/wp-content\/uploads\/sites\/39\/2026\/04\/gepelab-20-43x57.jpg 43w\" sizes=\"auto, (max-width: 384px) 100vw, 384px\" \/><\/figure>\n\n\n\n<figure class=\"wp-block-image size-full\"><img loading=\"lazy\" decoding=\"async\" width=\"531\" height=\"800\" data-id=\"8200\" src=\"https:\/\/agrarias.ufpr.br\/pgapv\/wp-content\/uploads\/sites\/39\/2026\/04\/gepelab-21.jpg\" alt=\"\" class=\"wp-image-8200\" style=\"aspect-ratio:4\/3\" srcset=\"https:\/\/agrarias.ufpr.br\/pgapv\/wp-content\/uploads\/sites\/39\/2026\/04\/gepelab-21.jpg 531w, https:\/\/agrarias.ufpr.br\/pgapv\/wp-content\/uploads\/sites\/39\/2026\/04\/gepelab-21-199x300.jpg 199w, https:\/\/agrarias.ufpr.br\/pgapv\/wp-content\/uploads\/sites\/39\/2026\/04\/gepelab-21-65x98.jpg 65w, https:\/\/agrarias.ufpr.br\/pgapv\/wp-content\/uploads\/sites\/39\/2026\/04\/gepelab-21-38x57.jpg 38w\" sizes=\"auto, (max-width: 531px) 100vw, 531px\" \/><\/figure>\n<\/figure>\n","protected":false},"excerpt":{"rendered":"<p>Interesses de pesquisa O Grupo de Estudo e Pesquisa em Estaquia tem como objetivo principal investigar os diversos fatores que afetam o enraizamento advent\u00edcio em estacas caulinares, dentre eles, a aplica\u00e7\u00e3o de diferentes concentra\u00e7\u00f5es de auxinas, formas de aplica\u00e7\u00e3o, substratos, esta\u00e7\u00f5es do ano. Coordenadora Katia Christina Zuffellato-Ribas Contatos &nbsp;+55 (41) 3361-1758 Fotos<\/p>\n","protected":false},"author":3,"featured_media":0,"parent":0,"menu_order":0,"comment_status":"closed","ping_status":"closed","template":"","meta":{"footnotes":""},"class_list":["post-880","page","type-page","status-publish","hentry"],"_links":{"self":[{"href":"https:\/\/agrarias.ufpr.br\/pgapv\/wp-json\/wp\/v2\/pages\/880","targetHints":{"allow":["GET"]}}],"collection":[{"href":"https:\/\/agrarias.ufpr.br\/pgapv\/wp-json\/wp\/v2\/pages"}],"about":[{"href":"https:\/\/agrarias.ufpr.br\/pgapv\/wp-json\/wp\/v2\/types\/page"}],"author":[{"embeddable":true,"href":"https:\/\/agrarias.ufpr.br\/pgapv\/wp-json\/wp\/v2\/users\/3"}],"replies":[{"embeddable":true,"href":"https:\/\/agrarias.ufpr.br\/pgapv\/wp-json\/wp\/v2\/comments?post=880"}],"version-history":[{"count":8,"href":"https:\/\/agrarias.ufpr.br\/pgapv\/wp-json\/wp\/v2\/pages\/880\/revisions"}],"predecessor-version":[{"id":8217,"href":"https:\/\/agrarias.ufpr.br\/pgapv\/wp-json\/wp\/v2\/pages\/880\/revisions\/8217"}],"wp:attachment":[{"href":"https:\/\/agrarias.ufpr.br\/pgapv\/wp-json\/wp\/v2\/media?parent=880"}],"curies":[{"name":"wp","href":"https:\/\/api.w.org\/{rel}","templated":true}]}}