{"id":873,"date":"2018-08-22T11:30:37","date_gmt":"2018-08-22T11:30:37","guid":{"rendered":"https:\/\/agrarias.ufpr.br\/pgapv\/?page_id=873"},"modified":"2025-02-07T16:45:40","modified_gmt":"2025-02-07T16:45:40","slug":"agro-7000-a-cultura-de-tecidos-vegetais-aplicada-ao-melhoramento","status":"publish","type":"page","link":"https:\/\/agrarias.ufpr.br\/pgapv\/agro-7000-a-cultura-de-tecidos-vegetais-aplicada-ao-melhoramento\/","title":{"rendered":"AGRO 7000 \u2013 A Cultura de Tecidos Vegetais Aplicada ao Melhoramento"},"content":{"rendered":"<p class=\"Normal_Web_ tm16\"><strong><span class=\"tm17\">N\u00edvel<\/span><\/strong><\/p>\n<p class=\"Normal_Web_ tm16\"><span class=\"tm18\">Mestrado\/Doutorado<\/span><\/p>\n<p class=\"Normal_Web_ tm16\"><strong><span class=\"Forte\">Natureza<\/span><\/strong><\/p>\n<p class=\"Normal_Web_ tm16\"><span class=\"tm18\">Concentrada<\/span><\/p>\n<p class=\"Normal_Web_ tm16\"><strong><span class=\"tm17\">Cr\u00e9ditos <\/span><\/strong><\/p>\n<p class=\"Normal_Web_ tm16\"><span class=\"tm18\">04<\/span><\/p>\n<p class=\"Normal_Web_ tm16\"><strong><span class=\"Forte\">Carga hor\u00e1ria<\/span><\/strong><\/p>\n<p class=\"Normal_Web_ tm16\"><span class=\"tm18\">60 horas\u00a0<\/span><\/p>\n<p class=\"Normal_Web_ tm16\"><strong><span class=\"Forte\">Ementa<\/span><\/strong><\/p>\n<p class=\"Normal_Web_ tm16\" style=\"text-align: justify\">Essa disciplina se prop\u00f5e aprofundar os conhecimentos sobre a cultura de tecidos vegetais, especialmente a cultura de c\u00e9lulas, protoplastos e c\u00e9lulas gamet\u00f3fiticas. S\u00e3o ensinadas as t\u00e9cnicas de hibrida\u00e7\u00e3o som\u00e1tica, transforma\u00e7\u00e3o gen\u00e9tica, edi\u00e7\u00e3o do genoma, produ\u00e7\u00e3o de hapl\u00f3ides e mostrar como s\u00e3o\u00a0 utilizadas no campo do melhoramento gen\u00e9tico das esp\u00e9cies cultivadas. O uso dessas t\u00e9cnicas para o melhoramento \u00e9 explicado assim como suas vantagens e seus inconvenientes. Casos pr\u00e1ticos s\u00e3o discutidos<strong>.<\/strong><\/p>\n<p class=\"tm20\" style=\"text-align: justify\"><strong><span class=\"Forte\">Semestre<\/span><\/strong><\/p>\n<p class=\"Normal_Web_ tm16\"><span class=\"tm18\">2\u00ba<\/span><\/p>\n<p class=\"Normal_Web_ tm16\"><strong><span class=\"tm17\">Dia\/Hor\u00e1rio<\/span><\/strong><\/p>\n<p class=\"Normal_Web_ tm16\"><span class=\"tm23\">A definir<\/span><\/p>\n<p class=\"Normal_Web_ tm16\"><strong><span class=\"Forte\">Docente<\/span><\/strong><\/p>\n<p class=\"Normal_Web_ tm16\"><a href=\"https:\/\/agrarias.ufpr.br\/pgapv\/marguerite-germaine-ghislaine-quoirin-2\/\"><span class=\"tm18\">Marguerite Quoirin<\/span><\/a><\/p>\n<p class=\"Normal_Web_ tm16\"><strong><span class=\"tm25\">Bibliografia Recomendada<\/span><\/strong><\/p>\n<p style=\"text-align: justify\">ALVAREZ, M. A.(edit.) Genetic Transformation. InTech Publisher, 328 p.,<\/p>\n<p style=\"text-align: justify\">ANIS, M. e NASEEM, A. Plant Tissue Culture: Propagation, Conservation and Crop Improvement. Springer, 2016. DOI 10.1007\/978-981-10-1917-<\/p>\n<p style=\"text-align: justify\">BOR\u00c9M, A. Biotecnologia Florestal. Vi\u00e7osa, MG: Universidade Federal de Vi\u00e7osa, 2007<\/p>\n<p style=\"text-align: justify\">CHADHA, K.L.; RAVINDRAN, P.N. e SAHIJRAM, L. Biotechnology in horticultural and plantation crops, 2000. http:\/\/bpagency.com<\/p>\n<p style=\"text-align: justify\">CHEN, K.; WANG, Y.; ZHANG, H.; GAO, C. 2019. CRISP\/Cas genome editing and precision plant breeding in agriculture. Annual Review of Plant Biology, v. 70 (1), p. 667-697.<\/p>\n<p style=\"text-align: justify\">DIXON, R. A. e GONZALES, R. A. Plant Cell Culture. A Practical Approach. 2nd ed. The Practical Approach Series. RICKWOOD, D. &amp; HAMES, B.D. edit. IRL Press, Oxford University Press, UK, 2003.<\/p>\n<p style=\"text-align: justify\">GEORGE, E. F. Plant propagation by tissue culture: the technology. Great Britain: Exegetics Limited, vol. 1, 1993; vol. 2, 1996.<\/p>\n<p style=\"text-align: justify\">GEORGE, E. F.; HALL, M. A. e DE KLERK, G.-J. Plant Propagation by Tissue Culture. Vol. I. The Background. 3d ed. Dordrecht: Springer, 2008.<\/p>\n<p style=\"text-align: justify\">GUPTA, S. D. e IBARAKI, Y. (edit.). Plant Tissue Culture Engineering. Springer. Focus on Biotechnology, 2008, 480 p. DOI 10.1007\/978-1-4020-3694-1.<\/p>\n<p style=\"text-align: justify\">JAIN, S.M. e GUPTA, P.K. Protocol for Somatic Embryogenesis in Woody Plants. Dordrecht: Springer, 2005.<\/p>\n<p style=\"text-align: justify\">MURCH, S.J. e SAXENA, P.K. Journey of a Single Cell to a Plant. Plymouth, UK: Science Publishers, 2005. TORRES, A. C.; CALDAS, L.S. e BUSO, J. A. Cultura de tecidos e transforma\u00e7\u00e3o gen\u00e9tica de plantas. Bras\u00edlia:,EMBRAPA &#8211; CBAB, vol.1, 1998 e vol. 2, 1999.<\/p>\n<p style=\"text-align: justify\">TORRES, A.C.; DUSI, A. N. e SANTOS, M.D.M. dos. Transforma\u00e7\u00e3o Gen\u00e9tica de Plantas via Agrobacterium. Bras\u00edlia: EMBRAPA Hortali\u00e7as, 2007.<\/p>\n","protected":false},"excerpt":{"rendered":"<p>N\u00edvel Mestrado\/Doutorado Natureza Concentrada Cr\u00e9ditos 04 Carga hor\u00e1ria 60 horas\u00a0 Ementa Essa disciplina se prop\u00f5e aprofundar os conhecimentos sobre a cultura de tecidos vegetais, especialmente a cultura de c\u00e9lulas, protoplastos e c\u00e9lulas gamet\u00f3fiticas. S\u00e3o ensinadas as t\u00e9cnicas de hibrida\u00e7\u00e3o som\u00e1tica, transforma\u00e7\u00e3o gen\u00e9tica, edi\u00e7\u00e3o do genoma, produ\u00e7\u00e3o de hapl\u00f3ides e mostrar como s\u00e3o\u00a0 utilizadas no campo do melhoramento gen\u00e9tico das esp\u00e9cies cultivadas. O uso dessas t\u00e9cnicas para o melhoramento \u00e9 explicado assim como suas vantagens e [&hellip;]<\/p>\n","protected":false},"author":3,"featured_media":0,"parent":0,"menu_order":0,"comment_status":"closed","ping_status":"closed","template":"","meta":{"footnotes":""},"class_list":["post-873","page","type-page","status-publish","hentry"],"_links":{"self":[{"href":"https:\/\/agrarias.ufpr.br\/pgapv\/wp-json\/wp\/v2\/pages\/873","targetHints":{"allow":["GET"]}}],"collection":[{"href":"https:\/\/agrarias.ufpr.br\/pgapv\/wp-json\/wp\/v2\/pages"}],"about":[{"href":"https:\/\/agrarias.ufpr.br\/pgapv\/wp-json\/wp\/v2\/types\/page"}],"author":[{"embeddable":true,"href":"https:\/\/agrarias.ufpr.br\/pgapv\/wp-json\/wp\/v2\/users\/3"}],"replies":[{"embeddable":true,"href":"https:\/\/agrarias.ufpr.br\/pgapv\/wp-json\/wp\/v2\/comments?post=873"}],"version-history":[{"count":9,"href":"https:\/\/agrarias.ufpr.br\/pgapv\/wp-json\/wp\/v2\/pages\/873\/revisions"}],"predecessor-version":[{"id":6339,"href":"https:\/\/agrarias.ufpr.br\/pgapv\/wp-json\/wp\/v2\/pages\/873\/revisions\/6339"}],"wp:attachment":[{"href":"https:\/\/agrarias.ufpr.br\/pgapv\/wp-json\/wp\/v2\/media?parent=873"}],"curies":[{"name":"wp","href":"https:\/\/api.w.org\/{rel}","templated":true}]}}