{"id":8039,"date":"2026-04-06T17:31:23","date_gmt":"2026-04-06T17:31:23","guid":{"rendered":"https:\/\/agrarias.ufpr.br\/pgapv\/?page_id=8039"},"modified":"2026-04-06T19:50:46","modified_gmt":"2026-04-06T19:50:46","slug":"todos-os-eventos","status":"publish","type":"page","link":"https:\/\/agrarias.ufpr.br\/pgapv\/todos-os-eventos\/","title":{"rendered":"Todos os eventos"},"content":{"rendered":"<ul class=\"wp-block-latest-posts__list has-dates wp-block-latest-posts\"><li><a class=\"wp-block-latest-posts__post-title\" href=\"https:\/\/agrarias.ufpr.br\/pgapv\/24-04-2026-defesa-de-dissertacao-de-aramis-passos-camargo\/\">24\/04\/2026 &#8211; Defesa de Disserta\u00e7\u00e3o de Aramis Passos Camargo<\/a><time datetime=\"2026-04-02T11:52:29+00:00\" class=\"wp-block-latest-posts__post-date\">2 de abril de 2026<\/time><div class=\"wp-block-latest-posts__post-excerpt\">T\u00edtulo: POTENCIAL BIOACARICIDA DE ACTINOBACT\u00c9RIAS ISOLADAS DO BIOMA MATA ATL\u00c2NTICA PARA O CONTROLE DE \u00c1CARO-RAJADO Tetranychus urticae (KOCH,1936) Mestrando: ARAMIS PASSOS CAMARGO Banca: MARIA APARECIDA\u2026 <a class=\"wp-block-latest-posts__read-more\" href=\"https:\/\/agrarias.ufpr.br\/pgapv\/24-04-2026-defesa-de-dissertacao-de-aramis-passos-camargo\/\" rel=\"noopener noreferrer\">Leia mais<span class=\"screen-reader-text\">: 24\/04\/2026 &#8211; Defesa de Disserta\u00e7\u00e3o de Aramis Passos Camargo<\/span><\/a><\/div><\/li>\n<li><a class=\"wp-block-latest-posts__post-title\" href=\"https:\/\/agrarias.ufpr.br\/pgapv\/01-04-2026-defesa-de-dissertacao-de-rodrigo-albino-waltrick\/\">01\/04\/2026 &#8211; Defesa de Disserta\u00e7\u00e3o de Rodrigo Albino Waltrick<\/a><time datetime=\"2026-03-24T16:40:12+00:00\" class=\"wp-block-latest-posts__post-date\">24 de mar\u00e7o de 2026<\/time><div class=\"wp-block-latest-posts__post-excerpt\">T\u00edtulo: INTENSIFICA\u00c7\u00c3O E DIVERSIDADE DE CULTIVOS P\u00d3S SOJA E SEU IMPACTO NA COMPOSI\u00c7\u00c3O DO BANCO DE SEMENTES DE PLANTAS DANINHAS Mestrando: RODRIGO ALBINO WALTRICK Banca:\u2026 <a class=\"wp-block-latest-posts__read-more\" href=\"https:\/\/agrarias.ufpr.br\/pgapv\/01-04-2026-defesa-de-dissertacao-de-rodrigo-albino-waltrick\/\" rel=\"noopener noreferrer\">Leia mais<span class=\"screen-reader-text\">: 01\/04\/2026 &#8211; Defesa de Disserta\u00e7\u00e3o de Rodrigo Albino Waltrick<\/span><\/a><\/div><\/li>\n<li><a class=\"wp-block-latest-posts__post-title\" href=\"https:\/\/agrarias.ufpr.br\/pgapv\/31-03-2026-defesa-de-dissertacao-de-izabelle-domeneghi-colmanetti\/\">31\/03\/2026 &#8211; Defesa de Disserta\u00e7\u00e3o de Izabelle Domeneghi Colmanetti<\/a><time datetime=\"2026-03-24T16:37:13+00:00\" class=\"wp-block-latest-posts__post-date\">24 de mar\u00e7o de 2026<\/time><div class=\"wp-block-latest-posts__post-excerpt\">T\u00edtulo:\u00a0UNRAVELING MOLECULAR AND METABOLIC ROOTING BIOMARKES ON YERBA MATE MINI-CUTTINGS Mestranda:\u00a0IZABELLE DOMENEGHI COLMANETTI Banca: ALESSANDRA FERREIRA RIBAS (UFPR) (Presidente da Banca Examinadora) KATIA CHRISTINA ZUFFELLATO\u2026 <a class=\"wp-block-latest-posts__read-more\" href=\"https:\/\/agrarias.ufpr.br\/pgapv\/31-03-2026-defesa-de-dissertacao-de-izabelle-domeneghi-colmanetti\/\" rel=\"noopener noreferrer\">Leia mais<span class=\"screen-reader-text\">: 31\/03\/2026 &#8211; Defesa de Disserta\u00e7\u00e3o de Izabelle Domeneghi Colmanetti<\/span><\/a><\/div><\/li>\n<li><a class=\"wp-block-latest-posts__post-title\" href=\"https:\/\/agrarias.ufpr.br\/pgapv\/31-03-2026-defesa-de-dissertacao-de-renata-celly-araujo-de-negreiros\/\">31\/03\/2026 &#8211; Defesa de Disserta\u00e7\u00e3o de Renata Celly Araujo de Negreiros<\/a><time datetime=\"2026-03-24T16:21:00+00:00\" class=\"wp-block-latest-posts__post-date\">24 de mar\u00e7o de 2026<\/time><div class=\"wp-block-latest-posts__post-excerpt\">T\u00edtulo: FLUXOS DE GASES DE EFEITO ESTUFA EM SISTEMAS DIVERSIFICADOS DE PRODU\u00c7\u00c3O SOB SOLO ARENOSO NO CERRADO Mestranda: RENATA CELLY ARAUJO DE NEGREIROS Banca: EDICARLOS\u2026 <a class=\"wp-block-latest-posts__read-more\" href=\"https:\/\/agrarias.ufpr.br\/pgapv\/31-03-2026-defesa-de-dissertacao-de-renata-celly-araujo-de-negreiros\/\" rel=\"noopener noreferrer\">Leia mais<span class=\"screen-reader-text\">: 31\/03\/2026 &#8211; Defesa de Disserta\u00e7\u00e3o de Renata Celly Araujo de Negreiros<\/span><\/a><\/div><\/li>\n<li><a class=\"wp-block-latest-posts__post-title\" href=\"https:\/\/agrarias.ufpr.br\/pgapv\/30-03-2026-defesa-de-dissertacao-de-rafael-schuster-teixeira\/\">30\/03\/2026 &#8211; Defesa de Disserta\u00e7\u00e3o de Rafael Schuster Teixeira<\/a><time datetime=\"2026-03-12T14:00:29+00:00\" class=\"wp-block-latest-posts__post-date\">12 de mar\u00e7o de 2026<\/time><div class=\"wp-block-latest-posts__post-excerpt\">T\u00edtulo: DIN\u00c2MICA DE INTERFER\u00caNCIA E ESTRAT\u00c9GIAS DE CONTROLE QU\u00cdMICO DE Ambrosia artemisiifolia EM SISTEMAS DE PRODU\u00c7\u00c3O DE SOJA Mestrando: RAFAEL SCHUSTER TEIXEIRA Banca: ARTHUR ARROBAS\u2026 <a class=\"wp-block-latest-posts__read-more\" href=\"https:\/\/agrarias.ufpr.br\/pgapv\/30-03-2026-defesa-de-dissertacao-de-rafael-schuster-teixeira\/\" rel=\"noopener noreferrer\">Leia mais<span class=\"screen-reader-text\">: 30\/03\/2026 &#8211; Defesa de Disserta\u00e7\u00e3o de Rafael Schuster Teixeira<\/span><\/a><\/div><\/li>\n<li><a class=\"wp-block-latest-posts__post-title\" href=\"https:\/\/agrarias.ufpr.br\/pgapv\/30-03-2026-defesa-de-dissertacao-de-ana-clara-da-silva\/\">30\/03\/2026 &#8211; Defesa de Disserta\u00e7\u00e3o de Ana Clara da Silva<\/a><time datetime=\"2026-03-12T13:48:34+00:00\" class=\"wp-block-latest-posts__post-date\">12 de mar\u00e7o de 2026<\/time><div class=\"wp-block-latest-posts__post-excerpt\">T\u00edtulo: PERFIL METAB\u00d3LICO, EXPRESS\u00c3O G\u00caNICA E PROLIFERA\u00c7\u00c3O DE LINHAGENS EMBRIOG\u00caNICAS DE Pinus elliotti COM RESPOSTAS CONTRASTANTES \u00c0 MATURA\u00c7\u00c3O DE EMBRI\u00d5ES SOM\u00c1TICOS Mestranda: ANA CLARA DA\u2026 <a class=\"wp-block-latest-posts__read-more\" href=\"https:\/\/agrarias.ufpr.br\/pgapv\/30-03-2026-defesa-de-dissertacao-de-ana-clara-da-silva\/\" rel=\"noopener noreferrer\">Leia mais<span class=\"screen-reader-text\">: 30\/03\/2026 &#8211; Defesa de Disserta\u00e7\u00e3o de Ana Clara da Silva<\/span><\/a><\/div><\/li>\n<li><a class=\"wp-block-latest-posts__post-title\" href=\"https:\/\/agrarias.ufpr.br\/pgapv\/18-03-2026-defesa-de-dissertacao-de-ricardo-kiyoshi-tokunaga\/\">18\/03\/2026 &#8211; Defesa de Disserta\u00e7\u00e3o de Ricardo Kiyoshi Tokunaga<\/a><time datetime=\"2026-02-27T17:53:54+00:00\" class=\"wp-block-latest-posts__post-date\">27 de fevereiro de 2026<\/time><div class=\"wp-block-latest-posts__post-excerpt\">T\u00edtulo: \u00cdNDICES DE SELE\u00c7\u00c3O ADAPTADOS PARA SELE\u00c7\u00c3O INDIVIDUAL SIMULADA EM FAM\u00cdLIAS DE CANA-DE-A\u00c7\u00daCAR Mestrando: RICARDO KIYOSHI TOKUNAGA Banca: JO\u00c3O CARLOS BESPALHOK FILHO (UFPR) (Presidente da\u2026 <a class=\"wp-block-latest-posts__read-more\" href=\"https:\/\/agrarias.ufpr.br\/pgapv\/18-03-2026-defesa-de-dissertacao-de-ricardo-kiyoshi-tokunaga\/\" rel=\"noopener noreferrer\">Leia mais<span class=\"screen-reader-text\">: 18\/03\/2026 &#8211; Defesa de Disserta\u00e7\u00e3o de Ricardo Kiyoshi Tokunaga<\/span><\/a><\/div><\/li>\n<li><a class=\"wp-block-latest-posts__post-title\" href=\"https:\/\/agrarias.ufpr.br\/pgapv\/03-03-2026-defesa-de-tese-de-suelen-caroline-dos-santos-da-luz\/\">03\/03\/2026 &#8211; Defesa de Tese de Suelen Caroline dos Santos da Luz<\/a><time datetime=\"2026-01-29T11:34:50+00:00\" class=\"wp-block-latest-posts__post-date\">29 de janeiro de 2026<\/time><div class=\"wp-block-latest-posts__post-excerpt\">T\u00edtulo:\u00a0PROPAGA\u00c7\u00c3O VEGETATIVA DE Ocotea odorifera\u00a0(Vell.) Rohwer, POR MEIO DAS T\u00c9CNICAS DE MINIESTAQUIA E MICROPROPAGA\u00c7\u00c3O Doutoranda:\u00a0SUELEN CAROLINE DOS SANTOS DA LUZ Banca Examinadora: Dra. KATIA CHRISTINA\u2026 <a class=\"wp-block-latest-posts__read-more\" href=\"https:\/\/agrarias.ufpr.br\/pgapv\/03-03-2026-defesa-de-tese-de-suelen-caroline-dos-santos-da-luz\/\" rel=\"noopener noreferrer\">Leia mais<span class=\"screen-reader-text\">: 03\/03\/2026 &#8211; Defesa de Tese de Suelen Caroline dos Santos da Luz<\/span><\/a><\/div><\/li>\n<li><a class=\"wp-block-latest-posts__post-title\" href=\"https:\/\/agrarias.ufpr.br\/pgapv\/30-01-2026-defesa-de-dissertacao-de-lauro-strapasson-neto\/\">30\/01\/2026 &#8211; Defesa de Disserta\u00e7\u00e3o de Lauro Strapasson Neto<\/a><time datetime=\"2026-01-09T12:59:47+00:00\" class=\"wp-block-latest-posts__post-date\">9 de janeiro de 2026<\/time><div class=\"wp-block-latest-posts__post-excerpt\">T\u00ectulo: PAR\u00c2METROS PARA A OBTEN\u00c7\u00c3O DE \u00d3LEO ESSENCIAL DE Psidium cattleyanum SABINE: EFEITOS DAS PROG\u00caNIES, DA SECAGEM E DA FENOLOGIA Mestrando: LAURO STRAPASSON NETO Banca:\u2026 <a class=\"wp-block-latest-posts__read-more\" href=\"https:\/\/agrarias.ufpr.br\/pgapv\/30-01-2026-defesa-de-dissertacao-de-lauro-strapasson-neto\/\" rel=\"noopener noreferrer\">Leia mais<span class=\"screen-reader-text\">: 30\/01\/2026 &#8211; Defesa de Disserta\u00e7\u00e3o de Lauro Strapasson Neto<\/span><\/a><\/div><\/li>\n<li><a class=\"wp-block-latest-posts__post-title\" href=\"https:\/\/agrarias.ufpr.br\/pgapv\/29-01-2026-defesa-de-dissertacao-de-caroline-zacchi-weilcker-martinez\/\">29\/01\/2026 &#8211; Defesa de Disserta\u00e7\u00e3o de Caroline Zacchi Weilcker Martinez<\/a><time datetime=\"2026-01-09T12:36:55+00:00\" class=\"wp-block-latest-posts__post-date\">9 de janeiro de 2026<\/time><div class=\"wp-block-latest-posts__post-excerpt\">T\u00edtulo: MOMENTO DA COLHEITA E ARMAZENAMENTO AFETAM OS ATRIBUTOS DA QUALIDADE DE P\u00caSSEGO E DE\u00a0 CAQUI Mestranda: CAROLINE ZACCHI WEILCKER MARTINEZ Banca Examinadora: Dra. FRANCINE\u2026 <a class=\"wp-block-latest-posts__read-more\" href=\"https:\/\/agrarias.ufpr.br\/pgapv\/29-01-2026-defesa-de-dissertacao-de-caroline-zacchi-weilcker-martinez\/\" rel=\"noopener noreferrer\">Leia mais<span class=\"screen-reader-text\">: 29\/01\/2026 &#8211; Defesa de Disserta\u00e7\u00e3o de Caroline Zacchi Weilcker Martinez<\/span><\/a><\/div><\/li>\n<\/ul>","protected":false},"excerpt":{"rendered":"","protected":false},"author":10297,"featured_media":0,"parent":0,"menu_order":0,"comment_status":"closed","ping_status":"closed","template":"","meta":{"footnotes":""},"class_list":["post-8039","page","type-page","status-publish","hentry"],"_links":{"self":[{"href":"https:\/\/agrarias.ufpr.br\/pgapv\/wp-json\/wp\/v2\/pages\/8039","targetHints":{"allow":["GET"]}}],"collection":[{"href":"https:\/\/agrarias.ufpr.br\/pgapv\/wp-json\/wp\/v2\/pages"}],"about":[{"href":"https:\/\/agrarias.ufpr.br\/pgapv\/wp-json\/wp\/v2\/types\/page"}],"author":[{"embeddable":true,"href":"https:\/\/agrarias.ufpr.br\/pgapv\/wp-json\/wp\/v2\/users\/10297"}],"replies":[{"embeddable":true,"href":"https:\/\/agrarias.ufpr.br\/pgapv\/wp-json\/wp\/v2\/comments?post=8039"}],"version-history":[{"count":5,"href":"https:\/\/agrarias.ufpr.br\/pgapv\/wp-json\/wp\/v2\/pages\/8039\/revisions"}],"predecessor-version":[{"id":8060,"href":"https:\/\/agrarias.ufpr.br\/pgapv\/wp-json\/wp\/v2\/pages\/8039\/revisions\/8060"}],"wp:attachment":[{"href":"https:\/\/agrarias.ufpr.br\/pgapv\/wp-json\/wp\/v2\/media?parent=8039"}],"curies":[{"name":"wp","href":"https:\/\/api.w.org\/{rel}","templated":true}]}}