{"id":7538,"date":"2026-02-03T13:01:16","date_gmt":"2026-02-03T13:01:16","guid":{"rendered":"https:\/\/agrarias.ufpr.br\/pgapv\/?page_id=7538"},"modified":"2026-02-03T13:12:26","modified_gmt":"2026-02-03T13:12:26","slug":"protecao-de-plantas-e-seguranca-ambiental-teste","status":"publish","type":"page","link":"https:\/\/agrarias.ufpr.br\/pgapv\/protecao-de-plantas-e-seguranca-ambiental-teste\/","title":{"rendered":"Prote\u00e7\u00e3o de Plantas e Seguran\u00e7a Ambiental teste"},"content":{"rendered":"\n<div class=\"wp-block-media-text is-stacked-on-mobile is-vertically-aligned-center\" style=\"grid-template-columns:15% auto\"><figure class=\"wp-block-media-text__media\"><img loading=\"lazy\" decoding=\"async\" width=\"140\" height=\"224\" src=\"https:\/\/agrarias.ufpr.br\/pgapv\/wp-content\/uploads\/sites\/39\/2025\/04\/alvaro140224.jpg\" alt=\"\" class=\"wp-image-6716 size-full\" srcset=\"https:\/\/agrarias.ufpr.br\/pgapv\/wp-content\/uploads\/sites\/39\/2025\/04\/alvaro140224.jpg 140w, https:\/\/agrarias.ufpr.br\/pgapv\/wp-content\/uploads\/sites\/39\/2025\/04\/alvaro140224-75x120.jpg 75w\" sizes=\"auto, (max-width: 140px) 100vw, 140px\" \/><\/figure><div class=\"wp-block-media-text__content\">\n<p><\/p>\n\n\n\n<p><a href=\"https:\/\/agrarias.ufpr.br\/pgapv\/alfredo-junior-paiola-albrecht\/\">Alfredo J\u00fanior Paiola Albrecht<\/a><\/p>\n\n\n\n<p>Prof. Permanente<\/p>\n\n\n\n<p>Biologia e Manejo de Plantas Daninhas<\/p>\n\n\n\n<p><img loading=\"lazy\" decoding=\"async\" src=\"https:\/\/agrarias.ufpr.br\/fitotecnia\/wp-content\/uploads\/sites\/26\/2016\/03\/email-small-.jpg\" alt=\"e-mail pequeno\" width=\"22\" height=\"22\">&nbsp;ajpalbrecht@ufpr.br \/ ajpalbrecht@yahoo.com.br &nbsp;&nbsp;&nbsp; <img loading=\"lazy\" decoding=\"async\" src=\"https:\/\/agrarias.ufpr.br\/fitotecnia\/wp-content\/uploads\/sites\/26\/2016\/03\/telefone.png\" alt=\"telefone\" width=\"22\" height=\"22\">+55 (44) 3211-1314 ou +55 (44) 99963-4193<\/p>\n<\/div><\/div>\n\n\n\n<div class=\"wp-block-media-text is-stacked-on-mobile is-vertically-aligned-center\" style=\"grid-template-columns:15% auto\"><figure class=\"wp-block-media-text__media\"><img loading=\"lazy\" decoding=\"async\" width=\"140\" height=\"224\" src=\"https:\/\/agrarias.ufpr.br\/pgapv\/wp-content\/uploads\/sites\/39\/2025\/04\/alvaro140224.jpg\" alt=\"\" class=\"wp-image-6716 size-full\" srcset=\"https:\/\/agrarias.ufpr.br\/pgapv\/wp-content\/uploads\/sites\/39\/2025\/04\/alvaro140224.jpg 140w, https:\/\/agrarias.ufpr.br\/pgapv\/wp-content\/uploads\/sites\/39\/2025\/04\/alvaro140224-75x120.jpg 75w\" sizes=\"auto, (max-width: 140px) 100vw, 140px\" \/><\/figure><div class=\"wp-block-media-text__content\">\n<p><\/p>\n\n\n\n<p><a href=\"https:\/\/agrarias.ufpr.br\/pgapv\/alfredo-junior-paiola-albrecht\/\">Alfredo J\u00fanior Paiola Albrecht<\/a><\/p>\n\n\n\n<p>Prof. Permanente<\/p>\n\n\n\n<p>Biologia e Manejo de Plantas Daninhas<\/p>\n\n\n\n<p><img loading=\"lazy\" decoding=\"async\" src=\"https:\/\/agrarias.ufpr.br\/fitotecnia\/wp-content\/uploads\/sites\/26\/2016\/03\/email-small-.jpg\" alt=\"e-mail pequeno\" width=\"22\" height=\"22\">&nbsp;ajpalbrecht@ufpr.br \/ ajpalbrecht@yahoo.com.br &nbsp;&nbsp;&nbsp; <img loading=\"lazy\" decoding=\"async\" src=\"https:\/\/agrarias.ufpr.br\/fitotecnia\/wp-content\/uploads\/sites\/26\/2016\/03\/telefone.png\" alt=\"telefone\" width=\"22\" height=\"22\">+55 (44) 3211-1314 ou +55 (44) 99963-4193<\/p>\n<\/div><\/div>\n\n\n\n<div class=\"wp-block-media-text is-stacked-on-mobile is-vertically-aligned-center\" style=\"grid-template-columns:15% auto\"><figure class=\"wp-block-media-text__media\"><img loading=\"lazy\" decoding=\"async\" width=\"140\" height=\"224\" src=\"https:\/\/agrarias.ufpr.br\/pgapv\/wp-content\/uploads\/sites\/39\/2025\/04\/alvaro140224.jpg\" alt=\"\" class=\"wp-image-6716 size-full\" srcset=\"https:\/\/agrarias.ufpr.br\/pgapv\/wp-content\/uploads\/sites\/39\/2025\/04\/alvaro140224.jpg 140w, https:\/\/agrarias.ufpr.br\/pgapv\/wp-content\/uploads\/sites\/39\/2025\/04\/alvaro140224-75x120.jpg 75w\" sizes=\"auto, (max-width: 140px) 100vw, 140px\" \/><\/figure><div class=\"wp-block-media-text__content\">\n<p><\/p>\n\n\n\n<p><a href=\"https:\/\/agrarias.ufpr.br\/pgapv\/alfredo-junior-paiola-albrecht\/\">Alfredo J\u00fanior Paiola Albrecht<\/a><\/p>\n\n\n\n<p>Prof. Permanente<\/p>\n\n\n\n<p>Biologia e Manejo de Plantas Daninhas<\/p>\n\n\n\n<p><img loading=\"lazy\" decoding=\"async\" src=\"https:\/\/agrarias.ufpr.br\/fitotecnia\/wp-content\/uploads\/sites\/26\/2016\/03\/email-small-.jpg\" alt=\"e-mail pequeno\" width=\"22\" height=\"22\">&nbsp;ajpalbrecht@ufpr.br \/ ajpalbrecht@yahoo.com.br &nbsp;&nbsp;&nbsp; <img loading=\"lazy\" decoding=\"async\" src=\"https:\/\/agrarias.ufpr.br\/fitotecnia\/wp-content\/uploads\/sites\/26\/2016\/03\/telefone.png\" alt=\"telefone\" width=\"22\" height=\"22\">+55 (44) 3211-1314 ou +55 (44) 99963-4193<\/p>\n<\/div><\/div>\n\n\n\n<div class=\"wp-block-media-text is-stacked-on-mobile is-vertically-aligned-center\" style=\"grid-template-columns:15% auto\"><figure class=\"wp-block-media-text__media\"><img loading=\"lazy\" decoding=\"async\" width=\"140\" height=\"224\" src=\"https:\/\/agrarias.ufpr.br\/pgapv\/wp-content\/uploads\/sites\/39\/2025\/04\/alvaro140224.jpg\" alt=\"\" class=\"wp-image-6716 size-full\" srcset=\"https:\/\/agrarias.ufpr.br\/pgapv\/wp-content\/uploads\/sites\/39\/2025\/04\/alvaro140224.jpg 140w, https:\/\/agrarias.ufpr.br\/pgapv\/wp-content\/uploads\/sites\/39\/2025\/04\/alvaro140224-75x120.jpg 75w\" sizes=\"auto, (max-width: 140px) 100vw, 140px\" \/><\/figure><div class=\"wp-block-media-text__content\">\n<p><\/p>\n\n\n\n<p><a href=\"https:\/\/agrarias.ufpr.br\/pgapv\/alfredo-junior-paiola-albrecht\/\">Alfredo J\u00fanior Paiola Albrecht<\/a><\/p>\n\n\n\n<p>Prof. Permanente<\/p>\n\n\n\n<p>Biologia e Manejo de Plantas Daninhas<\/p>\n\n\n\n<p><img loading=\"lazy\" decoding=\"async\" src=\"https:\/\/agrarias.ufpr.br\/fitotecnia\/wp-content\/uploads\/sites\/26\/2016\/03\/email-small-.jpg\" alt=\"e-mail pequeno\" width=\"22\" height=\"22\">&nbsp;ajpalbrecht@ufpr.br \/ ajpalbrecht@yahoo.com.br &nbsp;&nbsp;&nbsp; <img loading=\"lazy\" decoding=\"async\" src=\"https:\/\/agrarias.ufpr.br\/fitotecnia\/wp-content\/uploads\/sites\/26\/2016\/03\/telefone.png\" alt=\"telefone\" width=\"22\" height=\"22\">+55 (44) 3211-1314 ou +55 (44) 99963-4193<\/p>\n\n\n\n<p>&#x1f60a;&#x1f602;&#x1f923;&#x2764;&#xfe0f;<\/p>\n<\/div><\/div>\n","protected":false},"excerpt":{"rendered":"<p>Alfredo J\u00fanior Paiola Albrecht Prof. Permanente Biologia e Manejo de Plantas Daninhas &nbsp;ajpalbrecht@ufpr.br \/ ajpalbrecht@yahoo.com.br &nbsp;&nbsp;&nbsp; +55 (44) 3211-1314 ou +55 (44) 99963-4193 Alfredo J\u00fanior Paiola Albrecht Prof. Permanente Biologia e Manejo de Plantas Daninhas &nbsp;ajpalbrecht@ufpr.br \/ ajpalbrecht@yahoo.com.br &nbsp;&nbsp;&nbsp; +55 (44) 3211-1314 ou +55 (44) 99963-4193 Alfredo J\u00fanior Paiola Albrecht Prof. Permanente Biologia e Manejo [&hellip;]<\/p>\n","protected":false},"author":3,"featured_media":0,"parent":0,"menu_order":0,"comment_status":"closed","ping_status":"closed","template":"","meta":{"footnotes":""},"class_list":["post-7538","page","type-page","status-publish","hentry"],"_links":{"self":[{"href":"https:\/\/agrarias.ufpr.br\/pgapv\/wp-json\/wp\/v2\/pages\/7538","targetHints":{"allow":["GET"]}}],"collection":[{"href":"https:\/\/agrarias.ufpr.br\/pgapv\/wp-json\/wp\/v2\/pages"}],"about":[{"href":"https:\/\/agrarias.ufpr.br\/pgapv\/wp-json\/wp\/v2\/types\/page"}],"author":[{"embeddable":true,"href":"https:\/\/agrarias.ufpr.br\/pgapv\/wp-json\/wp\/v2\/users\/3"}],"replies":[{"embeddable":true,"href":"https:\/\/agrarias.ufpr.br\/pgapv\/wp-json\/wp\/v2\/comments?post=7538"}],"version-history":[{"count":6,"href":"https:\/\/agrarias.ufpr.br\/pgapv\/wp-json\/wp\/v2\/pages\/7538\/revisions"}],"predecessor-version":[{"id":7546,"href":"https:\/\/agrarias.ufpr.br\/pgapv\/wp-json\/wp\/v2\/pages\/7538\/revisions\/7546"}],"wp:attachment":[{"href":"https:\/\/agrarias.ufpr.br\/pgapv\/wp-json\/wp\/v2\/media?parent=7538"}],"curies":[{"name":"wp","href":"https:\/\/api.w.org\/{rel}","templated":true}]}}