{"id":7388,"date":"2025-11-13T15:54:48","date_gmt":"2025-11-13T15:54:48","guid":{"rendered":"https:\/\/agrarias.ufpr.br\/pgapv\/?page_id=7388"},"modified":"2026-03-18T13:53:03","modified_gmt":"2026-03-18T13:53:03","slug":"recurso-fundacao-araucaria","status":"publish","type":"page","link":"https:\/\/agrarias.ufpr.br\/pgapv\/recurso-fundacao-araucaria\/","title":{"rendered":"Recurso Funda\u00e7\u00e3o Arauc\u00e1ria"},"content":{"rendered":"\n\n\n<p><a href=\"https:\/\/agrarias.ufpr.br\/pgapv\/wp-content\/uploads\/sites\/39\/2026\/03\/REGIMENTO-INTERNO-PARA-USO-DE-RECURSOS-F.A.-CONVENIO-4331-FUNPAR.pdf\">Regimento Interno<\/a> &#8211; Recurso Conv\u00eanio Funda\u00e7\u00e3o Arauc\u00e1ria\/CAPES &#8211; Projeto 4331-FUNPAR<\/p>\n\n\n\n<p><a href=\"https:\/\/agrarias.ufpr.br\/pgapv\/wp-content\/uploads\/sites\/39\/2026\/03\/Portal-do-Coordenador-FUNPAR-formulario.docx\">Portal do Coordenador &#8211; Formul\u00e1rio FUNPAR<\/a><\/p>\n\n\n<ul>\n<li>Obrigat\u00f3rio anexar documentos em nome da FUNPAR conforme informado no Regimento<\/li>\n<\/ul>\n\n\n<p><\/p>\n","protected":false},"excerpt":{"rendered":"<p>Regimento Interno &#8211; Recurso Conv\u00eanio Funda\u00e7\u00e3o Arauc\u00e1ria\/CAPES &#8211; Projeto 4331-FUNPAR Portal do Coordenador &#8211; Formul\u00e1rio FUNPAR Obrigat\u00f3rio anexar documentos em nome da FUNPAR conforme informado no Regimento<\/p>\n","protected":false},"author":10303,"featured_media":0,"parent":0,"menu_order":0,"comment_status":"closed","ping_status":"closed","template":"","meta":{"footnotes":""},"class_list":["post-7388","page","type-page","status-publish","hentry"],"_links":{"self":[{"href":"https:\/\/agrarias.ufpr.br\/pgapv\/wp-json\/wp\/v2\/pages\/7388","targetHints":{"allow":["GET"]}}],"collection":[{"href":"https:\/\/agrarias.ufpr.br\/pgapv\/wp-json\/wp\/v2\/pages"}],"about":[{"href":"https:\/\/agrarias.ufpr.br\/pgapv\/wp-json\/wp\/v2\/types\/page"}],"author":[{"embeddable":true,"href":"https:\/\/agrarias.ufpr.br\/pgapv\/wp-json\/wp\/v2\/users\/10303"}],"replies":[{"embeddable":true,"href":"https:\/\/agrarias.ufpr.br\/pgapv\/wp-json\/wp\/v2\/comments?post=7388"}],"version-history":[{"count":3,"href":"https:\/\/agrarias.ufpr.br\/pgapv\/wp-json\/wp\/v2\/pages\/7388\/revisions"}],"predecessor-version":[{"id":7843,"href":"https:\/\/agrarias.ufpr.br\/pgapv\/wp-json\/wp\/v2\/pages\/7388\/revisions\/7843"}],"wp:attachment":[{"href":"https:\/\/agrarias.ufpr.br\/pgapv\/wp-json\/wp\/v2\/media?parent=7388"}],"curies":[{"name":"wp","href":"https:\/\/api.w.org\/{rel}","templated":true}]}}