{"id":719,"date":"2018-08-02T13:53:57","date_gmt":"2018-08-02T13:53:57","guid":{"rendered":"https:\/\/agrarias.ufpr.br\/pgapv\/?page_id=719"},"modified":"2026-02-03T18:10:49","modified_gmt":"2026-02-03T18:10:49","slug":"comissoes","status":"publish","type":"page","link":"https:\/\/agrarias.ufpr.br\/pgapv\/comissoes\/","title":{"rendered":"Comiss\u00f5es"},"content":{"rendered":"\n<h4 class=\"wp-block-heading\">Comiss\u00e3o de An\u00e1lise de Normas Internas e Site<\/h4>\n\n\n\n<p class=\"has-text-align-left\"><a href=\"https:\/\/agrarias.ufpr.br\/pgapv\/leandro-bittencourt-de-oliveira\/\">Leandro Bittencourt de Oliveira (Presidente)<\/a><a href=\"https:\/\/agrarias.ufpr.br\/pgapv\/maristela-panobianco\/\">, <\/a><a href=\"https:\/\/agrarias.ufpr.br\/pgapv\/henrique-da-silva-silveira-duarte\/\">Henrique da Silva Silveira Duarte, <\/a><a href=\"https:\/\/agrarias.ufpr.br\/pgapv\/luiz-antonio-biasi\/\">Luiz Antonio Biasi<\/a>, <a href=\"https:\/\/agrarias.ufpr.br\/pgapv\/arthur-arrobas-martins-barroso\/\">Arthur Arrobas Martins Barroso&nbsp;<\/a>e representante discente<\/p>\n\n\n\n<h4 class=\"wp-block-heading\">Comiss\u00e3o de Sele\u00e7\u00e3o de Mestrado\/Doutorado<\/h4>\n\n\n\n<p>Composi\u00e7\u00e3o: tr\u00eas docentes\/linha de pesquisa de acordo com o interesse do candidato<\/p>\n\n\n\n<h4 class=\"wp-block-heading\">Comiss\u00e3o de Sele\u00e7\u00e3o Bolsista Mestrado\/Doutorado, PNPD e PDSE (CAPES, CNPq, Funda\u00e7\u00e3o Arauc\u00e1ria, etc.)<\/h4>\n\n\n\n<p><a href=\"https:\/\/agrarias.ufpr.br\/pgapv\/mauro-brasil-dias-tofanelli\/\">Mauro Brasil Dias Tofanelli (Presidente), <\/a><a href=\"https:\/\/agrarias.ufpr.br\/pgapv\/alessandra-ferreira-ribas\/\">Alessandra Ferreira Ribas<\/a><a href=\"https:\/\/agrarias.ufpr.br\/pgapv\/mauro-brasil-dias-tofanelli\/\">, <\/a><a href=\"https:\/\/agrarias.ufpr.br\/pgapv\/joatan-machado-da-rosa\/\">Joatan Machado da Rosa<\/a><a href=\"https:\/\/agrarias.ufpr.br\/pgapv\/mauro-brasil-dias-tofanelli\/\">, <\/a><a href=\"https:\/\/agrarias.ufpr.br\/pgapv\/bruno-portela-brasileiro\/\">Bruno Portela Brasileiro<\/a> e representante discente<\/p>\n\n\n\n<h4 class=\"wp-block-heading\">Comiss\u00e3o de An\u00e1lise de Prorroga\u00e7\u00e3o de Bolsa de Doutorado e P\u00f3s-doutorado<\/h4>\n\n\n\n<p><a href=\"https:\/\/agrarias.ufpr.br\/pgapv\/cicero-deschamps\/\">C\u00edcero Deschamps<\/a><a href=\"https:\/\/agrarias.ufpr.br\/pgapv\/alvaro-figueiredo-dos-santos\/\"> (Presidente), <\/a><a href=\"https:\/\/agrarias.ufpr.br\/pgapv\/renata-faier-calegario\/\">Renata Faier Caleg\u00e1rio e <\/a><a href=\"https:\/\/agrarias.ufpr.br\/pgapv\/alfredo-junior-paiola-albrecht\/\">Alfredo Junior Paiola Albrecht<\/a><\/p>\n\n\n\n<h4 class=\"wp-block-heading\">Comiss\u00e3o de Avalia\u00e7\u00e3o do Relat\u00f3rio Anual Discente, Projetos de Pesquisa e Planos de Estudo<\/h4>\n\n\n\n<p><a href=\"https:\/\/agrarias.ufpr.br\/pgapv\/katia-christina-zuffellato-ribas\/\">Katia Christina Zuffellato Ribas (presidente)<\/a>, <a href=\"https:\/\/agrarias.ufpr.br\/pgapv\/bruno-francisco-santanna-dos-santos\/\">Bruno Francisco Sant&#8217;anna dos Santos, <\/a><a href=\"https:\/\/agrarias.ufpr.br\/pgapv\/daniel-fernandes-da-silva\/\">Daniel Fernandes da Silva,&nbsp;<\/a><a href=\"https:\/\/agrarias.ufpr.br\/pgapv\/luciana-lopes-fortes-ribas\/\">Luciana Lopes Fortes Ribas e<\/a> <a href=\"https:\/\/agrarias.ufpr.br\/pgapv\/leandropaiola\/\">Leandro Paiola Albrecht<\/a><\/p>\n\n\n\n<h4 class=\"wp-block-heading\">Comiss\u00e3o de Planejamento<\/h4>\n\n\n\n<p><a href=\"https:\/\/agrarias.ufpr.br\/pgapv\/luiz-antonio-biasi\/\">Luiz Antonio Biasi (presidente), <\/a><a title=\"Joatan Machado da Rosa\" href=\"https:\/\/agrarias.ufpr.br\/pgapv\/joatan-machado-da-rosa\/\">Joatan Machado da Rosa<\/a><a href=\"https:\/\/agrarias.ufpr.br\/pgapv\/luiz-antonio-biasi\/\"> e <\/a><a href=\"https:\/\/agrarias.ufpr.br\/pgapv\/renata-faier-calegario\/\">Renata Faier Caleg\u00e1rio<\/a><\/p>\n\n\n\n<h4 class=\"wp-block-heading\">Comiss\u00e3o de Internacionaliza\u00e7\u00e3o e Inova\u00e7\u00e3o<\/h4>\n\n\n\n<p><a href=\"https:\/\/agrarias.ufpr.br\/pgapv\/francine-lorena-cuquel\/\">Francine Lorena Cuquel (presidente)<\/a>, <a href=\"https:\/\/agrarias.ufpr.br\/pgapv\/joao-carlos-bespalhok-filho\/\">Jo\u00e3o Carlos Bespalhok Filho<\/a>, <a href=\"https:\/\/agrarias.ufpr.br\/pgapv\/louise-larissa-may-de-mio\/\">Louise Larissa May De Mio e <\/a><a href=\"https:\/\/agrarias.ufpr.br\/pgapv\/edicarlos-damacena-de-souza\/\">Edicarlos Damacena de Souza<\/a><\/p>\n","protected":false},"excerpt":{"rendered":"<p>Comiss\u00e3o de An\u00e1lise de Normas Internas e Site Leandro Bittencourt de Oliveira (Presidente), Henrique da Silva Silveira Duarte, Luiz Antonio Biasi, Arthur Arrobas Martins Barroso&nbsp;e representante discente Comiss\u00e3o de Sele\u00e7\u00e3o de Mestrado\/Doutorado Composi\u00e7\u00e3o: tr\u00eas docentes\/linha de pesquisa de acordo com o interesse do candidato Comiss\u00e3o de Sele\u00e7\u00e3o Bolsista Mestrado\/Doutorado, PNPD e PDSE (CAPES, CNPq, Funda\u00e7\u00e3o [&hellip;]<\/p>\n","protected":false},"author":3,"featured_media":0,"parent":0,"menu_order":0,"comment_status":"closed","ping_status":"closed","template":"","meta":{"footnotes":""},"class_list":["post-719","page","type-page","status-publish","hentry"],"_links":{"self":[{"href":"https:\/\/agrarias.ufpr.br\/pgapv\/wp-json\/wp\/v2\/pages\/719","targetHints":{"allow":["GET"]}}],"collection":[{"href":"https:\/\/agrarias.ufpr.br\/pgapv\/wp-json\/wp\/v2\/pages"}],"about":[{"href":"https:\/\/agrarias.ufpr.br\/pgapv\/wp-json\/wp\/v2\/types\/page"}],"author":[{"embeddable":true,"href":"https:\/\/agrarias.ufpr.br\/pgapv\/wp-json\/wp\/v2\/users\/3"}],"replies":[{"embeddable":true,"href":"https:\/\/agrarias.ufpr.br\/pgapv\/wp-json\/wp\/v2\/comments?post=719"}],"version-history":[{"count":33,"href":"https:\/\/agrarias.ufpr.br\/pgapv\/wp-json\/wp\/v2\/pages\/719\/revisions"}],"predecessor-version":[{"id":7741,"href":"https:\/\/agrarias.ufpr.br\/pgapv\/wp-json\/wp\/v2\/pages\/719\/revisions\/7741"}],"wp:attachment":[{"href":"https:\/\/agrarias.ufpr.br\/pgapv\/wp-json\/wp\/v2\/media?parent=719"}],"curies":[{"name":"wp","href":"https:\/\/api.w.org\/{rel}","templated":true}]}}