{"id":6843,"date":"2025-04-24T13:27:10","date_gmt":"2025-04-24T13:27:10","guid":{"rendered":"https:\/\/agrarias.ufpr.br\/pgapv\/?page_id=6843"},"modified":"2025-04-24T13:33:36","modified_gmt":"2025-04-24T13:33:36","slug":"agro-7038-topicos-especiais-iv-biologia-molecular-para-o-melhoramento-de-plantas","status":"publish","type":"page","link":"https:\/\/agrarias.ufpr.br\/pgapv\/agro-7038-topicos-especiais-iv-biologia-molecular-para-o-melhoramento-de-plantas\/","title":{"rendered":"AGRO 7038 T\u00f3picos Especiais IV &#8211; Biologia Molecular para o Melhoramento de Plantas"},"content":{"rendered":"\n<p><b><span data-contrast=\"auto\">N\u00edvel<\/span><\/b><span data-ccp-props=\"{}\">&nbsp;<\/span><\/p>\n\n\n\n<p><span data-contrast=\"auto\">Mestrado\/Doutorado<\/span><span data-ccp-props=\"{}\">&nbsp;<\/span><\/p>\n\n\n\n<p><b><span data-contrast=\"auto\">Natureza<\/span><\/b><span data-ccp-props=\"{}\">&nbsp;<\/span><\/p>\n\n\n\n<p><span data-contrast=\"auto\">Semestral<\/span><span data-ccp-props=\"{}\">&nbsp;<\/span><\/p>\n\n\n\n<p><b><span data-contrast=\"auto\">Cr\u00e9ditos<\/span><\/b><span data-ccp-props=\"{}\">&nbsp;<\/span><\/p>\n\n\n\n<p><span data-contrast=\"auto\">04<\/span><span data-ccp-props=\"{}\">&nbsp;<\/span><\/p>\n\n\n\n<p><b><span data-contrast=\"auto\">Carga hor\u00e1ria<\/span><\/b><span data-ccp-props=\"{}\">&nbsp;<\/span><\/p>\n\n\n\n<p><span data-contrast=\"auto\">60 horas\u202f<\/span><span data-ccp-props=\"{}\">&nbsp;<\/span><\/p>\n\n\n\n<p><b><span data-contrast=\"auto\">Ementa<\/span><\/b><span data-ccp-props=\"{}\">&nbsp;<\/span><\/p>\n\n\n\n<p><span data-contrast=\"auto\">Biologia molecular de plantas, an\u00e1lise da express\u00e3o g\u00eanica, constru\u00e7\u00e3o de vetores, transgenia e edi\u00e7\u00e3o de genomas, RNA interfer\u00eancia, <\/span><span data-contrast=\"auto\">m\u00e9todos n\u00e3o-transg\u00eanicos, biosseguran\u00e7a, legisla\u00e7\u00e3o vigente sobre os produtos biotecnol\u00f3gicos vegetais.<\/span><span data-ccp-props=\"{}\">&nbsp;<\/span><\/p>\n\n\n\n<p><b><span data-contrast=\"auto\">Semestre<\/span><\/b><span data-ccp-props=\"{}\">&nbsp;<\/span><\/p>\n\n\n\n<p><span data-contrast=\"auto\">1\u00ba semestre de anos \u00edmpares<\/span><span data-ccp-props=\"{}\">&nbsp;<\/span><\/p>\n\n\n\n<p><b><span data-contrast=\"auto\">Dia\/Hor\u00e1rio<\/span><\/b><span data-ccp-props=\"{}\">&nbsp;<\/span><\/p>\n\n\n\n<p><span data-contrast=\"auto\">A definir<\/span><span data-ccp-props=\"{}\">&nbsp;<\/span><\/p>\n\n\n\n<p><b><span data-contrast=\"auto\">Docente<\/span><\/b><span data-ccp-props=\"{}\">&nbsp;<\/span><\/p>\n\n\n\n<p><span data-contrast=\"auto\"><a href=\"https:\/\/agrarias.ufpr.br\/pgapv\/alessandra-ferreira-ribas\/\" data-type=\"page\" data-id=\"6750\">Alessandra Ferreira Ribas\u00a0<\/a><\/span><\/p>\n\n\n\n<p><b><span data-contrast=\"auto\">Bibliografia Recomendada<\/span><\/b><span data-ccp-props=\"{}\">&nbsp;<\/span><\/p>\n\n\n\n<p><span data-contrast=\"auto\">ALBERTS, B.; BRAY, D.; LEWIS, J.; RAFF, M.; ROBERTS, K.; WATSON, J. D. Biologia molecular da c\u00e9lula. 6 Ed. Porto Alegre: Artes M\u00e9dicas. <\/span><span data-contrast=\"auto\">2017.<\/span><span data-ccp-props=\"{}\">&nbsp;<\/span><\/p>\n\n\n\n<p><span data-contrast=\"auto\">BALLEREAU S. et al. Functional Genomics, Proteomics, Metabolomics and Bioinformatics for Systems Biology. In: Prokop A., Csuk\u00e1s B. (eds) Systems Biology. <\/span><span data-contrast=\"auto\">Springer, Dordrecht, 2013.<\/span><span data-ccp-props=\"{}\">&nbsp;<\/span><\/p>\n\n\n\n<p><span data-contrast=\"auto\">BRASILEIRO, A., C., M. Manual de transforma\u00e7\u00e3o gen\u00e9tica de plantas \/editado por Ana Cristina Miranda Brasileiro; Vera Tavares de Campos Carneiro. Brasilia: Embrapa\u00acSPI\/Embrapa Cenargen, 2 ed. 2015. <\/span><span data-contrast=\"auto\">456p.<\/span><span data-ccp-props=\"{}\">&nbsp;<\/span><\/p>\n\n\n\n<p><span data-contrast=\"auto\">EDWIN, F., G., HALL, M., A., DE KLERK GJ. Plant Propagation by Tissue Culture. The background. V.1. Netherlands: Springer. 2008. 502 p. https:\/\/doi.org\/10.1007\/978-1-4020-5005-3.<\/span><span data-ccp-props=\"{}\">&nbsp;<\/span><\/p>\n\n\n\n<p><span data-contrast=\"auto\">INGLE, K, P.; Mohahil, M. P., PADOLE, D. A. Molecular Methods in Plant Biology: A Comprehensive Book on Biotechnological Aspects Paperback, New Dheli, 2020.<\/span><span data-ccp-props=\"{}\">&nbsp;<\/span><\/p>\n\n\n\n<p><span data-contrast=\"auto\">PEREIRA, T., C. Introdu\u00e7\u00e3o \u00e0 t\u00e9cnica de CRISPR. Ribeir\u00e3o Preto: Sociedade de Gen\u00e9tica, 2016. 250 p.&nbsp;<\/span><span data-ccp-props=\"{}\">&nbsp;<\/span><\/p>\n\n\n\n<p><span data-contrast=\"auto\">MATIOLI S. R., SOUZA D. T. Introdu\u00e7\u00e3o \u00e0 Bioinform\u00e1tica. Editora da Unicamp; 1\u00aa edi\u00e7\u00e3o. 2021. 176 p.<\/span><span data-ccp-props=\"{}\">&nbsp;<\/span><\/p>\n\n\n\n<p><span data-contrast=\"auto\">MOLINARI, H. B. C. et al. Tecnologia CRISPR na edi\u00e7\u00e3o gen\u00f4mica de plantas: biotecnologia aplicada \u00e0 agricultura\u2013 Bras\u00edlia, DF: Embrapa. 2020. 207 p.<\/span><span data-ccp-props=\"{}\">&nbsp;<\/span><\/p>\n\n\n\n<p><span data-contrast=\"auto\">POLTRONIERI, P.; HONG, Y. Applied Plant Genomics and Biotechnology 1st Ed. Elsevier. 2015. https:\/\/doi.org\/10.1016\/C2014-0-02129-6.<\/span><span data-ccp-props=\"{}\">&nbsp;<\/span><\/p>\n\n\n\n<p><span data-ccp-props=\"{&quot;335551550&quot;:2,&quot;335551620&quot;:2}\">&nbsp;<\/span><\/p>\n\n\n","protected":false},"excerpt":{"rendered":"<p>N\u00edvel&nbsp; Mestrado\/Doutorado&nbsp; Natureza&nbsp; Semestral&nbsp; Cr\u00e9ditos&nbsp; 04&nbsp; Carga hor\u00e1ria&nbsp; 60 horas\u202f&nbsp; Ementa&nbsp; Biologia molecular de plantas, an\u00e1lise da express\u00e3o g\u00eanica, constru\u00e7\u00e3o de vetores, transgenia e edi\u00e7\u00e3o de genomas, RNA interfer\u00eancia, m\u00e9todos n\u00e3o-transg\u00eanicos, biosseguran\u00e7a, legisla\u00e7\u00e3o vigente sobre os produtos biotecnol\u00f3gicos vegetais.&nbsp; Semestre&nbsp; 1\u00ba semestre de anos \u00edmpares&nbsp; Dia\/Hor\u00e1rio&nbsp; A definir&nbsp; Docente&nbsp; Alessandra Ferreira Ribas\u00a0 Bibliografia Recomendada&nbsp; ALBERTS, [&hellip;]<\/p>\n","protected":false},"author":3,"featured_media":0,"parent":0,"menu_order":0,"comment_status":"closed","ping_status":"closed","template":"","meta":{"footnotes":""},"class_list":["post-6843","page","type-page","status-publish","hentry"],"_links":{"self":[{"href":"https:\/\/agrarias.ufpr.br\/pgapv\/wp-json\/wp\/v2\/pages\/6843","targetHints":{"allow":["GET"]}}],"collection":[{"href":"https:\/\/agrarias.ufpr.br\/pgapv\/wp-json\/wp\/v2\/pages"}],"about":[{"href":"https:\/\/agrarias.ufpr.br\/pgapv\/wp-json\/wp\/v2\/types\/page"}],"author":[{"embeddable":true,"href":"https:\/\/agrarias.ufpr.br\/pgapv\/wp-json\/wp\/v2\/users\/3"}],"replies":[{"embeddable":true,"href":"https:\/\/agrarias.ufpr.br\/pgapv\/wp-json\/wp\/v2\/comments?post=6843"}],"version-history":[{"count":3,"href":"https:\/\/agrarias.ufpr.br\/pgapv\/wp-json\/wp\/v2\/pages\/6843\/revisions"}],"predecessor-version":[{"id":6850,"href":"https:\/\/agrarias.ufpr.br\/pgapv\/wp-json\/wp\/v2\/pages\/6843\/revisions\/6850"}],"wp:attachment":[{"href":"https:\/\/agrarias.ufpr.br\/pgapv\/wp-json\/wp\/v2\/media?parent=6843"}],"curies":[{"name":"wp","href":"https:\/\/api.w.org\/{rel}","templated":true}]}}