{"id":6820,"date":"2025-04-24T13:00:26","date_gmt":"2025-04-24T13:00:26","guid":{"rendered":"https:\/\/agrarias.ufpr.br\/pgapv\/?page_id=6820"},"modified":"2026-03-13T14:45:37","modified_gmt":"2026-03-13T14:45:37","slug":"grade-horaria","status":"publish","type":"page","link":"https:\/\/agrarias.ufpr.br\/pgapv\/grade-horaria\/","title":{"rendered":"Grade Hor\u00e1ria"},"content":{"rendered":"\n<p class=\"has-text-align-center\"><strong><a href=\"https:\/\/agrarias.ufpr.br\/pgapv\/wp-content\/uploads\/sites\/39\/2026\/03\/Planejam-Aulas-2026_1-Sem-1.pdf\">Grade Hor\u00e1ria &#8211; 1\u00ba semestre\/2026<\/a><br><\/strong><\/p>\n\n\n\n\n\n<p class=\"has-text-align-center\">Ensalamento 1\u00ba semestre\/2026 (Departamento de Fitotecnia e Fitossanidade) &#8211; Salas dispon\u00edveis ao PGAPV<\/p>\n\n\n\n<p class=\"has-text-align-center\"><strong>Procedimento para Matr\u00edcula \u2013 alunos regulares, ingressos a partir do 1\u00ba semestre\/2026<\/strong><\/p>\n\n\n\n<p>&nbsp;As matr\u00edculas dever\u00e3o ser realizadas no per\u00edodo de 19 de fevereiro a 05 de mar\u00e7o\/2026, conforme legenda inclu\u00edda na grade hor\u00e1ria<\/p>\n\n\n\n<ol class=\"wp-block-list\">\n<li>Matr\u00edcula em disciplinas do semestre via&nbsp;<a href=\"https:\/\/www.prppg.ufpr.br\/siga\/\">SIGA<\/a><\/li>\n\n\n\n<li>Requerimento de Matr\u00edcula\n<ul class=\"wp-block-list\">\n<li><a href=\"https:\/\/agrarias.ufpr.br\/pgapv\/wp-content\/uploads\/sites\/39\/2026\/01\/Matricms.docx\">Mestrado<\/a><\/li>\n\n\n\n<li><a href=\"https:\/\/agrarias.ufpr.br\/pgapv\/wp-content\/uploads\/sites\/39\/2026\/01\/Matricdr.docx\">Doutorado<\/a><\/li>\n<\/ul>\n<\/li>\n\n\n\n<li>Plano de Estudos \u2013 prazo para entrega: at\u00e9 30 dias da data de ingresso, devidamente aprovado pelo aluno(a) e orientador(a), encaminhado via e-mail para pgapv@ufpr.br.<\/li>\n<\/ol>\n\n\n\n<p>Utiliza\u00e7\u00e3o da&nbsp;<a href=\"https:\/\/agrarias.ufpr.br\/pgapv\/wp-content\/uploads\/sites\/39\/2025\/06\/NORMA-04-24-Curriculo-de-Disciplinas-1.pdf\">Norma Interna 004 \u2013 Curr\u00edculo de Disciplinas<\/a>, para o preenchimento do plano de estudos<\/p>\n\n\n\n<ul class=\"wp-block-list\">\n<li><a href=\"https:\/\/agrarias.ufpr.br\/pgapv\/wp-content\/uploads\/sites\/39\/2026\/01\/PLANO-DE-ESTUDO-MESTRADO.docx\">Mestrado<\/a><\/li>\n\n\n\n<li><a href=\"https:\/\/agrarias.ufpr.br\/pgapv\/wp-content\/uploads\/sites\/39\/2026\/01\/PLANO-DE-ESTUDO-DOUTORADO.docx\">Doutorado<\/a><\/li>\n<\/ul>\n\n\n\n<p><strong>Alunos Externos<\/strong> (de outros programas de p\u00f3s-gradua\u00e7\u00e3o \u2013 Inscri\u00e7\u00e3o no per\u00edodo de 19 de fevereiro a 05 de mar\u00e7o\/2026 via e-mail (pgapv@ufpr.br)<\/p>\n\n\n\n<ul class=\"wp-block-list\">\n<li>Obrigat\u00f3rio declara\u00e7\u00e3o\/comprova\u00e7\u00e3o de discente do programa de origem;<\/li>\n\n\n\n<li><a href=\"https:\/\/agrarias.ufpr.br\/pgapv\/wp-content\/uploads\/sites\/39\/2026\/01\/Formulario-Matricula-Disciplina-Isolada-Alunos-Externos.docx\">Formul\u00e1rio Matr\u00edcula em Disciplinas<\/a><\/li>\n<\/ul>\n\n\n\n<p><strong>Alunos em Disciplina Isolada<\/strong>&nbsp;(sem v\u00ednculo com p\u00f3s-gradua\u00e7\u00e3o e\/ou no \u00faltimo ano de gradua\u00e7\u00e3o)<\/p>\n\n\n\n<p>Inscri\u00e7\u00e3o \u2013 no per\u00edodo de 19 de fevereiro a 05 de mar\u00e7o\/2026, devendo encaminhar os documentos abaixo via e-mail (pgapv@ufpr.br) <\/p>\n\n\n\n<ul class=\"wp-block-list\">\n<li><a href=\"https:\/\/agrarias.ufpr.br\/pgapv\/wp-content\/uploads\/sites\/39\/2026\/01\/requerimentodisciplisolada.docxhttps:\/\/agrarias.ufpr.br\/pgapv\/wp-content\/uploads\/sites\/39\/2026\/01\/requerimentodisciplisolada.docx\">Requerimento de Inscri\u00e7\u00e3o Disciplina Isolada<\/a><\/li>\n\n\n\n<li>Curr\u00edculo Lattes (http:\/\/lattes.cnpq.br\/)<\/li>\n\n\n\n<li><a href=\"https:\/\/agrarias.ufpr.br\/pgapv\/wp-content\/uploads\/sites\/39\/2026\/01\/Formulario-Matricula-Disciplina-Isolada-Alunos-Externos.docx\">Formul\u00e1rio Matr\u00edcula em Disciplinas<\/a><\/li>\n<\/ul>\n\n\n\n<p><\/p>\n","protected":false},"excerpt":{"rendered":"<p>Grade Hor\u00e1ria &#8211; 1\u00ba semestre\/2026 Ensalamento 1\u00ba semestre\/2026 (Departamento de Fitotecnia e Fitossanidade) &#8211; Salas dispon\u00edveis ao PGAPV Procedimento para Matr\u00edcula \u2013 alunos regulares, ingressos a partir do 1\u00ba semestre\/2026 &nbsp;As matr\u00edculas dever\u00e3o ser realizadas no per\u00edodo de 19 de fevereiro a 05 de mar\u00e7o\/2026, conforme legenda inclu\u00edda na grade hor\u00e1ria Utiliza\u00e7\u00e3o da&nbsp;Norma Interna 004 [&hellip;]<\/p>\n","protected":false},"author":3,"featured_media":0,"parent":0,"menu_order":0,"comment_status":"closed","ping_status":"closed","template":"","meta":{"footnotes":""},"class_list":["post-6820","page","type-page","status-publish","hentry"],"_links":{"self":[{"href":"https:\/\/agrarias.ufpr.br\/pgapv\/wp-json\/wp\/v2\/pages\/6820","targetHints":{"allow":["GET"]}}],"collection":[{"href":"https:\/\/agrarias.ufpr.br\/pgapv\/wp-json\/wp\/v2\/pages"}],"about":[{"href":"https:\/\/agrarias.ufpr.br\/pgapv\/wp-json\/wp\/v2\/types\/page"}],"author":[{"embeddable":true,"href":"https:\/\/agrarias.ufpr.br\/pgapv\/wp-json\/wp\/v2\/users\/3"}],"replies":[{"embeddable":true,"href":"https:\/\/agrarias.ufpr.br\/pgapv\/wp-json\/wp\/v2\/comments?post=6820"}],"version-history":[{"count":43,"href":"https:\/\/agrarias.ufpr.br\/pgapv\/wp-json\/wp\/v2\/pages\/6820\/revisions"}],"predecessor-version":[{"id":7826,"href":"https:\/\/agrarias.ufpr.br\/pgapv\/wp-json\/wp\/v2\/pages\/6820\/revisions\/7826"}],"wp:attachment":[{"href":"https:\/\/agrarias.ufpr.br\/pgapv\/wp-json\/wp\/v2\/media?parent=6820"}],"curies":[{"name":"wp","href":"https:\/\/api.w.org\/{rel}","templated":true}]}}