{"id":68,"date":"2018-05-29T16:47:58","date_gmt":"2018-05-29T16:47:58","guid":{"rendered":"https:\/\/agrarias.ufpr.br\/pgapv\/?page_id=68"},"modified":"2026-04-07T23:50:42","modified_gmt":"2026-04-07T23:50:42","slug":"colegiado","status":"publish","type":"page","link":"https:\/\/agrarias.ufpr.br\/pgapv\/colegiado\/","title":{"rendered":"Colegiado"},"content":{"rendered":"\n<p><b>CORPO DOCENTE DO COLEGIADO<\/b><br>Prof. Dr. Anibal de Moraes &#8211; Coordenador do Programa<br>Prof. Dr. Cicero Deschamps &#8211; Vice-Coordenador do Programa<br>Prof. Dr. \u00c1tila Francisco M\u00f3gor &#8211; Membro Titular<br>Prof. Dr. Henrique da Silva Silveira Duarte &#8211; Membro Titular<br>Prof. Dr. Jo\u00e3o Carlos Bespalhok Filho &#8211; Membro Titular<br>Profa. Dra. Raquel Rejane Bonato Negrelle &#8211; Membro Titular<br>Prof. Dr. Arthur Arrobas Martins Barroso &#8211; Membro Suplente<br>Profa. Dra. Katia Christina Zuffellato Ribas &#8211; Membro Suplente<br>Prof. Dr. Luis Amilton Foerster &#8211; Membro Suplente&nbsp;<br>Prof. Dr. Ricardo Augusto de Oliveira &#8211; Membro Suplente<\/p>\n\n\n\n<p><b>CORPO DISCENTE DO COLEGIADO<\/b><br>Marlon Henrique Hahn &#8211; Representante discente titular<br>Mireli Trombin de Souza &#8211; Representante discente suplente<\/p>\n","protected":false},"excerpt":{"rendered":"<p>CORPO DOCENTE DO COLEGIADOProf. Dr. Anibal de Moraes &#8211; Coordenador do ProgramaProf. Dr. Cicero Deschamps &#8211; Vice-Coordenador do ProgramaProf. Dr. \u00c1tila Francisco M\u00f3gor &#8211; Membro TitularProf. Dr. Henrique da Silva Silveira Duarte &#8211; Membro TitularProf. Dr. Jo\u00e3o Carlos Bespalhok Filho &#8211; Membro TitularProfa. Dra. Raquel Rejane Bonato Negrelle &#8211; Membro TitularProf. Dr. Arthur Arrobas Martins [&hellip;]<\/p>\n","protected":false},"author":3,"featured_media":0,"parent":0,"menu_order":0,"comment_status":"closed","ping_status":"closed","template":"","meta":{"footnotes":""},"class_list":["post-68","page","type-page","status-publish","hentry"],"_links":{"self":[{"href":"https:\/\/agrarias.ufpr.br\/pgapv\/wp-json\/wp\/v2\/pages\/68","targetHints":{"allow":["GET"]}}],"collection":[{"href":"https:\/\/agrarias.ufpr.br\/pgapv\/wp-json\/wp\/v2\/pages"}],"about":[{"href":"https:\/\/agrarias.ufpr.br\/pgapv\/wp-json\/wp\/v2\/types\/page"}],"author":[{"embeddable":true,"href":"https:\/\/agrarias.ufpr.br\/pgapv\/wp-json\/wp\/v2\/users\/3"}],"replies":[{"embeddable":true,"href":"https:\/\/agrarias.ufpr.br\/pgapv\/wp-json\/wp\/v2\/comments?post=68"}],"version-history":[{"count":3,"href":"https:\/\/agrarias.ufpr.br\/pgapv\/wp-json\/wp\/v2\/pages\/68\/revisions"}],"predecessor-version":[{"id":8147,"href":"https:\/\/agrarias.ufpr.br\/pgapv\/wp-json\/wp\/v2\/pages\/68\/revisions\/8147"}],"wp:attachment":[{"href":"https:\/\/agrarias.ufpr.br\/pgapv\/wp-json\/wp\/v2\/media?parent=68"}],"curies":[{"name":"wp","href":"https:\/\/api.w.org\/{rel}","templated":true}]}}